{"id":693,"date":"2026-03-30T08:57:47","date_gmt":"2026-03-30T06:57:47","guid":{"rendered":"https:\/\/wordpress.nibis.de\/portal-interne-evaluation-bbs\/?page_id=693"},"modified":"2026-03-30T09:45:31","modified_gmt":"2026-03-30T07:45:31","slug":"ub-bbs-individualauswertung-erstellen","status":"publish","type":"page","link":"https:\/\/wordpress.nibis.de\/portal-interne-evaluation-bbs\/ub-bbs-individualauswertung-erstellen\/","title":{"rendered":"UB-BBS Individualauswertung erstellen"},"content":{"rendered":"\n<p>Sie haben nach einer durchgef\u00fchrten Unterrichtsbeobachtung verschiedene M\u00f6glichkeiten, die Auswertung zu gestalten. Dadurch k\u00f6nnen Sie und Ihre Kolleginnen und Kollegen die Gespr\u00e4chsanl\u00e4sse individuell vorbereiten. Mit der Individualauswertung k\u00f6nnen Sie die durchgef\u00fchrte Unterrichtsbeobachtung gemeinsam mit Ihren erfassten Notizen und Bemerkungen als PDF f\u00fcr Gespr\u00e4che ausdrucken\/speichern.<\/p>\n\n\n\n<div class=\"wp-block-file\"><a id=\"wp-block-file--media-34d304ab-ef87-4296-a5a4-29f5f244c2e2\" href=\"https:\/\/wordpress.nibis.de\/portal-interne-evaluation-bbs\/files\/2026\/03\/Kurzanleitung-UB-BBS-Individualauswertung-erstellen.pdf\">Die Kurzanleitung UB-BBS Individualauswertung erstellen zum Download<\/a><\/div>\n\n\n\n<p><strong>Schritt 1:<\/strong> Um die UB-BBS zu verwalten, gehen Sie auf \u201e\u00e0 Zur UB-BBS\u201c.<\/p>\n\n\n<div class=\"wp-block-image\">\n<figure class=\"aligncenter size-full is-resized\"><img loading=\"lazy\" decoding=\"async\" width=\"560\" height=\"631\" src=\"https:\/\/wordpress.nibis.de\/portal-interne-evaluation-bbs\/files\/2026\/03\/UB-BBS-Individualauswertung-erstellen-1.png\" alt=\"\" class=\"wp-image-694\" style=\"width:300px\" srcset=\"https:\/\/wordpress.nibis.de\/portal-interne-evaluation-bbs\/files\/2026\/03\/UB-BBS-Individualauswertung-erstellen-1.png 560w, https:\/\/wordpress.nibis.de\/portal-interne-evaluation-bbs\/files\/2026\/03\/UB-BBS-Individualauswertung-erstellen-1-266x300.png 266w, https:\/\/wordpress.nibis.de\/portal-interne-evaluation-bbs\/files\/2026\/03\/UB-BBS-Individualauswertung-erstellen-1-100x113.png 100w\" sizes=\"auto, (max-width: 560px) 100vw, 560px\" \/><\/figure>\n<\/div>\n\n\n<p><strong>Schritt 2:<\/strong> Gehen Sie auf den Men\u00fcpunkt \u201eUB-BBS Individualauswertung\u201c.<\/p>\n\n\n<div class=\"wp-block-image\">\n<figure class=\"aligncenter size-large is-resized\"><img loading=\"lazy\" decoding=\"async\" width=\"1024\" height=\"227\" src=\"https:\/\/wordpress.nibis.de\/portal-interne-evaluation-bbs\/files\/2026\/03\/UB-BBS-Individualauswertung-erstellen-2-1024x227.png\" alt=\"\" class=\"wp-image-699\" style=\"width:710px\" srcset=\"https:\/\/wordpress.nibis.de\/portal-interne-evaluation-bbs\/files\/2026\/03\/UB-BBS-Individualauswertung-erstellen-2-1024x227.png 1024w, https:\/\/wordpress.nibis.de\/portal-interne-evaluation-bbs\/files\/2026\/03\/UB-BBS-Individualauswertung-erstellen-2-300x67.png 300w, https:\/\/wordpress.nibis.de\/portal-interne-evaluation-bbs\/files\/2026\/03\/UB-BBS-Individualauswertung-erstellen-2-768x171.png 768w, https:\/\/wordpress.nibis.de\/portal-interne-evaluation-bbs\/files\/2026\/03\/UB-BBS-Individualauswertung-erstellen-2-100x22.png 100w, https:\/\/wordpress.nibis.de\/portal-interne-evaluation-bbs\/files\/2026\/03\/UB-BBS-Individualauswertung-erstellen-2.png 1319w\" sizes=\"auto, (max-width: 1024px) 100vw, 1024px\" \/><\/figure>\n<\/div>\n\n\n<p><strong>Schritt 3:<\/strong> Auf der rechten Seite ist jetzt die Auswahl f\u00fcr die UB-BBS sichtbar.<\/p>\n\n\n<div class=\"wp-block-image\">\n<figure class=\"aligncenter size-large is-resized\"><img loading=\"lazy\" decoding=\"async\" width=\"1024\" height=\"188\" src=\"https:\/\/wordpress.nibis.de\/portal-interne-evaluation-bbs\/files\/2026\/03\/UB-BBS-Individualauswertung-erstellen-3-1024x188.png\" alt=\"\" class=\"wp-image-701\" style=\"width:710px\" srcset=\"https:\/\/wordpress.nibis.de\/portal-interne-evaluation-bbs\/files\/2026\/03\/UB-BBS-Individualauswertung-erstellen-3-1024x188.png 1024w, https:\/\/wordpress.nibis.de\/portal-interne-evaluation-bbs\/files\/2026\/03\/UB-BBS-Individualauswertung-erstellen-3-300x55.png 300w, https:\/\/wordpress.nibis.de\/portal-interne-evaluation-bbs\/files\/2026\/03\/UB-BBS-Individualauswertung-erstellen-3-768x141.png 768w, https:\/\/wordpress.nibis.de\/portal-interne-evaluation-bbs\/files\/2026\/03\/UB-BBS-Individualauswertung-erstellen-3-100x18.png 100w, https:\/\/wordpress.nibis.de\/portal-interne-evaluation-bbs\/files\/2026\/03\/UB-BBS-Individualauswertung-erstellen-3.png 1338w\" sizes=\"auto, (max-width: 1024px) 100vw, 1024px\" \/><\/figure>\n<\/div>\n\n\n<p><strong>Schritt 4:<\/strong> W\u00e4hlen Sie die gew\u00fcnschte Unterrichtsbeobachtung aus.<\/p>\n\n\n<div class=\"wp-block-image\">\n<figure class=\"aligncenter size-large is-resized\"><img loading=\"lazy\" decoding=\"async\" width=\"1024\" height=\"232\" src=\"https:\/\/wordpress.nibis.de\/portal-interne-evaluation-bbs\/files\/2026\/03\/UB-BBS-Individualauswertung-erstellen-4-1024x232.png\" alt=\"\" class=\"wp-image-704\" style=\"width:710px\" srcset=\"https:\/\/wordpress.nibis.de\/portal-interne-evaluation-bbs\/files\/2026\/03\/UB-BBS-Individualauswertung-erstellen-4-1024x232.png 1024w, https:\/\/wordpress.nibis.de\/portal-interne-evaluation-bbs\/files\/2026\/03\/UB-BBS-Individualauswertung-erstellen-4-300x68.png 300w, https:\/\/wordpress.nibis.de\/portal-interne-evaluation-bbs\/files\/2026\/03\/UB-BBS-Individualauswertung-erstellen-4-768x174.png 768w, https:\/\/wordpress.nibis.de\/portal-interne-evaluation-bbs\/files\/2026\/03\/UB-BBS-Individualauswertung-erstellen-4-100x23.png 100w, https:\/\/wordpress.nibis.de\/portal-interne-evaluation-bbs\/files\/2026\/03\/UB-BBS-Individualauswertung-erstellen-4.png 1252w\" sizes=\"auto, (max-width: 1024px) 100vw, 1024px\" \/><\/figure>\n<\/div>\n\n\n<p><strong>Schritt 5:<\/strong> Sie k\u00f6nnen jetzt auf der rechten Seite mit einem Klick auf das PDF-Icon die durchgef\u00fchrte Unterrichtsbeobachtung als PDF herunterladen.<\/p>\n\n\n<div class=\"wp-block-image\">\n<figure class=\"aligncenter size-large is-resized\"><img loading=\"lazy\" decoding=\"async\" width=\"1024\" height=\"177\" src=\"https:\/\/wordpress.nibis.de\/portal-interne-evaluation-bbs\/files\/2026\/03\/UB-BBS-Individualauswertung-erstellen-5-1024x177.png\" alt=\"\" class=\"wp-image-706\" style=\"width:710px\" srcset=\"https:\/\/wordpress.nibis.de\/portal-interne-evaluation-bbs\/files\/2026\/03\/UB-BBS-Individualauswertung-erstellen-5-1024x177.png 1024w, https:\/\/wordpress.nibis.de\/portal-interne-evaluation-bbs\/files\/2026\/03\/UB-BBS-Individualauswertung-erstellen-5-300x52.png 300w, https:\/\/wordpress.nibis.de\/portal-interne-evaluation-bbs\/files\/2026\/03\/UB-BBS-Individualauswertung-erstellen-5-768x132.png 768w, https:\/\/wordpress.nibis.de\/portal-interne-evaluation-bbs\/files\/2026\/03\/UB-BBS-Individualauswertung-erstellen-5-100x17.png 100w, https:\/\/wordpress.nibis.de\/portal-interne-evaluation-bbs\/files\/2026\/03\/UB-BBS-Individualauswertung-erstellen-5.png 1328w\" sizes=\"auto, (max-width: 1024px) 100vw, 1024px\" \/><\/figure>\n<\/div>\n\n\n<p><strong>Schritt 6:<\/strong> Nachdem Sie die PDF-Datei ge\u00f6ffnet haben erscheint die Beobachtung im ausdruckbaren Format. Das Dokument ist in zwei Teile gegliedert. Im ersten Teil befinden sich nur die Merkmale der UB-BBS, dieser Teil kann einen schnellen \u00dcberblick \u00fcber die Beobachtung bieten.<\/p>\n\n\n<div class=\"wp-block-image\">\n<figure class=\"aligncenter size-large is-resized\"><img loading=\"lazy\" decoding=\"async\" width=\"1024\" height=\"726\" src=\"https:\/\/wordpress.nibis.de\/portal-interne-evaluation-bbs\/files\/2026\/03\/UB-BBS-Individualauswertung-erstellen-6-1024x726.png\" alt=\"\" class=\"wp-image-708\" style=\"width:710px\" srcset=\"https:\/\/wordpress.nibis.de\/portal-interne-evaluation-bbs\/files\/2026\/03\/UB-BBS-Individualauswertung-erstellen-6-1024x726.png 1024w, https:\/\/wordpress.nibis.de\/portal-interne-evaluation-bbs\/files\/2026\/03\/UB-BBS-Individualauswertung-erstellen-6-300x213.png 300w, https:\/\/wordpress.nibis.de\/portal-interne-evaluation-bbs\/files\/2026\/03\/UB-BBS-Individualauswertung-erstellen-6-768x544.png 768w, https:\/\/wordpress.nibis.de\/portal-interne-evaluation-bbs\/files\/2026\/03\/UB-BBS-Individualauswertung-erstellen-6-100x71.png 100w, https:\/\/wordpress.nibis.de\/portal-interne-evaluation-bbs\/files\/2026\/03\/UB-BBS-Individualauswertung-erstellen-6.png 1209w\" sizes=\"auto, (max-width: 1024px) 100vw, 1024px\" \/><\/figure>\n<\/div>\n\n\n<p>Im zweiten Teil sind neben den Merkmalen auch die Indikatoren der UB-BBS abgebildet. Zus\u00e4tzlich werden hier die gemachten Notizen zu der Beobachtung angezeigt.<\/p>\n\n\n<div class=\"wp-block-image\">\n<figure class=\"aligncenter size-large is-resized\"><img loading=\"lazy\" decoding=\"async\" width=\"1024\" height=\"532\" src=\"https:\/\/wordpress.nibis.de\/portal-interne-evaluation-bbs\/files\/2026\/03\/UB-BBS-Individualauswertung-erstellen-7-1024x532.png\" alt=\"\" class=\"wp-image-710\" style=\"width:710px\" srcset=\"https:\/\/wordpress.nibis.de\/portal-interne-evaluation-bbs\/files\/2026\/03\/UB-BBS-Individualauswertung-erstellen-7-1024x532.png 1024w, https:\/\/wordpress.nibis.de\/portal-interne-evaluation-bbs\/files\/2026\/03\/UB-BBS-Individualauswertung-erstellen-7-300x156.png 300w, https:\/\/wordpress.nibis.de\/portal-interne-evaluation-bbs\/files\/2026\/03\/UB-BBS-Individualauswertung-erstellen-7-768x399.png 768w, https:\/\/wordpress.nibis.de\/portal-interne-evaluation-bbs\/files\/2026\/03\/UB-BBS-Individualauswertung-erstellen-7-100x52.png 100w, https:\/\/wordpress.nibis.de\/portal-interne-evaluation-bbs\/files\/2026\/03\/UB-BBS-Individualauswertung-erstellen-7.png 1206w\" sizes=\"auto, (max-width: 1024px) 100vw, 1024px\" \/><\/figure>\n<\/div>","protected":false},"excerpt":{"rendered":"<p>Sie haben nach einer durchgef\u00fchrten Unterrichtsbeobachtung verschiedene M\u00f6glichkeiten, die Auswertung zu gestalten. Dadurch k\u00f6nnen Sie und Ihre Kolleginnen und Kollegen die Gespr\u00e4chsanl\u00e4sse individuell vorbereiten. Mit der Individualauswertung k\u00f6nnen Sie die durchgef\u00fchrte Unterrichtsbeobachtung gemeinsam mit Ihren erfassten Notizen und Bemerkungen als PDF f\u00fcr Gespr\u00e4che ausdrucken\/speichern. Schritt 1: Um die UB-BBS zu verwalten, gehen Sie auf \u201e\u00e0 &hellip; <a href=\"https:\/\/wordpress.nibis.de\/portal-interne-evaluation-bbs\/ub-bbs-individualauswertung-erstellen\/\" class=\"more-link\"><span class=\"screen-reader-text\">UB-BBS Individualauswertung erstellen<\/span> weiterlesen <span class=\"meta-nav\">&rarr;<\/span><\/a><\/p>\n","protected":false},"author":9194395,"featured_media":0,"parent":0,"menu_order":0,"comment_status":"closed","ping_status":"closed","template":"","meta":{"footnotes":""},"class_list":["post-693","page","type-page","status-publish","hentry"],"_links":{"self":[{"href":"https:\/\/wordpress.nibis.de\/portal-interne-evaluation-bbs\/wp-json\/wp\/v2\/pages\/693","targetHints":{"allow":["GET"]}}],"collection":[{"href":"https:\/\/wordpress.nibis.de\/portal-interne-evaluation-bbs\/wp-json\/wp\/v2\/pages"}],"about":[{"href":"https:\/\/wordpress.nibis.de\/portal-interne-evaluation-bbs\/wp-json\/wp\/v2\/types\/page"}],"author":[{"embeddable":true,"href":"https:\/\/wordpress.nibis.de\/portal-interne-evaluation-bbs\/wp-json\/wp\/v2\/users\/9194395"}],"replies":[{"embeddable":true,"href":"https:\/\/wordpress.nibis.de\/portal-interne-evaluation-bbs\/wp-json\/wp\/v2\/comments?post=693"}],"version-history":[{"count":11,"href":"https:\/\/wordpress.nibis.de\/portal-interne-evaluation-bbs\/wp-json\/wp\/v2\/pages\/693\/revisions"}],"predecessor-version":[{"id":714,"href":"https:\/\/wordpress.nibis.de\/portal-interne-evaluation-bbs\/wp-json\/wp\/v2\/pages\/693\/revisions\/714"}],"wp:attachment":[{"href":"https:\/\/wordpress.nibis.de\/portal-interne-evaluation-bbs\/wp-json\/wp\/v2\/media?parent=693"}],"curies":[{"name":"wp","href":"https:\/\/api.w.org\/{rel}","templated":true}]}}