{"id":742,"date":"2026-03-30T10:23:50","date_gmt":"2026-03-30T08:23:50","guid":{"rendered":"https:\/\/wordpress.nibis.de\/portal-interne-evaluation-bbs\/?page_id=742"},"modified":"2026-03-30T10:44:56","modified_gmt":"2026-03-30T08:44:56","slug":"schuebe-bbs-beteiligungsquote-pruefen-administration","status":"publish","type":"page","link":"https:\/\/wordpress.nibis.de\/portal-interne-evaluation-bbs\/schuebe-bbs-beteiligungsquote-pruefen-administration\/","title":{"rendered":"Sch\u00fcBe-BBS Beteiligungsquote pr\u00fcfen (Administration)"},"content":{"rendered":"\n<p>W\u00e4hrend einer laufenden Sch\u00fcBe-BBS Befragung k\u00f6nnen Sie pr\u00fcfen, wie viele Sch\u00fclerinnen und Sch\u00fcler bereits an der Befragung teilgenommen haben. Hierbei k\u00f6nnen Sie z. B. nach unterschiedlichen Schulformen, Klassen oder Klassenstufen filtern.<\/p>\n\n\n\n<div class=\"wp-block-file\"><a id=\"wp-block-file--media-bf75600a-536d-4a26-9a5a-adc9ec4d936a\" href=\"https:\/\/wordpress.nibis.de\/portal-interne-evaluation-bbs\/files\/2026\/03\/Kurzanleitung-SchueBe-BBS-Beteiligungsquote-pruefen-Admin.pdf\">Die Kurzanleitung Sch\u00fcBe-BBS Beteiligungsquote pr\u00fcfen (Administration) zum Download<\/a><\/div>\n\n\n\n<p><strong>Schritt 1:<\/strong> Klicken Sie in dem Dashboard auf den Men\u00fcpunkt Sch\u00fcBe-BBS.<\/p>\n\n\n<div class=\"wp-block-image\">\n<figure class=\"aligncenter size-large is-resized\"><img loading=\"lazy\" decoding=\"async\" width=\"1024\" height=\"412\" src=\"https:\/\/wordpress.nibis.de\/portal-interne-evaluation-bbs\/files\/2026\/03\/SchueNe-BBS-Beteiligungsquote-pruefen-Admin-1-1024x412.png\" alt=\"\" class=\"wp-image-746\" style=\"width:710px\" srcset=\"https:\/\/wordpress.nibis.de\/portal-interne-evaluation-bbs\/files\/2026\/03\/SchueNe-BBS-Beteiligungsquote-pruefen-Admin-1-1024x412.png 1024w, https:\/\/wordpress.nibis.de\/portal-interne-evaluation-bbs\/files\/2026\/03\/SchueNe-BBS-Beteiligungsquote-pruefen-Admin-1-300x121.png 300w, https:\/\/wordpress.nibis.de\/portal-interne-evaluation-bbs\/files\/2026\/03\/SchueNe-BBS-Beteiligungsquote-pruefen-Admin-1-768x309.png 768w, https:\/\/wordpress.nibis.de\/portal-interne-evaluation-bbs\/files\/2026\/03\/SchueNe-BBS-Beteiligungsquote-pruefen-Admin-1-100x40.png 100w, https:\/\/wordpress.nibis.de\/portal-interne-evaluation-bbs\/files\/2026\/03\/SchueNe-BBS-Beteiligungsquote-pruefen-Admin-1.png 1467w\" sizes=\"auto, (max-width: 1024px) 100vw, 1024px\" \/><\/figure>\n<\/div>\n\n\n<p><strong>Schritt 2:<\/strong> Gehen Sie im Men\u00fc auf den Eintrag \u201eSch\u00fcBe-BBS Beteiligungsquote\u201c.<\/p>\n\n\n<div class=\"wp-block-image\">\n<figure class=\"aligncenter size-large is-resized\"><img loading=\"lazy\" decoding=\"async\" width=\"1024\" height=\"251\" src=\"https:\/\/wordpress.nibis.de\/portal-interne-evaluation-bbs\/files\/2026\/03\/SchueNe-BBS-Beteiligungsquote-pruefen-Admin-2-1024x251.png\" alt=\"\" class=\"wp-image-748\" style=\"width:710px\" srcset=\"https:\/\/wordpress.nibis.de\/portal-interne-evaluation-bbs\/files\/2026\/03\/SchueNe-BBS-Beteiligungsquote-pruefen-Admin-2-1024x251.png 1024w, https:\/\/wordpress.nibis.de\/portal-interne-evaluation-bbs\/files\/2026\/03\/SchueNe-BBS-Beteiligungsquote-pruefen-Admin-2-300x74.png 300w, https:\/\/wordpress.nibis.de\/portal-interne-evaluation-bbs\/files\/2026\/03\/SchueNe-BBS-Beteiligungsquote-pruefen-Admin-2-768x189.png 768w, https:\/\/wordpress.nibis.de\/portal-interne-evaluation-bbs\/files\/2026\/03\/SchueNe-BBS-Beteiligungsquote-pruefen-Admin-2-100x25.png 100w, https:\/\/wordpress.nibis.de\/portal-interne-evaluation-bbs\/files\/2026\/03\/SchueNe-BBS-Beteiligungsquote-pruefen-Admin-2.png 1470w\" sizes=\"auto, (max-width: 1024px) 100vw, 1024px\" \/><\/figure>\n<\/div>\n\n\n<p><strong>Schritt 3: <\/strong>Sie sehen jetzt die durchgef\u00fchrten Sch\u00fcBe-BBS Befragungen auf der rechten Seite.<\/p>\n\n\n<div class=\"wp-block-image\">\n<figure class=\"aligncenter size-large is-resized\"><img loading=\"lazy\" decoding=\"async\" width=\"1024\" height=\"359\" src=\"https:\/\/wordpress.nibis.de\/portal-interne-evaluation-bbs\/files\/2026\/03\/SchueNe-BBS-Beteiligungsquote-pruefen-Admin-3-1024x359.png\" alt=\"\" class=\"wp-image-750\" style=\"width:710px\" srcset=\"https:\/\/wordpress.nibis.de\/portal-interne-evaluation-bbs\/files\/2026\/03\/SchueNe-BBS-Beteiligungsquote-pruefen-Admin-3-1024x359.png 1024w, https:\/\/wordpress.nibis.de\/portal-interne-evaluation-bbs\/files\/2026\/03\/SchueNe-BBS-Beteiligungsquote-pruefen-Admin-3-300x105.png 300w, https:\/\/wordpress.nibis.de\/portal-interne-evaluation-bbs\/files\/2026\/03\/SchueNe-BBS-Beteiligungsquote-pruefen-Admin-3-768x269.png 768w, https:\/\/wordpress.nibis.de\/portal-interne-evaluation-bbs\/files\/2026\/03\/SchueNe-BBS-Beteiligungsquote-pruefen-Admin-3-100x35.png 100w, https:\/\/wordpress.nibis.de\/portal-interne-evaluation-bbs\/files\/2026\/03\/SchueNe-BBS-Beteiligungsquote-pruefen-Admin-3.png 1486w\" sizes=\"auto, (max-width: 1024px) 100vw, 1024px\" \/><\/figure>\n<\/div>\n\n\n<p><strong>Schritt 4:<\/strong> Gehen Sie ans Ende der Seite, um die aktive Sch\u00fcBe-BBS Befragung einzusehen.<\/p>\n\n\n<div class=\"wp-block-image\">\n<figure class=\"aligncenter size-large is-resized\"><img loading=\"lazy\" decoding=\"async\" width=\"1024\" height=\"739\" src=\"https:\/\/wordpress.nibis.de\/portal-interne-evaluation-bbs\/files\/2026\/03\/SchueNe-BBS-Beteiligungsquote-pruefen-Admin-4-1024x739.png\" alt=\"\" class=\"wp-image-752\" style=\"width:710px\" srcset=\"https:\/\/wordpress.nibis.de\/portal-interne-evaluation-bbs\/files\/2026\/03\/SchueNe-BBS-Beteiligungsquote-pruefen-Admin-4-1024x739.png 1024w, https:\/\/wordpress.nibis.de\/portal-interne-evaluation-bbs\/files\/2026\/03\/SchueNe-BBS-Beteiligungsquote-pruefen-Admin-4-300x216.png 300w, https:\/\/wordpress.nibis.de\/portal-interne-evaluation-bbs\/files\/2026\/03\/SchueNe-BBS-Beteiligungsquote-pruefen-Admin-4-768x554.png 768w, https:\/\/wordpress.nibis.de\/portal-interne-evaluation-bbs\/files\/2026\/03\/SchueNe-BBS-Beteiligungsquote-pruefen-Admin-4-100x72.png 100w, https:\/\/wordpress.nibis.de\/portal-interne-evaluation-bbs\/files\/2026\/03\/SchueNe-BBS-Beteiligungsquote-pruefen-Admin-4.png 1192w\" sizes=\"auto, (max-width: 1024px) 100vw, 1024px\" \/><\/figure>\n<\/div>\n\n\n<p>Sie haben in dem Bereich die M\u00f6glichkeit unterschiedlich zu Filtern (z. B. nach Lerngruppen).<\/p>\n\n\n<div class=\"wp-block-image\">\n<figure class=\"aligncenter size-full is-resized\"><img loading=\"lazy\" decoding=\"async\" width=\"583\" height=\"433\" src=\"https:\/\/wordpress.nibis.de\/portal-interne-evaluation-bbs\/files\/2026\/03\/SchueNe-BBS-Beteiligungsquote-pruefen-Admin-5.png\" alt=\"\" class=\"wp-image-754\" style=\"width:400px\" srcset=\"https:\/\/wordpress.nibis.de\/portal-interne-evaluation-bbs\/files\/2026\/03\/SchueNe-BBS-Beteiligungsquote-pruefen-Admin-5.png 583w, https:\/\/wordpress.nibis.de\/portal-interne-evaluation-bbs\/files\/2026\/03\/SchueNe-BBS-Beteiligungsquote-pruefen-Admin-5-300x223.png 300w, https:\/\/wordpress.nibis.de\/portal-interne-evaluation-bbs\/files\/2026\/03\/SchueNe-BBS-Beteiligungsquote-pruefen-Admin-5-100x74.png 100w\" sizes=\"auto, (max-width: 583px) 100vw, 583px\" \/><\/figure>\n<\/div>\n\n\n<p>Wenn Sie z. B. an einer B\u00fcndelschule sind, k\u00f6nnten Sie z. B. nach den Bereichen Wirtschaft, Bau oder Pflege filtern, um so ggf. die Ergebnisse Ihrer Abteilungen darzustellen. Die aufgef\u00fchrten Bereiche richten sich nach denen von Ihnen importieren Daten der Sch\u00fclerinnen und Sch\u00fcler.<\/p>\n\n\n<div class=\"wp-block-image\">\n<figure class=\"aligncenter size-full is-resized\"><img loading=\"lazy\" decoding=\"async\" width=\"588\" height=\"264\" src=\"https:\/\/wordpress.nibis.de\/portal-interne-evaluation-bbs\/files\/2026\/03\/SchueNe-BBS-Beteiligungsquote-pruefen-Admin-6.png\" alt=\"\" class=\"wp-image-756\" style=\"width:400px\" srcset=\"https:\/\/wordpress.nibis.de\/portal-interne-evaluation-bbs\/files\/2026\/03\/SchueNe-BBS-Beteiligungsquote-pruefen-Admin-6.png 588w, https:\/\/wordpress.nibis.de\/portal-interne-evaluation-bbs\/files\/2026\/03\/SchueNe-BBS-Beteiligungsquote-pruefen-Admin-6-300x135.png 300w, https:\/\/wordpress.nibis.de\/portal-interne-evaluation-bbs\/files\/2026\/03\/SchueNe-BBS-Beteiligungsquote-pruefen-Admin-6-100x45.png 100w\" sizes=\"auto, (max-width: 588px) 100vw, 588px\" \/><\/figure>\n<\/div>","protected":false},"excerpt":{"rendered":"<p>W\u00e4hrend einer laufenden Sch\u00fcBe-BBS Befragung k\u00f6nnen Sie pr\u00fcfen, wie viele Sch\u00fclerinnen und Sch\u00fcler bereits an der Befragung teilgenommen haben. Hierbei k\u00f6nnen Sie z. B. nach unterschiedlichen Schulformen, Klassen oder Klassenstufen filtern. Schritt 1: Klicken Sie in dem Dashboard auf den Men\u00fcpunkt Sch\u00fcBe-BBS. Schritt 2: Gehen Sie im Men\u00fc auf den Eintrag \u201eSch\u00fcBe-BBS Beteiligungsquote\u201c. Schritt 3: &hellip; <a href=\"https:\/\/wordpress.nibis.de\/portal-interne-evaluation-bbs\/schuebe-bbs-beteiligungsquote-pruefen-administration\/\" class=\"more-link\"><span class=\"screen-reader-text\">Sch\u00fcBe-BBS Beteiligungsquote pr\u00fcfen (Administration)<\/span> weiterlesen <span class=\"meta-nav\">&rarr;<\/span><\/a><\/p>\n","protected":false},"author":9194395,"featured_media":0,"parent":0,"menu_order":0,"comment_status":"closed","ping_status":"closed","template":"","meta":{"footnotes":""},"class_list":["post-742","page","type-page","status-publish","hentry"],"_links":{"self":[{"href":"https:\/\/wordpress.nibis.de\/portal-interne-evaluation-bbs\/wp-json\/wp\/v2\/pages\/742","targetHints":{"allow":["GET"]}}],"collection":[{"href":"https:\/\/wordpress.nibis.de\/portal-interne-evaluation-bbs\/wp-json\/wp\/v2\/pages"}],"about":[{"href":"https:\/\/wordpress.nibis.de\/portal-interne-evaluation-bbs\/wp-json\/wp\/v2\/types\/page"}],"author":[{"embeddable":true,"href":"https:\/\/wordpress.nibis.de\/portal-interne-evaluation-bbs\/wp-json\/wp\/v2\/users\/9194395"}],"replies":[{"embeddable":true,"href":"https:\/\/wordpress.nibis.de\/portal-interne-evaluation-bbs\/wp-json\/wp\/v2\/comments?post=742"}],"version-history":[{"count":9,"href":"https:\/\/wordpress.nibis.de\/portal-interne-evaluation-bbs\/wp-json\/wp\/v2\/pages\/742\/revisions"}],"predecessor-version":[{"id":759,"href":"https:\/\/wordpress.nibis.de\/portal-interne-evaluation-bbs\/wp-json\/wp\/v2\/pages\/742\/revisions\/759"}],"wp:attachment":[{"href":"https:\/\/wordpress.nibis.de\/portal-interne-evaluation-bbs\/wp-json\/wp\/v2\/media?parent=742"}],"curies":[{"name":"wp","href":"https:\/\/api.w.org\/{rel}","templated":true}]}}