{"id":938,"date":"2026-04-01T10:46:25","date_gmt":"2026-04-01T08:46:25","guid":{"rendered":"https:\/\/wordpress.nibis.de\/portal-interne-evaluation-bbs\/?page_id=938"},"modified":"2026-04-01T10:56:14","modified_gmt":"2026-04-01T08:56:14","slug":"lebe-bbs-ergebnisse-teilen","status":"publish","type":"page","link":"https:\/\/wordpress.nibis.de\/portal-interne-evaluation-bbs\/lebe-bbs-ergebnisse-teilen\/","title":{"rendered":"LeBe-BBS Ergebnisse teilen"},"content":{"rendered":"\n<p>Im Rahmen einer LeBe-BBS Befragung k\u00f6nnen Befragungsgruppen mit entsprechenden Befragungsgruppenleitungen angelegt werden, z. B. Abteilungen. Diese Befragungsgruppenleitungen k\u00f6nnen das Ergebnis einer LeBe-BBS Befragung einsehen und anderen Personen im System zur Verf\u00fcgung stellen, z. B. der \u201eSchulleitungsrunde\u201c.<\/p>\n\n\n\n<div class=\"wp-block-file\"><a id=\"wp-block-file--media-8ef393d3-8119-4a00-95b6-e866e78bebc1\" href=\"https:\/\/wordpress.nibis.de\/portal-interne-evaluation-bbs\/files\/2026\/04\/Kurzanleitung-LeBe-BBS-teilen.pdf\">Die Kurzanleitung LeBe-BBS teilen zum Download<\/a><\/div>\n\n\n\n<p><strong>Schritt 1:<\/strong> Um das Ergebnis einer LeBe-BBS zu teilen, gehen Sie auf den Men\u00fcpunkt \u201eLeBe-BBS\u201c.<\/p>\n\n\n<div class=\"wp-block-image\">\n<figure class=\"aligncenter size-full is-resized\"><img loading=\"lazy\" decoding=\"async\" width=\"611\" height=\"545\" src=\"https:\/\/wordpress.nibis.de\/portal-interne-evaluation-bbs\/files\/2026\/04\/LeBe-BBS-Ergebnisse-teilen-1.png\" alt=\"\" class=\"wp-image-939\" style=\"width:400px\" srcset=\"https:\/\/wordpress.nibis.de\/portal-interne-evaluation-bbs\/files\/2026\/04\/LeBe-BBS-Ergebnisse-teilen-1.png 611w, https:\/\/wordpress.nibis.de\/portal-interne-evaluation-bbs\/files\/2026\/04\/LeBe-BBS-Ergebnisse-teilen-1-300x268.png 300w, https:\/\/wordpress.nibis.de\/portal-interne-evaluation-bbs\/files\/2026\/04\/LeBe-BBS-Ergebnisse-teilen-1-100x89.png 100w\" sizes=\"auto, (max-width: 611px) 100vw, 611px\" \/><\/figure>\n<\/div>\n\n\n<p><strong>Schritt 2:<\/strong> W\u00e4hlen Sie eine LeBe-BBS Befragung aus.<\/p>\n\n\n<div class=\"wp-block-image\">\n<figure class=\"aligncenter size-large is-resized\"><img loading=\"lazy\" decoding=\"async\" width=\"1024\" height=\"322\" src=\"https:\/\/wordpress.nibis.de\/portal-interne-evaluation-bbs\/files\/2026\/04\/LeBe-BBS-Ergebnisse-teilen-2-1024x322.png\" alt=\"\" class=\"wp-image-940\" style=\"width:710px\" srcset=\"https:\/\/wordpress.nibis.de\/portal-interne-evaluation-bbs\/files\/2026\/04\/LeBe-BBS-Ergebnisse-teilen-2-1024x322.png 1024w, https:\/\/wordpress.nibis.de\/portal-interne-evaluation-bbs\/files\/2026\/04\/LeBe-BBS-Ergebnisse-teilen-2-300x94.png 300w, https:\/\/wordpress.nibis.de\/portal-interne-evaluation-bbs\/files\/2026\/04\/LeBe-BBS-Ergebnisse-teilen-2-768x241.png 768w, https:\/\/wordpress.nibis.de\/portal-interne-evaluation-bbs\/files\/2026\/04\/LeBe-BBS-Ergebnisse-teilen-2-100x31.png 100w, https:\/\/wordpress.nibis.de\/portal-interne-evaluation-bbs\/files\/2026\/04\/LeBe-BBS-Ergebnisse-teilen-2.png 1223w\" sizes=\"auto, (max-width: 1024px) 100vw, 1024px\" \/><\/figure>\n<\/div>\n\n\n<p><strong>Schritt 3:<\/strong> Gehen Sie im Men\u00fc auf \u201eLeBe-BBS Ergebnisse teilen\u201c.<\/p>\n\n\n<div class=\"wp-block-image\">\n<figure class=\"aligncenter size-large is-resized\"><img loading=\"lazy\" decoding=\"async\" width=\"1024\" height=\"179\" src=\"https:\/\/wordpress.nibis.de\/portal-interne-evaluation-bbs\/files\/2026\/04\/LeBe-BBS-Ergebnisse-teilen-3-1024x179.png\" alt=\"\" class=\"wp-image-944\" style=\"width:710px\" srcset=\"https:\/\/wordpress.nibis.de\/portal-interne-evaluation-bbs\/files\/2026\/04\/LeBe-BBS-Ergebnisse-teilen-3-1024x179.png 1024w, https:\/\/wordpress.nibis.de\/portal-interne-evaluation-bbs\/files\/2026\/04\/LeBe-BBS-Ergebnisse-teilen-3-300x53.png 300w, https:\/\/wordpress.nibis.de\/portal-interne-evaluation-bbs\/files\/2026\/04\/LeBe-BBS-Ergebnisse-teilen-3-768x134.png 768w, https:\/\/wordpress.nibis.de\/portal-interne-evaluation-bbs\/files\/2026\/04\/LeBe-BBS-Ergebnisse-teilen-3-100x18.png 100w, https:\/\/wordpress.nibis.de\/portal-interne-evaluation-bbs\/files\/2026\/04\/LeBe-BBS-Ergebnisse-teilen-3.png 1245w\" sizes=\"auto, (max-width: 1024px) 100vw, 1024px\" \/><\/figure>\n<\/div>\n\n\n<p><strong>Schritt 4:<\/strong> Sie sehen im rechten Bereich die Ihnen zur Verf\u00fcgung stehenden Befragungsergebnisse.<\/p>\n\n\n<div class=\"wp-block-image\">\n<figure class=\"aligncenter size-large is-resized\"><img loading=\"lazy\" decoding=\"async\" width=\"1024\" height=\"263\" src=\"https:\/\/wordpress.nibis.de\/portal-interne-evaluation-bbs\/files\/2026\/04\/LeBe-BBS-Ergebnisse-teilen-4-1024x263.png\" alt=\"\" class=\"wp-image-945\" style=\"width:710px\" srcset=\"https:\/\/wordpress.nibis.de\/portal-interne-evaluation-bbs\/files\/2026\/04\/LeBe-BBS-Ergebnisse-teilen-4-1024x263.png 1024w, https:\/\/wordpress.nibis.de\/portal-interne-evaluation-bbs\/files\/2026\/04\/LeBe-BBS-Ergebnisse-teilen-4-300x77.png 300w, https:\/\/wordpress.nibis.de\/portal-interne-evaluation-bbs\/files\/2026\/04\/LeBe-BBS-Ergebnisse-teilen-4-768x197.png 768w, https:\/\/wordpress.nibis.de\/portal-interne-evaluation-bbs\/files\/2026\/04\/LeBe-BBS-Ergebnisse-teilen-4-100x26.png 100w, https:\/\/wordpress.nibis.de\/portal-interne-evaluation-bbs\/files\/2026\/04\/LeBe-BBS-Ergebnisse-teilen-4.png 1253w\" sizes=\"auto, (max-width: 1024px) 100vw, 1024px\" \/><\/figure>\n<\/div>\n\n\n<p><strong>Schritt 5:<\/strong> Sie k\u00f6nnen jetzt die Personen ausw\u00e4hlen, denen Sie das Ergebnis einer LeBe-BBS bereitstellen m\u00f6chten.<\/p>\n\n\n<div class=\"wp-block-image\">\n<figure class=\"aligncenter size-large is-resized\"><img loading=\"lazy\" decoding=\"async\" width=\"1024\" height=\"291\" src=\"https:\/\/wordpress.nibis.de\/portal-interne-evaluation-bbs\/files\/2026\/04\/LeBe-BBS-Ergebnisse-teilen-5-1024x291.png\" alt=\"\" class=\"wp-image-947\" style=\"width:710px\" srcset=\"https:\/\/wordpress.nibis.de\/portal-interne-evaluation-bbs\/files\/2026\/04\/LeBe-BBS-Ergebnisse-teilen-5-1024x291.png 1024w, https:\/\/wordpress.nibis.de\/portal-interne-evaluation-bbs\/files\/2026\/04\/LeBe-BBS-Ergebnisse-teilen-5-300x85.png 300w, https:\/\/wordpress.nibis.de\/portal-interne-evaluation-bbs\/files\/2026\/04\/LeBe-BBS-Ergebnisse-teilen-5-768x218.png 768w, https:\/\/wordpress.nibis.de\/portal-interne-evaluation-bbs\/files\/2026\/04\/LeBe-BBS-Ergebnisse-teilen-5-100x28.png 100w, https:\/\/wordpress.nibis.de\/portal-interne-evaluation-bbs\/files\/2026\/04\/LeBe-BBS-Ergebnisse-teilen-5.png 1253w\" sizes=\"auto, (max-width: 1024px) 100vw, 1024px\" \/><\/figure>\n<\/div>\n\n\n<p><strong>Schritt 6:<\/strong> Nach Ihrer Auswahl m\u00fcssen Sie die Auswahl mit einem Klick auf \u201eSpeichern\u201c best\u00e4tigen. M\u00f6chten Sie eine Person wieder entfernen, gehen Sie auf das \u201ex\u201c neben dem Namen.<\/p>\n\n\n<div class=\"wp-block-image\">\n<figure class=\"aligncenter size-large is-resized\"><img loading=\"lazy\" decoding=\"async\" width=\"1024\" height=\"462\" src=\"https:\/\/wordpress.nibis.de\/portal-interne-evaluation-bbs\/files\/2026\/04\/LeBe-BBS-Ergebnisse-teilen-6-1024x462.png\" alt=\"\" class=\"wp-image-949\" style=\"width:710px\" srcset=\"https:\/\/wordpress.nibis.de\/portal-interne-evaluation-bbs\/files\/2026\/04\/LeBe-BBS-Ergebnisse-teilen-6-1024x462.png 1024w, https:\/\/wordpress.nibis.de\/portal-interne-evaluation-bbs\/files\/2026\/04\/LeBe-BBS-Ergebnisse-teilen-6-300x135.png 300w, https:\/\/wordpress.nibis.de\/portal-interne-evaluation-bbs\/files\/2026\/04\/LeBe-BBS-Ergebnisse-teilen-6-768x347.png 768w, https:\/\/wordpress.nibis.de\/portal-interne-evaluation-bbs\/files\/2026\/04\/LeBe-BBS-Ergebnisse-teilen-6-100x45.png 100w, https:\/\/wordpress.nibis.de\/portal-interne-evaluation-bbs\/files\/2026\/04\/LeBe-BBS-Ergebnisse-teilen-6.png 1265w\" sizes=\"auto, (max-width: 1024px) 100vw, 1024px\" \/><\/figure>\n<\/div>","protected":false},"excerpt":{"rendered":"<p>Im Rahmen einer LeBe-BBS Befragung k\u00f6nnen Befragungsgruppen mit entsprechenden Befragungsgruppenleitungen angelegt werden, z. B. Abteilungen. Diese Befragungsgruppenleitungen k\u00f6nnen das Ergebnis einer LeBe-BBS Befragung einsehen und anderen Personen im System zur Verf\u00fcgung stellen, z. B. der \u201eSchulleitungsrunde\u201c. Schritt 1: Um das Ergebnis einer LeBe-BBS zu teilen, gehen Sie auf den Men\u00fcpunkt \u201eLeBe-BBS\u201c. Schritt 2: W\u00e4hlen Sie &hellip; <a href=\"https:\/\/wordpress.nibis.de\/portal-interne-evaluation-bbs\/lebe-bbs-ergebnisse-teilen\/\" class=\"more-link\"><span class=\"screen-reader-text\">LeBe-BBS Ergebnisse teilen<\/span> weiterlesen <span class=\"meta-nav\">&rarr;<\/span><\/a><\/p>\n","protected":false},"author":9194395,"featured_media":0,"parent":0,"menu_order":0,"comment_status":"closed","ping_status":"closed","template":"","meta":{"footnotes":""},"class_list":["post-938","page","type-page","status-publish","hentry"],"_links":{"self":[{"href":"https:\/\/wordpress.nibis.de\/portal-interne-evaluation-bbs\/wp-json\/wp\/v2\/pages\/938","targetHints":{"allow":["GET"]}}],"collection":[{"href":"https:\/\/wordpress.nibis.de\/portal-interne-evaluation-bbs\/wp-json\/wp\/v2\/pages"}],"about":[{"href":"https:\/\/wordpress.nibis.de\/portal-interne-evaluation-bbs\/wp-json\/wp\/v2\/types\/page"}],"author":[{"embeddable":true,"href":"https:\/\/wordpress.nibis.de\/portal-interne-evaluation-bbs\/wp-json\/wp\/v2\/users\/9194395"}],"replies":[{"embeddable":true,"href":"https:\/\/wordpress.nibis.de\/portal-interne-evaluation-bbs\/wp-json\/wp\/v2\/comments?post=938"}],"version-history":[{"count":6,"href":"https:\/\/wordpress.nibis.de\/portal-interne-evaluation-bbs\/wp-json\/wp\/v2\/pages\/938\/revisions"}],"predecessor-version":[{"id":952,"href":"https:\/\/wordpress.nibis.de\/portal-interne-evaluation-bbs\/wp-json\/wp\/v2\/pages\/938\/revisions\/952"}],"wp:attachment":[{"href":"https:\/\/wordpress.nibis.de\/portal-interne-evaluation-bbs\/wp-json\/wp\/v2\/media?parent=938"}],"curies":[{"name":"wp","href":"https:\/\/api.w.org\/{rel}","templated":true}]}}