{"id":954,"date":"2026-04-01T11:23:06","date_gmt":"2026-04-01T09:23:06","guid":{"rendered":"https:\/\/wordpress.nibis.de\/portal-interne-evaluation-bbs\/?page_id=954"},"modified":"2026-04-01T11:31:52","modified_gmt":"2026-04-01T09:31:52","slug":"schuebe-bbs-ergebnisse-teilen","status":"publish","type":"page","link":"https:\/\/wordpress.nibis.de\/portal-interne-evaluation-bbs\/schuebe-bbs-ergebnisse-teilen\/","title":{"rendered":"Sch\u00fcBe-BBS Ergebnisse teilen"},"content":{"rendered":"\n<p>Nach einer Sch\u00fcBe-BBS Befragung k\u00f6nnen alle im System angelegten Lehrkr\u00e4fte die Gesamtergebnisse einsehen und filtern. Die Ergebnisse von einzelnen Klassen stehen nur den Lehrkr\u00e4ften zur Verf\u00fcgung, die von der Administration zugeordnet wurden. Um einen Gespr\u00e4chsanlass in der Bildungsgang-\/Fachgruppe oder im Klassenteam zu initiieren, gibt es die M\u00f6glichkeit, die Ergebnisse mit im System angelegten Personen zu teilen.<\/p>\n\n\n\n<div class=\"wp-block-file\"><a id=\"wp-block-file--media-a56041b4-44b6-4460-ab9a-0d0dee895611\" href=\"https:\/\/wordpress.nibis.de\/portal-interne-evaluation-bbs\/files\/2026\/04\/Kurzanleitng-SchueBe-BBS-teilen.pdf\">Die Kurzanleitung Sch\u00fcBe-BBS teilen zum Download<\/a><\/div>\n\n\n\n<p><strong>Schritt 1:<\/strong> Gehen Sie mit einem Klick auf \u201e\u00e0 Zur Sch\u00fcBe-BBS\u201c.<\/p>\n\n\n<div class=\"wp-block-image\">\n<figure class=\"aligncenter size-full is-resized\"><img loading=\"lazy\" decoding=\"async\" width=\"614\" height=\"588\" src=\"https:\/\/wordpress.nibis.de\/portal-interne-evaluation-bbs\/files\/2026\/04\/E3BAC30F-CEA1-471F-AE02-F7BB2F3CAE58.png\" alt=\"\" class=\"wp-image-957\" style=\"width:400px\" srcset=\"https:\/\/wordpress.nibis.de\/portal-interne-evaluation-bbs\/files\/2026\/04\/E3BAC30F-CEA1-471F-AE02-F7BB2F3CAE58.png 614w, https:\/\/wordpress.nibis.de\/portal-interne-evaluation-bbs\/files\/2026\/04\/E3BAC30F-CEA1-471F-AE02-F7BB2F3CAE58-300x287.png 300w, https:\/\/wordpress.nibis.de\/portal-interne-evaluation-bbs\/files\/2026\/04\/E3BAC30F-CEA1-471F-AE02-F7BB2F3CAE58-100x96.png 100w\" sizes=\"auto, (max-width: 614px) 100vw, 614px\" \/><\/figure>\n<\/div>\n\n\n<p><strong>Schritt 2:<\/strong> W\u00e4hlen Sie eine Sch\u00fcBe-BBS Befragung aus.<\/p>\n\n\n<div class=\"wp-block-image\">\n<figure class=\"aligncenter size-full is-resized\"><img loading=\"lazy\" decoding=\"async\" width=\"625\" height=\"210\" src=\"https:\/\/wordpress.nibis.de\/portal-interne-evaluation-bbs\/files\/2026\/04\/C1982822-0FEB-4F42-BDCA-A8190731EDC3.png\" alt=\"\" class=\"wp-image-959\" style=\"width:450px\" srcset=\"https:\/\/wordpress.nibis.de\/portal-interne-evaluation-bbs\/files\/2026\/04\/C1982822-0FEB-4F42-BDCA-A8190731EDC3.png 625w, https:\/\/wordpress.nibis.de\/portal-interne-evaluation-bbs\/files\/2026\/04\/C1982822-0FEB-4F42-BDCA-A8190731EDC3-300x101.png 300w, https:\/\/wordpress.nibis.de\/portal-interne-evaluation-bbs\/files\/2026\/04\/C1982822-0FEB-4F42-BDCA-A8190731EDC3-100x34.png 100w\" sizes=\"auto, (max-width: 625px) 100vw, 625px\" \/><\/figure>\n<\/div>\n\n\n<p><strong>Schritt 3:<\/strong> Gehen Sie auf den Men\u00fcpunkt \u201eSch\u00fcBe-BBS Ergebnisse teilen\u201c.<\/p>\n\n\n<div class=\"wp-block-image\">\n<figure class=\"aligncenter size-large is-resized\"><img loading=\"lazy\" decoding=\"async\" width=\"1024\" height=\"210\" src=\"https:\/\/wordpress.nibis.de\/portal-interne-evaluation-bbs\/files\/2026\/04\/85A796CA-935B-47AF-B267-BD96040323E7-1024x210.png\" alt=\"\" class=\"wp-image-960\" style=\"width:710px\" srcset=\"https:\/\/wordpress.nibis.de\/portal-interne-evaluation-bbs\/files\/2026\/04\/85A796CA-935B-47AF-B267-BD96040323E7-1024x210.png 1024w, https:\/\/wordpress.nibis.de\/portal-interne-evaluation-bbs\/files\/2026\/04\/85A796CA-935B-47AF-B267-BD96040323E7-300x62.png 300w, https:\/\/wordpress.nibis.de\/portal-interne-evaluation-bbs\/files\/2026\/04\/85A796CA-935B-47AF-B267-BD96040323E7-768x157.png 768w, https:\/\/wordpress.nibis.de\/portal-interne-evaluation-bbs\/files\/2026\/04\/85A796CA-935B-47AF-B267-BD96040323E7-100x21.png 100w, https:\/\/wordpress.nibis.de\/portal-interne-evaluation-bbs\/files\/2026\/04\/85A796CA-935B-47AF-B267-BD96040323E7.png 1156w\" sizes=\"auto, (max-width: 1024px) 100vw, 1024px\" \/><\/figure>\n<\/div>\n\n\n<p><strong>Schritt 4:<\/strong> Sie sehen jetzt eine Liste mit Lerngruppen, die Ihnen zugeordnet worden sind.<\/p>\n\n\n<div class=\"wp-block-image\">\n<figure class=\"aligncenter size-large is-resized\"><img loading=\"lazy\" decoding=\"async\" width=\"1024\" height=\"228\" src=\"https:\/\/wordpress.nibis.de\/portal-interne-evaluation-bbs\/files\/2026\/04\/C003BF03-FD8A-403E-B191-0589558246DB-1024x228.png\" alt=\"\" class=\"wp-image-961\" style=\"width:710px\" srcset=\"https:\/\/wordpress.nibis.de\/portal-interne-evaluation-bbs\/files\/2026\/04\/C003BF03-FD8A-403E-B191-0589558246DB-1024x228.png 1024w, https:\/\/wordpress.nibis.de\/portal-interne-evaluation-bbs\/files\/2026\/04\/C003BF03-FD8A-403E-B191-0589558246DB-300x67.png 300w, https:\/\/wordpress.nibis.de\/portal-interne-evaluation-bbs\/files\/2026\/04\/C003BF03-FD8A-403E-B191-0589558246DB-768x171.png 768w, https:\/\/wordpress.nibis.de\/portal-interne-evaluation-bbs\/files\/2026\/04\/C003BF03-FD8A-403E-B191-0589558246DB-100x22.png 100w, https:\/\/wordpress.nibis.de\/portal-interne-evaluation-bbs\/files\/2026\/04\/C003BF03-FD8A-403E-B191-0589558246DB.png 1336w\" sizes=\"auto, (max-width: 1024px) 100vw, 1024px\" \/><\/figure>\n<\/div>\n\n\n<p><strong>Schritt 6:<\/strong> Im Anschluss werden die ausgew\u00e4hlten Kolleginnen und Kollegen angezeigt. Sollten Sie Kolleginnen und Kollegen wieder entfernen wollen, klicken Sie auf das \u201ex\u201c neben dem Namen.<\/p>\n\n\n<div class=\"wp-block-image\">\n<figure class=\"aligncenter size-large is-resized\"><img loading=\"lazy\" decoding=\"async\" width=\"1024\" height=\"237\" src=\"https:\/\/wordpress.nibis.de\/portal-interne-evaluation-bbs\/files\/2026\/04\/67FE0F39-3358-4F8A-BA3C-A9B4A19CC9B0-1024x237.png\" alt=\"\" class=\"wp-image-962\" style=\"width:710px\" srcset=\"https:\/\/wordpress.nibis.de\/portal-interne-evaluation-bbs\/files\/2026\/04\/67FE0F39-3358-4F8A-BA3C-A9B4A19CC9B0-1024x237.png 1024w, https:\/\/wordpress.nibis.de\/portal-interne-evaluation-bbs\/files\/2026\/04\/67FE0F39-3358-4F8A-BA3C-A9B4A19CC9B0-300x69.png 300w, https:\/\/wordpress.nibis.de\/portal-interne-evaluation-bbs\/files\/2026\/04\/67FE0F39-3358-4F8A-BA3C-A9B4A19CC9B0-768x178.png 768w, https:\/\/wordpress.nibis.de\/portal-interne-evaluation-bbs\/files\/2026\/04\/67FE0F39-3358-4F8A-BA3C-A9B4A19CC9B0-100x23.png 100w, https:\/\/wordpress.nibis.de\/portal-interne-evaluation-bbs\/files\/2026\/04\/67FE0F39-3358-4F8A-BA3C-A9B4A19CC9B0.png 1321w\" sizes=\"auto, (max-width: 1024px) 100vw, 1024px\" \/><\/figure>\n<\/div>\n\n\n<p><strong>Schritt 7:<\/strong> Best\u00e4tigen Sie Ihre Angaben mit einem Klick auf den \u201eSpeichern\u201c Button im unteren Bereich der Seite.<\/p>\n\n\n<div class=\"wp-block-image\">\n<figure class=\"aligncenter size-full\"><img loading=\"lazy\" decoding=\"async\" width=\"213\" height=\"76\" src=\"https:\/\/wordpress.nibis.de\/portal-interne-evaluation-bbs\/files\/2026\/04\/image.png\" alt=\"\" class=\"wp-image-963\" srcset=\"https:\/\/wordpress.nibis.de\/portal-interne-evaluation-bbs\/files\/2026\/04\/image.png 213w, https:\/\/wordpress.nibis.de\/portal-interne-evaluation-bbs\/files\/2026\/04\/image-100x36.png 100w\" sizes=\"auto, (max-width: 213px) 100vw, 213px\" \/><\/figure>\n<\/div>","protected":false},"excerpt":{"rendered":"<p>Nach einer Sch\u00fcBe-BBS Befragung k\u00f6nnen alle im System angelegten Lehrkr\u00e4fte die Gesamtergebnisse einsehen und filtern. Die Ergebnisse von einzelnen Klassen stehen nur den Lehrkr\u00e4ften zur Verf\u00fcgung, die von der Administration zugeordnet wurden. Um einen Gespr\u00e4chsanlass in der Bildungsgang-\/Fachgruppe oder im Klassenteam zu initiieren, gibt es die M\u00f6glichkeit, die Ergebnisse mit im System angelegten Personen zu &hellip; <a href=\"https:\/\/wordpress.nibis.de\/portal-interne-evaluation-bbs\/schuebe-bbs-ergebnisse-teilen\/\" class=\"more-link\"><span class=\"screen-reader-text\">Sch\u00fcBe-BBS Ergebnisse teilen<\/span> weiterlesen <span class=\"meta-nav\">&rarr;<\/span><\/a><\/p>\n","protected":false},"author":9194395,"featured_media":0,"parent":0,"menu_order":0,"comment_status":"closed","ping_status":"closed","template":"","meta":{"footnotes":""},"class_list":["post-954","page","type-page","status-publish","hentry"],"_links":{"self":[{"href":"https:\/\/wordpress.nibis.de\/portal-interne-evaluation-bbs\/wp-json\/wp\/v2\/pages\/954","targetHints":{"allow":["GET"]}}],"collection":[{"href":"https:\/\/wordpress.nibis.de\/portal-interne-evaluation-bbs\/wp-json\/wp\/v2\/pages"}],"about":[{"href":"https:\/\/wordpress.nibis.de\/portal-interne-evaluation-bbs\/wp-json\/wp\/v2\/types\/page"}],"author":[{"embeddable":true,"href":"https:\/\/wordpress.nibis.de\/portal-interne-evaluation-bbs\/wp-json\/wp\/v2\/users\/9194395"}],"replies":[{"embeddable":true,"href":"https:\/\/wordpress.nibis.de\/portal-interne-evaluation-bbs\/wp-json\/wp\/v2\/comments?post=954"}],"version-history":[{"count":5,"href":"https:\/\/wordpress.nibis.de\/portal-interne-evaluation-bbs\/wp-json\/wp\/v2\/pages\/954\/revisions"}],"predecessor-version":[{"id":967,"href":"https:\/\/wordpress.nibis.de\/portal-interne-evaluation-bbs\/wp-json\/wp\/v2\/pages\/954\/revisions\/967"}],"wp:attachment":[{"href":"https:\/\/wordpress.nibis.de\/portal-interne-evaluation-bbs\/wp-json\/wp\/v2\/media?parent=954"}],"curies":[{"name":"wp","href":"https:\/\/api.w.org\/{rel}","templated":true}]}}