{"id":969,"date":"2026-04-01T11:43:30","date_gmt":"2026-04-01T09:43:30","guid":{"rendered":"https:\/\/wordpress.nibis.de\/portal-interne-evaluation-bbs\/?page_id=969"},"modified":"2026-04-01T11:50:03","modified_gmt":"2026-04-01T09:50:03","slug":"sebeisch-bbs-datenuebergabe","status":"publish","type":"page","link":"https:\/\/wordpress.nibis.de\/portal-interne-evaluation-bbs\/sebeisch-bbs-datenuebergabe\/","title":{"rendered":"SebeiSch-BBS Daten\u00fcbergabe"},"content":{"rendered":"\n<p>Im Rahmen von Selbstbewertungen kann es notwendig sein, dass Sie das abgestimmte Ergebnis Ihrer Fach-\/Bildungsgangsgruppe weitergeben m\u00f6chten.<\/p>\n\n\n\n<p>Sie haben mit Ihrer Fach\u2011 bzw. Bildungsgangsgruppe eine Selbstbewertung mit SebeiSch\u2011BBS durchgef\u00fchrt (Beispiel: SB_2025_11_20_BG_Einzelhandel) und sind nun aufgefordert, die abgestimmten Ergebnisse an die bzw. den QM\u2011Beauftragten weiterzugeben. Hierzu wurden Sie zu einer entsprechenden SebeiSch\u2011BBS eingeladen (Beispiel: SB_2026\u201102\u201119_SR_QM).<\/p>\n\n\n\n<p>Sie k\u00f6nnten nun das abgestimmte Ergebnis in das SebeiSch\u2011BBS \u00fcbertragen, damit die bzw. der QM\u2011Beauftragte die Ergebnisse Ihrer Fach\u2011 bzw. Bildungsgangsgruppe erh\u00e4lt und dadurch einen \u00dcberblick \u00fcber die gesamte Schule generieren kann.<\/p>\n\n\n\n<div class=\"wp-block-file\"><a id=\"wp-block-file--media-451a7e3a-2331-40ec-9ce6-725405e8e30c\" href=\"https:\/\/wordpress.nibis.de\/portal-interne-evaluation-bbs\/files\/2026\/04\/Kurzanleitung-SebeiSch-BBS-Datenuebergabe.pdf\">Die Kurzanleitung SebeiSch-BBS Daten\u00fcbergabe zum Download<\/a><\/div>\n\n\n\n<p><strong>Hinweis:<\/strong> Bei der Funktion \u201eDaten\u00fcbergabe\u201c wird nur das abgestimmte Ergebnis der Fach-\/ Bildungsgangsgruppe \u00fcbertragen. Das bedeutet, es werden keine Daten von einzelnen Lehrkr\u00e4ften \u00fcbergeben.<\/p>\n\n\n\n<p><strong>Schritt 1:<\/strong> Gehen Sie auf den Men\u00fcpunkt \u201eSebeiSch-BBS\u201c.<\/p>\n\n\n<div class=\"wp-block-image\">\n<figure class=\"aligncenter size-large is-resized\"><img loading=\"lazy\" decoding=\"async\" width=\"1024\" height=\"272\" src=\"https:\/\/wordpress.nibis.de\/portal-interne-evaluation-bbs\/files\/2026\/04\/24C23E0E-7506-4F76-B13D-03DAF3C59CA8-1024x272.png\" alt=\"\" class=\"wp-image-970\" style=\"width:710px\" srcset=\"https:\/\/wordpress.nibis.de\/portal-interne-evaluation-bbs\/files\/2026\/04\/24C23E0E-7506-4F76-B13D-03DAF3C59CA8-1024x272.png 1024w, https:\/\/wordpress.nibis.de\/portal-interne-evaluation-bbs\/files\/2026\/04\/24C23E0E-7506-4F76-B13D-03DAF3C59CA8-300x80.png 300w, https:\/\/wordpress.nibis.de\/portal-interne-evaluation-bbs\/files\/2026\/04\/24C23E0E-7506-4F76-B13D-03DAF3C59CA8-768x204.png 768w, https:\/\/wordpress.nibis.de\/portal-interne-evaluation-bbs\/files\/2026\/04\/24C23E0E-7506-4F76-B13D-03DAF3C59CA8-100x27.png 100w, https:\/\/wordpress.nibis.de\/portal-interne-evaluation-bbs\/files\/2026\/04\/24C23E0E-7506-4F76-B13D-03DAF3C59CA8.png 1327w\" sizes=\"auto, (max-width: 1024px) 100vw, 1024px\" \/><\/figure>\n<\/div>\n\n\n<p><strong>Schritt 2:<\/strong> Gehen Sie auf den Men\u00fcpunkt \u201eDaten\u00fcbergabe\u201c.<\/p>\n\n\n<div class=\"wp-block-image\">\n<figure class=\"aligncenter size-large is-resized\"><img loading=\"lazy\" decoding=\"async\" width=\"1024\" height=\"261\" src=\"https:\/\/wordpress.nibis.de\/portal-interne-evaluation-bbs\/files\/2026\/04\/D567B918-C0C8-4445-9B5A-B8A8655A7E94-1024x261.png\" alt=\"\" class=\"wp-image-971\" style=\"width:710px\" srcset=\"https:\/\/wordpress.nibis.de\/portal-interne-evaluation-bbs\/files\/2026\/04\/D567B918-C0C8-4445-9B5A-B8A8655A7E94-1024x261.png 1024w, https:\/\/wordpress.nibis.de\/portal-interne-evaluation-bbs\/files\/2026\/04\/D567B918-C0C8-4445-9B5A-B8A8655A7E94-300x77.png 300w, https:\/\/wordpress.nibis.de\/portal-interne-evaluation-bbs\/files\/2026\/04\/D567B918-C0C8-4445-9B5A-B8A8655A7E94-768x196.png 768w, https:\/\/wordpress.nibis.de\/portal-interne-evaluation-bbs\/files\/2026\/04\/D567B918-C0C8-4445-9B5A-B8A8655A7E94-100x26.png 100w, https:\/\/wordpress.nibis.de\/portal-interne-evaluation-bbs\/files\/2026\/04\/D567B918-C0C8-4445-9B5A-B8A8655A7E94.png 1329w\" sizes=\"auto, (max-width: 1024px) 100vw, 1024px\" \/><\/figure>\n<\/div>\n\n\n<p><strong>Schritt 3:<\/strong> W\u00e4hlen Sie die \u201eQuell-SebeiSch-BBS\u201c aus. Die Inhalte aus dieser SebeiSch-BBS sollen in ein andere<s>s<\/s> SebeiSch-BBS \u00fcbertragen werden.<\/p>\n\n\n<div class=\"wp-block-image\">\n<figure class=\"aligncenter size-large is-resized\"><img loading=\"lazy\" decoding=\"async\" width=\"1024\" height=\"189\" src=\"https:\/\/wordpress.nibis.de\/portal-interne-evaluation-bbs\/files\/2026\/04\/38C713BA-4297-4FF9-82F2-30CF1223A9AD-1024x189.png\" alt=\"\" class=\"wp-image-973\" style=\"width:710px\" srcset=\"https:\/\/wordpress.nibis.de\/portal-interne-evaluation-bbs\/files\/2026\/04\/38C713BA-4297-4FF9-82F2-30CF1223A9AD-1024x189.png 1024w, https:\/\/wordpress.nibis.de\/portal-interne-evaluation-bbs\/files\/2026\/04\/38C713BA-4297-4FF9-82F2-30CF1223A9AD-300x55.png 300w, https:\/\/wordpress.nibis.de\/portal-interne-evaluation-bbs\/files\/2026\/04\/38C713BA-4297-4FF9-82F2-30CF1223A9AD-768x142.png 768w, https:\/\/wordpress.nibis.de\/portal-interne-evaluation-bbs\/files\/2026\/04\/38C713BA-4297-4FF9-82F2-30CF1223A9AD-100x18.png 100w, https:\/\/wordpress.nibis.de\/portal-interne-evaluation-bbs\/files\/2026\/04\/38C713BA-4297-4FF9-82F2-30CF1223A9AD.png 1309w\" sizes=\"auto, (max-width: 1024px) 100vw, 1024px\" \/><\/figure>\n<\/div>\n\n\n<p><strong>Schritt 4:<\/strong> W\u00e4hlen Sie die \u201eZiel-SebeiSch-BBS\u201c aus. Hierhin sollen die Inhalte aus der \u201eQuell-SebeiSch-BBS\u201c \u00fcbertragen werden. Beachten Sie, ob die \u201eZiel-SebeiSch-BBS\u201c anonym ist oder nicht. In dem Beispiel ist die Angabe nicht anonym, d. h. der Username wird in dem Ziel-SebeiSch-BBS angezeigt (z. B. Name des Funktionsaccounts \u201eEinzelhandel\u201c).<\/p>\n\n\n<div class=\"wp-block-image\">\n<figure class=\"aligncenter size-large is-resized\"><img loading=\"lazy\" decoding=\"async\" width=\"1024\" height=\"147\" src=\"https:\/\/wordpress.nibis.de\/portal-interne-evaluation-bbs\/files\/2026\/04\/B1FA108E-A5B0-46FF-82D6-8B2DABAB5046-1024x147.png\" alt=\"\" class=\"wp-image-975\" style=\"width:710px\" srcset=\"https:\/\/wordpress.nibis.de\/portal-interne-evaluation-bbs\/files\/2026\/04\/B1FA108E-A5B0-46FF-82D6-8B2DABAB5046-1024x147.png 1024w, https:\/\/wordpress.nibis.de\/portal-interne-evaluation-bbs\/files\/2026\/04\/B1FA108E-A5B0-46FF-82D6-8B2DABAB5046-300x43.png 300w, https:\/\/wordpress.nibis.de\/portal-interne-evaluation-bbs\/files\/2026\/04\/B1FA108E-A5B0-46FF-82D6-8B2DABAB5046-768x110.png 768w, https:\/\/wordpress.nibis.de\/portal-interne-evaluation-bbs\/files\/2026\/04\/B1FA108E-A5B0-46FF-82D6-8B2DABAB5046-100x14.png 100w, https:\/\/wordpress.nibis.de\/portal-interne-evaluation-bbs\/files\/2026\/04\/B1FA108E-A5B0-46FF-82D6-8B2DABAB5046.png 1335w\" sizes=\"auto, (max-width: 1024px) 100vw, 1024px\" \/><\/figure>\n<\/div>\n\n\n<p><strong>Schritt 5:<\/strong> Es erscheint eine \u00dcbersicht \u00fcber die konfigurierten Kernaufgaben in den beiden SebeiSch-BBS. In diesem Beispiel liegen nur Daten zur Kernaufgabe \u201eB1 Unterricht planen\u201c vor. Sie k\u00f6nnen jetzt die Kernaufgaben ausw\u00e4hlen, die Sie \u00fcbergeben wollen.<\/p>\n\n\n<div class=\"wp-block-image\">\n<figure class=\"aligncenter size-large is-resized\"><img loading=\"lazy\" decoding=\"async\" width=\"1024\" height=\"553\" src=\"https:\/\/wordpress.nibis.de\/portal-interne-evaluation-bbs\/files\/2026\/04\/DFD03805-9177-452E-A9E2-D0BDC1045B3D-1024x553.png\" alt=\"\" class=\"wp-image-976\" style=\"width:710px\" srcset=\"https:\/\/wordpress.nibis.de\/portal-interne-evaluation-bbs\/files\/2026\/04\/DFD03805-9177-452E-A9E2-D0BDC1045B3D-1024x553.png 1024w, https:\/\/wordpress.nibis.de\/portal-interne-evaluation-bbs\/files\/2026\/04\/DFD03805-9177-452E-A9E2-D0BDC1045B3D-300x162.png 300w, https:\/\/wordpress.nibis.de\/portal-interne-evaluation-bbs\/files\/2026\/04\/DFD03805-9177-452E-A9E2-D0BDC1045B3D-768x415.png 768w, https:\/\/wordpress.nibis.de\/portal-interne-evaluation-bbs\/files\/2026\/04\/DFD03805-9177-452E-A9E2-D0BDC1045B3D-100x54.png 100w, https:\/\/wordpress.nibis.de\/portal-interne-evaluation-bbs\/files\/2026\/04\/DFD03805-9177-452E-A9E2-D0BDC1045B3D.png 1306w\" sizes=\"auto, (max-width: 1024px) 100vw, 1024px\" \/><\/figure>\n<\/div>\n\n\n<p><strong>Schritt 6: <\/strong>Nachdem Sie die Daten zur \u00dcbergabe ausgew\u00e4hlt haben, gehen Sie auf die Schaltfl\u00e4che \u201eDaten \u00fcbergeben\u201c.<\/p>\n\n\n<div class=\"wp-block-image\">\n<figure class=\"aligncenter size-large is-resized\"><img loading=\"lazy\" decoding=\"async\" width=\"1024\" height=\"531\" src=\"https:\/\/wordpress.nibis.de\/portal-interne-evaluation-bbs\/files\/2026\/04\/CCD12733-B9CC-4633-8BB3-2BBE981768DA-1024x531.png\" alt=\"\" class=\"wp-image-977\" style=\"width:710px\" srcset=\"https:\/\/wordpress.nibis.de\/portal-interne-evaluation-bbs\/files\/2026\/04\/CCD12733-B9CC-4633-8BB3-2BBE981768DA-1024x531.png 1024w, https:\/\/wordpress.nibis.de\/portal-interne-evaluation-bbs\/files\/2026\/04\/CCD12733-B9CC-4633-8BB3-2BBE981768DA-300x156.png 300w, https:\/\/wordpress.nibis.de\/portal-interne-evaluation-bbs\/files\/2026\/04\/CCD12733-B9CC-4633-8BB3-2BBE981768DA-768x398.png 768w, https:\/\/wordpress.nibis.de\/portal-interne-evaluation-bbs\/files\/2026\/04\/CCD12733-B9CC-4633-8BB3-2BBE981768DA-100x52.png 100w, https:\/\/wordpress.nibis.de\/portal-interne-evaluation-bbs\/files\/2026\/04\/CCD12733-B9CC-4633-8BB3-2BBE981768DA.png 1244w\" sizes=\"auto, (max-width: 1024px) 100vw, 1024px\" \/><\/figure>\n<\/div>\n\n\n<p><strong>Schritt 7:<\/strong> Best\u00e4tigen Sie die \u00dcbergabe der Daten mit \u201eJa\u201c.<\/p>\n\n\n<div class=\"wp-block-image\">\n<figure class=\"aligncenter size-full\"><img loading=\"lazy\" decoding=\"async\" width=\"472\" height=\"342\" src=\"https:\/\/wordpress.nibis.de\/portal-interne-evaluation-bbs\/files\/2026\/04\/image-1.png\" alt=\"\" class=\"wp-image-978\" srcset=\"https:\/\/wordpress.nibis.de\/portal-interne-evaluation-bbs\/files\/2026\/04\/image-1.png 472w, https:\/\/wordpress.nibis.de\/portal-interne-evaluation-bbs\/files\/2026\/04\/image-1-300x217.png 300w, https:\/\/wordpress.nibis.de\/portal-interne-evaluation-bbs\/files\/2026\/04\/image-1-100x72.png 100w\" sizes=\"auto, (max-width: 472px) 100vw, 472px\" \/><\/figure>\n<\/div>\n\n\n<p>Daraufhin wird das abgestimmte Ergebnis \u00fcbertragen. Sollten Sie das SebeiSch-BBS mit anderen Kolleginnen und Kollegen bearbeitet haben, werden deren Eintr\u00e4ge nicht \u00fcbertragen.<\/p>\n","protected":false},"excerpt":{"rendered":"<p>Im Rahmen von Selbstbewertungen kann es notwendig sein, dass Sie das abgestimmte Ergebnis Ihrer Fach-\/Bildungsgangsgruppe weitergeben m\u00f6chten. Sie haben mit Ihrer Fach\u2011 bzw. Bildungsgangsgruppe eine Selbstbewertung mit SebeiSch\u2011BBS durchgef\u00fchrt (Beispiel: SB_2025_11_20_BG_Einzelhandel) und sind nun aufgefordert, die abgestimmten Ergebnisse an die bzw. den QM\u2011Beauftragten weiterzugeben. Hierzu wurden Sie zu einer entsprechenden SebeiSch\u2011BBS eingeladen (Beispiel: SB_2026\u201102\u201119_SR_QM). Sie &hellip; <a href=\"https:\/\/wordpress.nibis.de\/portal-interne-evaluation-bbs\/sebeisch-bbs-datenuebergabe\/\" class=\"more-link\"><span class=\"screen-reader-text\">SebeiSch-BBS Daten\u00fcbergabe<\/span> weiterlesen <span class=\"meta-nav\">&rarr;<\/span><\/a><\/p>\n","protected":false},"author":9194395,"featured_media":0,"parent":0,"menu_order":0,"comment_status":"closed","ping_status":"closed","template":"","meta":{"footnotes":""},"class_list":["post-969","page","type-page","status-publish","hentry"],"_links":{"self":[{"href":"https:\/\/wordpress.nibis.de\/portal-interne-evaluation-bbs\/wp-json\/wp\/v2\/pages\/969","targetHints":{"allow":["GET"]}}],"collection":[{"href":"https:\/\/wordpress.nibis.de\/portal-interne-evaluation-bbs\/wp-json\/wp\/v2\/pages"}],"about":[{"href":"https:\/\/wordpress.nibis.de\/portal-interne-evaluation-bbs\/wp-json\/wp\/v2\/types\/page"}],"author":[{"embeddable":true,"href":"https:\/\/wordpress.nibis.de\/portal-interne-evaluation-bbs\/wp-json\/wp\/v2\/users\/9194395"}],"replies":[{"embeddable":true,"href":"https:\/\/wordpress.nibis.de\/portal-interne-evaluation-bbs\/wp-json\/wp\/v2\/comments?post=969"}],"version-history":[{"count":3,"href":"https:\/\/wordpress.nibis.de\/portal-interne-evaluation-bbs\/wp-json\/wp\/v2\/pages\/969\/revisions"}],"predecessor-version":[{"id":983,"href":"https:\/\/wordpress.nibis.de\/portal-interne-evaluation-bbs\/wp-json\/wp\/v2\/pages\/969\/revisions\/983"}],"wp:attachment":[{"href":"https:\/\/wordpress.nibis.de\/portal-interne-evaluation-bbs\/wp-json\/wp\/v2\/media?parent=969"}],"curies":[{"name":"wp","href":"https:\/\/api.w.org\/{rel}","templated":true}]}}