{"id":984,"date":"2026-04-01T13:22:31","date_gmt":"2026-04-01T11:22:31","guid":{"rendered":"https:\/\/wordpress.nibis.de\/portal-interne-evaluation-bbs\/?page_id=984"},"modified":"2026-04-01T13:27:03","modified_gmt":"2026-04-01T11:27:03","slug":"ub-bbs-ub-bbs-verwalten","status":"publish","type":"page","link":"https:\/\/wordpress.nibis.de\/portal-interne-evaluation-bbs\/ub-bbs-ub-bbs-verwalten\/","title":{"rendered":"UB-BBS UB-BBS verwalten"},"content":{"rendered":"\n<p>Sie k\u00f6nnen im Rahmen der Nutzung der UB-BBS Ihre angelegten\/durchgef\u00fchrten Unterrichtsbeobachtungen verwalten, d. h. Sie k\u00f6nnen eine UB-BBS anlegen, \u00e4ndern und l\u00f6schen.<\/p>\n\n\n\n<div class=\"wp-block-file\"><a id=\"wp-block-file--media-a00a41a2-d4dd-44d0-bb6b-2165390377f3\" href=\"https:\/\/wordpress.nibis.de\/portal-interne-evaluation-bbs\/files\/2026\/04\/Kurzanleitng-UB-BBS-Verwalten.pdf\">Die Kurzanleitung UB-BBS Verwalten zum Download<\/a><\/div>\n\n\n\n<p><strong>Schritt 1:<\/strong> Um die UB-BBS zu verwalten, gehen Sie auf \u201eZur UB-BBS\u201c.<\/p>\n\n\n<div class=\"wp-block-image\">\n<figure class=\"aligncenter size-full is-resized\"><img loading=\"lazy\" decoding=\"async\" width=\"643\" height=\"723\" src=\"https:\/\/wordpress.nibis.de\/portal-interne-evaluation-bbs\/files\/2026\/04\/image-2.png\" alt=\"\" class=\"wp-image-985\" style=\"width:400px\" srcset=\"https:\/\/wordpress.nibis.de\/portal-interne-evaluation-bbs\/files\/2026\/04\/image-2.png 643w, https:\/\/wordpress.nibis.de\/portal-interne-evaluation-bbs\/files\/2026\/04\/image-2-267x300.png 267w, https:\/\/wordpress.nibis.de\/portal-interne-evaluation-bbs\/files\/2026\/04\/image-2-100x112.png 100w\" sizes=\"auto, (max-width: 643px) 100vw, 643px\" \/><\/figure>\n<\/div>\n\n\n<p><strong>Schritt 2:<\/strong> Sie haben jetzt eine \u00dcbersicht \u00fcber die von Ihnen angelegten UB-BBS auf der rechten Seite.<\/p>\n\n\n<div class=\"wp-block-image\">\n<figure class=\"aligncenter size-full is-resized\"><img loading=\"lazy\" decoding=\"async\" width=\"886\" height=\"194\" src=\"https:\/\/wordpress.nibis.de\/portal-interne-evaluation-bbs\/files\/2026\/04\/image-3.png\" alt=\"\" class=\"wp-image-987\" style=\"width:710px\" srcset=\"https:\/\/wordpress.nibis.de\/portal-interne-evaluation-bbs\/files\/2026\/04\/image-3.png 886w, https:\/\/wordpress.nibis.de\/portal-interne-evaluation-bbs\/files\/2026\/04\/image-3-300x66.png 300w, https:\/\/wordpress.nibis.de\/portal-interne-evaluation-bbs\/files\/2026\/04\/image-3-768x168.png 768w, https:\/\/wordpress.nibis.de\/portal-interne-evaluation-bbs\/files\/2026\/04\/image-3-100x22.png 100w\" sizes=\"auto, (max-width: 886px) 100vw, 886px\" \/><\/figure>\n<\/div>\n\n\n<p><strong>Schritt 3:<\/strong> Mit der \u00dcbersicht k\u00f6nnen Sie neue UB-BBS anlegen (\u201e+ UB-BBS erstellen\u201c; Anleitung unter <a href=\"https:\/\/wordpress.nibis.de\/portal-interne-evaluation-bbs\/\">https:\/\/wordpress.nibis.de\/portal-interne-evaluation-bbs\/<\/a> UB-BBS).<\/p>\n\n\n\n<p>Wenn Sie eine UB-BBS bearbeiten m\u00f6chten (z. B. den Namen \u00e4ndern), dann gehen Sie hierzu auf das Symbol mit dem \u201eStift\u201c.<\/p>\n\n\n\n<p>Um einen UB-BBS zu l\u00f6schen gehen Sie auf das Symbol mit dem \u201eM\u00fclleimer\u201c.<\/p>\n\n\n<div class=\"wp-block-image\">\n<figure class=\"aligncenter size-large is-resized\"><img loading=\"lazy\" decoding=\"async\" width=\"1024\" height=\"246\" src=\"https:\/\/wordpress.nibis.de\/portal-interne-evaluation-bbs\/files\/2026\/04\/64B98B6A-59C3-4356-B926-A069EC3A4469-1024x246.png\" alt=\"\" class=\"wp-image-989\" style=\"width:710px\" srcset=\"https:\/\/wordpress.nibis.de\/portal-interne-evaluation-bbs\/files\/2026\/04\/64B98B6A-59C3-4356-B926-A069EC3A4469-1024x246.png 1024w, https:\/\/wordpress.nibis.de\/portal-interne-evaluation-bbs\/files\/2026\/04\/64B98B6A-59C3-4356-B926-A069EC3A4469-300x72.png 300w, https:\/\/wordpress.nibis.de\/portal-interne-evaluation-bbs\/files\/2026\/04\/64B98B6A-59C3-4356-B926-A069EC3A4469-768x184.png 768w, https:\/\/wordpress.nibis.de\/portal-interne-evaluation-bbs\/files\/2026\/04\/64B98B6A-59C3-4356-B926-A069EC3A4469-100x24.png 100w, https:\/\/wordpress.nibis.de\/portal-interne-evaluation-bbs\/files\/2026\/04\/64B98B6A-59C3-4356-B926-A069EC3A4469.png 1483w\" sizes=\"auto, (max-width: 1024px) 100vw, 1024px\" \/><\/figure>\n<\/div>","protected":false},"excerpt":{"rendered":"<p>Sie k\u00f6nnen im Rahmen der Nutzung der UB-BBS Ihre angelegten\/durchgef\u00fchrten Unterrichtsbeobachtungen verwalten, d. h. Sie k\u00f6nnen eine UB-BBS anlegen, \u00e4ndern und l\u00f6schen. Schritt 1: Um die UB-BBS zu verwalten, gehen Sie auf \u201eZur UB-BBS\u201c. Schritt 2: Sie haben jetzt eine \u00dcbersicht \u00fcber die von Ihnen angelegten UB-BBS auf der rechten Seite. Schritt 3: Mit der &hellip; <a href=\"https:\/\/wordpress.nibis.de\/portal-interne-evaluation-bbs\/ub-bbs-ub-bbs-verwalten\/\" class=\"more-link\"><span class=\"screen-reader-text\">UB-BBS UB-BBS verwalten<\/span> weiterlesen <span class=\"meta-nav\">&rarr;<\/span><\/a><\/p>\n","protected":false},"author":9194395,"featured_media":0,"parent":0,"menu_order":0,"comment_status":"closed","ping_status":"closed","template":"","meta":{"footnotes":""},"class_list":["post-984","page","type-page","status-publish","hentry"],"_links":{"self":[{"href":"https:\/\/wordpress.nibis.de\/portal-interne-evaluation-bbs\/wp-json\/wp\/v2\/pages\/984","targetHints":{"allow":["GET"]}}],"collection":[{"href":"https:\/\/wordpress.nibis.de\/portal-interne-evaluation-bbs\/wp-json\/wp\/v2\/pages"}],"about":[{"href":"https:\/\/wordpress.nibis.de\/portal-interne-evaluation-bbs\/wp-json\/wp\/v2\/types\/page"}],"author":[{"embeddable":true,"href":"https:\/\/wordpress.nibis.de\/portal-interne-evaluation-bbs\/wp-json\/wp\/v2\/users\/9194395"}],"replies":[{"embeddable":true,"href":"https:\/\/wordpress.nibis.de\/portal-interne-evaluation-bbs\/wp-json\/wp\/v2\/comments?post=984"}],"version-history":[{"count":4,"href":"https:\/\/wordpress.nibis.de\/portal-interne-evaluation-bbs\/wp-json\/wp\/v2\/pages\/984\/revisions"}],"predecessor-version":[{"id":992,"href":"https:\/\/wordpress.nibis.de\/portal-interne-evaluation-bbs\/wp-json\/wp\/v2\/pages\/984\/revisions\/992"}],"wp:attachment":[{"href":"https:\/\/wordpress.nibis.de\/portal-interne-evaluation-bbs\/wp-json\/wp\/v2\/media?parent=984"}],"curies":[{"name":"wp","href":"https:\/\/api.w.org\/{rel}","templated":true}]}}