{"id":994,"date":"2026-04-01T13:40:14","date_gmt":"2026-04-01T11:40:14","guid":{"rendered":"https:\/\/wordpress.nibis.de\/portal-interne-evaluation-bbs\/?page_id=994"},"modified":"2026-04-02T07:25:11","modified_gmt":"2026-04-02T05:25:11","slug":"ub-bbs-ub-bbs-auswerten","status":"publish","type":"page","link":"https:\/\/wordpress.nibis.de\/portal-interne-evaluation-bbs\/ub-bbs-ub-bbs-auswerten\/","title":{"rendered":"UB-BBS UB-BBS auswerten"},"content":{"rendered":"\n<p>Sie haben nach einer durchgef\u00fchrten Unterrichtsbeobachtung unterschiedliche M\u00f6glichkeiten, die Auswertung zu gestalten. Damit ist es Ihnen und Ihren Kolleginnen und Kollegen m\u00f6glich, die Gespr\u00e4chsanl\u00e4sse individuell zu gestalten.<\/p>\n\n\n\n<div class=\"wp-block-file\"><a id=\"wp-block-file--media-60f93e67-5567-4f21-a936-2c17d8f5ebc6\" href=\"https:\/\/wordpress.nibis.de\/portal-interne-evaluation-bbs\/files\/2026\/04\/Kurzanleitung-UB-BBS-auswerten.pdf\">Die Kurzanleitung UB-BBS auswerten zum Download<\/a><\/div>\n\n\n\n<p><strong>Schritt 1:<\/strong> Um die UB-BBS zu verwalten, gehen Sie auf \u201eZur UB-BBS\u201c.<\/p>\n\n\n<div class=\"wp-block-image\">\n<figure class=\"aligncenter size-full is-resized\"><img loading=\"lazy\" decoding=\"async\" width=\"642\" height=\"731\" src=\"https:\/\/wordpress.nibis.de\/portal-interne-evaluation-bbs\/files\/2026\/04\/12D1D502-5543-438B-9B97-F1DBF26843C3.png\" alt=\"\" class=\"wp-image-998\" style=\"width:400px\" srcset=\"https:\/\/wordpress.nibis.de\/portal-interne-evaluation-bbs\/files\/2026\/04\/12D1D502-5543-438B-9B97-F1DBF26843C3.png 642w, https:\/\/wordpress.nibis.de\/portal-interne-evaluation-bbs\/files\/2026\/04\/12D1D502-5543-438B-9B97-F1DBF26843C3-263x300.png 263w, https:\/\/wordpress.nibis.de\/portal-interne-evaluation-bbs\/files\/2026\/04\/12D1D502-5543-438B-9B97-F1DBF26843C3-100x114.png 100w\" sizes=\"auto, (max-width: 642px) 100vw, 642px\" \/><\/figure>\n<\/div>\n\n\n<p><strong>Schritt 2:<\/strong> Gehen Sie auf den Men\u00fcpunkt \u201eUB-BBS auswerten\u201c.<\/p>\n\n\n<div class=\"wp-block-image\">\n<figure class=\"aligncenter size-large is-resized\"><img loading=\"lazy\" decoding=\"async\" width=\"1024\" height=\"218\" src=\"https:\/\/wordpress.nibis.de\/portal-interne-evaluation-bbs\/files\/2026\/04\/882040A8-3445-4376-85BF-CA3AB492697F-1024x218.png\" alt=\"\" class=\"wp-image-999\" style=\"width:710px\" srcset=\"https:\/\/wordpress.nibis.de\/portal-interne-evaluation-bbs\/files\/2026\/04\/882040A8-3445-4376-85BF-CA3AB492697F-1024x218.png 1024w, https:\/\/wordpress.nibis.de\/portal-interne-evaluation-bbs\/files\/2026\/04\/882040A8-3445-4376-85BF-CA3AB492697F-300x64.png 300w, https:\/\/wordpress.nibis.de\/portal-interne-evaluation-bbs\/files\/2026\/04\/882040A8-3445-4376-85BF-CA3AB492697F-768x164.png 768w, https:\/\/wordpress.nibis.de\/portal-interne-evaluation-bbs\/files\/2026\/04\/882040A8-3445-4376-85BF-CA3AB492697F-100x21.png 100w, https:\/\/wordpress.nibis.de\/portal-interne-evaluation-bbs\/files\/2026\/04\/882040A8-3445-4376-85BF-CA3AB492697F-1536x328.png 1536w, https:\/\/wordpress.nibis.de\/portal-interne-evaluation-bbs\/files\/2026\/04\/882040A8-3445-4376-85BF-CA3AB492697F.png 1575w\" sizes=\"auto, (max-width: 1024px) 100vw, 1024px\" \/><\/figure>\n<\/div>\n\n\n<p><strong>Schritt 3:<\/strong> Auf der rechten Seite ist jetzt die Auswahl f\u00fcr die UB-BBS sichtbar.<\/p>\n\n\n<div class=\"wp-block-image\">\n<figure class=\"aligncenter size-large is-resized\"><img loading=\"lazy\" decoding=\"async\" width=\"1024\" height=\"186\" src=\"https:\/\/wordpress.nibis.de\/portal-interne-evaluation-bbs\/files\/2026\/04\/F2883F53-ECC9-4353-86E1-B24C464107AF-1024x186.png\" alt=\"\" class=\"wp-image-1001\" style=\"width:710px\" srcset=\"https:\/\/wordpress.nibis.de\/portal-interne-evaluation-bbs\/files\/2026\/04\/F2883F53-ECC9-4353-86E1-B24C464107AF-1024x186.png 1024w, https:\/\/wordpress.nibis.de\/portal-interne-evaluation-bbs\/files\/2026\/04\/F2883F53-ECC9-4353-86E1-B24C464107AF-300x55.png 300w, https:\/\/wordpress.nibis.de\/portal-interne-evaluation-bbs\/files\/2026\/04\/F2883F53-ECC9-4353-86E1-B24C464107AF-768x140.png 768w, https:\/\/wordpress.nibis.de\/portal-interne-evaluation-bbs\/files\/2026\/04\/F2883F53-ECC9-4353-86E1-B24C464107AF-100x18.png 100w, https:\/\/wordpress.nibis.de\/portal-interne-evaluation-bbs\/files\/2026\/04\/F2883F53-ECC9-4353-86E1-B24C464107AF-1536x280.png 1536w, https:\/\/wordpress.nibis.de\/portal-interne-evaluation-bbs\/files\/2026\/04\/F2883F53-ECC9-4353-86E1-B24C464107AF.png 1576w\" sizes=\"auto, (max-width: 1024px) 100vw, 1024px\" \/><\/figure>\n<\/div>\n\n\n<p><strong>Schritt 4:<\/strong> W\u00e4hlen Sie jetzt die gew\u00fcnschte Unterrichtsbeobachtung aus.<\/p>\n\n\n<div class=\"wp-block-image\">\n<figure class=\"aligncenter size-large is-resized\"><img loading=\"lazy\" decoding=\"async\" width=\"1024\" height=\"278\" src=\"https:\/\/wordpress.nibis.de\/portal-interne-evaluation-bbs\/files\/2026\/04\/image-4-1024x278.png\" alt=\"\" class=\"wp-image-1003\" style=\"width:710px\" srcset=\"https:\/\/wordpress.nibis.de\/portal-interne-evaluation-bbs\/files\/2026\/04\/image-4-1024x278.png 1024w, https:\/\/wordpress.nibis.de\/portal-interne-evaluation-bbs\/files\/2026\/04\/image-4-300x81.png 300w, https:\/\/wordpress.nibis.de\/portal-interne-evaluation-bbs\/files\/2026\/04\/image-4-768x208.png 768w, https:\/\/wordpress.nibis.de\/portal-interne-evaluation-bbs\/files\/2026\/04\/image-4-100x27.png 100w, https:\/\/wordpress.nibis.de\/portal-interne-evaluation-bbs\/files\/2026\/04\/image-4-1536x416.png 1536w, https:\/\/wordpress.nibis.de\/portal-interne-evaluation-bbs\/files\/2026\/04\/image-4.png 1586w\" sizes=\"auto, (max-width: 1024px) 100vw, 1024px\" \/><\/figure>\n<\/div>\n\n\n<p><strong>Schritt 5:<\/strong> Auf der rechten Seite werden jetzt die Bereiche der UB-BBS sichtbar.<\/p>\n\n\n<div class=\"wp-block-image\">\n<figure class=\"aligncenter size-large is-resized\"><img loading=\"lazy\" decoding=\"async\" width=\"1024\" height=\"322\" src=\"https:\/\/wordpress.nibis.de\/portal-interne-evaluation-bbs\/files\/2026\/04\/203DE0EA-70E4-4C22-886C-C856BAFCCCB3-1024x322.png\" alt=\"\" class=\"wp-image-1005\" style=\"width:710px\" srcset=\"https:\/\/wordpress.nibis.de\/portal-interne-evaluation-bbs\/files\/2026\/04\/203DE0EA-70E4-4C22-886C-C856BAFCCCB3-1024x322.png 1024w, https:\/\/wordpress.nibis.de\/portal-interne-evaluation-bbs\/files\/2026\/04\/203DE0EA-70E4-4C22-886C-C856BAFCCCB3-300x94.png 300w, https:\/\/wordpress.nibis.de\/portal-interne-evaluation-bbs\/files\/2026\/04\/203DE0EA-70E4-4C22-886C-C856BAFCCCB3-768x242.png 768w, https:\/\/wordpress.nibis.de\/portal-interne-evaluation-bbs\/files\/2026\/04\/203DE0EA-70E4-4C22-886C-C856BAFCCCB3-100x31.png 100w, https:\/\/wordpress.nibis.de\/portal-interne-evaluation-bbs\/files\/2026\/04\/203DE0EA-70E4-4C22-886C-C856BAFCCCB3-1536x484.png 1536w, https:\/\/wordpress.nibis.de\/portal-interne-evaluation-bbs\/files\/2026\/04\/203DE0EA-70E4-4C22-886C-C856BAFCCCB3.png 1575w\" sizes=\"auto, (max-width: 1024px) 100vw, 1024px\" \/><\/figure>\n<\/div>\n\n\n<p><strong>Schritt 6:<\/strong> Mit einem Klick auf den jeweiligen Bereich (z. B. Lernprozesse \u2013 Lehrkraft) werden die einzelnen Merkmale angezeigt. In diesem Beispiel wurden im Rahmen der Beobachtung zwei Eintragungen vorgenommen.<\/p>\n\n\n<div class=\"wp-block-image\">\n<figure class=\"aligncenter size-large is-resized\"><img loading=\"lazy\" decoding=\"async\" width=\"1024\" height=\"722\" src=\"https:\/\/wordpress.nibis.de\/portal-interne-evaluation-bbs\/files\/2026\/04\/image-5-1024x722.png\" alt=\"\" class=\"wp-image-1008\" style=\"width:710px\" srcset=\"https:\/\/wordpress.nibis.de\/portal-interne-evaluation-bbs\/files\/2026\/04\/image-5-1024x722.png 1024w, https:\/\/wordpress.nibis.de\/portal-interne-evaluation-bbs\/files\/2026\/04\/image-5-300x212.png 300w, https:\/\/wordpress.nibis.de\/portal-interne-evaluation-bbs\/files\/2026\/04\/image-5-768x542.png 768w, https:\/\/wordpress.nibis.de\/portal-interne-evaluation-bbs\/files\/2026\/04\/image-5-100x71.png 100w, https:\/\/wordpress.nibis.de\/portal-interne-evaluation-bbs\/files\/2026\/04\/image-5.png 1028w\" sizes=\"auto, (max-width: 1024px) 100vw, 1024px\" \/><\/figure>\n<\/div>","protected":false},"excerpt":{"rendered":"<p>Sie haben nach einer durchgef\u00fchrten Unterrichtsbeobachtung unterschiedliche M\u00f6glichkeiten, die Auswertung zu gestalten. Damit ist es Ihnen und Ihren Kolleginnen und Kollegen m\u00f6glich, die Gespr\u00e4chsanl\u00e4sse individuell zu gestalten. Schritt 1: Um die UB-BBS zu verwalten, gehen Sie auf \u201eZur UB-BBS\u201c. Schritt 2: Gehen Sie auf den Men\u00fcpunkt \u201eUB-BBS auswerten\u201c. Schritt 3: Auf der rechten Seite ist &hellip; <a href=\"https:\/\/wordpress.nibis.de\/portal-interne-evaluation-bbs\/ub-bbs-ub-bbs-auswerten\/\" class=\"more-link\"><span class=\"screen-reader-text\">UB-BBS UB-BBS auswerten<\/span> weiterlesen <span class=\"meta-nav\">&rarr;<\/span><\/a><\/p>\n","protected":false},"author":9194395,"featured_media":0,"parent":0,"menu_order":0,"comment_status":"closed","ping_status":"closed","template":"","meta":{"footnotes":""},"class_list":["post-994","page","type-page","status-publish","hentry"],"_links":{"self":[{"href":"https:\/\/wordpress.nibis.de\/portal-interne-evaluation-bbs\/wp-json\/wp\/v2\/pages\/994","targetHints":{"allow":["GET"]}}],"collection":[{"href":"https:\/\/wordpress.nibis.de\/portal-interne-evaluation-bbs\/wp-json\/wp\/v2\/pages"}],"about":[{"href":"https:\/\/wordpress.nibis.de\/portal-interne-evaluation-bbs\/wp-json\/wp\/v2\/types\/page"}],"author":[{"embeddable":true,"href":"https:\/\/wordpress.nibis.de\/portal-interne-evaluation-bbs\/wp-json\/wp\/v2\/users\/9194395"}],"replies":[{"embeddable":true,"href":"https:\/\/wordpress.nibis.de\/portal-interne-evaluation-bbs\/wp-json\/wp\/v2\/comments?post=994"}],"version-history":[{"count":8,"href":"https:\/\/wordpress.nibis.de\/portal-interne-evaluation-bbs\/wp-json\/wp\/v2\/pages\/994\/revisions"}],"predecessor-version":[{"id":1011,"href":"https:\/\/wordpress.nibis.de\/portal-interne-evaluation-bbs\/wp-json\/wp\/v2\/pages\/994\/revisions\/1011"}],"wp:attachment":[{"href":"https:\/\/wordpress.nibis.de\/portal-interne-evaluation-bbs\/wp-json\/wp\/v2\/media?parent=994"}],"curies":[{"name":"wp","href":"https:\/\/api.w.org\/{rel}","templated":true}]}}