{"id":15,"date":"2022-11-24T14:03:23","date_gmt":"2022-11-24T13:03:23","guid":{"rendered":"https:\/\/wordpress.nibis.de\/regenbogen-blog\/?page_id=15"},"modified":"2022-11-24T14:03:23","modified_gmt":"2022-11-24T13:03:23","slug":"kontakt","status":"publish","type":"page","link":"https:\/\/wordpress.nibis.de\/regenbogen-blog\/kontakt\/","title":{"rendered":"Kontakt"},"content":{"rendered":"\n<div class=\"wp-block-image\"><figure class=\"alignright\"><img decoding=\"async\" src=\"http:\/\/wordpress.nibis.de\/gsschmedwolt\/files\/2018\/08\/Konatkt.png\" alt=\"\" class=\"wp-image-748\" \/><\/figure><\/div>\n\n\n\n<p><strong>Wichtige Kontaktadressen<\/strong><\/p>\n\n\n\n<p><strong>Schulleiterin<\/strong>: Andrea Eisenhardt<\/p>\n\n\n\n<p><a href=\"ma&#105;&#108;&#116;&#x6f;&#x3a;&#x61;&#x6e;&#x64;re&#97;&#46;&#101;&#x69;&#x73;&#x65;&#x6e;&#x68;ar&#100;&#116;&#64;&#x73;&#x74;&#x61;&#x64;&#x74;-p&#101;&#105;&#110;&#x65;&#x2e;&#x64;&#x65;\">andrea.eisenhardt(at)stadt-peine.de<\/a><\/p>\n\n\n\n<p>05171-499621<\/p>\n\n\n\n<p><strong>Sekret\u00e4rin<\/strong>: Jennifer Wachsmann<\/p>\n\n\n\n<p><a href=\"&#x6d;a&#x69;&#108;&#x74;&#111;:&#x67;&#115;&#x2d;&#115;c&#x68;&#109;&#x65;&#100;e&#x6e;s&#x74;&#101;&#x64;&#x74;-&#x77;&#111;&#x6c;&#116;o&#x72;&#102;&#x40;&#115;t&#x61;d&#x74;&#45;p&#x65;i&#x6e;&#101;&#x2e;&#100;e\">gs-schmedenstedt-woltorf(at)stadt-peine.de<\/a><\/p>\n\n\n\n<p>05171-499621<\/p>\n\n\n\n<p>Fax: 05171-497023<\/p>\n\n\n\n<p><strong>Hausmeister<\/strong>: Frank Walter<\/p>\n\n\n\n<p>0163-4920006<\/p>\n\n\n\n<p><strong>Sekretariat<u><\/u><\/strong><\/p>\n\n\n\n<p>Unsere Schulsekret\u00e4rin Frau Wachsmann ist im Sekretariat in&nbsp;<strong>Schmedenstedt<\/strong>&nbsp;jeden Tag zu erreichen. Das Sekretariat ist t\u00e4glich drei Stunden von 10.30-13.00 besetzt.<\/p>\n\n\n\n<p>Der&nbsp;<strong>E-Mail<\/strong>&nbsp;Account wird t\u00e4glich mehrmals gecheckt.<\/p>\n\n\n\n<p>Das&nbsp;<strong>Telefon<\/strong>&nbsp;ist w\u00e4hrend der Sekretariatszeiten besetzt. Nachrichten k\u00f6nnen Sie gerne auf dem Anrufbeantworter hinterlassen.<\/p>\n\n\n\n<p>Bitte beachten Sie, dass es im Standort&nbsp;<strong>Woltorf kein eigenes Sekretariat<\/strong>&nbsp;gibt und dass das Telefon dort nur w\u00e4hrend der Pausen sowie kurz vor bzw. nach dem Unterricht besetzt ist.<\/p>\n\n\n\n<p><a href=\"http:\/\/wordpress.nibis.de\/gsschmedwolt\/organisation\/sekretariat\/\">&gt; Mehr zum Sekretariat<\/a><\/p>\n\n\n\n<p><strong>Schulsozialarbeiter<\/strong><\/p>\n\n\n\n<p><strong>Lena Ackerbauer<\/strong><br>(Erzieherin\/ Syst. Familientherapeutin)<\/p>\n\n\n\n<p>Kontaktdaten:<br>E-Mail: lena.ackerbauer(at)schule-unterm-regenbogen.net<br>Telefon: 0162-1068115<\/p>\n\n\n\n<p>Sprechzeiten:<br>Montag, Mittwoch 11:00-15:30 Uhr Dienstag, Donnerstag, Freitag 8:30-13:00 Uhr<\/p>\n\n\n\n<p>Gespr\u00e4che&nbsp;zu anderen Uhrzeiten oder Hausbesuche sind nach Absprache m\u00f6glich.<br>Unser B\u00fcro finden Sie in Schmedenstedt im Verwaltungstrakt im 2. OG.<\/p>\n\n\n\n<p><strong>Florian Kauschke<\/strong><br>(Dipl. Sozialp\u00e4dagoge\/ Sozialarbeiter)<\/p>\n\n\n\n<p>Kontaktdaten:<br>E-Mail: florian.kauschke(at)schule-unterm-regenbogen.net<br>&#x66;&#108;o&#x72;&#x69;&#97;n&#x2e;&#x6b;&#97;u&#x73;&#99;h&#x6b;&#x65;&#64;s&#x74;&#x61;&#100;t&#x2d;&#112;&#101;&#x69;&#x6e;&#101;&#46;&#x64;&#x65;<br>Telefon: 0163-4920082<\/p>\n\n\n\n<p>Sprechzeiten:<br>Dienstag und Donnerstag, jeden zweiten Freitag (gerade KW)&nbsp;7:30 und 16:00 Uhr<\/p>\n\n\n\n<p>Gespr\u00e4che&nbsp;zu anderen Uhrzeiten oder Hausbesuche sind nach Absprache m\u00f6glich.<br>Unser B\u00fcro finden Sie in Schmedenstedt im Verwaltungstrakt im 2. OG.<\/p>\n\n\n\n<p><a href=\"https:\/\/wordpress.nibis.de\/gsschmedwolt\/schulsozialarbeit\/\">&gt; Mehr zur Schulsozialarbeit<\/a><\/p>\n\n\n\n<p><strong>So finden Sie uns<\/strong><\/p>\n\n\n\n<div class=\"wp-block-image\"><figure class=\"alignright\"><img decoding=\"async\" src=\"http:\/\/wordpress.nibis.de\/gsschmedwolt\/files\/2018\/05\/schme.png\" alt=\"\" class=\"wp-image-230\" \/><\/figure><\/div>\n\n\n\n<p>Grundschule Schmedenstedt<\/p>\n\n\n\n<p>Smiedestidde 19<\/p>\n\n\n\n<p>31226 Peine<\/p>\n\n\n\n<p>Tel.: 05171\/499621<\/p>\n\n\n\n<p>Fax: 05171\/497023<\/p>\n\n\n\n<p><\/p>\n\n\n\n<p><\/p>\n\n\n\n<p><\/p>\n\n\n\n<p><\/p>\n\n\n\n<p><\/p>\n\n\n\n<div class=\"wp-block-image\"><figure class=\"alignright\"><img decoding=\"async\" src=\"http:\/\/wordpress.nibis.de\/gsschmedwolt\/files\/2018\/05\/wo.png\" alt=\"\" class=\"wp-image-231\" \/><\/figure><\/div>\n\n\n\n<p>Grundschule Woltorf<\/p>\n\n\n\n<p>Schulstr.1<\/p>\n\n\n\n<p>31224 Peine<\/p>\n","protected":false},"excerpt":{"rendered":"<p>Wichtige Kontaktadressen Schulleiterin: Andrea Eisenhardt andrea.eisenhardt(at)stadt-peine.de 05171-499621 Sekret\u00e4rin: Jennifer Wachsmann gs-schmedenstedt-woltorf(at)stadt-peine.de 05171-499621 Fax: 05171-497023 Hausmeister: Frank Walter 0163-4920006 Sekretariat Unsere Schulsekret\u00e4rin Frau Wachsmann ist im Sekretariat in&nbsp;Schmedenstedt&nbsp;jeden Tag zu erreichen. Das Sekretariat ist t\u00e4glich drei Stunden von 10.30-13.00 besetzt. Der&nbsp;E-Mail&nbsp;Account&#8230; <a class=\"more-link\" href=\"https:\/\/wordpress.nibis.de\/regenbogen-blog\/kontakt\/\">Weiterlesen &rarr;<\/a><\/p>\n","protected":false},"author":9194075,"featured_media":0,"parent":0,"menu_order":0,"comment_status":"closed","ping_status":"closed","template":"","meta":{"footnotes":""},"class_list":["post-15","page","type-page","status-publish","hentry"],"_links":{"self":[{"href":"https:\/\/wordpress.nibis.de\/regenbogen-blog\/wp-json\/wp\/v2\/pages\/15","targetHints":{"allow":["GET"]}}],"collection":[{"href":"https:\/\/wordpress.nibis.de\/regenbogen-blog\/wp-json\/wp\/v2\/pages"}],"about":[{"href":"https:\/\/wordpress.nibis.de\/regenbogen-blog\/wp-json\/wp\/v2\/types\/page"}],"author":[{"embeddable":true,"href":"https:\/\/wordpress.nibis.de\/regenbogen-blog\/wp-json\/wp\/v2\/users\/9194075"}],"replies":[{"embeddable":true,"href":"https:\/\/wordpress.nibis.de\/regenbogen-blog\/wp-json\/wp\/v2\/comments?post=15"}],"version-history":[{"count":1,"href":"https:\/\/wordpress.nibis.de\/regenbogen-blog\/wp-json\/wp\/v2\/pages\/15\/revisions"}],"predecessor-version":[{"id":16,"href":"https:\/\/wordpress.nibis.de\/regenbogen-blog\/wp-json\/wp\/v2\/pages\/15\/revisions\/16"}],"wp:attachment":[{"href":"https:\/\/wordpress.nibis.de\/regenbogen-blog\/wp-json\/wp\/v2\/media?parent=15"}],"curies":[{"name":"wp","href":"https:\/\/api.w.org\/{rel}","templated":true}]}}