{"id":10,"date":"2024-10-07T12:11:21","date_gmt":"2024-10-07T10:11:21","guid":{"rendered":"https:\/\/wordpress.nibis.de\/roepke-journal\/?page_id=10"},"modified":"2024-10-07T12:14:14","modified_gmt":"2024-10-07T10:14:14","slug":"datenschutzhinweise","status":"publish","type":"page","link":"https:\/\/wordpress.nibis.de\/roepke-journal\/datenschutzhinweise\/","title":{"rendered":"Datenschutzhinweise"},"content":{"rendered":"\n<p>Vielen Dank f\u00fcr Ihren Besuch auf unserer Website, der digitalen Schulzeitung R\u00f6pke Journal. Wir nehmen den Schutz Ihrer pers\u00f6nlichen Daten sehr ernst. Nachfolgend informieren wir Sie dar\u00fcber, welche Daten w\u00e4hrend Ihres Besuchs auf unserer Website erhoben und zu welchem Zweck sie verwendet werden.<\/p>\n\n\n\n<ul class=\"wp-block-list\"><li><strong>Verantwortliche Stelle<\/strong><\/li><\/ul>\n\n\n\n<p>Die Verantwortliche Stelle im Sinne der Datenschutzgesetze ist:<\/p>\n\n\n\n<p>KGS Schwarmstedt<br>Am Beu 2<br>29690 Schwarmstedt<\/p>\n\n\n\n<p>Tel.: 05071 968170<\/p>\n\n\n\n<p>Fax: 05071 9681769<\/p>\n\n\n\n<p><a href=\"&#x6d;&#x61;&#x69;&#108;&#116;o:&#x73;&#x65;&#x6b;&#x72;&#101;&#116;ar&#x69;&#x61;&#x74;&#64;&#107;&#103;ss&#x63;&#x68;&#x77;&#97;&#114;ms&#x74;&#x65;&#x64;&#x2e;&#100;&#101;\">&#x73;e&#x6b;&#114;&#x65;&#116;&#x61;&#x72;i&#x61;&#116;&#x40;&#107;&#x67;&#115;s&#x63;&#104;&#x77;&#97;&#x72;&#109;s&#x74;&#101;&#x64;&#46;&#x64;&#101;<\/a><\/p>\n\n\n\n<ul class=\"wp-block-list\"><li>Erhebung und Verarbeitung von Daten<\/li><\/ul>\n\n\n\n<p><strong>a) Zugriffsdaten<\/strong><\/p>\n\n\n\n<p>Bei jedem Zugriff auf unsere Website werden automatisch bestimmte Daten durch den Webserver protokolliert. Zu diesen Zugriffsdaten geh\u00f6ren:<\/p>\n\n\n\n<p>IP-Adresse des anfragenden Ger\u00e4ts<\/p>\n\n\n\n<p>Datum und Uhrzeit des Zugriffs<\/p>\n\n\n\n<p>Name und URL der abgerufenen Datei<\/p>\n\n\n\n<p>Website, von der aus der Zugriff erfolgt (Referrer-URL)<\/p>\n\n\n\n<p>Verwendeter Browser und gegebenenfalls das Betriebssystem Ihres Ger\u00e4ts<\/p>\n\n\n\n<p>Diese Zugriffsdaten werden ausschlie\u00dflich zur Gew\u00e4hrleistung eines st\u00f6rungsfreien Betriebs der Website sowie zur Verbesserung unseres Angebots ausgewertet und erlauben keine R\u00fcckschl\u00fcsse auf Ihre Person.<\/p>\n\n\n\n<p><strong>b) Verwendung von Cookies<\/strong><\/p>\n\n\n\n<p>Unsere Website verwendet keine Cookies.<\/p>\n\n\n\n<ul class=\"wp-block-list\"><li>Verwendungszwecke und Rechtsgrundlage<\/li><\/ul>\n\n\n\n<p>Wir verwenden die erhobenen Daten nur f\u00fcr folgende Zwecke:<\/p>\n\n\n\n<ul class=\"wp-block-list\"><li>Bereitstellung und Optimierung der Inhalte unserer Website<\/li><li>Sicherstellung der IT-Sicherheit und des Schutzes unserer Systeme<\/li><li>Erf\u00fcllung rechtlicher Verpflichtungen<\/li><\/ul>\n\n\n\n<p>Die Rechtsgrundlage f\u00fcr die Verarbeitung Ihrer Daten ergibt sich aus Art. 6 Abs. 1 lit. f DSGVO (berechtigtes Interesse). Unser berechtigtes Interesse besteht darin, die oben genannten Zwecke zu erreichen.<\/p>\n\n\n\n<ul class=\"wp-block-list\"><li><strong>Weitergabe von Daten<\/strong><\/li><\/ul>\n\n\n\n<p>Eine Weitergabe Ihrer Daten an Dritte findet nicht statt, es sei denn, wir sind gesetzlich dazu verpflichtet oder Sie haben ausdr\u00fccklich eingewilligt.<\/p>\n\n\n\n<ul class=\"wp-block-list\"><li><strong>Externe Inhalte und Links<\/strong><\/li><\/ul>\n\n\n\n<p>Unsere Website enth\u00e4lt gegebenenfalls Links zu externen Websites Dritter. F\u00fcr die Inhalte dieser externen Websites \u00fcbernehmen wir keine Verantwortung. Die Verantwortung liegt allein beim Betreiber der jeweiligen Website.<\/p>\n\n\n\n<ul class=\"wp-block-list\"><li><strong>Fotos und pers\u00f6nliche Daten<\/strong><\/li><\/ul>\n\n\n\n<p>In unseren Artikeln k\u00f6nnen Fotos und pers\u00f6nliche Daten von Personen enthalten sein. F\u00fcr die Verwendung dieser Daten holen wir stets eine Einverst\u00e4ndniserkl\u00e4rung ein.<\/p>\n\n\n\n<ul class=\"wp-block-list\"><li><strong>Quellenangaben<\/strong><\/li><\/ul>\n\n\n\n<p>Sofern wir Informationen nutzen, die von anderen Websites oder Medien stammen, geben wir stets die Quelle an, um die Urheberrechte zu respektieren.<\/p>\n\n\n\n<ul class=\"wp-block-list\"><li><strong>Ihre Rechte als Nutzer<\/strong><\/li><\/ul>\n\n\n\n<p>Als Nutzer unserer Website haben Sie das Recht auf Auskunft, Berichtigung, L\u00f6schung, Einschr\u00e4nkung der Verarbeitung, Daten\u00fcbertragbarkeit und Widerspruch. Bitte wenden Sie sich dazu an die oben genannte verantwortliche Stelle.<\/p>\n\n\n\n<ul class=\"wp-block-list\"><li><strong>\u00c4nderungen dieser Datenschutzerkl\u00e4rung<\/strong><\/li><\/ul>\n\n\n\n<p>Diese Datenschutzerkl\u00e4rung kann von Zeit zu Zeit aktualisiert werden, um \u00c4nderungen unserer Website oder gesetzliche Anforderungen zu ber\u00fccksichtigen. Bitte \u00fcberpr\u00fcfen Sie diese Seite regelm\u00e4\u00dfig, um sich \u00fcber aktuelle Datenschutzpraktiken zu informieren.<\/p>\n\n\n\n<p>Wenn Sie Fragen zu dieser Datenschutzerkl\u00e4rung haben, k\u00f6nnen Sie uns gerne unter den oben angegebenen Kontaktdaten erreichen.<\/p>\n\n\n\n<p>Stand: 23.07.2024<\/p>\n\n\n\n<p>Bitte beachten Sie, dass diese Datenschutzerkl\u00e4rung nur f\u00fcr unsere Website gilt und nicht f\u00fcr externe Websites, auf die wir m\u00f6glicherweise verlinken.<\/p>\n","protected":false},"excerpt":{"rendered":"<p>Vielen Dank f\u00fcr Ihren Besuch auf unserer Website, der digitalen Schulzeitung R\u00f6pke Journal. Wir nehmen den Schutz Ihrer pers\u00f6nlichen Daten sehr ernst. Nachfolgend informieren wir Sie dar\u00fcber, welche Daten w\u00e4hrend Ihres Besuchs auf unserer Website erhoben und zu welchem Zweck sie verwendet werden. Verantwortliche Stelle Die Verantwortliche Stelle im Sinne der Datenschutzgesetze ist: KGS SchwarmstedtAm Beu 229690 Schwarmstedt Tel.: 05071 968170 Fax: 05071 9681769 &#115;e&#x6b;r&#x65;&#116;&#x61;&#114;&#x69;&#97;t&#x40;k&#x67;&#115;&#x73;&#99;&#x68;&#119;&#x61;&#114;m&#x73;t&#x65;&#100;&#x2e;&#100;&#x65; Erhebung und Verarbeitung von Daten a) Zugriffsdaten Bei jedem Zugriff auf unsere Website werden automatisch&#8230;<\/p>\n<p class=\"read-more\"><a class=\"btn btn-default\" href=\"https:\/\/wordpress.nibis.de\/roepke-journal\/datenschutzhinweise\/\">Weiterlesen<span class=\"screen-reader-text\"> Weiterlesen<\/span><\/a><\/p>\n","protected":false},"author":9194308,"featured_media":0,"parent":0,"menu_order":0,"comment_status":"closed","ping_status":"closed","template":"","meta":{"footnotes":""},"class_list":["post-10","page","type-page","status-publish","hentry"],"_links":{"self":[{"href":"https:\/\/wordpress.nibis.de\/roepke-journal\/wp-json\/wp\/v2\/pages\/10","targetHints":{"allow":["GET"]}}],"collection":[{"href":"https:\/\/wordpress.nibis.de\/roepke-journal\/wp-json\/wp\/v2\/pages"}],"about":[{"href":"https:\/\/wordpress.nibis.de\/roepke-journal\/wp-json\/wp\/v2\/types\/page"}],"author":[{"embeddable":true,"href":"https:\/\/wordpress.nibis.de\/roepke-journal\/wp-json\/wp\/v2\/users\/9194308"}],"replies":[{"embeddable":true,"href":"https:\/\/wordpress.nibis.de\/roepke-journal\/wp-json\/wp\/v2\/comments?post=10"}],"version-history":[{"count":2,"href":"https:\/\/wordpress.nibis.de\/roepke-journal\/wp-json\/wp\/v2\/pages\/10\/revisions"}],"predecessor-version":[{"id":14,"href":"https:\/\/wordpress.nibis.de\/roepke-journal\/wp-json\/wp\/v2\/pages\/10\/revisions\/14"}],"wp:attachment":[{"href":"https:\/\/wordpress.nibis.de\/roepke-journal\/wp-json\/wp\/v2\/media?parent=10"}],"curies":[{"name":"wp","href":"https:\/\/api.w.org\/{rel}","templated":true}]}}