{"id":97,"date":"2024-10-10T14:44:52","date_gmt":"2024-10-10T12:44:52","guid":{"rendered":"https:\/\/wordpress.nibis.de\/roepke-journal\/?page_id=97"},"modified":"2024-10-10T14:44:52","modified_gmt":"2024-10-10T12:44:52","slug":"ueber-uns","status":"publish","type":"page","link":"https:\/\/wordpress.nibis.de\/roepke-journal\/ueber-uns\/","title":{"rendered":"\u00dcber uns"},"content":{"rendered":"\n<p>Unsere Redaktion ist ein kreatives Team aus einigen Sch\u00fclerinnen und unserer betreuenden Lehrkraft, Frau B\u00fcttner. Unser Ziel ist es, spannende und relevante Inhalte f\u00fcr unsere gesamte Schulgemeinschaft zu teilen.<\/p>\n\n\n\n<p>Auf unserer Website bieten wir eine breite Palette an Themen an, die von Reiseberichten und gesellschaftlichen Themen bis hin zu Schulinformationen sowie Buch- und Filmempfehlungen reichen. Wir m\u00f6chten euch sowohl \u00fcber das aktuelle Geschehen in und au\u00dferhalb der Schule informieren als auch unterhalten. Gleichzeitig bieten wir eine Plattform f\u00fcr kreativen Ausdruck und bieten Raum f\u00fcr verschiedene Perspektiven und Ideen.<\/p>\n\n\n\n<p><strong>Du interessierst dich selbst f\u00fcr Journalismus?<\/strong><\/p>\n\n\n\n<p>Wenn du mindestens in der 7. Klasse bist und Interesse an journalistischer Arbeit hast, laden wir dich herzlich ein, Teil unseres Teams zu werden! Vorkenntnisse sind nicht erforderlich \u2013 wichtig sind deine Ideen und dein Engagement. Melde dich einfach bei Lara Nagel, Frau B\u00fcttner oder sende eine E-Mail an &#114;o&#x65;p&#x6b;e&#x2e;&#106;&#x6f;&#117;&#x72;&#110;a&#x6c;&#64;&#x6b;g&#x73;&#115;&#x63;&#104;&#x77;&#97;&#x72;&#109;s&#x74;e&#x64;t&#x2e;&#100;&#x65;, um Mitglied der Redaktion zu werden.<\/p>\n\n\n\n<p>Nat\u00fcrlich sind wir auch offen f\u00fcr Gastbeitr\u00e4ge aus allen Jahrgangsstufen sowie f\u00fcr Feedback und Anregungen von allen Seiten. Wir freuen uns auf deine Beitr\u00e4ge und darauf, gemeinsam das R\u00f6pke Journal noch interessanter und vielf\u00e4ltiger zu gestalten.<\/p>\n\n\n\n<p>Eure Redaktion<\/p>\n","protected":false},"excerpt":{"rendered":"<p>Unsere Redaktion ist ein kreatives Team aus einigen Sch\u00fclerinnen und unserer betreuenden Lehrkraft, Frau B\u00fcttner. Unser Ziel ist es, spannende und relevante Inhalte f\u00fcr unsere gesamte Schulgemeinschaft zu teilen. Auf unserer Website bieten wir eine breite Palette an Themen an, die von Reiseberichten und gesellschaftlichen Themen bis hin zu Schulinformationen sowie Buch- und Filmempfehlungen reichen. Wir m\u00f6chten euch sowohl \u00fcber das aktuelle Geschehen in und au\u00dferhalb der Schule informieren als auch unterhalten. Gleichzeitig bieten wir eine Plattform f\u00fcr kreativen Ausdruck&#8230;<\/p>\n<p class=\"read-more\"><a class=\"btn btn-default\" href=\"https:\/\/wordpress.nibis.de\/roepke-journal\/ueber-uns\/\">Weiterlesen<span class=\"screen-reader-text\"> Weiterlesen<\/span><\/a><\/p>\n","protected":false},"author":9194308,"featured_media":0,"parent":0,"menu_order":0,"comment_status":"closed","ping_status":"closed","template":"","meta":{"footnotes":""},"class_list":["post-97","page","type-page","status-publish","hentry"],"_links":{"self":[{"href":"https:\/\/wordpress.nibis.de\/roepke-journal\/wp-json\/wp\/v2\/pages\/97","targetHints":{"allow":["GET"]}}],"collection":[{"href":"https:\/\/wordpress.nibis.de\/roepke-journal\/wp-json\/wp\/v2\/pages"}],"about":[{"href":"https:\/\/wordpress.nibis.de\/roepke-journal\/wp-json\/wp\/v2\/types\/page"}],"author":[{"embeddable":true,"href":"https:\/\/wordpress.nibis.de\/roepke-journal\/wp-json\/wp\/v2\/users\/9194308"}],"replies":[{"embeddable":true,"href":"https:\/\/wordpress.nibis.de\/roepke-journal\/wp-json\/wp\/v2\/comments?post=97"}],"version-history":[{"count":1,"href":"https:\/\/wordpress.nibis.de\/roepke-journal\/wp-json\/wp\/v2\/pages\/97\/revisions"}],"predecessor-version":[{"id":98,"href":"https:\/\/wordpress.nibis.de\/roepke-journal\/wp-json\/wp\/v2\/pages\/97\/revisions\/98"}],"wp:attachment":[{"href":"https:\/\/wordpress.nibis.de\/roepke-journal\/wp-json\/wp\/v2\/media?parent=97"}],"curies":[{"name":"wp","href":"https:\/\/api.w.org\/{rel}","templated":true}]}}