{"id":1029,"date":"2021-01-07T16:32:45","date_gmt":"2021-01-07T15:32:45","guid":{"rendered":"https:\/\/wordpress.nibis.de\/roga\/?page_id=1029"},"modified":"2024-08-13T09:08:13","modified_gmt":"2024-08-13T07:08:13","slug":"lehrvideos","status":"publish","type":"page","link":"https:\/\/wordpress.nibis.de\/roga\/lehrvideos\/","title":{"rendered":"Hinweise zu IServ"},"content":{"rendered":"<p><img loading=\"lazy\" decoding=\"async\" class=\"alignnone  wp-image-1050\" src=\"https:\/\/wordpress.nibis.de\/roga\/files\/2021\/01\/IServ-Intro-300x199.png\" alt=\"\" width=\"742\" height=\"492\" srcset=\"https:\/\/wordpress.nibis.de\/roga\/files\/2021\/01\/IServ-Intro-300x200.png 300w, https:\/\/wordpress.nibis.de\/roga\/files\/2021\/01\/IServ-Intro-1024x681.png 1024w, https:\/\/wordpress.nibis.de\/roga\/files\/2021\/01\/IServ-Intro-768x510.png 768w, https:\/\/wordpress.nibis.de\/roga\/files\/2021\/01\/IServ-Intro.png 1139w\" sizes=\"auto, (max-width: 742px) 100vw, 742px\" \/><\/p>\n<p style=\"text-align: justify\">Unsere Schule organisiert ihre Abl\u00e4ufe \u00fcber die Plattform <strong><span style=\"font-size: 14pt\">IServ<\/span><\/strong>. Insbesondere in der Zeit des Lockdowns haben wir gute Erfahrungen mit dem Programm gemacht, weil es das Lernen zu Hause f\u00fcr uns alle erleichtert hat. Aus diesem Grund sollen an dieser Stelle die wichtigsten <span style=\"font-size: 14pt\"><strong>Funktionen (Module)<\/strong> <\/span>von IServ n\u00e4her erl\u00e4utert werden, damit alle Sch\u00fclerinnen und Sch\u00fcler am Lernen zu Hause problemlos teilnehmen k\u00f6nnen. Dazu z\u00e4hlen die Module:<\/p>\n<ul>\n<li><strong>E-Mail<\/strong><\/li>\n<\/ul>\n<p>\u00dcber das E-Mail-Modul kannst du E-Mails empfangen und schreiben. Eine genaue Anleitung findest du hier: <a href=\"https:\/\/iserv.de\/doc\/modules\/mail\/#\" target=\"_blank\" rel=\"noopener noreferrer\">E-Mail schreiben und empfangen<\/a><\/p>\n<ul>\n<li><strong>Klausurplan<\/strong><\/li>\n<\/ul>\n<p>Der Klausurplan bietet dir eine \u00dcbersicht \u00fcber die Lernzielkontrollen (LZK), die in der n\u00e4chsten Zeit anstehen. Er wird dir zus\u00e4tzlich auf deinem Startbildschirm auf der rechten Seite angezeigt. Schaue hier regelm\u00e4\u00dfig nach, damit du keine LZK verpasst bzw. rechtzeitig anfangen kannst daf\u00fcr zu lernen.\u00a0<\/p>\n<ul>\n<li><strong>Infobildschirm<\/strong><\/li>\n<\/ul>\n<p>\u00dcber den Infobildschirm kannst du den Vertretungsplan einsehen. Er wird Nachmittags (gegen 17:00 Uhr) und morgens (gegen 7:00 Uhr) aktualisiert. Du solltest also regelm\u00e4\u00dfig nachsehen, um zu wissen, ob es am kommenden Tag Abweichungen von deinem Stundenplan gibt.\u00a0<\/p>\n<ul>\n<li><strong>Office<\/strong><\/li>\n<\/ul>\n<p style=\"text-align: justify\">Iserv bietet unter dem Modul Office verschiedene Textverarbeitungsprogramme an. Diese entsprechen vom Aufbau und ihren Funktionen weitestgehend den Microsoft Office Programmen Word, Excel und Powerpoint.<\/p>\n<p style=\"text-align: justify\"><img loading=\"lazy\" decoding=\"async\" class=\"wp-image-1045 aligncenter\" src=\"https:\/\/wordpress.nibis.de\/roga\/files\/2021\/01\/Office-300x63.png\" alt=\"\" width=\"771\" height=\"162\" srcset=\"https:\/\/wordpress.nibis.de\/roga\/files\/2021\/01\/Office-300x63.png 300w, https:\/\/wordpress.nibis.de\/roga\/files\/2021\/01\/Office-1024x217.png 1024w, https:\/\/wordpress.nibis.de\/roga\/files\/2021\/01\/Office-1536x325.png 1536w, https:\/\/wordpress.nibis.de\/roga\/files\/2021\/01\/Office.png 1602w\" sizes=\"auto, (max-width: 771px) 100vw, 771px\" \/><\/p>\n<p style=\"text-align: justify\">Auf der linken Seite kann ein entsprechendes Programm ausgesucht werden, \u00fcber die rechte Schaltfl\u00e4che k\u00f6nnen bereits vorhandene Dateien vom Schulserver abgerufen und weiterbearbeitet werden.<\/p>\n<p>Eine genaue Anleitung zu allen Funktionn findest du hier: <a href=\"https:\/\/iserv.de\/doc\/modules\/office\/\" target=\"_blank\" rel=\"noopener noreferrer\">Das Office-Modul<\/a><\/p>\n<ul>\n<li><strong>Aufgaben<\/strong><\/li>\n<\/ul>\n<p>Das Aufgabenmodul ist f\u00fcr uns die Br\u00fccke zwischen den Lehrkr\u00e4ften und den Sch\u00fclerinnen und Sch\u00fclern im Lernen zu Hause. Hier werden von den Lehrkr\u00e4ften alle Aufgaben eingestellt, die von den Sch\u00fclerinnen und Sch\u00fclern bearbeitet werden sollen. Au\u00dferdem bietet das Modul die M\u00f6glichkeit, Arbeitsergebnisse hochzuladen, sodass die Lehrkr\u00e4fte diese begutachten k\u00f6nnen.<\/p>\n<p>Wie genau das funktioniert, findest du hier: <a href=\"https:\/\/iserv.de\/doc\/modules\/exercise\/\" target=\"_blank\" rel=\"noopener noreferrer\">Das Aufgaben-Modul<\/a><\/p>\n<ul>\n<li><strong>Videokonferenz<\/strong><\/li>\n<\/ul>\n<p>Auch im Lernen zu Hause wollen wir Kontakt halten. Dazu nutzen wir das Videokonferenz-Modul von IServ. Eure Lehrer k\u00f6nnen euch Links zu einem Konferenzraum schicken, sodass ihr einfach teilnehmen k\u00f6nnt. Dies ist &#8211; wenn die Lehrkraft es in den Einstellungen erm\u00f6glicht &#8211; auch mit externen Personen m\u00f6glich, sodass Elternabende und Konferenzen \u00fcber das Modul abgehalten werden k\u00f6nnen.<\/p>\n<p>Mehr dazu gibt es hier: <a href=\"https:\/\/iserv.de\/doc\/modules\/videoconference\/\" target=\"_blank\" rel=\"noopener noreferrer\">Das Videokonferenz-Modul<\/a><\/p>\n<ul>\n<li><strong>Elternbriefe<\/strong><\/li>\n<\/ul>\n<p>Um schnell und einfach mit Ihnen in Kontakt treten zu k\u00f6nnen und Ihnen Informationen in Form von Elternbriefen unkompliziert und zuverl\u00e4ssig zukommen lassen zu k\u00f6nnen, verwenden wir das Elternbriefe-Modul von IServ. F\u00fcr diesen Zweck erhalten die mit der Anmeldung Ihres Kindes an unserer Schule Zugangsdaten, mit denen sie sich zu ihrem Elternbriefekonto anmelden k\u00f6nnen. Alle Elternbriefe werden ausschlie\u00dflich \u00fcber dieses Modul verteilt. Auch die R\u00fcckmeldungen ihrerseits erfolgen dar\u00fcber. Wie Sie Ihr Konto einrichten und was es dabei zu beachten gilt, k\u00f6nnen Sie dem folgenden Video entnehmen.<\/p>\n\n\n<figure class=\"wp-block-embed is-type-video is-provider-youtube wp-block-embed-youtube wp-embed-aspect-16-9 wp-has-aspect-ratio\"><div class=\"wp-block-embed__wrapper\">\n<iframe loading=\"lazy\"  id=\"_ytid_17423\"  width=\"750\" height=\"422\"  data-origwidth=\"750\" data-origheight=\"422\" src=\"https:\/\/www.youtube.com\/embed\/8f_Lm_xVVok?enablejsapi=1&#038;autoplay=0&#038;cc_load_policy=0&#038;cc_lang_pref=&#038;iv_load_policy=1&#038;loop=0&#038;rel=1&#038;fs=1&#038;playsinline=0&#038;autohide=2&#038;theme=dark&#038;color=red&#038;controls=1&#038;disablekb=0&#038;\" class=\"__youtube_prefs__  epyt-is-override  no-lazyload\" title=\"YouTube player\"  allow=\"fullscreen; accelerometer; autoplay; clipboard-write; encrypted-media; gyroscope; picture-in-picture; web-share\" referrerpolicy=\"strict-origin-when-cross-origin\" allowfullscreen data-no-lazy=\"1\" data-skipgform_ajax_framebjll=\"\"><\/iframe>\n<\/div><\/figure>\n\n\n\n<p>Sollte es Probleme bei der Anmeldung bzw. Registrierung geben, wenden Sie sich bitte an Frau Schmidt (<a href=\"&#109;&#x61;&#105;&#x6c;t&#111;&#x3a;&#99;&#x61;r&#x6d;e&#110;&#x2e;&#115;&#x63;h&#x6d;&#x69;&#100;&#x74;&#64;&#x6f;b&#101;&#x72;&#115;&#x63;h&#x75;l&#101;&#x2d;&#114;&#x6f;s&#101;&#x6e;&#103;&#x61;r&#x74;e&#110;&#x2e;&#100;&#x65;\">&#x63;&#x61;&#114;&#109;e&#x6e;&#x2e;&#x73;&#99;hm&#x69;&#x64;&#116;&#64;o&#x62;&#x65;&#x72;&#115;ch&#x75;&#x6c;&#101;&#45;r&#x6f;&#x73;&#x65;&#110;ga&#x72;&#x74;&#101;&#110;&#46;&#x64;&#x65;<\/a>)<\/p>\n<p>Wie Sie das Konto benutzen, wird in diesem Video erkl\u00e4rt:<\/p>\n\n\n\n<figure class=\"wp-block-embed is-type-video is-provider-youtube wp-block-embed-youtube wp-embed-aspect-16-9 wp-has-aspect-ratio\"><div class=\"wp-block-embed__wrapper\">\n<iframe loading=\"lazy\"  id=\"_ytid_91721\"  width=\"750\" height=\"422\"  data-origwidth=\"750\" data-origheight=\"422\" src=\"https:\/\/www.youtube.com\/embed\/CRSD8iHb4Ho?enablejsapi=1&#038;autoplay=0&#038;cc_load_policy=0&#038;cc_lang_pref=&#038;iv_load_policy=1&#038;loop=0&#038;rel=1&#038;fs=1&#038;playsinline=0&#038;autohide=2&#038;theme=dark&#038;color=red&#038;controls=1&#038;disablekb=0&#038;\" class=\"__youtube_prefs__  epyt-is-override  no-lazyload\" title=\"YouTube player\"  allow=\"fullscreen; accelerometer; autoplay; clipboard-write; encrypted-media; gyroscope; picture-in-picture; web-share\" referrerpolicy=\"strict-origin-when-cross-origin\" allowfullscreen data-no-lazy=\"1\" data-skipgform_ajax_framebjll=\"\"><\/iframe>\n<\/div><\/figure>\n\n\n\n<div class=\"wp-block-media-text alignwide is-stacked-on-mobile\"><figure class=\"wp-block-media-text__media\"><img loading=\"lazy\" decoding=\"async\" width=\"512\" height=\"512\" src=\"https:\/\/wordpress.nibis.de\/roga\/files\/2021\/01\/unnamed.png\" alt=\"\" class=\"wp-image-1042 size-full\" srcset=\"https:\/\/wordpress.nibis.de\/roga\/files\/2021\/01\/unnamed.png 512w, https:\/\/wordpress.nibis.de\/roga\/files\/2021\/01\/unnamed-300x300.png 300w, https:\/\/wordpress.nibis.de\/roga\/files\/2021\/01\/unnamed-150x150.png 150w\" sizes=\"auto, (max-width: 512px) 100vw, 512px\" \/><\/figure><div class=\"wp-block-media-text__content\">\n<p style=\"text-align: justify\">Wir m\u00f6chten Euch und Ihnen zudem empfehlen, die <a href=\"https:\/\/play.google.com\/store\/apps\/details?id=eu.iserv.webapp&amp;hl=de\" target=\"_blank\" rel=\"noopener noreferrer\"><strong>IServ-App<\/strong><\/a> zu nutzen. Diese ist in allen g\u00e4ngigen App-Stores kostenlos herunterzuladen und macht den Informationsaustausch viel einfacher. Nachrichten werden Dir und Ihnen zum Beispiel per Push-Nachricht auf dem Smartphone angezeigt.<\/p>\n\n\n<\/div><\/div>\n\n\n","protected":false},"excerpt":{"rendered":"<p>Unsere Schule organisiert ihre Abl\u00e4ufe \u00fcber die Plattform IServ. Insbesondere in der Zeit des Lockdowns haben wir gute Erfahrungen mit dem Programm gemacht, weil es<\/p>\n","protected":false},"author":9193501,"featured_media":0,"parent":0,"menu_order":0,"comment_status":"closed","ping_status":"closed","template":"","meta":{"footnotes":""},"class_list":["post-1029","page","type-page","status-publish","hentry"],"_links":{"self":[{"href":"https:\/\/wordpress.nibis.de\/roga\/wp-json\/wp\/v2\/pages\/1029","targetHints":{"allow":["GET"]}}],"collection":[{"href":"https:\/\/wordpress.nibis.de\/roga\/wp-json\/wp\/v2\/pages"}],"about":[{"href":"https:\/\/wordpress.nibis.de\/roga\/wp-json\/wp\/v2\/types\/page"}],"author":[{"embeddable":true,"href":"https:\/\/wordpress.nibis.de\/roga\/wp-json\/wp\/v2\/users\/9193501"}],"replies":[{"embeddable":true,"href":"https:\/\/wordpress.nibis.de\/roga\/wp-json\/wp\/v2\/comments?post=1029"}],"version-history":[{"count":24,"href":"https:\/\/wordpress.nibis.de\/roga\/wp-json\/wp\/v2\/pages\/1029\/revisions"}],"predecessor-version":[{"id":3670,"href":"https:\/\/wordpress.nibis.de\/roga\/wp-json\/wp\/v2\/pages\/1029\/revisions\/3670"}],"wp:attachment":[{"href":"https:\/\/wordpress.nibis.de\/roga\/wp-json\/wp\/v2\/media?parent=1029"}],"curies":[{"name":"wp","href":"https:\/\/api.w.org\/{rel}","templated":true}]}}