{"id":119,"date":"2020-04-10T18:55:29","date_gmt":"2020-04-10T16:55:29","guid":{"rendered":"https:\/\/wordpress.nibis.de\/roga\/?page_id=119"},"modified":"2024-10-28T13:57:03","modified_gmt":"2024-10-28T12:57:03","slug":"unsere-schule","status":"publish","type":"page","link":"https:\/\/wordpress.nibis.de\/roga\/unsere-schule\/","title":{"rendered":"Unsere Schule"},"content":{"rendered":"\n<figure class=\"wp-block-gallery has-nested-images columns-default is-cropped wp-block-gallery-1 is-layout-flex wp-block-gallery-is-layout-flex\">\n<figure class=\"wp-block-image size-large\"><img loading=\"lazy\" decoding=\"async\" width=\"1024\" height=\"683\" data-id=\"423\" src=\"https:\/\/wordpress.nibis.de\/roga\/files\/2020\/04\/IMG_0279-1024x683.jpg\" alt=\"\" class=\"wp-image-423\" srcset=\"https:\/\/wordpress.nibis.de\/roga\/files\/2020\/04\/IMG_0279-1024x683.jpg 1024w, https:\/\/wordpress.nibis.de\/roga\/files\/2020\/04\/IMG_0279-300x200.jpg 300w, https:\/\/wordpress.nibis.de\/roga\/files\/2020\/04\/IMG_0279-768x512.jpg 768w, https:\/\/wordpress.nibis.de\/roga\/files\/2020\/04\/IMG_0279-420x280.jpg 420w\" sizes=\"auto, (max-width: 1024px) 100vw, 1024px\" \/><\/figure>\n\n\n\n<figure class=\"wp-block-image size-large\"><img loading=\"lazy\" decoding=\"async\" width=\"1024\" height=\"683\" data-id=\"410\" src=\"https:\/\/wordpress.nibis.de\/roga\/files\/2020\/04\/IMG_0284-1024x683.jpg\" alt=\"\" class=\"wp-image-410\" srcset=\"https:\/\/wordpress.nibis.de\/roga\/files\/2020\/04\/IMG_0284.jpg 1024w, https:\/\/wordpress.nibis.de\/roga\/files\/2020\/04\/IMG_0284-300x200.jpg 300w, https:\/\/wordpress.nibis.de\/roga\/files\/2020\/04\/IMG_0284-768x512.jpg 768w, https:\/\/wordpress.nibis.de\/roga\/files\/2020\/04\/IMG_0284-420x280.jpg 420w\" sizes=\"auto, (max-width: 1024px) 100vw, 1024px\" \/><\/figure>\n\n\n\n<figure class=\"wp-block-image size-large\"><img loading=\"lazy\" decoding=\"async\" width=\"1024\" height=\"683\" data-id=\"409\" src=\"https:\/\/wordpress.nibis.de\/roga\/files\/2020\/04\/IMG_0276-1024x683.jpg\" alt=\"\" class=\"wp-image-409\" srcset=\"https:\/\/wordpress.nibis.de\/roga\/files\/2020\/04\/IMG_0276.jpg 1024w, https:\/\/wordpress.nibis.de\/roga\/files\/2020\/04\/IMG_0276-300x200.jpg 300w, https:\/\/wordpress.nibis.de\/roga\/files\/2020\/04\/IMG_0276-768x512.jpg 768w, https:\/\/wordpress.nibis.de\/roga\/files\/2020\/04\/IMG_0276-420x280.jpg 420w\" sizes=\"auto, (max-width: 1024px) 100vw, 1024px\" \/><\/figure>\n<\/figure>\n\n\n\n<p>Die Rosengarten-Oberschule ist eine teilgebundene Ganztagsschule mit gymnasialem Angebot. Das bedeutet, dass die Sch\u00fclerinnen und Sch\u00fcler am Dienstag und Donnerstag verbindlich bis 15:20 Uhr unterrichtet werden. Am Montag und Mittwoch besteht zudem die M\u00f6glichkeit an einer unserer vielf\u00e4ltigen Arbeitsgemeinschaften (AG) teilzunehmen. Ansonsten endet der Unterricht bereits um 13:35 Uhr.<\/p>\n<p>In den Klassen 5 und 6 lernen die Sch\u00fclerinnen und Sch\u00fcler \u00fcberwiegend in leistungsheterogenen Klassenverb\u00e4nden im Sinne der Inklusion. Die F\u00f6rderung sozialer F\u00e4higkeiten und Kompetenzen als Grundlage f\u00fcr ein zuk\u00fcnftiges gesellschaftliches Miteinander steht hierbei im Vordergrund. Die Hauptf\u00e4cher (Deutsch, Mathe, Englisch) werden bereits ab Klasse 6 in drei Leistungsnievaus (G-,E- und Z-Kurs) unterrichtet, in die die Sch\u00fclerinnen und Sch\u00fcler entsprechend ihrer Leistungen eingeteilt und entsprechend gef\u00f6rdert werden.<\/p>\n<p>Ab der 7. Klasse besteht f\u00fcr Sch\u00fclerinnen und Sch\u00fcler, die die gymnasialen Anforderungen erf\u00fcllen, die M\u00f6glichkeit, in unser gymnasiales Angebot zu wechseln. Ein \u00dcbergang ist aber auch zu einem sp\u00e4teren Zeitpunkt m\u00f6glich.\u00a0Nach der 10. Klasse stehen somit viele Wege offen. Sowohl der Beginn einer Ausbildung, als auch das Besuchen einer weiterf\u00fchrenden Schulform und das Erreichen weiterer Qualifikationen (Abitur,&#8230;) ist m\u00f6glich.<\/p>\n<p>\u00a0<\/p>\n\n\n\n<hr class=\"wp-block-separator\" \/>\n\n\n\n<div class=\"wp-block-columns has-2-columns is-layout-flex wp-container-core-columns-is-layout-abceabcf wp-block-columns-is-layout-flex\">\n<div class=\"wp-block-column is-layout-flow wp-block-column-is-layout-flow\">\n<div class=\"wp-block-media-text alignwide\"><figure class=\"wp-block-media-text__media\"><img loading=\"lazy\" decoding=\"async\" width=\"500\" height=\"500\" src=\"https:\/\/wordpress.nibis.de\/roga\/files\/2020\/04\/Kollegium.jpg\" alt=\"\" class=\"wp-image-29 size-full\" srcset=\"https:\/\/wordpress.nibis.de\/roga\/files\/2020\/04\/Kollegium.jpg 500w, https:\/\/wordpress.nibis.de\/roga\/files\/2020\/04\/Kollegium-150x150.jpg 150w, https:\/\/wordpress.nibis.de\/roga\/files\/2020\/04\/Kollegium-300x300.jpg 300w\" sizes=\"auto, (max-width: 500px) 100vw, 500px\" \/><\/figure><div class=\"wp-block-media-text__content\">\n<p>Das<\/p>\n<p><a href=\"https:\/\/wordpress.nibis.de\/roga\/das-schulleitungsteam\/\"><span style=\"font-size: 18pt\"><span style=\"font-size: 14pt\">Leitungsteam<\/span><\/span><\/a><\/p>\n<\/div><\/div>\n\n\n\n<p><\/p>\n\n\n\n<div class=\"wp-block-media-text alignwide is-stacked-on-mobile\"><figure class=\"wp-block-media-text__media\"><img loading=\"lazy\" decoding=\"async\" width=\"1024\" height=\"683\" src=\"https:\/\/wordpress.nibis.de\/roga\/files\/2021\/04\/board-3700116_1920-1024x683.jpg\" alt=\"\" class=\"wp-image-1670 size-full\" srcset=\"https:\/\/wordpress.nibis.de\/roga\/files\/2021\/04\/board-3700116_1920-1024x683.jpg 1024w, https:\/\/wordpress.nibis.de\/roga\/files\/2021\/04\/board-3700116_1920-300x200.jpg 300w, https:\/\/wordpress.nibis.de\/roga\/files\/2021\/04\/board-3700116_1920-768x512.jpg 768w, https:\/\/wordpress.nibis.de\/roga\/files\/2021\/04\/board-3700116_1920-1536x1024.jpg 1536w, https:\/\/wordpress.nibis.de\/roga\/files\/2021\/04\/board-3700116_1920-420x280.jpg 420w, https:\/\/wordpress.nibis.de\/roga\/files\/2021\/04\/board-3700116_1920.jpg 1920w\" sizes=\"auto, (max-width: 1024px) 100vw, 1024px\" \/><\/figure><div class=\"wp-block-media-text__content\">\n<p><a href=\"https:\/\/wordpress.nibis.de\/roga\/schusozialarbeit\/\">Schulsozialarbeit<\/a><\/p>\n\n\n<\/div><\/div>\n<\/div>\n\n\n\n<div class=\"wp-block-column is-layout-flow wp-block-column-is-layout-flow\">\n<div class=\"wp-block-media-text alignwide\"><figure class=\"wp-block-media-text__media\"><img loading=\"lazy\" decoding=\"async\" width=\"500\" height=\"500\" src=\"https:\/\/wordpress.nibis.de\/roga\/files\/2020\/04\/Kollegium.jpg\" alt=\"\" class=\"wp-image-29 size-full\" srcset=\"https:\/\/wordpress.nibis.de\/roga\/files\/2020\/04\/Kollegium.jpg 500w, https:\/\/wordpress.nibis.de\/roga\/files\/2020\/04\/Kollegium-150x150.jpg 150w, https:\/\/wordpress.nibis.de\/roga\/files\/2020\/04\/Kollegium-300x300.jpg 300w\" sizes=\"auto, (max-width: 500px) 100vw, 500px\" \/><\/figure><div class=\"wp-block-media-text__content\">\n<p>Das<\/p>\n<p><span style=\"font-size: 18pt\"><a href=\"https:\/\/wordpress.nibis.de\/roga\/kollegium\/\">Kollegium<\/a><\/span><\/p>\n<\/div><\/div>\n\n\n\n<p><\/p>\n\n\n\n<div class=\"wp-block-media-text alignwide is-stacked-on-mobile\"><figure class=\"wp-block-media-text__media\"><img loading=\"lazy\" decoding=\"async\" width=\"643\" height=\"453\" src=\"https:\/\/wordpress.nibis.de\/roga\/files\/2021\/05\/Schulprogramm.png\" alt=\"\" class=\"wp-image-1864 size-full\" srcset=\"https:\/\/wordpress.nibis.de\/roga\/files\/2021\/05\/Schulprogramm.png 643w, https:\/\/wordpress.nibis.de\/roga\/files\/2021\/05\/Schulprogramm-300x211.png 300w\" sizes=\"auto, (max-width: 643px) 100vw, 643px\" \/><\/figure><div class=\"wp-block-media-text__content\">\n<p><a href=\"https:\/\/wordpress.nibis.de\/roga\/schulprogramm\/\">Das Schulprogramm<\/a><\/p>\n\n\n<\/div><\/div>\n<\/div>\n<\/div>\n\n\n\n<div class=\"wp-block-media-text alignwide is-stacked-on-mobile\"><figure class=\"wp-block-media-text__media\"><img loading=\"lazy\" decoding=\"async\" width=\"1024\" height=\"683\" src=\"https:\/\/wordpress.nibis.de\/roga\/files\/2021\/04\/startup-594090_1920-1024x683.jpg\" alt=\"\" class=\"wp-image-1665 size-full\" srcset=\"https:\/\/wordpress.nibis.de\/roga\/files\/2021\/04\/startup-594090_1920-1024x683.jpg 1024w, https:\/\/wordpress.nibis.de\/roga\/files\/2021\/04\/startup-594090_1920-300x200.jpg 300w, https:\/\/wordpress.nibis.de\/roga\/files\/2021\/04\/startup-594090_1920-768x512.jpg 768w, https:\/\/wordpress.nibis.de\/roga\/files\/2021\/04\/startup-594090_1920-1536x1024.jpg 1536w, https:\/\/wordpress.nibis.de\/roga\/files\/2021\/04\/startup-594090_1920-420x280.jpg 420w, https:\/\/wordpress.nibis.de\/roga\/files\/2021\/04\/startup-594090_1920.jpg 1920w\" sizes=\"auto, (max-width: 1024px) 100vw, 1024px\" \/><\/figure><div class=\"wp-block-media-text__content\">\n<p class=\"has-large-font-size\">Gremien<\/p>\n\n\n\n<p><a href=\"https:\/\/wordpress.nibis.de\/roga\/schulvorstand\/\">Schulvorstand<\/a><\/p>\n<p><a href=\"https:\/\/wordpress.nibis.de\/roga\/schulelternrat\/\">Schulelternrat<\/a><\/p>\n<p><a href=\"https:\/\/wordpress.nibis.de\/roga\/unser-schulverein\/\">Schulverein<\/a><\/p>\n<\/div><\/div>\n","protected":false},"excerpt":{"rendered":"<p>Die Rosengarten-Oberschule ist eine teilgebundene Ganztagsschule mit gymnasialem Angebot. Das bedeutet, dass die Sch\u00fclerinnen und Sch\u00fcler am Dienstag und Donnerstag verbindlich bis 15:20 Uhr unterrichtet<\/p>\n","protected":false},"author":9193501,"featured_media":0,"parent":0,"menu_order":0,"comment_status":"closed","ping_status":"closed","template":"","meta":{"footnotes":""},"class_list":["post-119","page","type-page","status-publish","hentry"],"_links":{"self":[{"href":"https:\/\/wordpress.nibis.de\/roga\/wp-json\/wp\/v2\/pages\/119","targetHints":{"allow":["GET"]}}],"collection":[{"href":"https:\/\/wordpress.nibis.de\/roga\/wp-json\/wp\/v2\/pages"}],"about":[{"href":"https:\/\/wordpress.nibis.de\/roga\/wp-json\/wp\/v2\/types\/page"}],"author":[{"embeddable":true,"href":"https:\/\/wordpress.nibis.de\/roga\/wp-json\/wp\/v2\/users\/9193501"}],"replies":[{"embeddable":true,"href":"https:\/\/wordpress.nibis.de\/roga\/wp-json\/wp\/v2\/comments?post=119"}],"version-history":[{"count":30,"href":"https:\/\/wordpress.nibis.de\/roga\/wp-json\/wp\/v2\/pages\/119\/revisions"}],"predecessor-version":[{"id":3812,"href":"https:\/\/wordpress.nibis.de\/roga\/wp-json\/wp\/v2\/pages\/119\/revisions\/3812"}],"wp:attachment":[{"href":"https:\/\/wordpress.nibis.de\/roga\/wp-json\/wp\/v2\/media?parent=119"}],"curies":[{"name":"wp","href":"https:\/\/api.w.org\/{rel}","templated":true}]}}