{"id":140,"date":"2020-04-10T19:08:12","date_gmt":"2020-04-10T17:08:12","guid":{"rendered":"https:\/\/wordpress.nibis.de\/roga\/?page_id=140"},"modified":"2021-06-16T20:06:13","modified_gmt":"2021-06-16T18:06:13","slug":"mint-schule-niedersachsen","status":"publish","type":"page","link":"https:\/\/wordpress.nibis.de\/roga\/mint-schule-niedersachsen\/","title":{"rendered":"MINT &#8211; Schule Niedersachsen"},"content":{"rendered":"\n<div class=\"wp-block-media-text alignwide is-stacked-on-mobile\"><figure class=\"wp-block-media-text__media\"><img loading=\"lazy\" decoding=\"async\" width=\"1024\" height=\"683\" src=\"https:\/\/wordpress.nibis.de\/roga\/files\/2020\/09\/laboratory-1009190_1920-1024x683.jpg\" alt=\"\" class=\"wp-image-703\" srcset=\"https:\/\/wordpress.nibis.de\/roga\/files\/2020\/09\/laboratory-1009190_1920-1024x683.jpg 1024w, https:\/\/wordpress.nibis.de\/roga\/files\/2020\/09\/laboratory-1009190_1920-300x200.jpg 300w, https:\/\/wordpress.nibis.de\/roga\/files\/2020\/09\/laboratory-1009190_1920-768x512.jpg 768w, https:\/\/wordpress.nibis.de\/roga\/files\/2020\/09\/laboratory-1009190_1920-1536x1024.jpg 1536w, https:\/\/wordpress.nibis.de\/roga\/files\/2020\/09\/laboratory-1009190_1920-420x280.jpg 420w, https:\/\/wordpress.nibis.de\/roga\/files\/2020\/09\/laboratory-1009190_1920.jpg 1920w\" sizes=\"auto, (max-width: 1024px) 100vw, 1024px\" \/><\/figure><div class=\"wp-block-media-text__content\">\n<p><\/p>\n\n\n\n<p>Alle Schulen, die zur \u201eMINT-Schule Niedersachsen\u201c ernannt werden, \u00fcberzeugen durch eine Vielzahl \u00fcberdurchschnittlicher MINT-Aktivit\u00e4ten innerhalb und au\u00dferhalb des Unterrichts.<\/p>\n<\/div><\/div>\n\n\n<p><strong>An der ROGA zeichnen uns z.B. folgende Dinge aus:<\/strong><\/p>\n<ul>\n<li>Die Oberschule Rosengarten ist zertifiziertes Pr\u00fcfungszentrum des Europ\u00e4ischen Computerf\u00fchrerscheins (ECDL). Die Sch\u00fclerinnen und Sch\u00fcler erhalten so die M\u00f6glichkeit, ihre Computer-Kenntnisse von einer au\u00dferschulischen Institution \u00fcberpr\u00fcfen und bescheinigen zu lassen.<\/li>\n<li>Die allt\u00e4gliche Nutzung der vorhandenen Computer-Technik f\u00fchrt durch die sehr gute Einbindung der Plattform IServ zu einem selbstverst\u00e4ndlichen Umgang mit dem Medium. Die fl\u00e4chendeckende Integration des Systems ist vor allem angesichts der Gr\u00f6\u00dfe der Schule beachtlich.<\/li>\n<li>Der sch\u00fclerorientierte Ansatz des \u201eLernen durch Lehrens\u201c wird an der Oberschule Rosengarten insbesondere im naturwissenschaftlichen Bereich in allen Jahrgangsstufen und auf vielf\u00e4ltige Art und Weise umgesetzt. Die Sch\u00fclerinnen und Sch\u00fcler arbeiten dazu mit sehr unterschiedlichen Zielgruppen (Senioren, Grundsch\u00fcler, Gleichaltrige). In den Naturwissenschaften stehen sie beispielsweise ihren Klassenkameraden und der Lehrkraft als sogenannte \u201eFachhelfer\u201c zur Seite, worauf sie vor ihrem Einsatz intensiv vorbereitet werden. Es werden auch gezielt leistungsschw\u00e4chere Sch\u00fclerinnen und Sch\u00fcler angesprochen, um \u00fcber die herausgehobene Rolle als \u201eSpezialist\/in\u201c ein positives Lernerlebnis zu schaffen, das Impulse f\u00fcr eine Verbesserung der fachlichen und sozialen Kompetenzen geben kann.<\/li>\n<li>Die gro\u00dfe St\u00e4rke der Oberschule Rosengarten liegt in der F\u00e4higkeit und dem Willen von Schulleitung und Kollegium zum f\u00e4cher\u00fcbergreifenden Denken. Es herrscht ein f\u00e4cher\u00fcbergreifender Konsens zur MINT-Schwerpunktbildung, es findet aktiver Austausch und Dialog statt, wie er zum Beispiel in den schuleigenen Arbeitspl\u00e4nen deutlich wird.<\/li>\n<\/ul>\n<p>Quelle: <a href=\"https:\/\/mint-schulen.de\/niedersachsen\/schulen\/oberschule-rosengarten\" target=\"_blank\" rel=\"noopener noreferrer\">https:\/\/mint-schulen.de\/niedersachsen\/schulen\/oberschule-rosengarten<\/a><\/p>\n\n\n<figure class=\"wp-block-gallery columns-3 is-cropped wp-block-gallery-1 is-layout-flex wp-block-gallery-is-layout-flex\"><ul class=\"blocks-gallery-grid\"><li class=\"blocks-gallery-item\"><figure><img loading=\"lazy\" decoding=\"async\" width=\"1024\" height=\"683\" src=\"https:\/\/wordpress.nibis.de\/roga\/files\/2020\/09\/bonsai-1839213_1920-1024x683.jpg\" alt=\"\" data-id=\"715\" data-link=\"https:\/\/wordpress.nibis.de\/roga\/mint-schule-niedersachsen\/bonsai-1839213_1920\/\" class=\"wp-image-715\" srcset=\"https:\/\/wordpress.nibis.de\/roga\/files\/2020\/09\/bonsai-1839213_1920-1024x683.jpg 1024w, https:\/\/wordpress.nibis.de\/roga\/files\/2020\/09\/bonsai-1839213_1920-300x200.jpg 300w, https:\/\/wordpress.nibis.de\/roga\/files\/2020\/09\/bonsai-1839213_1920-768x512.jpg 768w, https:\/\/wordpress.nibis.de\/roga\/files\/2020\/09\/bonsai-1839213_1920-1536x1024.jpg 1536w, https:\/\/wordpress.nibis.de\/roga\/files\/2020\/09\/bonsai-1839213_1920-420x280.jpg 420w, https:\/\/wordpress.nibis.de\/roga\/files\/2020\/09\/bonsai-1839213_1920.jpg 1920w\" sizes=\"auto, (max-width: 1024px) 100vw, 1024px\" \/><\/figure><\/li><li class=\"blocks-gallery-item\"><figure><img loading=\"lazy\" decoding=\"async\" width=\"1024\" height=\"683\" src=\"https:\/\/wordpress.nibis.de\/roga\/files\/2020\/04\/IMG_0279-1024x683.jpg\" alt=\"\" data-id=\"423\" data-link=\"https:\/\/wordpress.nibis.de\/roga\/unsere-schule\/img_0279\/\" class=\"wp-image-423\" srcset=\"https:\/\/wordpress.nibis.de\/roga\/files\/2020\/04\/IMG_0279-1024x683.jpg 1024w, https:\/\/wordpress.nibis.de\/roga\/files\/2020\/04\/IMG_0279-300x200.jpg 300w, https:\/\/wordpress.nibis.de\/roga\/files\/2020\/04\/IMG_0279-768x512.jpg 768w, https:\/\/wordpress.nibis.de\/roga\/files\/2020\/04\/IMG_0279-420x280.jpg 420w\" sizes=\"auto, (max-width: 1024px) 100vw, 1024px\" \/><\/figure><\/li><li class=\"blocks-gallery-item\"><figure><img loading=\"lazy\" decoding=\"async\" width=\"1024\" height=\"678\" src=\"https:\/\/wordpress.nibis.de\/roga\/files\/2020\/09\/heart-2607178_1920-1024x678.jpg\" alt=\"\" data-id=\"716\" data-full-url=\"https:\/\/wordpress.nibis.de\/roga\/files\/2020\/09\/heart-2607178_1920.jpg\" data-link=\"https:\/\/wordpress.nibis.de\/roga\/mint-schule-niedersachsen\/heart-2607178_1920\/\" class=\"wp-image-716\" srcset=\"https:\/\/wordpress.nibis.de\/roga\/files\/2020\/09\/heart-2607178_1920-1024x678.jpg 1024w, https:\/\/wordpress.nibis.de\/roga\/files\/2020\/09\/heart-2607178_1920-300x200.jpg 300w, https:\/\/wordpress.nibis.de\/roga\/files\/2020\/09\/heart-2607178_1920-768x508.jpg 768w, https:\/\/wordpress.nibis.de\/roga\/files\/2020\/09\/heart-2607178_1920-1536x1017.jpg 1536w, https:\/\/wordpress.nibis.de\/roga\/files\/2020\/09\/heart-2607178_1920.jpg 1920w\" sizes=\"auto, (max-width: 1024px) 100vw, 1024px\" \/><\/figure><\/li><li class=\"blocks-gallery-item\"><figure><img loading=\"lazy\" decoding=\"async\" width=\"1024\" height=\"683\" src=\"https:\/\/wordpress.nibis.de\/roga\/files\/2020\/09\/social-media-2786261_1920-1024x683.jpg\" alt=\"\" data-id=\"717\" data-full-url=\"https:\/\/wordpress.nibis.de\/roga\/files\/2020\/09\/social-media-2786261_1920.jpg\" data-link=\"https:\/\/wordpress.nibis.de\/roga\/mint-schule-niedersachsen\/social-media-2786261_1920\/\" class=\"wp-image-717\" srcset=\"https:\/\/wordpress.nibis.de\/roga\/files\/2020\/09\/social-media-2786261_1920-1024x683.jpg 1024w, https:\/\/wordpress.nibis.de\/roga\/files\/2020\/09\/social-media-2786261_1920-300x200.jpg 300w, https:\/\/wordpress.nibis.de\/roga\/files\/2020\/09\/social-media-2786261_1920-768x512.jpg 768w, https:\/\/wordpress.nibis.de\/roga\/files\/2020\/09\/social-media-2786261_1920-1536x1024.jpg 1536w, https:\/\/wordpress.nibis.de\/roga\/files\/2020\/09\/social-media-2786261_1920-420x280.jpg 420w, https:\/\/wordpress.nibis.de\/roga\/files\/2020\/09\/social-media-2786261_1920.jpg 1920w\" sizes=\"auto, (max-width: 1024px) 100vw, 1024px\" \/><\/figure><\/li><\/ul><\/figure>\n","protected":false},"excerpt":{"rendered":"<p>Alle Schulen, die zur \u201eMINT-Schule Niedersachsen\u201c ernannt werden, \u00fcberzeugen durch eine Vielzahl \u00fcberdurchschnittlicher MINT-Aktivit\u00e4ten innerhalb und au\u00dferhalb des Unterrichts. An der ROGA zeichnen uns z.B.<\/p>\n","protected":false},"author":9193501,"featured_media":0,"parent":0,"menu_order":0,"comment_status":"closed","ping_status":"closed","template":"","meta":{"footnotes":""},"class_list":["post-140","page","type-page","status-publish","hentry"],"_links":{"self":[{"href":"https:\/\/wordpress.nibis.de\/roga\/wp-json\/wp\/v2\/pages\/140","targetHints":{"allow":["GET"]}}],"collection":[{"href":"https:\/\/wordpress.nibis.de\/roga\/wp-json\/wp\/v2\/pages"}],"about":[{"href":"https:\/\/wordpress.nibis.de\/roga\/wp-json\/wp\/v2\/types\/page"}],"author":[{"embeddable":true,"href":"https:\/\/wordpress.nibis.de\/roga\/wp-json\/wp\/v2\/users\/9193501"}],"replies":[{"embeddable":true,"href":"https:\/\/wordpress.nibis.de\/roga\/wp-json\/wp\/v2\/comments?post=140"}],"version-history":[{"count":13,"href":"https:\/\/wordpress.nibis.de\/roga\/wp-json\/wp\/v2\/pages\/140\/revisions"}],"predecessor-version":[{"id":1981,"href":"https:\/\/wordpress.nibis.de\/roga\/wp-json\/wp\/v2\/pages\/140\/revisions\/1981"}],"wp:attachment":[{"href":"https:\/\/wordpress.nibis.de\/roga\/wp-json\/wp\/v2\/media?parent=140"}],"curies":[{"name":"wp","href":"https:\/\/api.w.org\/{rel}","templated":true}]}}