{"id":1494,"date":"2021-02-23T09:20:29","date_gmt":"2021-02-23T08:20:29","guid":{"rendered":"https:\/\/wordpress.nibis.de\/roga\/?page_id=1494"},"modified":"2025-05-25T19:38:50","modified_gmt":"2025-05-25T17:38:50","slug":"roga-und-was-dann","status":"publish","type":"page","link":"https:\/\/wordpress.nibis.de\/roga\/roga-und-was-dann\/","title":{"rendered":"ROGA und was dann?"},"content":{"rendered":"<p>An der ROGA geht es nicht nur darum, dass die SuS den f\u00fcr sie passenden <em><strong>Ab<\/strong>schluss<\/em> erreichen k\u00f6nnen, sondern auch darum, dass ihnen der bestm\u00f6gliche<em><strong> An<\/strong>schluss<\/em> an den weiteren Berufs- oder Bildungsweg erm\u00f6glicht wird. Daher folgen hier einige Informationen dazu, wie es nach der ROGA weitergehen kann:<\/p>\n<p><a href=\"https:\/\/wordpress.nibis.de\/roga\/files\/2025\/01\/Nach-dem-Abschluss-an-der-ROGA-1.pdf\">Nach dem Abschluss an der ROGA<\/a><\/p>\n<p><a href=\"https:\/\/wordpress.nibis.de\/roga\/files\/2021\/02\/Ansprechpartner-rund-um-die-ROGA.pdf\">Ansprechpartner rund um die ROGA<\/a><\/p>\n<p><a href=\"https:\/\/wordpress.nibis.de\/roga\/files\/2021\/02\/Ansprechpartner-an-weiterf\u00fchrenden-Schulen.pdf\">Ansprechpartner an weiterf\u00fchrenden Schulen<\/a><\/p>\n","protected":false},"excerpt":{"rendered":"<p>An der ROGA geht es nicht nur darum, dass die SuS den f\u00fcr sie passenden Abschluss erreichen k\u00f6nnen, sondern auch darum, dass ihnen der bestm\u00f6gliche<\/p>\n","protected":false},"author":9193501,"featured_media":0,"parent":0,"menu_order":0,"comment_status":"closed","ping_status":"closed","template":"","meta":{"footnotes":""},"class_list":["post-1494","page","type-page","status-publish","hentry"],"_links":{"self":[{"href":"https:\/\/wordpress.nibis.de\/roga\/wp-json\/wp\/v2\/pages\/1494","targetHints":{"allow":["GET"]}}],"collection":[{"href":"https:\/\/wordpress.nibis.de\/roga\/wp-json\/wp\/v2\/pages"}],"about":[{"href":"https:\/\/wordpress.nibis.de\/roga\/wp-json\/wp\/v2\/types\/page"}],"author":[{"embeddable":true,"href":"https:\/\/wordpress.nibis.de\/roga\/wp-json\/wp\/v2\/users\/9193501"}],"replies":[{"embeddable":true,"href":"https:\/\/wordpress.nibis.de\/roga\/wp-json\/wp\/v2\/comments?post=1494"}],"version-history":[{"count":8,"href":"https:\/\/wordpress.nibis.de\/roga\/wp-json\/wp\/v2\/pages\/1494\/revisions"}],"predecessor-version":[{"id":4118,"href":"https:\/\/wordpress.nibis.de\/roga\/wp-json\/wp\/v2\/pages\/1494\/revisions\/4118"}],"wp:attachment":[{"href":"https:\/\/wordpress.nibis.de\/roga\/wp-json\/wp\/v2\/media?parent=1494"}],"curies":[{"name":"wp","href":"https:\/\/api.w.org\/{rel}","templated":true}]}}