{"id":1643,"date":"2021-04-18T21:20:06","date_gmt":"2021-04-18T19:20:06","guid":{"rendered":"https:\/\/wordpress.nibis.de\/roga\/?page_id=1643"},"modified":"2021-04-20T20:59:42","modified_gmt":"2021-04-20T18:59:42","slug":"mathematik","status":"publish","type":"page","link":"https:\/\/wordpress.nibis.de\/roga\/mathematik\/","title":{"rendered":"Mathematik"},"content":{"rendered":"\n<hr class=\"wp-block-separator\" \/>\n\n\n\n<div class=\"wp-block-columns is-layout-flex wp-container-core-columns-is-layout-abceabcf wp-block-columns-is-layout-flex\">\n<div class=\"wp-block-column is-layout-flow wp-block-column-is-layout-flow\" style=\"--col-width:33.33;flex-basis:33.33%\">\n<figure class=\"wp-block-image size-large\"><img loading=\"lazy\" decoding=\"async\" width=\"1024\" height=\"683\" src=\"https:\/\/wordpress.nibis.de\/roga\/files\/2021\/04\/algebra-1238600_1920-1024x683.jpg\" alt=\"\" class=\"wp-image-1659\" srcset=\"https:\/\/wordpress.nibis.de\/roga\/files\/2021\/04\/algebra-1238600_1920-1024x683.jpg 1024w, https:\/\/wordpress.nibis.de\/roga\/files\/2021\/04\/algebra-1238600_1920-300x200.jpg 300w, https:\/\/wordpress.nibis.de\/roga\/files\/2021\/04\/algebra-1238600_1920-768x512.jpg 768w, https:\/\/wordpress.nibis.de\/roga\/files\/2021\/04\/algebra-1238600_1920-1536x1024.jpg 1536w, https:\/\/wordpress.nibis.de\/roga\/files\/2021\/04\/algebra-1238600_1920-420x280.jpg 420w, https:\/\/wordpress.nibis.de\/roga\/files\/2021\/04\/algebra-1238600_1920.jpg 1920w\" sizes=\"auto, (max-width: 1024px) 100vw, 1024px\" \/><\/figure>\n\n\n\n<figure class=\"wp-block-image size-large\"><img loading=\"lazy\" decoding=\"async\" width=\"1024\" height=\"683\" src=\"https:\/\/wordpress.nibis.de\/roga\/files\/2021\/04\/metro-1179249_1920-1024x683.jpg\" alt=\"\" class=\"wp-image-1660\" srcset=\"https:\/\/wordpress.nibis.de\/roga\/files\/2021\/04\/metro-1179249_1920-1024x683.jpg 1024w, https:\/\/wordpress.nibis.de\/roga\/files\/2021\/04\/metro-1179249_1920-300x200.jpg 300w, https:\/\/wordpress.nibis.de\/roga\/files\/2021\/04\/metro-1179249_1920-768x512.jpg 768w, https:\/\/wordpress.nibis.de\/roga\/files\/2021\/04\/metro-1179249_1920-1536x1024.jpg 1536w, https:\/\/wordpress.nibis.de\/roga\/files\/2021\/04\/metro-1179249_1920-420x280.jpg 420w, https:\/\/wordpress.nibis.de\/roga\/files\/2021\/04\/metro-1179249_1920.jpg 1920w\" sizes=\"auto, (max-width: 1024px) 100vw, 1024px\" \/><\/figure>\n\n\n\n<figure class=\"wp-block-image size-large\"><img loading=\"lazy\" decoding=\"async\" width=\"393\" height=\"854\" src=\"https:\/\/wordpress.nibis.de\/roga\/files\/2021\/04\/Unbenannt.gif\" alt=\"\" class=\"wp-image-1677\" \/><\/figure>\n\n\n\n<figure class=\"wp-block-image size-large\"><img loading=\"lazy\" decoding=\"async\" width=\"1024\" height=\"768\" src=\"https:\/\/wordpress.nibis.de\/roga\/files\/2021\/04\/geometry-625155_1920-1024x768.jpg\" alt=\"\" class=\"wp-image-1672\" srcset=\"https:\/\/wordpress.nibis.de\/roga\/files\/2021\/04\/geometry-625155_1920-1024x768.jpg 1024w, https:\/\/wordpress.nibis.de\/roga\/files\/2021\/04\/geometry-625155_1920-300x225.jpg 300w, https:\/\/wordpress.nibis.de\/roga\/files\/2021\/04\/geometry-625155_1920-768x576.jpg 768w, https:\/\/wordpress.nibis.de\/roga\/files\/2021\/04\/geometry-625155_1920-1536x1152.jpg 1536w, https:\/\/wordpress.nibis.de\/roga\/files\/2021\/04\/geometry-625155_1920-100x75.jpg 100w, https:\/\/wordpress.nibis.de\/roga\/files\/2021\/04\/geometry-625155_1920.jpg 1920w\" sizes=\"auto, (max-width: 1024px) 100vw, 1024px\" \/><\/figure>\n\n\n\n<figure class=\"wp-block-image size-large\"><img loading=\"lazy\" decoding=\"async\" width=\"1024\" height=\"683\" src=\"https:\/\/wordpress.nibis.de\/roga\/files\/2021\/04\/math-5247958_1920-1024x683.jpg\" alt=\"\" class=\"wp-image-1673\" srcset=\"https:\/\/wordpress.nibis.de\/roga\/files\/2021\/04\/math-5247958_1920-1024x683.jpg 1024w, https:\/\/wordpress.nibis.de\/roga\/files\/2021\/04\/math-5247958_1920-300x200.jpg 300w, https:\/\/wordpress.nibis.de\/roga\/files\/2021\/04\/math-5247958_1920-768x512.jpg 768w, https:\/\/wordpress.nibis.de\/roga\/files\/2021\/04\/math-5247958_1920-1536x1024.jpg 1536w, https:\/\/wordpress.nibis.de\/roga\/files\/2021\/04\/math-5247958_1920-420x280.jpg 420w, https:\/\/wordpress.nibis.de\/roga\/files\/2021\/04\/math-5247958_1920.jpg 1920w\" sizes=\"auto, (max-width: 1024px) 100vw, 1024px\" \/><\/figure>\n\n\n\n<figure class=\"wp-block-image size-large\"><img loading=\"lazy\" decoding=\"async\" width=\"1024\" height=\"683\" src=\"https:\/\/wordpress.nibis.de\/roga\/files\/2021\/04\/homework-2521144_1920-1024x683.jpg\" alt=\"\" class=\"wp-image-1674\" srcset=\"https:\/\/wordpress.nibis.de\/roga\/files\/2021\/04\/homework-2521144_1920-1024x683.jpg 1024w, https:\/\/wordpress.nibis.de\/roga\/files\/2021\/04\/homework-2521144_1920-300x200.jpg 300w, https:\/\/wordpress.nibis.de\/roga\/files\/2021\/04\/homework-2521144_1920-768x512.jpg 768w, https:\/\/wordpress.nibis.de\/roga\/files\/2021\/04\/homework-2521144_1920-1536x1024.jpg 1536w, https:\/\/wordpress.nibis.de\/roga\/files\/2021\/04\/homework-2521144_1920-420x280.jpg 420w, https:\/\/wordpress.nibis.de\/roga\/files\/2021\/04\/homework-2521144_1920.jpg 1920w\" sizes=\"auto, (max-width: 1024px) 100vw, 1024px\" \/><\/figure>\n<\/div>\n\n\n\n<div class=\"wp-block-column is-layout-flow wp-block-column-is-layout-flow\" style=\"--col-width:66.66;flex-basis:66.66%\">\n<p>Mathematik verbirgt sich in vielen Ph\u00e4nomenen der uns umgebenden Welt.<\/p>\n<p>Sie ist ein n\u00fctzliches Werkzeug mit vielf\u00e4ltigen Anwendungen im beruflichen und privaten Bereich. Sie bietet Orientierung in einer durch Technik und Fortschritt gepr\u00e4gten Welt und erm\u00f6glicht dadurch die aktive Teilnahme am gesellschaftlichen Leben.<\/p>\n<p>Mathematische Begriffe und Methoden entwickelten sich an Fragestellungen und Problemen, die an praktische Bedingungen gebunden sind. Mathematik ist kein abgeschlossener Bereich, sondern beruht auf lebendigem und fantasievollem Handeln, das auf menschlicher Kreativit\u00e4t beruht um Probleme zu l\u00f6sen.<\/p>\n<p>Mathematik wird an der ROGA in der 5.Klasse im Klassenverband, ab Klasse 6 wird in drei verschiedenen Kursniveaus unterrichtet.<\/p>\n<p>Das Fach Mathematik orientiert sich dabei in allen Klassen an f\u00fcnf Kernbereichen. Diese sind Modellieren, Probleml\u00f6sen, Argumentieren, mit Darstellungen und mit symbolischen, formalen und technischen Elementen umgehen. Eben alles, was mit Mathematik zu tun hat.<\/p>\n<p>Im Mathematikunterricht werden die Bereitschaft und die F\u00e4higkeit schrittweise entwickelt, Probleme anzunehmen, sie selbstverantwortlich zu bearbeiten und dabei eigenst\u00e4ndig Strategien anzuwenden. Die Sch\u00fclerInnen m\u00fcssen dazu \u00fcber solides Grundwissen, vielf\u00e4ltige Fertigkeiten und F\u00e4higkeiten verf\u00fcgen und diese flexibel anwenden. An der ROGA bieten wir daf\u00fcr Lernpakete an, die einen gro\u00dfen Pool von Aufgaben umfassen. Diese bearbeiten die Sch\u00fclerInnen selbstst\u00e4ndig und holen sich Hilfe, wenn diese ben\u00f6tigt wird.<\/p>\n<p>Durch das Erkunden von Zusammenh\u00e4ngen, das Entwickeln und Untersuchen von Strukturen, das Verallgemeinern von Einzelf\u00e4llen sowie das Begr\u00fcnden von Aussagen werden Regeln erarbeitet und dauerhaft gefestigt. Kommunizieren \u00fcber mathematische Zusammenh\u00e4nge beinhaltet, \u00dcberlegungen, L\u00f6sungswege und Ergebnisse so zu dokumentieren, verst\u00e4ndlich darzustellen und zu pr\u00e4sentieren, dass jeder sei verstehen und nachvollziehen kann.<\/p>\n<p>Dabei gilt: Mathematik ist nie einfach. Aber Mathematik hat Regeln. Und wenn die Regeln einmal gelten, dann gelten sie immer. Das ist das Tolle an Mathematik.<\/p>\n<p>Das gro\u00dfe Finale sieht bei uns so aus, dass in der Realschulklasse 10 , Hauptschulklasse 10 und Hauptschulklasse 9 am Ende des Jahrgangs schriftliche Abschlusspr\u00fcfungen stattfinden. Diese haben einen Teil, der ohne Taschenrechner bearbeitet werden muss und alle Themen von Klasse 5 bis 8 abbildet, einen Teil, der sich auf das Wissen der letzten beiden Jahre bezieht und einen Wahlteil mit komplexen Aufgabenstellungen aus Klasse 9 und 10.<\/p>\n<\/div>\n<\/div>\n","protected":false},"excerpt":{"rendered":"<p>Mathematik verbirgt sich in vielen Ph\u00e4nomenen der uns umgebenden Welt. Sie ist ein n\u00fctzliches Werkzeug mit vielf\u00e4ltigen Anwendungen im beruflichen und privaten Bereich. Sie bietet<\/p>\n","protected":false},"author":9193501,"featured_media":0,"parent":0,"menu_order":0,"comment_status":"closed","ping_status":"closed","template":"","meta":{"footnotes":""},"class_list":["post-1643","page","type-page","status-publish","hentry"],"_links":{"self":[{"href":"https:\/\/wordpress.nibis.de\/roga\/wp-json\/wp\/v2\/pages\/1643","targetHints":{"allow":["GET"]}}],"collection":[{"href":"https:\/\/wordpress.nibis.de\/roga\/wp-json\/wp\/v2\/pages"}],"about":[{"href":"https:\/\/wordpress.nibis.de\/roga\/wp-json\/wp\/v2\/types\/page"}],"author":[{"embeddable":true,"href":"https:\/\/wordpress.nibis.de\/roga\/wp-json\/wp\/v2\/users\/9193501"}],"replies":[{"embeddable":true,"href":"https:\/\/wordpress.nibis.de\/roga\/wp-json\/wp\/v2\/comments?post=1643"}],"version-history":[{"count":5,"href":"https:\/\/wordpress.nibis.de\/roga\/wp-json\/wp\/v2\/pages\/1643\/revisions"}],"predecessor-version":[{"id":1679,"href":"https:\/\/wordpress.nibis.de\/roga\/wp-json\/wp\/v2\/pages\/1643\/revisions\/1679"}],"wp:attachment":[{"href":"https:\/\/wordpress.nibis.de\/roga\/wp-json\/wp\/v2\/media?parent=1643"}],"curies":[{"name":"wp","href":"https:\/\/api.w.org\/{rel}","templated":true}]}}