{"id":1723,"date":"2021-04-20T22:03:58","date_gmt":"2021-04-20T20:03:58","guid":{"rendered":"https:\/\/wordpress.nibis.de\/roga\/?page_id=1723"},"modified":"2021-04-26T09:49:56","modified_gmt":"2021-04-26T07:49:56","slug":"politik","status":"publish","type":"page","link":"https:\/\/wordpress.nibis.de\/roga\/politik\/","title":{"rendered":"Politik"},"content":{"rendered":"\n<div class=\"wp-block-media-text alignwide is-stacked-on-mobile\"><figure class=\"wp-block-media-text__media\"><img loading=\"lazy\" decoding=\"async\" width=\"1024\" height=\"768\" src=\"https:\/\/wordpress.nibis.de\/roga\/files\/2021\/04\/berlin-1319648_1920-1024x768.jpg\" alt=\"\" class=\"wp-image-1796\" srcset=\"https:\/\/wordpress.nibis.de\/roga\/files\/2021\/04\/berlin-1319648_1920-1024x768.jpg 1024w, https:\/\/wordpress.nibis.de\/roga\/files\/2021\/04\/berlin-1319648_1920-300x225.jpg 300w, https:\/\/wordpress.nibis.de\/roga\/files\/2021\/04\/berlin-1319648_1920-768x576.jpg 768w, https:\/\/wordpress.nibis.de\/roga\/files\/2021\/04\/berlin-1319648_1920-1536x1152.jpg 1536w, https:\/\/wordpress.nibis.de\/roga\/files\/2021\/04\/berlin-1319648_1920-100x75.jpg 100w, https:\/\/wordpress.nibis.de\/roga\/files\/2021\/04\/berlin-1319648_1920.jpg 1920w\" sizes=\"auto, (max-width: 1024px) 100vw, 1024px\" \/><\/figure><div class=\"wp-block-media-text__content\">\n<p>Im <strong><em>Fach Politik<\/em><\/strong> lernen die Sch\u00fclerinnen und Sch\u00fcler <strong><em>ab Klasse 7<\/em><\/strong> unter anderem Rollenspiele durchzuf\u00fchren, Schaubilder auszuwerten, Karikaturen auszuwerten, eigene Schaubilder zu zeichnen, Diskussionen nach festen Mustern zu f\u00fchren und Argumente abzuw\u00e4gen, um Pro- und Kontra-Diskussionen zu f\u00fchren.<\/p>\n\n\n<\/div><\/div>\n","protected":false},"excerpt":{"rendered":"","protected":false},"author":9193501,"featured_media":0,"parent":0,"menu_order":0,"comment_status":"closed","ping_status":"closed","template":"","meta":{"footnotes":""},"class_list":["post-1723","page","type-page","status-publish","hentry"],"_links":{"self":[{"href":"https:\/\/wordpress.nibis.de\/roga\/wp-json\/wp\/v2\/pages\/1723","targetHints":{"allow":["GET"]}}],"collection":[{"href":"https:\/\/wordpress.nibis.de\/roga\/wp-json\/wp\/v2\/pages"}],"about":[{"href":"https:\/\/wordpress.nibis.de\/roga\/wp-json\/wp\/v2\/types\/page"}],"author":[{"embeddable":true,"href":"https:\/\/wordpress.nibis.de\/roga\/wp-json\/wp\/v2\/users\/9193501"}],"replies":[{"embeddable":true,"href":"https:\/\/wordpress.nibis.de\/roga\/wp-json\/wp\/v2\/comments?post=1723"}],"version-history":[{"count":3,"href":"https:\/\/wordpress.nibis.de\/roga\/wp-json\/wp\/v2\/pages\/1723\/revisions"}],"predecessor-version":[{"id":1797,"href":"https:\/\/wordpress.nibis.de\/roga\/wp-json\/wp\/v2\/pages\/1723\/revisions\/1797"}],"wp:attachment":[{"href":"https:\/\/wordpress.nibis.de\/roga\/wp-json\/wp\/v2\/media?parent=1723"}],"curies":[{"name":"wp","href":"https:\/\/api.w.org\/{rel}","templated":true}]}}