{"id":1811,"date":"2021-04-29T22:31:24","date_gmt":"2021-04-29T20:31:24","guid":{"rendered":"https:\/\/wordpress.nibis.de\/roga\/?page_id=1811"},"modified":"2021-04-29T22:40:54","modified_gmt":"2021-04-29T20:40:54","slug":"1811-2","status":"publish","type":"page","link":"https:\/\/wordpress.nibis.de\/roga\/1811-2\/","title":{"rendered":""},"content":{"rendered":"\n<figure class=\"wp-block-image size-large\"><img decoding=\"async\" src=\"https:\/\/wordpress.nibis.de\/roga\/files\/2021\/04\/Tag-der-offenen-T\u00fcr-Logo-2.png\" alt=\"\" class=\"wp-image-1807\" \/><\/figure>\n\n\n\n<p>Hallo und herzlich willkommen an der Rosengarten-Oberschule mit gymnasialem Angebot &#8211; ROGA.<\/p>\n<p>Wir freuen uns, Sie und Dich hier begr\u00fc\u00dfen zu d\u00fcrfen. Aufgrund der derzeitigen Situation ist es uns leider nicht m\u00f6glich, die Schult\u00fcren zu \u00f6ffnen. Dennoch wollen wir einen Blick hinter unsere Mauern erm\u00f6glichen. Viel Spa\u00df dabei!<\/p>\n\n\n\n<div class=\"wp-block-media-text alignwide is-stacked-on-mobile\"><figure class=\"wp-block-media-text__media\"><img loading=\"lazy\" decoding=\"async\" width=\"696\" height=\"472\" src=\"https:\/\/wordpress.nibis.de\/roga\/files\/2021\/04\/ROGA.png\" alt=\"\" class=\"wp-image-1806\" srcset=\"https:\/\/wordpress.nibis.de\/roga\/files\/2021\/04\/ROGA.png 696w, https:\/\/wordpress.nibis.de\/roga\/files\/2021\/04\/ROGA-300x203.png 300w\" sizes=\"auto, (max-width: 696px) 100vw, 696px\" \/><\/figure><div class=\"wp-block-media-text__content\">\n<p><a href=\"https:\/\/wordpress.nibis.de\/roga\/unsere-schule\/\">Hier<\/a> findest du \/ finden Sie alle Informationen \u00fcber unsere Schule<\/p>\n<\/div><\/div>\n\n\n\n<div class=\"wp-block-media-text alignwide has-media-on-the-right is-stacked-on-mobile\"><figure class=\"wp-block-media-text__media\"><img loading=\"lazy\" decoding=\"async\" width=\"598\" height=\"407\" src=\"https:\/\/wordpress.nibis.de\/roga\/files\/2021\/02\/360\u00b0-Tour.jpg\" alt=\"\" class=\"wp-image-1461\" srcset=\"https:\/\/wordpress.nibis.de\/roga\/files\/2021\/02\/360\u00b0-Tour.jpg 598w, https:\/\/wordpress.nibis.de\/roga\/files\/2021\/02\/360\u00b0-Tour-300x204.jpg 300w\" sizes=\"auto, (max-width: 598px) 100vw, 598px\" \/><\/figure><div class=\"wp-block-media-text__content\">\n<p>Entdecke deine neue Schule in unserem <a href=\"https:\/\/wordpress.nibis.de\/roga\/360-tour-lerne-deine-neue-schule-kennen\/\">360\u00b0 Rundgang<\/a><\/p>\n\n\n\n<p><em>(Vielleicht entdeckt du dabei auch ein paar kleine Spiele)<\/em><\/p>\n<\/div><\/div>\n","protected":false},"excerpt":{"rendered":"<p>Hallo und herzlich willkommen an der Rosengarten-Oberschule mit gymnasialem Angebot &#8211; ROGA. Wir freuen uns, Sie und Dich hier begr\u00fc\u00dfen zu d\u00fcrfen. Aufgrund der derzeitigen<\/p>\n","protected":false},"author":9193501,"featured_media":0,"parent":0,"menu_order":0,"comment_status":"closed","ping_status":"closed","template":"","meta":{"footnotes":""},"class_list":["post-1811","page","type-page","status-publish","hentry"],"_links":{"self":[{"href":"https:\/\/wordpress.nibis.de\/roga\/wp-json\/wp\/v2\/pages\/1811","targetHints":{"allow":["GET"]}}],"collection":[{"href":"https:\/\/wordpress.nibis.de\/roga\/wp-json\/wp\/v2\/pages"}],"about":[{"href":"https:\/\/wordpress.nibis.de\/roga\/wp-json\/wp\/v2\/types\/page"}],"author":[{"embeddable":true,"href":"https:\/\/wordpress.nibis.de\/roga\/wp-json\/wp\/v2\/users\/9193501"}],"replies":[{"embeddable":true,"href":"https:\/\/wordpress.nibis.de\/roga\/wp-json\/wp\/v2\/comments?post=1811"}],"version-history":[{"count":4,"href":"https:\/\/wordpress.nibis.de\/roga\/wp-json\/wp\/v2\/pages\/1811\/revisions"}],"predecessor-version":[{"id":1821,"href":"https:\/\/wordpress.nibis.de\/roga\/wp-json\/wp\/v2\/pages\/1811\/revisions\/1821"}],"wp:attachment":[{"href":"https:\/\/wordpress.nibis.de\/roga\/wp-json\/wp\/v2\/media?parent=1811"}],"curies":[{"name":"wp","href":"https:\/\/api.w.org\/{rel}","templated":true}]}}