{"id":1878,"date":"2021-05-11T15:32:56","date_gmt":"2021-05-11T13:32:56","guid":{"rendered":"https:\/\/wordpress.nibis.de\/roga\/?page_id=1878"},"modified":"2021-05-11T15:35:27","modified_gmt":"2021-05-11T13:35:27","slug":"soziales-lernen","status":"publish","type":"page","link":"https:\/\/wordpress.nibis.de\/roga\/soziales-lernen\/","title":{"rendered":"Soziales Lernen"},"content":{"rendered":"<p>Als \u201eBeziehungsschule\u201c, die wir sein wollen, tritt f\u00fcr uns selbstverst\u00e4ndlich neben das fachliche Lernen auch das soziale Lernen. Nur in Beziehung und nur durch Beziehung lernt man: Die ROGA lebt als Beziehungsschule \u2013 die Lehrkr\u00e4fte unterst\u00fctzen die Lernenden als Mentoren bei der Entwicklung ihrer Kompetenzen. In Einzel- oder Gruppencoaching-Gespr\u00e4chen werden Ziele entwickelt und der Weg dorthin abgesteckt. Durch gemeinsame Zwischenstandsgespr\u00e4che sind auch die Eltern und Erziehungsberechtigten regelm\u00e4\u00dfig informiert und nehmen an der schulischen Entwicklung ihres Kindes teil.<\/p>\n<p>Wie k\u00f6nnen Sie sich das soziale Lernen konkret vorstellen?<\/p>\n<p><strong>Lions Quest<\/strong><\/p>\n<p>An der ROGA arbeiten wir nach Lions Quest, daf\u00fcr weisen wir im Stundenplan einer jeden Klasse eine Stunde pro Woche aus. Dabei arbeiten wir mit dem bew\u00e4hrten Programm von Lions Quest in den Modulen \u201eErwachsen werden\u201c und \u201eErwachsen handeln\u201c. Wir unterst\u00fctzen unsere Sch\u00fclerinnen und Sch\u00fcler auf ihrem Weg des Erwachsen Werdens, auch durch die turbulente Phase der Pubert\u00e4t. Dabei liegt der Fokus neben der Bearbeitung von aktuellen Konflikten in der Klasse vor allem darauf, tragf\u00e4hige Beziehungen zu gestalten, die ein gemeinsames Arbeiten erm\u00f6glichen. Hinzu kommt das gemeinsame Entwickeln von Zukunftsperspektiven.<\/p>\n<p><strong>Projektunterricht<\/strong><\/p>\n<p>Im Projektunterricht k\u00f6nnen unsere Sch\u00fclerinnen und Sch\u00fcler an exemplarisch ausgew\u00e4hlten Themen ihre Fertigkeiten und F\u00e4higkeiten z.B. im k\u00fcnstlerisch-musischen, naturwissenschaftlichen oder handwerklichen Bereich ausbilden. Sie lernen, sich einem Thema aus fach\u00fcbergreifender Perspektive anzun\u00e4hern und im Team ein Ergebnis zu produzieren.<\/p>\n<p><strong>Sozialer Tag f\u00fcr Tansania (Schulpartnerschaft)<\/strong><\/p>\n<p>Soziales Lernen gepaart mit Berufsorientierung und ersten Erfahrungen in der Entwicklungshilfe \u2013 all das bietet unser Sozialer Tag f\u00fcr Tansania. F\u00fcr unsere Partnerschule, der \u201eMakomu Secondary School\u201c in Tansania, arbeiten unsere Sch\u00fclerinnen und Sch\u00fcler einen Tag im Schuljahr z.B. in Ausbildungsbetrieben und spenden ihren Lohn f\u00fcr diesen Tag f\u00fcr die Weiterentwicklung unserer Partnerschule. Auch durch unsere Mitarbeit konnten mittlerweile drei Schulgeb\u00e4ude in Tansania entstehen.<\/p>\n<p><strong>Patenausbildung<\/strong><\/p>\n<p>In der achten Klasse k\u00f6nnen sich Sch\u00fclerinnen und Sch\u00fcler zu Paten f\u00fcr unsere neuen F\u00fcnftkl\u00e4ssler ausbilden lassen. Sie werden geschult im altersangemessenen Umgang mit Kleingruppen, in Fragen zur Beaufsichtigung und zu ersten Angeboten der p\u00e4dagogischen Besch\u00e4ftigung. Diese Ausbildung wird auf dem Zeugnis zertifiziert.<\/p>\n","protected":false},"excerpt":{"rendered":"<p>Als \u201eBeziehungsschule\u201c, die wir sein wollen, tritt f\u00fcr uns selbstverst\u00e4ndlich neben das fachliche Lernen auch das soziale Lernen. Nur in Beziehung und nur durch Beziehung<\/p>\n","protected":false},"author":9193501,"featured_media":0,"parent":0,"menu_order":0,"comment_status":"closed","ping_status":"closed","template":"","meta":{"footnotes":""},"class_list":["post-1878","page","type-page","status-publish","hentry"],"_links":{"self":[{"href":"https:\/\/wordpress.nibis.de\/roga\/wp-json\/wp\/v2\/pages\/1878","targetHints":{"allow":["GET"]}}],"collection":[{"href":"https:\/\/wordpress.nibis.de\/roga\/wp-json\/wp\/v2\/pages"}],"about":[{"href":"https:\/\/wordpress.nibis.de\/roga\/wp-json\/wp\/v2\/types\/page"}],"author":[{"embeddable":true,"href":"https:\/\/wordpress.nibis.de\/roga\/wp-json\/wp\/v2\/users\/9193501"}],"replies":[{"embeddable":true,"href":"https:\/\/wordpress.nibis.de\/roga\/wp-json\/wp\/v2\/comments?post=1878"}],"version-history":[{"count":3,"href":"https:\/\/wordpress.nibis.de\/roga\/wp-json\/wp\/v2\/pages\/1878\/revisions"}],"predecessor-version":[{"id":1885,"href":"https:\/\/wordpress.nibis.de\/roga\/wp-json\/wp\/v2\/pages\/1878\/revisions\/1885"}],"wp:attachment":[{"href":"https:\/\/wordpress.nibis.de\/roga\/wp-json\/wp\/v2\/media?parent=1878"}],"curies":[{"name":"wp","href":"https:\/\/api.w.org\/{rel}","templated":true}]}}