{"id":1888,"date":"2021-05-11T15:37:44","date_gmt":"2021-05-11T13:37:44","guid":{"rendered":"https:\/\/wordpress.nibis.de\/roga\/?page_id=1888"},"modified":"2021-12-15T15:30:33","modified_gmt":"2021-12-15T14:30:33","slug":"berufsorientierende-massnahmen","status":"publish","type":"page","link":"https:\/\/wordpress.nibis.de\/roga\/berufsorientierende-massnahmen\/","title":{"rendered":"Berufsorientierende Ma\u00dfnahmen"},"content":{"rendered":"<p>Neben den drei verpflichtenden Praktika in den Jahrg\u00e4ngen 8, 9 und 10 finden begleitend berufsorientierende Ma\u00dfnahmen statt. Berufsorientierung ist unserem Verst\u00e4ndnis keine Aufgabe, die erst kurz vor dem Abschluss aktuell wird. Insofern sind die berufsorientierenden Ma\u00dfnahmen ab Klasse 5 fester Bestandteil des Lernens an der ROGA.<\/p>\n<p>Die einzelnen Ma\u00dfnahmen f\u00fcr die Jahrg\u00e4nge finden Sie unter den folgenden Links.<\/p>\n\n\n<div class=\"wp-block-image\"><figure class=\"aligncenter size-full is-resized\"><a href=\"https:\/\/wordpress.nibis.de\/roga\/berufsorientierung-jahrgang-5-6\/\"><img loading=\"lazy\" decoding=\"async\" src=\"https:\/\/wordpress.nibis.de\/roga\/files\/2021\/12\/Jahrgang-56.png\" alt=\"\" class=\"wp-image-2242\" width=\"366\" height=\"59\" srcset=\"https:\/\/wordpress.nibis.de\/roga\/files\/2021\/12\/Jahrgang-56.png 731w, https:\/\/wordpress.nibis.de\/roga\/files\/2021\/12\/Jahrgang-56-300x48.png 300w\" sizes=\"auto, (max-width: 366px) 100vw, 366px\" \/><\/a><\/figure><\/div>\n\n\n\n<div class=\"wp-block-image\"><figure class=\"aligncenter size-full is-resized\"><a href=\"https:\/\/wordpress.nibis.de\/roga\/berufsorientierung-7-8\/\"><img loading=\"lazy\" decoding=\"async\" src=\"https:\/\/wordpress.nibis.de\/roga\/files\/2021\/12\/Jahrgang-78.png\" alt=\"\" class=\"wp-image-2243\" width=\"365\" height=\"57\" srcset=\"https:\/\/wordpress.nibis.de\/roga\/files\/2021\/12\/Jahrgang-78.png 730w, https:\/\/wordpress.nibis.de\/roga\/files\/2021\/12\/Jahrgang-78-300x46.png 300w\" sizes=\"auto, (max-width: 365px) 100vw, 365px\" \/><\/a><\/figure><\/div>\n\n\n\n<div class=\"wp-block-image\"><figure class=\"aligncenter size-full is-resized\"><a href=\"https:\/\/wordpress.nibis.de\/roga\/berufsorientierung-9-10\/\"><img loading=\"lazy\" decoding=\"async\" src=\"https:\/\/wordpress.nibis.de\/roga\/files\/2021\/12\/Jahrgang-910.png\" alt=\"\" class=\"wp-image-2244\" width=\"364\" height=\"55\" srcset=\"https:\/\/wordpress.nibis.de\/roga\/files\/2021\/12\/Jahrgang-910.png 728w, https:\/\/wordpress.nibis.de\/roga\/files\/2021\/12\/Jahrgang-910-300x45.png 300w\" sizes=\"auto, (max-width: 364px) 100vw, 364px\" \/><\/a><\/figure><\/div>\n\n\n\n<p><\/p>\n","protected":false},"excerpt":{"rendered":"<p>Neben den drei verpflichtenden Praktika in den Jahrg\u00e4ngen 8, 9 und 10 finden begleitend berufsorientierende Ma\u00dfnahmen statt. Berufsorientierung ist unserem Verst\u00e4ndnis keine Aufgabe, die erst<\/p>\n","protected":false},"author":9193501,"featured_media":0,"parent":0,"menu_order":0,"comment_status":"closed","ping_status":"closed","template":"","meta":{"footnotes":""},"class_list":["post-1888","page","type-page","status-publish","hentry"],"_links":{"self":[{"href":"https:\/\/wordpress.nibis.de\/roga\/wp-json\/wp\/v2\/pages\/1888","targetHints":{"allow":["GET"]}}],"collection":[{"href":"https:\/\/wordpress.nibis.de\/roga\/wp-json\/wp\/v2\/pages"}],"about":[{"href":"https:\/\/wordpress.nibis.de\/roga\/wp-json\/wp\/v2\/types\/page"}],"author":[{"embeddable":true,"href":"https:\/\/wordpress.nibis.de\/roga\/wp-json\/wp\/v2\/users\/9193501"}],"replies":[{"embeddable":true,"href":"https:\/\/wordpress.nibis.de\/roga\/wp-json\/wp\/v2\/comments?post=1888"}],"version-history":[{"count":3,"href":"https:\/\/wordpress.nibis.de\/roga\/wp-json\/wp\/v2\/pages\/1888\/revisions"}],"predecessor-version":[{"id":2247,"href":"https:\/\/wordpress.nibis.de\/roga\/wp-json\/wp\/v2\/pages\/1888\/revisions\/2247"}],"wp:attachment":[{"href":"https:\/\/wordpress.nibis.de\/roga\/wp-json\/wp\/v2\/media?parent=1888"}],"curies":[{"name":"wp","href":"https:\/\/api.w.org\/{rel}","templated":true}]}}