{"id":1891,"date":"2021-05-11T15:41:30","date_gmt":"2021-05-11T13:41:30","guid":{"rendered":"https:\/\/wordpress.nibis.de\/roga\/?page_id=1891"},"modified":"2021-12-15T15:19:41","modified_gmt":"2021-12-15T14:19:41","slug":"berufsorientierung-jahrgang-5-6","status":"publish","type":"page","link":"https:\/\/wordpress.nibis.de\/roga\/berufsorientierung-jahrgang-5-6\/","title":{"rendered":"Berufsorientierung 5\/6"},"content":{"rendered":"\n<p>\u201eWer bin ich?\u201c &#8211; In den ersten beiden Schuljahren an unserer Schule setzen sich die Sch\u00fclerinnen und Sch\u00fcler intensiv mit sich und ihrer Rolle in der Gemeinschaft auseinander. So haben die Ma\u00dfnahmen in diesem Doppeljahrgang ihre Schwerpunkte daran, dass die Sch\u00fclerinnen und Sch\u00fcler ihre sozialen Kompetenzen sowie ihre Selbstkompetenz erproben und entwickeln k\u00f6nnen. Folgende Ziele stehen dabei im Vordergrund:<\/p>\n<ul>\n<li><strong>im Bereich der Selbstkompetenz<\/strong><br \/>&#8211; Eigenverantwortung<br \/>&#8211; Selbstorganisation und -motivation<br \/>&#8211; Zeitmanagement<br \/>&#8211; Zuverl\u00e4ssigkeit<\/li>\n<li><strong>im Bereich der sozialen Kompetenten<\/strong><br \/>&#8211; Empathie<br \/>&#8211; Kommunikationsf\u00e4higkeit<br \/>&#8211; Konfliktf\u00e4higkeit<br \/>&#8211; Teamf\u00e4higkeit<\/li>\n<\/ul>\n<p><strong>Die Ziele erreichen wir \u00fcber die folgenden Ma\u00dfnahmen an unserer Schule:<\/strong><br \/>&#8211; Einf\u00fchrungstage in Jahrgang 5<br \/>&#8211; Lernzeiten &#8211; <em>Die Lernzeiten sind Zeiten, in denen die Sch\u00fclerinnen und Sch\u00fcler eigenverantwortlich und selbstgesteuert lernen. Unterst\u00fctzt wird dieser Prozess durch das Logbuch und Coachinggespr\u00e4che.<\/em><br \/>&#8211; Klassenrat<br \/>&#8211; <a href=\"https:\/\/wordpress.nibis.de\/roga\/soziales-lernen\/\">Projektunterricht<\/a> <br \/>&#8211; <a href=\"https:\/\/wordpress.nibis.de\/roga\/soziales-lernen\/\">LionsQuest<\/a> <br \/>&#8211; Nutzung des Logbuchs<br \/>&#8211; P\u00e4dagogische Mittagszeit<br \/>&#8211; <a href=\"https:\/\/wordpress.nibis.de\/roga\/soziales-lernen\/\">Sozialer Tag f\u00fcr Tansania<\/a><br \/>&#8211; Pr\u00e4ventionstage: Suchtpr\u00e4vention, Gewaltpr\u00e4vention<br \/>&#8211; Medienbildung<br \/>&#8211; Sportturniere und -feste<\/p>\n<p>Der <a href=\"https:\/\/wordpress.nibis.de\/roga\/zukunftstag\/\">Zukunftstag<\/a> dient zum einen dem Erproben der neu erlernten F\u00e4higkeiten; zum anderen stellt \u00fcber den ersten Kontakt mit der Arbeitswelt ein Sensibilisieren f\u00fcr das Thema Berufswelt dar.<\/p>\n","protected":false},"excerpt":{"rendered":"<p>\u201eWer bin ich?\u201c &#8211; In den ersten beiden Schuljahren an unserer Schule setzen sich die Sch\u00fclerinnen und Sch\u00fcler intensiv mit sich und ihrer Rolle in<\/p>\n","protected":false},"author":9193501,"featured_media":0,"parent":0,"menu_order":0,"comment_status":"closed","ping_status":"closed","template":"","meta":{"footnotes":""},"class_list":["post-1891","page","type-page","status-publish","hentry"],"_links":{"self":[{"href":"https:\/\/wordpress.nibis.de\/roga\/wp-json\/wp\/v2\/pages\/1891","targetHints":{"allow":["GET"]}}],"collection":[{"href":"https:\/\/wordpress.nibis.de\/roga\/wp-json\/wp\/v2\/pages"}],"about":[{"href":"https:\/\/wordpress.nibis.de\/roga\/wp-json\/wp\/v2\/types\/page"}],"author":[{"embeddable":true,"href":"https:\/\/wordpress.nibis.de\/roga\/wp-json\/wp\/v2\/users\/9193501"}],"replies":[{"embeddable":true,"href":"https:\/\/wordpress.nibis.de\/roga\/wp-json\/wp\/v2\/comments?post=1891"}],"version-history":[{"count":10,"href":"https:\/\/wordpress.nibis.de\/roga\/wp-json\/wp\/v2\/pages\/1891\/revisions"}],"predecessor-version":[{"id":2240,"href":"https:\/\/wordpress.nibis.de\/roga\/wp-json\/wp\/v2\/pages\/1891\/revisions\/2240"}],"wp:attachment":[{"href":"https:\/\/wordpress.nibis.de\/roga\/wp-json\/wp\/v2\/media?parent=1891"}],"curies":[{"name":"wp","href":"https:\/\/api.w.org\/{rel}","templated":true}]}}