{"id":1909,"date":"2021-05-11T17:42:06","date_gmt":"2021-05-11T15:42:06","guid":{"rendered":"https:\/\/wordpress.nibis.de\/roga\/?page_id=1909"},"modified":"2023-05-11T13:03:15","modified_gmt":"2023-05-11T11:03:15","slug":"berufsorientierung-7-8","status":"publish","type":"page","link":"https:\/\/wordpress.nibis.de\/roga\/berufsorientierung-7-8\/","title":{"rendered":"Berufsorientierung 7\/8"},"content":{"rendered":"\n<p>\u201eWas kann ich?\u201c \u2013 In dem mittlerem Doppeljahrgang setzen sich die Sch\u00fclerinnen und Sch\u00fcler mit ihren F\u00e4higkeiten und Fertigkeiten auseinander. Sie entdecken, in welchen Bereichen sie ihre St\u00e4rken haben und bauen diese aus. Au\u00dferdem formulieren sie ihre eigenen Interessen. In diesem Prozess erhalten sie auch R\u00fcckmeldungen von Anderen, um so ihr Selbstbild mit ihrer Au\u00dfenwahrnehmung abzugleichen. Gleichzeitig erwerben die Sch\u00fclerinnen und Sch\u00fcler Wissen \u00fcber Berufe und den Zweck von Arbeit: Sie lernen Unternehmen von innen sowie ihre Arbeitsweise kennen und erkunden verschiedene Berufsfelder. Ziel ist es die eigenen Fertigkeiten mit den Anforderungen der verschiedenen Berufe abzugleichen, sodass die Sch\u00fclerinnen und Sch\u00fcler eine eigene Berufsvorstellung entwickeln k\u00f6nnen.<\/p>\n\n\n\n<p><strong>Folgende Ma\u00dfnahmen werden deswegen in dem Doppeljahrgang durchgef\u00fchrt:<\/strong><\/p>\n\n\n\n<ul class=\"wp-block-list\"><li><a href=\"https:\/\/www.landesforsten.de\/erleben\/waldpaedagogik\/unsere-waldpaedagogikzentren\/wpz-hahnhorst\/unsere-angebote\/jugendwaldeinsatz\/\">Jugendwaldeinsatz<\/a> &#8211; <em>Der Jugendwaldeinsatz findet verbindlich 2 Wochen lang in der 8. Klasse statt und ersetzt vollumf\u00e4nglich das Betriebspraktikum. Zertifikate \u00fcber die erfolgreiche Teilnahme werden von Seiten der Landesforsten ausgestellt. Die SuS lernen verschiedene Berufsfelder rund um die Forstarbeit kennen und d\u00fcrfen sich selbst in forstwirtschaftlichen Aufgaben probieren. Damit leistet der Jugendwaldeinsatz disziplinen\u00fcbergreifende Beitr\u00e4ge zur Berufsorientierung, Bildung f\u00fcr eine nachhaltige Entwicklung, &#8230; .<\/em><\/li><li>Lernzeiten &#8211; <em>Die Lernzeiten sind Zeiten, in denen die Sch\u00fclerinnen und Sch\u00fcler eigenverantwortlich und selbstgesteuert lernen. Unterst\u00fctzt wird dieser Prozess durch das Logbuch und Coachinggespr\u00e4che.<\/em><\/li><li><a href=\"https:\/\/wordpress.nibis.de\/roga\/soziales-lernen\/\">Sozialer Tag f\u00fcr Tansania<\/a><\/li><li>Pr\u00e4ventionstage: Suchtpr\u00e4vention, Gewaltpr\u00e4vention<\/li><li>Medienbildung<\/li><li><a href=\"https:\/\/wordpress.nibis.de\/roga\/zukunftstag\/\">Zukunftstag<\/a><\/li><li>Betriebsbesichtigungen und -erkundungen<\/li><li><a href=\"https:\/\/wir-bilden-den-norden.de\/projektuebersicht\/allgemeinbildung-und-berufsorientierung\/infotruck\/\">InfoTruck von Nordmetall e.V.<\/a><\/li><li>Dokumentation \u00fcber den Berufswahlpass<\/li><li>Informationselternabend \u00fcber den schulischen und beruflichen Werdegang<\/li><li>Praktische Berufsweltorientierung<\/li><li>Berufsberatung<\/li><li><a href=\"https:\/\/wordpress.nibis.de\/roga\/ganztag-an-der-roga\/\">Patenausbildung<\/a><\/li><li><a href=\"https:\/\/wordpress.nibis.de\/roga\/mint-schule-niedersachsen\/\">Projekt-Bereich MINT<\/a><\/li><li><a href=\"https:\/\/wordpress.nibis.de\/roga\/hamet-potentialanalyse\/\">Hamet<\/a><\/li><\/ul>\n","protected":false},"excerpt":{"rendered":"<p>\u201eWas kann ich?\u201c \u2013 In dem mittlerem Doppeljahrgang setzen sich die Sch\u00fclerinnen und Sch\u00fcler mit ihren F\u00e4higkeiten und Fertigkeiten auseinander. Sie entdecken, in welchen Bereichen<\/p>\n","protected":false},"author":9193501,"featured_media":0,"parent":0,"menu_order":0,"comment_status":"closed","ping_status":"closed","template":"","meta":{"footnotes":""},"class_list":["post-1909","page","type-page","status-publish","hentry"],"_links":{"self":[{"href":"https:\/\/wordpress.nibis.de\/roga\/wp-json\/wp\/v2\/pages\/1909","targetHints":{"allow":["GET"]}}],"collection":[{"href":"https:\/\/wordpress.nibis.de\/roga\/wp-json\/wp\/v2\/pages"}],"about":[{"href":"https:\/\/wordpress.nibis.de\/roga\/wp-json\/wp\/v2\/types\/page"}],"author":[{"embeddable":true,"href":"https:\/\/wordpress.nibis.de\/roga\/wp-json\/wp\/v2\/users\/9193501"}],"replies":[{"embeddable":true,"href":"https:\/\/wordpress.nibis.de\/roga\/wp-json\/wp\/v2\/comments?post=1909"}],"version-history":[{"count":13,"href":"https:\/\/wordpress.nibis.de\/roga\/wp-json\/wp\/v2\/pages\/1909\/revisions"}],"predecessor-version":[{"id":2973,"href":"https:\/\/wordpress.nibis.de\/roga\/wp-json\/wp\/v2\/pages\/1909\/revisions\/2973"}],"wp:attachment":[{"href":"https:\/\/wordpress.nibis.de\/roga\/wp-json\/wp\/v2\/media?parent=1909"}],"curies":[{"name":"wp","href":"https:\/\/api.w.org\/{rel}","templated":true}]}}