{"id":1913,"date":"2021-05-11T17:43:21","date_gmt":"2021-05-11T15:43:21","guid":{"rendered":"https:\/\/wordpress.nibis.de\/roga\/?page_id=1913"},"modified":"2021-12-16T19:57:57","modified_gmt":"2021-12-16T18:57:57","slug":"berufsorientierung-9-10","status":"publish","type":"page","link":"https:\/\/wordpress.nibis.de\/roga\/berufsorientierung-9-10\/","title":{"rendered":"Berufsorientierung 9\/10"},"content":{"rendered":"\n<p>\u201eWas will ich?\u201c \u2013 Als Schule haben wir uns zum Ziel gesetzt, dass unsere Sch\u00fclerinnen und Sch\u00fcler nach Klasse 9 bzw. 10 die Schule verlassen und schon die ersten Schritte in ihr ganz individuellen Berufsleben gegangen sind bzw. vorbereitet haben. F\u00fcr sie bedeutet das, dass sie in diesen Jahren berufliche Entscheidungen vorbereiten, Alternativen abw\u00e4gen, um so individuelle Ziele realisieren zu k\u00f6nnen.<br \/>Um diese Entscheidungen konkretisieren zu k\u00f6nnen, werden die Sch\u00fclerinnen und Sch\u00fcler weitere berufliche Erfahrungen sammeln k\u00f6nnen. So werden sie praktisch in der Arbeitswelt t\u00e4tig, erfahren, was Arbeitgeber von Auszubildenden erwarten und konkretisieren so ihren beruflichen bzw. schulischen Werdegang.<br \/>Wichtig dabei ist, dass die sie auch den Prozess der Bewerbung kennenlernen und erproben k\u00f6nnen. So werden Bewerbungsmappen erstellt, Gespr\u00e4che ge\u00fcbt und das Wissen bei der Praktikums- und Ausbildungsplatzsuche genutzt.<br \/><\/p>\n\n\n\n<p>Um das Ziel der individuellen Lebenswegplanung zu erreichen, werden die folgenden Ma\u00dfnahmen angesetzt:<\/p>\n\n\n\n<ul class=\"wp-block-list\"><li>Lernzeiten<br \/><em>Die Lernzeiten sind Zeiten, in denen die Sch\u00fclerinnen und Sch\u00fcler eigenverantwortlich und selbstgesteuert lernen. Unterst\u00fctzt wird dieser Prozess durch das Logbuch und Coachinggespr\u00e4che.<\/em><\/li><li><a href=\"https:\/\/wordpress.nibis.de\/roga\/soziales-lernen\/\">Sozialer Tag f\u00fcr Tansania<\/a> <\/li><li>Pr\u00e4ventionstage: Suchtpr\u00e4vention, Gewaltpr\u00e4vention<\/li><li>Medienbildung<\/li><li><a href=\"https:\/\/wordpress.nibis.de\/roga\/zukunftstag\/\">Zukunftstag<\/a><\/li><li>Berufsberatung<\/li><li>Bewerbungstrainings<\/li><li>Sch\u00fclerfirma<\/li><li>Praktische Berufsweltorientierung<\/li><li><a href=\"https:\/\/wordpress.nibis.de\/roga\/berufspraktikum\/\">Praktikum II und III<\/a><\/li><li>Profile \/ berufsorientierende Wahlpflichtkurse<\/li><li>Informationsabend, an dem sich die BBS Buchholz vorstellt und die Berufsberatung der Agentur f\u00fcr Arbeit anwesend ist<\/li><li><a href=\"https:\/\/wordpress.nibis.de\/roga\/mint-schule-niedersachsen\/\">MINT ING<\/a><\/li><\/ul>\n","protected":false},"excerpt":{"rendered":"<p>\u201eWas will ich?\u201c \u2013 Als Schule haben wir uns zum Ziel gesetzt, dass unsere Sch\u00fclerinnen und Sch\u00fcler nach Klasse 9 bzw. 10 die Schule verlassen<\/p>\n","protected":false},"author":9193501,"featured_media":0,"parent":0,"menu_order":0,"comment_status":"closed","ping_status":"closed","template":"","meta":{"footnotes":""},"class_list":["post-1913","page","type-page","status-publish","hentry"],"_links":{"self":[{"href":"https:\/\/wordpress.nibis.de\/roga\/wp-json\/wp\/v2\/pages\/1913","targetHints":{"allow":["GET"]}}],"collection":[{"href":"https:\/\/wordpress.nibis.de\/roga\/wp-json\/wp\/v2\/pages"}],"about":[{"href":"https:\/\/wordpress.nibis.de\/roga\/wp-json\/wp\/v2\/types\/page"}],"author":[{"embeddable":true,"href":"https:\/\/wordpress.nibis.de\/roga\/wp-json\/wp\/v2\/users\/9193501"}],"replies":[{"embeddable":true,"href":"https:\/\/wordpress.nibis.de\/roga\/wp-json\/wp\/v2\/comments?post=1913"}],"version-history":[{"count":4,"href":"https:\/\/wordpress.nibis.de\/roga\/wp-json\/wp\/v2\/pages\/1913\/revisions"}],"predecessor-version":[{"id":2251,"href":"https:\/\/wordpress.nibis.de\/roga\/wp-json\/wp\/v2\/pages\/1913\/revisions\/2251"}],"wp:attachment":[{"href":"https:\/\/wordpress.nibis.de\/roga\/wp-json\/wp\/v2\/media?parent=1913"}],"curies":[{"name":"wp","href":"https:\/\/api.w.org\/{rel}","templated":true}]}}