{"id":196,"date":"2020-04-14T10:14:19","date_gmt":"2020-04-14T08:14:19","guid":{"rendered":"https:\/\/wordpress.nibis.de\/roga\/?page_id=196"},"modified":"2022-01-16T11:13:50","modified_gmt":"2022-01-16T10:13:50","slug":"berufsorientierung","status":"publish","type":"page","link":"https:\/\/wordpress.nibis.de\/roga\/berufsorientierung\/","title":{"rendered":"Berufsorientierung"},"content":{"rendered":"\n<p style=\"text-align: center\"><strong>\u201eWer bin ich?\u201c, \u201eWas kann ich?\u201c, \u201eWas will ich?\u201c<\/strong><\/p>\n<p>\u2013 diesen drei Fragen gehen wir in der ROGA gemeinsam mit unseren Lernenden im Rahmen der sechsj\u00e4hrigen Berufsorientierung nach.<br \/>Wir an der ROGA verstehen uns als \u201eBeziehungsschule\u201c; neben den fachlichen Kompetenzen ist es uns wichtig, die Sch\u00fclerinnen und Sch\u00fcler auf ihrem ganz individuellen Weg ins Erwachsenenleben zu begleiten. Das bedeutet f\u00fcr uns, dass wir sie nicht nur fachlich bestm\u00f6glich bis zu ihrem letzten Zeugnis unterst\u00fctzen wollen (es k\u00f6nnen alle Abschl\u00fcsse nach Klasse 10 an der ROGA erworben werden). Wir haben den Anspruch an uns selber, dass unsere Abg\u00e4ngerinnen und Abg\u00e4nger ihre n\u00e4chsten ganz individuellen beruflichen bzw. schulischen Schritte gut vorbereitet haben und selbstbewusst gehen k\u00f6nnen. <br \/>Um unseren Anspruch in einer sich st\u00e4ndig ver\u00e4nderten Arbeitswelt zu gew\u00e4hrleisten, ist unser Handeln im Bereich der Berufsorientierung vielf\u00e4ltig und geht individuell auf den Einzelnen ein. Dabei setzen wir auf ein Geflecht aus Beziehungen, dass wir nutzen wie bspw. die Eltern, unsere Kooperationspartner, Freunde und Familie der Sch\u00fclerinnen und Sch\u00fcler. <br \/>Dieses Handeln wird kontinuierlich evaluiert, um so den Bereich der Berufsorientierung stetig an die Sch\u00fclerschaft und Rahmenbedingungen anpassen zu k\u00f6nnen.<\/p>\n<p><strong>Ansprechpartner:<\/strong><\/p>\n\n\n\n<div class=\"wp-block-columns has-2-columns is-layout-flex wp-container-core-columns-is-layout-abceabcf wp-block-columns-is-layout-flex\">\n<div class=\"wp-block-column is-layout-flow wp-block-column-is-layout-flow\">\n<div class=\"wp-block-media-text alignwide\"><figure class=\"wp-block-media-text__media\"><img loading=\"lazy\" decoding=\"async\" width=\"205\" height=\"205\" src=\"https:\/\/wordpress.nibis.de\/roga\/files\/2021\/12\/Ujp27EBK_400x400.png\" alt=\"\" class=\"wp-image-2205 size-full\" srcset=\"https:\/\/wordpress.nibis.de\/roga\/files\/2021\/12\/Ujp27EBK_400x400.png 205w, https:\/\/wordpress.nibis.de\/roga\/files\/2021\/12\/Ujp27EBK_400x400-150x150.png 150w\" sizes=\"auto, (max-width: 205px) 100vw, 205px\" \/><\/figure><div class=\"wp-block-media-text__content\">\n<p class=\"has-normal-font-size\"><strong>Berufsbeartung der Agentur f\u00fcr Arbeit<\/strong><\/p>\n\n\n\n<p>Frau Gieschen<\/p>\n<\/div><\/div>\n\n\n<\/div>\n\n\n\n<div class=\"wp-block-column is-layout-flow wp-block-column-is-layout-flow\">\n<div class=\"wp-block-media-text alignwide\"><figure class=\"wp-block-media-text__media\"><a href=\"https:\/\/wordpress.nibis.de\/roga\/schusozialarbeit\/\"><img loading=\"lazy\" decoding=\"async\" width=\"1024\" height=\"683\" src=\"https:\/\/wordpress.nibis.de\/roga\/files\/2021\/04\/board-3700116_1920-1024x683.jpg\" alt=\"\" class=\"wp-image-1670 size-full\" srcset=\"https:\/\/wordpress.nibis.de\/roga\/files\/2021\/04\/board-3700116_1920-1024x683.jpg 1024w, https:\/\/wordpress.nibis.de\/roga\/files\/2021\/04\/board-3700116_1920-300x200.jpg 300w, https:\/\/wordpress.nibis.de\/roga\/files\/2021\/04\/board-3700116_1920-768x512.jpg 768w, https:\/\/wordpress.nibis.de\/roga\/files\/2021\/04\/board-3700116_1920-1536x1024.jpg 1536w, https:\/\/wordpress.nibis.de\/roga\/files\/2021\/04\/board-3700116_1920-420x280.jpg 420w, https:\/\/wordpress.nibis.de\/roga\/files\/2021\/04\/board-3700116_1920.jpg 1920w\" sizes=\"auto, (max-width: 1024px) 100vw, 1024px\" \/><\/a><\/figure><div class=\"wp-block-media-text__content\">\n<p class=\"has-normal-font-size\"><strong>Sozialarbeiterin in schulischer Verantwortung<\/strong><\/p>\n\n\n\n<p><a href=\"https:\/\/wordpress.nibis.de\/roga\/schusozialarbeit\/\">Frau Smrcka<\/a><\/p>\n<\/div><\/div>\n<\/div>\n<\/div>\n\n\n\n<p><strong>Ansprechpartnerin f\u00fcr Unternehmen und berufsorientierende Ma\u00dfnahmen:<\/strong><\/p>\n\n\n\n<div class=\"wp-block-media-text alignwide is-stacked-on-mobile\"><figure class=\"wp-block-media-text__media\"><img loading=\"lazy\" decoding=\"async\" width=\"1024\" height=\"731\" src=\"https:\/\/wordpress.nibis.de\/roga\/files\/2021\/12\/meet-gecd1a6ef5_1920-1024x731.jpg\" alt=\"\" class=\"wp-image-2206 size-full\" srcset=\"https:\/\/wordpress.nibis.de\/roga\/files\/2021\/12\/meet-gecd1a6ef5_1920-1024x731.jpg 1024w, https:\/\/wordpress.nibis.de\/roga\/files\/2021\/12\/meet-gecd1a6ef5_1920-300x214.jpg 300w, https:\/\/wordpress.nibis.de\/roga\/files\/2021\/12\/meet-gecd1a6ef5_1920-768x548.jpg 768w, https:\/\/wordpress.nibis.de\/roga\/files\/2021\/12\/meet-gecd1a6ef5_1920-1536x1097.jpg 1536w, https:\/\/wordpress.nibis.de\/roga\/files\/2021\/12\/meet-gecd1a6ef5_1920.jpg 1920w\" sizes=\"auto, (max-width: 1024px) 100vw, 1024px\" \/><\/figure><div class=\"wp-block-media-text__content\">\n<p class=\"has-normal-font-size\"><strong>Beauftragte f\u00fcr Berufsorientierung<\/strong><\/p>\n\n\n\n<p><a href=\"&#x6d;&#x61;&#x69;&#108;&#116;o:&#x62;&#x65;&#x72;&#117;&#102;so&#x72;&#x69;&#x65;&#110;&#116;ie&#x72;&#x75;&#x6e;&#103;&#64;ob&#x65;&#x72;&#x73;&#99;&#104;ul&#x65;&#x2d;&#x72;&#111;&#115;&#101;n&#x67;&#x61;&#x72;&#x74;&#101;&#110;&#46;&#x64;&#x65;\">Frau Braun<\/a><\/p>\n<\/div><\/div>\n\n\n\n<p><strong>Formulare zum Download:<\/strong><\/p>\n<p style=\"text-align: center\"><em>Die Formulare folgen in K\u00fcrze<\/em><\/p>\n\n\n\n<p><\/p>\n","protected":false},"excerpt":{"rendered":"<p>\u201eWer bin ich?\u201c, \u201eWas kann ich?\u201c, \u201eWas will ich?\u201c \u2013 diesen drei Fragen gehen wir in der ROGA gemeinsam mit unseren Lernenden im Rahmen der<\/p>\n","protected":false},"author":9193501,"featured_media":0,"parent":0,"menu_order":0,"comment_status":"closed","ping_status":"closed","template":"","meta":{"footnotes":""},"class_list":["post-196","page","type-page","status-publish","hentry"],"_links":{"self":[{"href":"https:\/\/wordpress.nibis.de\/roga\/wp-json\/wp\/v2\/pages\/196","targetHints":{"allow":["GET"]}}],"collection":[{"href":"https:\/\/wordpress.nibis.de\/roga\/wp-json\/wp\/v2\/pages"}],"about":[{"href":"https:\/\/wordpress.nibis.de\/roga\/wp-json\/wp\/v2\/types\/page"}],"author":[{"embeddable":true,"href":"https:\/\/wordpress.nibis.de\/roga\/wp-json\/wp\/v2\/users\/9193501"}],"replies":[{"embeddable":true,"href":"https:\/\/wordpress.nibis.de\/roga\/wp-json\/wp\/v2\/comments?post=196"}],"version-history":[{"count":11,"href":"https:\/\/wordpress.nibis.de\/roga\/wp-json\/wp\/v2\/pages\/196\/revisions"}],"predecessor-version":[{"id":2256,"href":"https:\/\/wordpress.nibis.de\/roga\/wp-json\/wp\/v2\/pages\/196\/revisions\/2256"}],"wp:attachment":[{"href":"https:\/\/wordpress.nibis.de\/roga\/wp-json\/wp\/v2\/media?parent=196"}],"curies":[{"name":"wp","href":"https:\/\/api.w.org\/{rel}","templated":true}]}}