{"id":1984,"date":"2021-06-24T21:38:58","date_gmt":"2021-06-24T19:38:58","guid":{"rendered":"https:\/\/wordpress.nibis.de\/roga\/?page_id=1984"},"modified":"2021-06-24T21:38:59","modified_gmt":"2021-06-24T19:38:59","slug":"busfahrkarte-beantragen","status":"publish","type":"page","link":"https:\/\/wordpress.nibis.de\/roga\/busfahrkarte-beantragen\/","title":{"rendered":"Busfahrkarte beantragen"},"content":{"rendered":"<p>Wenn Sie eine Busfahrkarte f\u00fcr Ihr Kind beantragen wollen oder eine Ersatzfahrkarte ben\u00f6tigen, k\u00f6nnen Sie dies direkt \u00fcber die Homepage des Landkreises tun. Der folgende Link f\u00fchrt Sie direkt dort hin. Bitte folgen Sie den dortigen Anweisungen.<\/p>\n<p><a href=\"https:\/\/portal.landkreis-harburg.de\/dienstleistungen\/schuelerbefoerderung\" target=\"_blank\" rel=\"noopener noreferrer\">Busfahrkarte beantragen<\/a><\/p>\n","protected":false},"excerpt":{"rendered":"<p>Wenn Sie eine Busfahrkarte f\u00fcr Ihr Kind beantragen wollen oder eine Ersatzfahrkarte ben\u00f6tigen, k\u00f6nnen Sie dies direkt \u00fcber die Homepage des Landkreises tun. Der folgende<\/p>\n","protected":false},"author":9193501,"featured_media":0,"parent":0,"menu_order":0,"comment_status":"closed","ping_status":"closed","template":"","meta":{"footnotes":""},"class_list":["post-1984","page","type-page","status-publish","hentry"],"_links":{"self":[{"href":"https:\/\/wordpress.nibis.de\/roga\/wp-json\/wp\/v2\/pages\/1984","targetHints":{"allow":["GET"]}}],"collection":[{"href":"https:\/\/wordpress.nibis.de\/roga\/wp-json\/wp\/v2\/pages"}],"about":[{"href":"https:\/\/wordpress.nibis.de\/roga\/wp-json\/wp\/v2\/types\/page"}],"author":[{"embeddable":true,"href":"https:\/\/wordpress.nibis.de\/roga\/wp-json\/wp\/v2\/users\/9193501"}],"replies":[{"embeddable":true,"href":"https:\/\/wordpress.nibis.de\/roga\/wp-json\/wp\/v2\/comments?post=1984"}],"version-history":[{"count":1,"href":"https:\/\/wordpress.nibis.de\/roga\/wp-json\/wp\/v2\/pages\/1984\/revisions"}],"predecessor-version":[{"id":1985,"href":"https:\/\/wordpress.nibis.de\/roga\/wp-json\/wp\/v2\/pages\/1984\/revisions\/1985"}],"wp:attachment":[{"href":"https:\/\/wordpress.nibis.de\/roga\/wp-json\/wp\/v2\/media?parent=1984"}],"curies":[{"name":"wp","href":"https:\/\/api.w.org\/{rel}","templated":true}]}}