{"id":203,"date":"2020-04-14T10:17:52","date_gmt":"2020-04-14T08:17:52","guid":{"rendered":"https:\/\/wordpress.nibis.de\/roga\/?page_id=203"},"modified":"2025-09-16T18:12:53","modified_gmt":"2025-09-16T16:12:53","slug":"schulelternrat","status":"publish","type":"page","link":"https:\/\/wordpress.nibis.de\/roga\/schulelternrat\/","title":{"rendered":"Schulelternrat"},"content":{"rendered":"\n<figure class=\"wp-block-image size-full is-style-default\"><img loading=\"lazy\" decoding=\"async\" width=\"548\" height=\"795\" src=\"https:\/\/wordpress.nibis.de\/roga\/files\/2025\/09\/1.png\" alt=\"\" class=\"wp-image-4251\" srcset=\"https:\/\/wordpress.nibis.de\/roga\/files\/2025\/09\/1.png 548w, https:\/\/wordpress.nibis.de\/roga\/files\/2025\/09\/1-207x300.png 207w\" sizes=\"auto, (max-width: 548px) 100vw, 548px\" \/><\/figure>\n\n\n\n<figure class=\"wp-block-image size-full is-style-default\"><img loading=\"lazy\" decoding=\"async\" width=\"545\" height=\"419\" src=\"https:\/\/wordpress.nibis.de\/roga\/files\/2025\/09\/2.png\" alt=\"\" class=\"wp-image-4252\" srcset=\"https:\/\/wordpress.nibis.de\/roga\/files\/2025\/09\/2.png 545w, https:\/\/wordpress.nibis.de\/roga\/files\/2025\/09\/2-300x231.png 300w\" sizes=\"auto, (max-width: 545px) 100vw, 545px\" \/><\/figure>\n\n\n\n<p><strong>\u201eSchule lebt vom Miteinander vieler, bei uns geh\u00f6ren die Eltern zur Schule\u201c&nbsp;<\/strong><\/p>\n<p>Eltern, Lehrer und Sch\u00fcler bilden in der Erziehung unserer Kinder ein Dreieck. Im Idealfall arbeiten alle partnerschaftlich zusammen. Wir wollen Schulprozesse kooperativ mitgestalten und bei der Umsetzung gemeinsamer Ziele aktiv mithelfen. Alle Eltern sind aufgefordert und willkommen sich an unserer Schule zu engagieren. Dies ist \u00fcber die verschiedenen Stufen der Elternarbeit m\u00f6glich. Es gibt in jeder Klasse zwei Elternvertreter. Sie sind das Bindeglied zwischen Klassenlehrer und Eltern. Die Elternvertreter nehmen an den Sitzungen des Schulelternrats und dessen Gremien teil. Alle Aufgaben und Rechte des Elternrats sind gesetzlich geregelt. Aber auch neben den rechtlich geregelten Rahmen sind Eltern herzlich eingeladen sich an dem Schulleben zu beteiligen z.B. \u00fcber Arbeitsgemeinschaften. Elternarbeit hei\u00dft f\u00fcr uns: &#8211; Beteiligung der Elternschaft am Schulleben &#8211; Kommunikation zwischen Lehrern &#8211; Sch\u00fclern und Eltern f\u00f6rdern &#8211; Aktive Eingabe von Projekten aus Elternsicht &#8211; Angebote f\u00fcr Arbeitsgemeinschaften &#8211; Beteiligung an Festplanungen &#8211; Beratung bei Konflikten zwischen Schule und Eltern &#8211; sich in der regionalen \u00d6ffentlichkeit f\u00fcr die Schule einsetzen.<\/p>\n<p>Sie erreichen den Schulternrat der ROGA per E-Mail an:<\/p>\n<p><a href=\"mailto:Schul&#101;&#108;&#116;&#101;&#114;&#110;&#114;&#97;&#116;&#64;&#111;&#98;&#101;&#114;&#115;&#x63;&#x68;&#x75;&#x6c;&#x65;&#x2d;&#x72;&#x6f;&#x73;&#x65;&#x6e;&#x67;&#x61;&#x72;&#x74;&#x65;&#x6e;&#x2e;&#x64;&#x65;\"><strong>&#x53;c&#x68;&#117;l&#x65;&#108;&#x74;&#x65;r&#x6e;&#114;a&#x74;&#64;&#x6f;&#98;e&#x72;&#115;c&#x68;&#117;&#x6c;&#101;-&#x72;&#111;&#x73;&#x65;n&#x67;&#97;r&#x74;&#101;&#x6e;&#x2e;d&#x65;<\/strong><\/a><\/p>\n","protected":false},"excerpt":{"rendered":"<p>\u201eSchule lebt vom Miteinander vieler, bei uns geh\u00f6ren die Eltern zur Schule\u201c&nbsp; Eltern, Lehrer und Sch\u00fcler bilden in der Erziehung unserer Kinder ein Dreieck. Im<\/p>\n","protected":false},"author":9193501,"featured_media":0,"parent":0,"menu_order":0,"comment_status":"closed","ping_status":"closed","template":"","meta":{"footnotes":""},"class_list":["post-203","page","type-page","status-publish","hentry"],"_links":{"self":[{"href":"https:\/\/wordpress.nibis.de\/roga\/wp-json\/wp\/v2\/pages\/203","targetHints":{"allow":["GET"]}}],"collection":[{"href":"https:\/\/wordpress.nibis.de\/roga\/wp-json\/wp\/v2\/pages"}],"about":[{"href":"https:\/\/wordpress.nibis.de\/roga\/wp-json\/wp\/v2\/types\/page"}],"author":[{"embeddable":true,"href":"https:\/\/wordpress.nibis.de\/roga\/wp-json\/wp\/v2\/users\/9193501"}],"replies":[{"embeddable":true,"href":"https:\/\/wordpress.nibis.de\/roga\/wp-json\/wp\/v2\/comments?post=203"}],"version-history":[{"count":5,"href":"https:\/\/wordpress.nibis.de\/roga\/wp-json\/wp\/v2\/pages\/203\/revisions"}],"predecessor-version":[{"id":4254,"href":"https:\/\/wordpress.nibis.de\/roga\/wp-json\/wp\/v2\/pages\/203\/revisions\/4254"}],"wp:attachment":[{"href":"https:\/\/wordpress.nibis.de\/roga\/wp-json\/wp\/v2\/media?parent=203"}],"curies":[{"name":"wp","href":"https:\/\/api.w.org\/{rel}","templated":true}]}}