{"id":2059,"date":"2021-09-01T17:50:35","date_gmt":"2021-09-01T15:50:35","guid":{"rendered":"https:\/\/wordpress.nibis.de\/roga\/?page_id=2059"},"modified":"2025-05-21T19:06:40","modified_gmt":"2025-05-21T17:06:40","slug":"ganztag-an-der-roga","status":"publish","type":"page","link":"https:\/\/wordpress.nibis.de\/roga\/ganztag-an-der-roga\/","title":{"rendered":"Ganztag an der ROGA"},"content":{"rendered":"\n<p>Als Ganztagsschule sind wir bem\u00fcht, unseren regul\u00e4ren Schulbetrieb durch au\u00dferunterrichtliche Angebote im Nachmittagsbereich zu erweitern, um den SuS ein vielf\u00e4ltiges und interessantes Bildungsangebot zu geben. Aus diesem Grund erweitern wir unser Nachmittagsangebot stetig um verschiedene AG-Angebote, mit denen sie SuS ihre individuellen St\u00e4rken und Vorlieben weiter ausbauen k\u00f6nnen.<\/p>\n\n\n\n<p><\/p>\n","protected":false},"excerpt":{"rendered":"<p>Als Ganztagsschule sind wir bem\u00fcht, unseren regul\u00e4ren Schulbetrieb durch au\u00dferunterrichtliche Angebote im Nachmittagsbereich zu erweitern, um den SuS ein vielf\u00e4ltiges und interessantes Bildungsangebot zu geben.<\/p>\n","protected":false},"author":9193501,"featured_media":0,"parent":0,"menu_order":0,"comment_status":"closed","ping_status":"closed","template":"","meta":{"footnotes":""},"class_list":["post-2059","page","type-page","status-publish","hentry"],"_links":{"self":[{"href":"https:\/\/wordpress.nibis.de\/roga\/wp-json\/wp\/v2\/pages\/2059","targetHints":{"allow":["GET"]}}],"collection":[{"href":"https:\/\/wordpress.nibis.de\/roga\/wp-json\/wp\/v2\/pages"}],"about":[{"href":"https:\/\/wordpress.nibis.de\/roga\/wp-json\/wp\/v2\/types\/page"}],"author":[{"embeddable":true,"href":"https:\/\/wordpress.nibis.de\/roga\/wp-json\/wp\/v2\/users\/9193501"}],"replies":[{"embeddable":true,"href":"https:\/\/wordpress.nibis.de\/roga\/wp-json\/wp\/v2\/comments?post=2059"}],"version-history":[{"count":15,"href":"https:\/\/wordpress.nibis.de\/roga\/wp-json\/wp\/v2\/pages\/2059\/revisions"}],"predecessor-version":[{"id":4105,"href":"https:\/\/wordpress.nibis.de\/roga\/wp-json\/wp\/v2\/pages\/2059\/revisions\/4105"}],"wp:attachment":[{"href":"https:\/\/wordpress.nibis.de\/roga\/wp-json\/wp\/v2\/media?parent=2059"}],"curies":[{"name":"wp","href":"https:\/\/api.w.org\/{rel}","templated":true}]}}