{"id":2266,"date":"2022-02-05T21:42:04","date_gmt":"2022-02-05T20:42:04","guid":{"rendered":"https:\/\/wordpress.nibis.de\/roga\/?page_id=2266"},"modified":"2024-02-29T20:20:10","modified_gmt":"2024-02-29T19:20:10","slug":"unterricht","status":"publish","type":"page","link":"https:\/\/wordpress.nibis.de\/roga\/unterricht\/","title":{"rendered":"Unterricht"},"content":{"rendered":"\n<p>Bei uns an der ROGA werden die Lernenden in der 5. Klasse alle gemeinsam in allen F\u00e4chern im Klassenverband unterrichtet. Hier wird noch einmal gepr\u00fcft, ob sich die gezeigten Tendenzen hinsichtlich des Lern- und Leistungsverm\u00f6gens aus der Grundschule best\u00e4tigen. Durch differenzierte F\u00f6rder- und Forderma\u00dfnahmen wird auf die unterschiedlichen Lernbed\u00fcrfnisse eingegangen, um eine individuelle Entwicklung zu erm\u00f6glichen. Am Ende von Klasse f\u00fcnf werden die Lernenden in Deutsch, Mathematik und Englisch in Kurse eingeteilt: Der G-Kurs arbeitet auf grundlegendem Niveau, der E-Kurs auf erweitertem und der Z-Kurs auf Zusatzniveau. Nach der 6. Klasse entscheidet das Leistungsbild der Sch\u00fcler:innen dar\u00fcber, ob sie die Berechtigung zum \u00dcbergang in unser gymnasiale Angebot erworben haben. Dieses Angebot umfasst eine vertiefte Bildung in den Unterrichtsf\u00e4chern nach Vorgabe des Gymnasiums.\u00a0Im Oberschulzweig wird gem\u00e4\u00df dem Erlass \u201eDie Arbeit in der Oberschule\u201c bis zum Ende der 10. Klasse gemeinsam, also im Jahrgangsbezug, gelernt. An der ROGA erfolgt keine Aufgliederung in Haupt- und Realschule.\u00a0Weitere Infos finden SIe <a href=\"https:\/\/wordpress.nibis.de\/roga\/infos-zu-den-schulzweigen-und-abschluessen\/\">hier<\/a>.<\/p>\n\n\n\n<p>Bei uns an der ROGA arbeiten wir mit verbindlichen Jahresarbeitspl\u00e4nen. Diese Jahresarbeitspl\u00e4ne zeigen auf einen Blick, welche Inhalte in welchem Fach im Schuljahr gelernt werden. Damit Sie als Eltern und ihr als Sch\u00fclerinnen und Sch\u00fcler eine gute Orientierung \u00fcber den Unterricht erhaltet, stellen wir die Jahresarbeitspl\u00e4ne hier zur Verf\u00fcgung.<\/p>\n\n\n<p><a href=\"https:\/\/wordpress.nibis.de\/roga\/files\/2024\/02\/Oberschule-Klasse-5.pdf\">Oberschule &#8211; Klasse 5<\/a><\/p>\n<p><a href=\"https:\/\/wordpress.nibis.de\/roga\/files\/2024\/02\/Oberschule-Klasse-6.pdf\">Oberschule &#8211; Klasse 6<\/a><\/p>\n<p><a href=\"https:\/\/wordpress.nibis.de\/roga\/files\/2024\/02\/Oberschule-Klasse-7.pdf\">Oberschule &#8211; Klasse 7<\/a><\/p>\n<p><a href=\"https:\/\/wordpress.nibis.de\/roga\/files\/2024\/02\/Oberschule-Klasse-8.pdf\">Oberschule &#8211; Klasse 8<\/a><\/p>\n<p><a href=\"https:\/\/wordpress.nibis.de\/roga\/files\/2024\/02\/Oberschule-Klasse-9.pdf\">Oberschule &#8211; Klasse 9<\/a><\/p>\n<p><a href=\"https:\/\/wordpress.nibis.de\/roga\/files\/2024\/02\/Oberschule-Klasse-10.pdf\">Oberschule &#8211; Klasse 10<\/a><\/p>\n<p>\u00a0<\/p>\n<p><a href=\"https:\/\/wordpress.nibis.de\/roga\/files\/2024\/02\/Gymnasium-Klasse-7.pdf\">Gymnasium &#8211; Klasse 7<\/a><\/p>\n<p><a href=\"https:\/\/wordpress.nibis.de\/roga\/files\/2024\/02\/Gymnasium-Klasse-8.pdf\">Gymnasium &#8211; Klasse 8<\/a><\/p>\n<p><a href=\"https:\/\/wordpress.nibis.de\/roga\/files\/2024\/02\/Gymnasium-Klasse-9.pdf\">Gymnasium &#8211; Klasse 9<\/a><\/p>\n<p><a href=\"https:\/\/wordpress.nibis.de\/roga\/files\/2024\/02\/Gymnasium-Klasse-10.pdf\">Gymnasium &#8211; Klasse 10<\/a><\/p>","protected":false},"excerpt":{"rendered":"<p>Bei uns an der ROGA werden die Lernenden in der 5. Klasse alle gemeinsam in allen F\u00e4chern im Klassenverband unterrichtet. Hier wird noch einmal gepr\u00fcft,<\/p>\n","protected":false},"author":9193501,"featured_media":0,"parent":0,"menu_order":0,"comment_status":"closed","ping_status":"closed","template":"","meta":{"footnotes":""},"class_list":["post-2266","page","type-page","status-publish","hentry"],"_links":{"self":[{"href":"https:\/\/wordpress.nibis.de\/roga\/wp-json\/wp\/v2\/pages\/2266","targetHints":{"allow":["GET"]}}],"collection":[{"href":"https:\/\/wordpress.nibis.de\/roga\/wp-json\/wp\/v2\/pages"}],"about":[{"href":"https:\/\/wordpress.nibis.de\/roga\/wp-json\/wp\/v2\/types\/page"}],"author":[{"embeddable":true,"href":"https:\/\/wordpress.nibis.de\/roga\/wp-json\/wp\/v2\/users\/9193501"}],"replies":[{"embeddable":true,"href":"https:\/\/wordpress.nibis.de\/roga\/wp-json\/wp\/v2\/comments?post=2266"}],"version-history":[{"count":3,"href":"https:\/\/wordpress.nibis.de\/roga\/wp-json\/wp\/v2\/pages\/2266\/revisions"}],"predecessor-version":[{"id":3293,"href":"https:\/\/wordpress.nibis.de\/roga\/wp-json\/wp\/v2\/pages\/2266\/revisions\/3293"}],"wp:attachment":[{"href":"https:\/\/wordpress.nibis.de\/roga\/wp-json\/wp\/v2\/media?parent=2266"}],"curies":[{"name":"wp","href":"https:\/\/api.w.org\/{rel}","templated":true}]}}