{"id":246,"date":"2020-04-14T11:23:57","date_gmt":"2020-04-14T09:23:57","guid":{"rendered":"https:\/\/wordpress.nibis.de\/roga\/?page_id=246"},"modified":"2026-04-09T12:59:36","modified_gmt":"2026-04-09T10:59:36","slug":"mensa","status":"publish","type":"page","link":"https:\/\/wordpress.nibis.de\/roga\/mensa\/","title":{"rendered":"Unsere Mensa"},"content":{"rendered":"\n<p>An den langen Schultagen (Dienstag und Donnerstag) haben Ihre Kinder die M\u00f6glichkeit in unserer Mensa ein warmes Mittagessen einzunehmen. Daf\u00fcr ist eine vorherige Anmeldung bei unserem Caterer notwendig. <\/p>\n\n\n\n<figure class=\"wp-block-image size-full\"><img loading=\"lazy\" decoding=\"async\" width=\"993\" height=\"361\" src=\"https:\/\/wordpress.nibis.de\/roga\/files\/2024\/05\/Mensa.png\" alt=\"\" class=\"wp-image-3481\" srcset=\"https:\/\/wordpress.nibis.de\/roga\/files\/2024\/05\/Mensa.png 993w, https:\/\/wordpress.nibis.de\/roga\/files\/2024\/05\/Mensa-300x109.png 300w, https:\/\/wordpress.nibis.de\/roga\/files\/2024\/05\/Mensa-768x279.png 768w\" sizes=\"auto, (max-width: 993px) 100vw, 993px\" \/><\/figure>\n\n\n<h6>Liebe Sch\u00fcler und Sch\u00fclerinnen,<\/h6>\n<h6>Liebe Eltern,<\/h6>\n<p>mit unserem sozialen Catering verfolgen wir einen Ansatz, der uns am Herzen liegt: gesund, gut und f\u00fcr alle!<\/p>\n<p>Wir freuen uns, die Oberschule Rosengarten, auch im <strong>Schuljahr 2025\/2026<\/strong>\u00a0mit saisonalen und leckeren Speisen zu beliefern. Dabei stehen Abwechslung und Frische im Vordergrund.<\/p>\n<p><strong><u>Unser Bestellsystem f\u00fcr das Mittagessen:<\/u><\/strong><\/p>\n<p>F\u00fcr die Bestellungen und Abrechnungen setzen wir eine Software (MensaMax) f\u00fcr bargeldlose Zahlungen ein. Um die Essensversorgung zu gew\u00e4hrleisten, ist es notwendig, dass Sie Ihr Kind im Bestellsystem MensaMax anmelden.<\/p>\n<p>Folgende Unterlagen sind hier abrufbar:<\/p>\n<ul>\n<li><a href=\"https:\/\/wordpress.nibis.de\/roga\/files\/2026\/04\/OBS_-Rosengarten-_Selbstanmeldung-HH2849-26_27.pdf\">Selbstanmeldung Mensa<\/a><\/li>\n<li><a href=\"https:\/\/wordpress.nibis.de\/roga\/files\/2026\/04\/Vertrag-Oberschule-Rosengarten-2026-_-2027-_-final.pdf\">Vertrag zur Teilnahme am Mittagessen<\/a><\/li>\n<li><a href=\"https:\/\/wordpress.nibis.de\/roga\/files\/2025\/06\/Elternbrief.pdf\">Elternbrief<\/a><\/li>\n<li><a href=\"https:\/\/wordpress.nibis.de\/roga\/files\/2024\/05\/Antrag-Bildung-und-Teilhabe-LK-Harburg.pdf\" target=\"_blank\" rel=\"noopener\">Antrag Bildung und Teilhabe LK Harburg<\/a><\/li>\n<li><a href=\"https:\/\/wordpress.nibis.de\/roga\/files\/2024\/05\/Anlage_mittagsverpflegung-BuT.pdf\" target=\"_blank\" rel=\"noopener\">Anlage Bildung und Teilhabe<\/a><\/li>\n<\/ul>\n<p>Wir freuen uns auf Sie!<\/p>\n<p>Ihr Caterer Team<\/p>\n<p>Gesch\u00e4ftsf\u00fchrung: \u00a0\u00a0\u00a0\u00a0\u00a0\u00a0\u00a0\u00a0\u00a0\u00a0\u00a0\u00a0\u00a0\u00a0\u00a0\u00a0\u00a0\u00a0\u00a0\u00a0\u00a0\u00a0\u00a0\u00a0\u00a0\u00a0\u00a0\u00a0\u00a0\u00a0\u00a0\u00a0\u00a0 Betriebsleitung: Frauke Boenke<\/p>\n<p>Mirko Porath \u00a0\u00a0\u00a0\u00a0\u00a0\u00a0\u00a0\u00a0\u00a0\u00a0\u00a0\u00a0\u00a0\u00a0\u00a0\u00a0\u00a0\u00a0\u00a0\u00a0\u00a0\u00a0\u00a0\u00a0\u00a0\u00a0\u00a0\u00a0\u00a0\u00a0\u00a0\u00a0\u00a0\u00a0\u00a0\u00a0\u00a0\u00a0\u00a0\u00a0\u00a0\u00a0\u00a0 Frauke Boenke<\/p>\n\n\n\n\n<div class=\"wp-block-media-text alignwide has-media-on-the-right is-stacked-on-mobile\"><div class=\"wp-block-media-text__content\">\n<p>In Zusammenarbeit mit dem Schulverein ROGA e.V.<\/p>\n<\/div><figure class=\"wp-block-media-text__media\"><img loading=\"lazy\" decoding=\"async\" width=\"600\" height=\"259\" src=\"https:\/\/wordpress.nibis.de\/roga\/files\/2024\/04\/schulverein-roga-logo.png\" alt=\"\" class=\"wp-image-3363 size-full\" srcset=\"https:\/\/wordpress.nibis.de\/roga\/files\/2024\/04\/schulverein-roga-logo.png 600w, https:\/\/wordpress.nibis.de\/roga\/files\/2024\/04\/schulverein-roga-logo-300x130.png 300w\" sizes=\"auto, (max-width: 600px) 100vw, 600px\" \/><\/figure><\/div>\n","protected":false},"excerpt":{"rendered":"<p>An den langen Schultagen (Dienstag und Donnerstag) haben Ihre Kinder die M\u00f6glichkeit in unserer Mensa ein warmes Mittagessen einzunehmen. Daf\u00fcr ist eine vorherige Anmeldung bei<\/p>\n","protected":false},"author":9193501,"featured_media":3791,"parent":0,"menu_order":0,"comment_status":"closed","ping_status":"closed","template":"","meta":{"footnotes":""},"class_list":["post-246","page","type-page","status-publish","has-post-thumbnail","hentry"],"_links":{"self":[{"href":"https:\/\/wordpress.nibis.de\/roga\/wp-json\/wp\/v2\/pages\/246","targetHints":{"allow":["GET"]}}],"collection":[{"href":"https:\/\/wordpress.nibis.de\/roga\/wp-json\/wp\/v2\/pages"}],"about":[{"href":"https:\/\/wordpress.nibis.de\/roga\/wp-json\/wp\/v2\/types\/page"}],"author":[{"embeddable":true,"href":"https:\/\/wordpress.nibis.de\/roga\/wp-json\/wp\/v2\/users\/9193501"}],"replies":[{"embeddable":true,"href":"https:\/\/wordpress.nibis.de\/roga\/wp-json\/wp\/v2\/comments?post=246"}],"version-history":[{"count":19,"href":"https:\/\/wordpress.nibis.de\/roga\/wp-json\/wp\/v2\/pages\/246\/revisions"}],"predecessor-version":[{"id":4562,"href":"https:\/\/wordpress.nibis.de\/roga\/wp-json\/wp\/v2\/pages\/246\/revisions\/4562"}],"wp:featuredmedia":[{"embeddable":true,"href":"https:\/\/wordpress.nibis.de\/roga\/wp-json\/wp\/v2\/media\/3791"}],"wp:attachment":[{"href":"https:\/\/wordpress.nibis.de\/roga\/wp-json\/wp\/v2\/media?parent=246"}],"curies":[{"name":"wp","href":"https:\/\/api.w.org\/{rel}","templated":true}]}}