{"id":2484,"date":"2022-06-13T17:20:17","date_gmt":"2022-06-13T15:20:17","guid":{"rendered":"https:\/\/wordpress.nibis.de\/roga\/?page_id=2484"},"modified":"2023-01-06T12:17:40","modified_gmt":"2023-01-06T11:17:40","slug":"partnerschule-in-tansania","status":"publish","type":"page","link":"https:\/\/wordpress.nibis.de\/roga\/partnerschule-in-tansania\/","title":{"rendered":"Partnerschule in Tansania"},"content":{"rendered":"\n<figure class=\"wp-block-image size-large is-style-tw-rounded-corners\"><img loading=\"lazy\" decoding=\"async\" width=\"1024\" height=\"811\" src=\"https:\/\/wordpress.nibis.de\/roga\/files\/2022\/06\/Screenshot-2022-06-13-171927-min-1-1024x811.jpg\" alt=\"\" class=\"wp-image-2487\" srcset=\"https:\/\/wordpress.nibis.de\/roga\/files\/2022\/06\/Screenshot-2022-06-13-171927-min-1-1024x811.jpg 1024w, https:\/\/wordpress.nibis.de\/roga\/files\/2022\/06\/Screenshot-2022-06-13-171927-min-1-300x237.jpg 300w, https:\/\/wordpress.nibis.de\/roga\/files\/2022\/06\/Screenshot-2022-06-13-171927-min-1-768x608.jpg 768w, https:\/\/wordpress.nibis.de\/roga\/files\/2022\/06\/Screenshot-2022-06-13-171927-min-1.jpg 1036w\" sizes=\"auto, (max-width: 1024px) 100vw, 1024px\" \/><\/figure>\n\n\n\n<p>News \u00fcber Tansania<\/p>\n\n\n\n<p>Unsere Schule pflegt, in Kooperation mit dem Offenen Jugend Rosengarten, seit 2006 eine Partnerschaft mit der <a href=\"https:\/\/www.facebook.com\/Makomu-Secondary-School-154369911409663\/\">Makomu Secondary School in Marangu Magharibi-Tanzania<\/a>. Am 8. Juni 2022 wurde die Partnerschaft mit Vortr\u00e4gen des Diakons Herrn Olaf Schr\u00f6der erneut gefeiert.\u00a0<\/p>\n\n\n\n<div class=\"wp-block-columns is-layout-flex wp-container-core-columns-is-layout-abceabcf wp-block-columns-is-layout-flex\">\n<div class=\"wp-block-column is-layout-flow wp-block-column-is-layout-flow\">\n<figure class=\"wp-block-image size-large\"><img loading=\"lazy\" decoding=\"async\" width=\"1024\" height=\"681\" src=\"https:\/\/wordpress.nibis.de\/roga\/files\/2022\/07\/Makomu-Secondary-School-Tanzania_Rosengarten-Oberschule-Germany-_0692-1024x681.jpg\" alt=\"\" class=\"wp-image-2522\" srcset=\"https:\/\/wordpress.nibis.de\/roga\/files\/2022\/07\/Makomu-Secondary-School-Tanzania_Rosengarten-Oberschule-Germany-_0692-1024x681.jpg 1024w, https:\/\/wordpress.nibis.de\/roga\/files\/2022\/07\/Makomu-Secondary-School-Tanzania_Rosengarten-Oberschule-Germany-_0692-300x200.jpg 300w, https:\/\/wordpress.nibis.de\/roga\/files\/2022\/07\/Makomu-Secondary-School-Tanzania_Rosengarten-Oberschule-Germany-_0692-768x511.jpg 768w, https:\/\/wordpress.nibis.de\/roga\/files\/2022\/07\/Makomu-Secondary-School-Tanzania_Rosengarten-Oberschule-Germany-_0692-1536x1021.jpg 1536w, https:\/\/wordpress.nibis.de\/roga\/files\/2022\/07\/Makomu-Secondary-School-Tanzania_Rosengarten-Oberschule-Germany-_0692-2048x1362.jpg 2048w, https:\/\/wordpress.nibis.de\/roga\/files\/2022\/07\/Makomu-Secondary-School-Tanzania_Rosengarten-Oberschule-Germany-_0692-420x280.jpg 420w\" sizes=\"auto, (max-width: 1024px) 100vw, 1024px\" \/><\/figure>\n<\/div>\n\n\n\n<div class=\"wp-block-column is-layout-flow wp-block-column-is-layout-flow\">\n<figure class=\"wp-block-image size-large\"><img loading=\"lazy\" decoding=\"async\" width=\"1024\" height=\"681\" src=\"https:\/\/wordpress.nibis.de\/roga\/files\/2022\/07\/Makomu-Secondary-School-Tanzania_Rosengarten-Oberschule-Germany-_0697-1024x681.jpg\" alt=\"\" class=\"wp-image-2521\" srcset=\"https:\/\/wordpress.nibis.de\/roga\/files\/2022\/07\/Makomu-Secondary-School-Tanzania_Rosengarten-Oberschule-Germany-_0697-1024x681.jpg 1024w, https:\/\/wordpress.nibis.de\/roga\/files\/2022\/07\/Makomu-Secondary-School-Tanzania_Rosengarten-Oberschule-Germany-_0697-300x200.jpg 300w, https:\/\/wordpress.nibis.de\/roga\/files\/2022\/07\/Makomu-Secondary-School-Tanzania_Rosengarten-Oberschule-Germany-_0697-768x511.jpg 768w, https:\/\/wordpress.nibis.de\/roga\/files\/2022\/07\/Makomu-Secondary-School-Tanzania_Rosengarten-Oberschule-Germany-_0697-1536x1021.jpg 1536w, https:\/\/wordpress.nibis.de\/roga\/files\/2022\/07\/Makomu-Secondary-School-Tanzania_Rosengarten-Oberschule-Germany-_0697-2048x1362.jpg 2048w, https:\/\/wordpress.nibis.de\/roga\/files\/2022\/07\/Makomu-Secondary-School-Tanzania_Rosengarten-Oberschule-Germany-_0697-420x280.jpg 420w\" sizes=\"auto, (max-width: 1024px) 100vw, 1024px\" \/><\/figure>\n<\/div>\n<\/div>\n\n\n\n<p>Mit Hilfe von <a href=\"https:\/\/www.jugend-rosengarten.de\/tansania\/aktuelles-2\/\">Initiativen und Spenden<\/a> wird der Bau von neuen R\u00e4umlichkeiten, Sch\u00fclerinnenwohnheimen, Hygiene-Projekten, Schulkosten und Toilettenanlagen finanziert.<\/p>\n\n\n\n<figure class=\"wp-block-image size-large\"><img loading=\"lazy\" decoding=\"async\" width=\"1024\" height=\"681\" src=\"https:\/\/wordpress.nibis.de\/roga\/files\/2022\/07\/Makomu-Secondary-School-Tanzania_Rosengarten-Oberschule-Germany-_0650-1024x681.jpg\" alt=\"\" class=\"wp-image-2520\" srcset=\"https:\/\/wordpress.nibis.de\/roga\/files\/2022\/07\/Makomu-Secondary-School-Tanzania_Rosengarten-Oberschule-Germany-_0650-1024x681.jpg 1024w, https:\/\/wordpress.nibis.de\/roga\/files\/2022\/07\/Makomu-Secondary-School-Tanzania_Rosengarten-Oberschule-Germany-_0650-300x200.jpg 300w, https:\/\/wordpress.nibis.de\/roga\/files\/2022\/07\/Makomu-Secondary-School-Tanzania_Rosengarten-Oberschule-Germany-_0650-768x511.jpg 768w, https:\/\/wordpress.nibis.de\/roga\/files\/2022\/07\/Makomu-Secondary-School-Tanzania_Rosengarten-Oberschule-Germany-_0650-1536x1021.jpg 1536w, https:\/\/wordpress.nibis.de\/roga\/files\/2022\/07\/Makomu-Secondary-School-Tanzania_Rosengarten-Oberschule-Germany-_0650-2048x1362.jpg 2048w, https:\/\/wordpress.nibis.de\/roga\/files\/2022\/07\/Makomu-Secondary-School-Tanzania_Rosengarten-Oberschule-Germany-_0650-420x280.jpg 420w\" sizes=\"auto, (max-width: 1024px) 100vw, 1024px\" \/><\/figure>\n\n\n\n<p>Zwei Mal die Pfandtonne voll&#8230; Die Gelder aus der Pfandsumme werden zur Deckung der Schulkosten eines Sch\u00fclers f\u00fcr ein Schuljahr verwendet&#8230; Mach mit!! \ud83d\ude42 &nbsp;&nbsp;&nbsp;&nbsp;&nbsp;<\/p>\n\n\n\n<div class=\"wp-block-image\"><figure class=\"aligncenter size-large\"><img loading=\"lazy\" decoding=\"async\" width=\"766\" height=\"1024\" src=\"https:\/\/wordpress.nibis.de\/roga\/files\/2022\/07\/IMG_PFANDTONNE-766x1024.jpg\" alt=\"\" class=\"wp-image-2523\" srcset=\"https:\/\/wordpress.nibis.de\/roga\/files\/2022\/07\/IMG_PFANDTONNE-766x1024.jpg 766w, https:\/\/wordpress.nibis.de\/roga\/files\/2022\/07\/IMG_PFANDTONNE-224x300.jpg 224w, https:\/\/wordpress.nibis.de\/roga\/files\/2022\/07\/IMG_PFANDTONNE-768x1027.jpg 768w, https:\/\/wordpress.nibis.de\/roga\/files\/2022\/07\/IMG_PFANDTONNE.jpg 1034w\" sizes=\"auto, (max-width: 766px) 100vw, 766px\" \/><\/figure><\/div>\n\n\n\n<p>Unsere Partner in Tansania haben sich in einer Videobotschaft bei uns herzlich bedankt:<\/p>\n\n\n\n<div class=\"wp-block-columns is-layout-flex wp-container-core-columns-is-layout-abceabcf wp-block-columns-is-layout-flex\">\n<div class=\"wp-block-column is-layout-flow wp-block-column-is-layout-flow\">\n<figure class=\"wp-block-image size-large\"><img loading=\"lazy\" decoding=\"async\" width=\"1024\" height=\"681\" src=\"https:\/\/wordpress.nibis.de\/roga\/files\/2022\/07\/Makomu-Secondary-School-Tanzania_Rosengarten-Oberschule-Germany-_0743-1024x681.jpg\" alt=\"\" class=\"wp-image-2519\" srcset=\"https:\/\/wordpress.nibis.de\/roga\/files\/2022\/07\/Makomu-Secondary-School-Tanzania_Rosengarten-Oberschule-Germany-_0743-1024x681.jpg 1024w, https:\/\/wordpress.nibis.de\/roga\/files\/2022\/07\/Makomu-Secondary-School-Tanzania_Rosengarten-Oberschule-Germany-_0743-300x200.jpg 300w, https:\/\/wordpress.nibis.de\/roga\/files\/2022\/07\/Makomu-Secondary-School-Tanzania_Rosengarten-Oberschule-Germany-_0743-768x511.jpg 768w, https:\/\/wordpress.nibis.de\/roga\/files\/2022\/07\/Makomu-Secondary-School-Tanzania_Rosengarten-Oberschule-Germany-_0743-1536x1021.jpg 1536w, https:\/\/wordpress.nibis.de\/roga\/files\/2022\/07\/Makomu-Secondary-School-Tanzania_Rosengarten-Oberschule-Germany-_0743-2048x1362.jpg 2048w, https:\/\/wordpress.nibis.de\/roga\/files\/2022\/07\/Makomu-Secondary-School-Tanzania_Rosengarten-Oberschule-Germany-_0743-420x280.jpg 420w\" sizes=\"auto, (max-width: 1024px) 100vw, 1024px\" \/><\/figure>\n<\/div>\n\n\n\n<div class=\"wp-block-column is-layout-flow wp-block-column-is-layout-flow\">\n<figure class=\"wp-block-image size-large\"><img loading=\"lazy\" decoding=\"async\" width=\"1024\" height=\"681\" src=\"https:\/\/wordpress.nibis.de\/roga\/files\/2022\/07\/Makomu-Secondary-School-Tanzania_Rosengarten-Oberschule-Germany-_0744-1024x681.jpg\" alt=\"\" class=\"wp-image-2518\" srcset=\"https:\/\/wordpress.nibis.de\/roga\/files\/2022\/07\/Makomu-Secondary-School-Tanzania_Rosengarten-Oberschule-Germany-_0744-1024x681.jpg 1024w, https:\/\/wordpress.nibis.de\/roga\/files\/2022\/07\/Makomu-Secondary-School-Tanzania_Rosengarten-Oberschule-Germany-_0744-300x200.jpg 300w, https:\/\/wordpress.nibis.de\/roga\/files\/2022\/07\/Makomu-Secondary-School-Tanzania_Rosengarten-Oberschule-Germany-_0744-768x511.jpg 768w, https:\/\/wordpress.nibis.de\/roga\/files\/2022\/07\/Makomu-Secondary-School-Tanzania_Rosengarten-Oberschule-Germany-_0744-1536x1021.jpg 1536w, https:\/\/wordpress.nibis.de\/roga\/files\/2022\/07\/Makomu-Secondary-School-Tanzania_Rosengarten-Oberschule-Germany-_0744-2048x1362.jpg 2048w, https:\/\/wordpress.nibis.de\/roga\/files\/2022\/07\/Makomu-Secondary-School-Tanzania_Rosengarten-Oberschule-Germany-_0744-420x280.jpg 420w\" sizes=\"auto, (max-width: 1024px) 100vw, 1024px\" \/><\/figure>\n<\/div>\n<\/div>\n\n\n<p>Gut zu wissen:<\/p>\n<ul>\n<li>Seit 2006 besteht die Partnerschaft zum Tansania Projekt in Rosengarten.<\/li>\n<li>Die Makomu Secondary School wurde auf Initiative von Eltern gegr\u00fcndet, da in der Region Marangu nicht gen\u00fcgend Schulpl\u00e4tze f\u00fcr Kinder und Jugendliche zur Verf\u00fcgung standen.<\/li>\n<li>Die Geh\u00e4lter der Lehrer*innen in Makomu werden vom Staat finanziert, alle weiteren Investitions- und Betriebskosten in Makomu sind jedoch von den Eltern zu tragen.<\/li>\n<li>Ihr Nachteil zu anderen Jugendlichen in Marangu besteht zurzeit noch darin, dass sie auf eine Elternschule gehen, die nicht in gleichem Ma\u00dfe wie eine staatliche Schule gef\u00f6rdert wird.<\/li>\n<li>Durch die Unterst\u00fctzung der Makomu Secondary School soll die Initiative der Eltern in Marangu unterst\u00fctzt werden, m\u00f6glichst vielen Jugendlichen eine gute Schulausbildung zu erm\u00f6glichen<\/li>\n<li>W\u00e4hrend der Bauphase beteiligen sich die Sch\u00fcler je nach Alter und F\u00e4higkeiten an den Bauarbeiten.<\/li>\n<li>Derzeit gibt es an der Makomu Secondary School 485 Sch\u00fcler\/innen. Davon sind 305 M\u00e4dchen und 180 Jungen.<\/li>\n<li>Eine weitere staatliche Beteiligung wurde von vornherein abgelehnt, da Makomu als Elternschule nicht im Focus der Beh\u00f6rde steht.<\/li>\n<\/ul>\n<p>Unsere Unterst\u00fctzung wird gebraucht!<\/p>\n<p><strong>Wenn du mehr erfahren m\u00f6chtest, klicke hier:<\/strong> <a href=\"https:\/\/www.jugend-rosengarten.de\/tansania\/\">https:\/\/www.jugend-rosengarten.de\/tansania\/<\/a><\/p>\n<p>Hast du Lust, mitzumachen? \ud83d\ude42<\/p>\n<p>Wir treffen uns au\u00dferhalb der Ferien immer am letzten Donnerstag im Monat um 19Uhr im Jugendzentrum (YouZ) Nenndorf, Auf dem Ast 2, 21224 Rosengarten\u00a0<\/p>\n<p>\u00a0<\/p>\n\n\n<figure class=\"wp-block-image size-full\"><img loading=\"lazy\" decoding=\"async\" width=\"982\" height=\"630\" src=\"https:\/\/wordpress.nibis.de\/roga\/files\/2022\/07\/Screenshot-2022-07-14-105147.png\" alt=\"\" class=\"wp-image-2529\" srcset=\"https:\/\/wordpress.nibis.de\/roga\/files\/2022\/07\/Screenshot-2022-07-14-105147.png 982w, https:\/\/wordpress.nibis.de\/roga\/files\/2022\/07\/Screenshot-2022-07-14-105147-300x192.png 300w, https:\/\/wordpress.nibis.de\/roga\/files\/2022\/07\/Screenshot-2022-07-14-105147-768x493.png 768w\" sizes=\"auto, (max-width: 982px) 100vw, 982px\" \/><\/figure>\n\n\n<p><strong>Internet-Links:<\/strong><\/p>\n<p>Offene Jugend Rosengarten: <a href=\"https:\/\/www.jugend-rosengarten.de\">https:\/\/www.jugend-rosengarten.de<\/a><\/p>\n<p>Offizielle Tansania-Website: <a href=\"https:\/\/www.tanzania.go.tz\/\">https:\/\/www.tanzania.go.tz\/<\/a><\/p>\n<p>Offizielle Tansania Tourismus- Website: <a href=\"https:\/\/tanzaniatourism.go.tz\/en\/\">https:\/\/tanzaniatourism.go.tz\/en\/<\/a><\/p>\n<p>Makomu Secondary School: <a href=\"https:\/\/makomusecondary.webs.com\/\">https:\/\/makomusecondary.webs.com\/<\/a><\/p>\n<p>Tanzania BBC-News: <a href=\"https:\/\/www.bbc.com\/news\/topics\/cjnwl8q4qdrt\/tanzania\">https:\/\/www.bbc.com\/news\/topics\/cjnwl8q4qdrt\/tanzania<\/a><\/p>\n<p>Ansprechpartner: <a href=\"&#x6d;&#97;i&#x6c;&#116;o&#x3a;&#x72;&#97;&#x66;&#x61;&#101;l&#x2e;&#109;a&#x72;&#x74;&#105;&#x6e;&#x65;&#122;&#64;&#x6f;&#98;e&#x72;&#x73;&#99;&#x68;&#x75;&#108;e&#x2d;&#114;o&#x73;&#x65;&#110;&#x67;&#x61;&#114;t&#x65;&#110;&#46;&#x64;&#x65;\">&#x72;a&#x66;&#97;e&#x6c;&#46;&#x6d;&#97;r&#x74;&#105;&#x6e;&#101;z&#x40;&#111;&#x62;&#x65;r&#x73;&#99;h&#x75;&#108;&#x65;&#45;r&#x6f;&#115;&#x65;&#110;g&#x61;&#114;&#x74;&#x65;n&#x2e;&#100;e<\/a><\/p>","protected":false},"excerpt":{"rendered":"<p>News \u00fcber Tansania Unsere Schule pflegt, in Kooperation mit dem Offenen Jugend Rosengarten, seit 2006 eine Partnerschaft mit der Makomu Secondary School in Marangu Magharibi-Tanzania.<\/p>\n","protected":false},"author":9193501,"featured_media":0,"parent":0,"menu_order":0,"comment_status":"closed","ping_status":"closed","template":"","meta":{"footnotes":""},"class_list":["post-2484","page","type-page","status-publish","hentry"],"_links":{"self":[{"href":"https:\/\/wordpress.nibis.de\/roga\/wp-json\/wp\/v2\/pages\/2484","targetHints":{"allow":["GET"]}}],"collection":[{"href":"https:\/\/wordpress.nibis.de\/roga\/wp-json\/wp\/v2\/pages"}],"about":[{"href":"https:\/\/wordpress.nibis.de\/roga\/wp-json\/wp\/v2\/types\/page"}],"author":[{"embeddable":true,"href":"https:\/\/wordpress.nibis.de\/roga\/wp-json\/wp\/v2\/users\/9193501"}],"replies":[{"embeddable":true,"href":"https:\/\/wordpress.nibis.de\/roga\/wp-json\/wp\/v2\/comments?post=2484"}],"version-history":[{"count":10,"href":"https:\/\/wordpress.nibis.de\/roga\/wp-json\/wp\/v2\/pages\/2484\/revisions"}],"predecessor-version":[{"id":2754,"href":"https:\/\/wordpress.nibis.de\/roga\/wp-json\/wp\/v2\/pages\/2484\/revisions\/2754"}],"wp:attachment":[{"href":"https:\/\/wordpress.nibis.de\/roga\/wp-json\/wp\/v2\/media?parent=2484"}],"curies":[{"name":"wp","href":"https:\/\/api.w.org\/{rel}","templated":true}]}}