{"id":2490,"date":"2022-06-15T14:26:23","date_gmt":"2022-06-15T12:26:23","guid":{"rendered":"https:\/\/wordpress.nibis.de\/roga\/?page_id=2490"},"modified":"2022-06-15T14:27:28","modified_gmt":"2022-06-15T12:27:28","slug":"schulpartnerschaft-mit-frankreich","status":"publish","type":"page","link":"https:\/\/wordpress.nibis.de\/roga\/schulpartnerschaft-mit-frankreich\/","title":{"rendered":"Schulpartnerschaft mit Frankreich"},"content":{"rendered":"\n<figure class=\"wp-block-image size-large is-resized\"><img loading=\"lazy\" decoding=\"async\" src=\"https:\/\/wordpress.nibis.de\/roga\/files\/2022\/06\/Unbenannt-1024x538.jpg\" alt=\"\" class=\"wp-image-2491\" width=\"799\" height=\"419\" srcset=\"https:\/\/wordpress.nibis.de\/roga\/files\/2022\/06\/Unbenannt-1024x538.jpg 1024w, https:\/\/wordpress.nibis.de\/roga\/files\/2022\/06\/Unbenannt-300x158.jpg 300w, https:\/\/wordpress.nibis.de\/roga\/files\/2022\/06\/Unbenannt-768x403.jpg 768w, https:\/\/wordpress.nibis.de\/roga\/files\/2022\/06\/Unbenannt.jpg 1200w\" sizes=\"auto, (max-width: 799px) 100vw, 799px\" \/><\/figure>\n\n\n\n<p><strong>Oberschule Rosengarten \u2013 MFR du pays de Montb\u00e9liard<\/strong><\/p>\n\n\n\n<p>Wir waren seit l\u00e4ngerem auf der Suche nach einer Partnerschule in Frankreich und sind sehr froh, endliche eine Schule gefunden zu haben, n\u00e4mlich <em>MFR du pays de Montb\u00e9liard . <\/em>Am 31.05.2022 besuchte uns die Schule mit 34 Sch\u00fcler und Sch\u00fclerinnen.<\/p>\n\n\n\n<p>Zurzeit entwickeln wir gemeinsam ein Begegnungsprogramm mit verschiedenen Bausteinen. Der Gegenbesuch unserer Sch\u00fcler und Sch\u00fclerinnen nach Frankreich wird demn\u00e4chst geplant. Somit haben sie ebenfalls die Gelegenheit den Unterricht an einer Franz\u00f6sischen Schule und die Umgebung kennenzulernen und am Mittagessen in der Schulkantine teilzunehmen.<\/p>\n\n\n\n<p>Wir hoffen auf eine erfolgreiche langj\u00e4hrige Schulpartnerschaft!<\/p>\n","protected":false},"excerpt":{"rendered":"<p>Oberschule Rosengarten \u2013 MFR du pays de Montb\u00e9liard Wir waren seit l\u00e4ngerem auf der Suche nach einer Partnerschule in Frankreich und sind sehr froh, endliche<\/p>\n","protected":false},"author":9193501,"featured_media":0,"parent":0,"menu_order":0,"comment_status":"closed","ping_status":"closed","template":"","meta":{"footnotes":""},"class_list":["post-2490","page","type-page","status-publish","hentry"],"_links":{"self":[{"href":"https:\/\/wordpress.nibis.de\/roga\/wp-json\/wp\/v2\/pages\/2490","targetHints":{"allow":["GET"]}}],"collection":[{"href":"https:\/\/wordpress.nibis.de\/roga\/wp-json\/wp\/v2\/pages"}],"about":[{"href":"https:\/\/wordpress.nibis.de\/roga\/wp-json\/wp\/v2\/types\/page"}],"author":[{"embeddable":true,"href":"https:\/\/wordpress.nibis.de\/roga\/wp-json\/wp\/v2\/users\/9193501"}],"replies":[{"embeddable":true,"href":"https:\/\/wordpress.nibis.de\/roga\/wp-json\/wp\/v2\/comments?post=2490"}],"version-history":[{"count":3,"href":"https:\/\/wordpress.nibis.de\/roga\/wp-json\/wp\/v2\/pages\/2490\/revisions"}],"predecessor-version":[{"id":2495,"href":"https:\/\/wordpress.nibis.de\/roga\/wp-json\/wp\/v2\/pages\/2490\/revisions\/2495"}],"wp:attachment":[{"href":"https:\/\/wordpress.nibis.de\/roga\/wp-json\/wp\/v2\/media?parent=2490"}],"curies":[{"name":"wp","href":"https:\/\/api.w.org\/{rel}","templated":true}]}}