{"id":254,"date":"2020-04-14T11:33:41","date_gmt":"2020-04-14T09:33:41","guid":{"rendered":"https:\/\/wordpress.nibis.de\/roga\/?page_id=254"},"modified":"2021-05-11T17:56:51","modified_gmt":"2021-05-11T15:56:51","slug":"proberufsorientierung","status":"publish","type":"page","link":"https:\/\/wordpress.nibis.de\/roga\/proberufsorientierung\/","title":{"rendered":"ProBerufsorientierung"},"content":{"rendered":"\n<div class=\"wp-block-media-text alignwide has-media-on-the-right is-stacked-on-mobile\"><figure class=\"wp-block-media-text__media\"><img loading=\"lazy\" decoding=\"async\" width=\"594\" height=\"333\" src=\"https:\/\/wordpress.nibis.de\/roga\/files\/2020\/04\/dd6c023e-7aab-421e-b869-d85613882d96.png\" alt=\"\" class=\"wp-image-215\" srcset=\"https:\/\/wordpress.nibis.de\/roga\/files\/2020\/04\/dd6c023e-7aab-421e-b869-d85613882d96.png 594w, https:\/\/wordpress.nibis.de\/roga\/files\/2020\/04\/dd6c023e-7aab-421e-b869-d85613882d96-300x168.png 300w\" sizes=\"auto, (max-width: 594px) 100vw, 594px\" \/><\/figure><div class=\"wp-block-media-text__content\">\n<p><\/p>\n\n\n\n<p>&nbsp;Die Oberschule Rosengarten erh\u00e4lt f\u00fcr den Zeitraum 2018-2021 erneut das Zertifikat \u201eproBerufsOrientierung! Schule-Wirtschaft\u201c.&nbsp;<\/p>\n<\/div><\/div>\n\n\n<p>Dieses Projekt zeichnet Schulen aus, die die Aufgabe schulischer Berufsorientierung in herausragender Weise erf\u00fcllen.<\/p>\n<p>Ziel ist es, Schulen zu motivieren, ihr Konzept zur Berufsorientierung verst\u00e4rkt prozessorientiert zu verstehen und kumulativ aufeinander aufbauende Ma\u00dfnahmen zu entwickeln, um die Kompetenzen der Sch\u00fclerinnen und Sch\u00fcler in den zentralen Lernfeldern der Berufsorientierung zu verbessern, eine fundierte Berufswahl zu erm\u00f6glichen und die Ausbildungsf\u00e4higkeit zu f\u00f6rdern. Hierzu geh\u00f6rt auch die fortw\u00e4hrende Erfolgs\u00fcberpr\u00fcfung und Anpassung dieser Ma\u00dfnahmen.<\/p>\n<p>Kern des Projekts ist das &#8222;Kursbuch Berufsorientierung\u201c, das die OBS Rosengarten erstellt hat. Die schulischen Ziele und die Systematik der Ma\u00dfnahmen sowie die Ziel\u00fcberpr\u00fcfung werden darin dargestellt. Dieses Kursbuch wurde in einem Audit vor einem Jury-Team vorgestellt, das der OBS Rosengarten dann erneut das gelungene Konzept zur Berufsorientierung bescheinigt hat.<\/p>\n<p><strong>Weitere Informationen zu ProBerufsorientierung finden Sie hier:<\/strong><\/p>\n<p><a href=\"https:\/\/www.landesschulbehoerde-niedersachsen.de\/themen\/projekte\/schule-wirtschaft\" target=\"_blank\" rel=\"noopener noreferrer\">ProBerufsorientierung<\/a><\/p>\n<p><a href=\"https:\/\/wordpress.nibis.de\/roga\/unsere-partner-2\/\">Unsere Partner<\/a><\/p>\n<p><strong>Einblick in das Kursbuch erhalten Sie hier:<\/strong><\/p>\n<p><a href=\"https:\/\/wordpress.nibis.de\/roga\/files\/2021\/05\/Kursbuch-Zertifizierung-2021.pdf\" target=\"_blank\" rel=\"noopener noreferrer\">Kursbuch Zertifizierung 2021<\/a><\/p>","protected":false},"excerpt":{"rendered":"<p>&nbsp;Die Oberschule Rosengarten erh\u00e4lt f\u00fcr den Zeitraum 2018-2021 erneut das Zertifikat \u201eproBerufsOrientierung! Schule-Wirtschaft\u201c.&nbsp; Dieses Projekt zeichnet Schulen aus, die die Aufgabe schulischer Berufsorientierung in herausragender<\/p>\n","protected":false},"author":9193501,"featured_media":0,"parent":0,"menu_order":0,"comment_status":"closed","ping_status":"closed","template":"","meta":{"footnotes":""},"class_list":["post-254","page","type-page","status-publish","hentry"],"_links":{"self":[{"href":"https:\/\/wordpress.nibis.de\/roga\/wp-json\/wp\/v2\/pages\/254","targetHints":{"allow":["GET"]}}],"collection":[{"href":"https:\/\/wordpress.nibis.de\/roga\/wp-json\/wp\/v2\/pages"}],"about":[{"href":"https:\/\/wordpress.nibis.de\/roga\/wp-json\/wp\/v2\/types\/page"}],"author":[{"embeddable":true,"href":"https:\/\/wordpress.nibis.de\/roga\/wp-json\/wp\/v2\/users\/9193501"}],"replies":[{"embeddable":true,"href":"https:\/\/wordpress.nibis.de\/roga\/wp-json\/wp\/v2\/comments?post=254"}],"version-history":[{"count":9,"href":"https:\/\/wordpress.nibis.de\/roga\/wp-json\/wp\/v2\/pages\/254\/revisions"}],"predecessor-version":[{"id":1940,"href":"https:\/\/wordpress.nibis.de\/roga\/wp-json\/wp\/v2\/pages\/254\/revisions\/1940"}],"wp:attachment":[{"href":"https:\/\/wordpress.nibis.de\/roga\/wp-json\/wp\/v2\/media?parent=254"}],"curies":[{"name":"wp","href":"https:\/\/api.w.org\/{rel}","templated":true}]}}