{"id":293,"date":"2020-04-14T12:23:39","date_gmt":"2020-04-14T10:23:39","guid":{"rendered":"https:\/\/wordpress.nibis.de\/roga\/?page_id=293"},"modified":"2026-02-04T16:21:26","modified_gmt":"2026-02-04T15:21:26","slug":"schulvorstand","status":"publish","type":"page","link":"https:\/\/wordpress.nibis.de\/roga\/schulvorstand\/","title":{"rendered":"Schulvorstand"},"content":{"rendered":"\n<p>Der Schulvorstand ist das h\u00f6chste Gremium unserer Schule. Er setzt sich aus Vertretern der Eltern, der Sch\u00fclerschaft und der Lehrkr\u00e4fte zusammen.<\/p>\n<p>Den Vorsitz der Schulvorstandssitzungen hat Frau Mei\u00dfner in ihrer Funktion als Schulleiterin.<\/p>\n<p>Die Aufgaben des Schulvorstandes sind im Nieders\u00e4chsischen Schulgesetz verankert. Dort ist festgelegt, dass der Schulvorstand u.a. \u00fcber<\/p>\n<p style=\"text-align: center\">\u2022 die Verwendung der Haushaltsmittel<\/p>\n<p style=\"text-align: center\">\u2022 die Zusammenarbeit mit anderen Schulen<\/p>\n<p style=\"text-align: center\">\u2022 die Ausgestaltung der Stundentafel<\/p>\n<p style=\"text-align: center\">\u2022 Schulpartnerschaften<\/p>\n<p style=\"text-align: center\">\u2022 die Namensgebung<\/p>\n<p style=\"text-align: center\">entscheidet. Zu den Aufgaben geh\u00f6rt auch Vorschl\u00e4ge f\u00fcr das Schulprogramm und f\u00fcr die Schulordnung zu machen. Diese werden in der Gesamtkonferenz zur Abstimmung gestellt.<\/p>\n","protected":false},"excerpt":{"rendered":"<p>Der Schulvorstand ist das h\u00f6chste Gremium unserer Schule. Er setzt sich aus Vertretern der Eltern, der Sch\u00fclerschaft und der Lehrkr\u00e4fte zusammen. Den Vorsitz der Schulvorstandssitzungen<\/p>\n","protected":false},"author":9193501,"featured_media":0,"parent":0,"menu_order":0,"comment_status":"closed","ping_status":"closed","template":"","meta":{"footnotes":""},"class_list":["post-293","page","type-page","status-publish","hentry"],"_links":{"self":[{"href":"https:\/\/wordpress.nibis.de\/roga\/wp-json\/wp\/v2\/pages\/293","targetHints":{"allow":["GET"]}}],"collection":[{"href":"https:\/\/wordpress.nibis.de\/roga\/wp-json\/wp\/v2\/pages"}],"about":[{"href":"https:\/\/wordpress.nibis.de\/roga\/wp-json\/wp\/v2\/types\/page"}],"author":[{"embeddable":true,"href":"https:\/\/wordpress.nibis.de\/roga\/wp-json\/wp\/v2\/users\/9193501"}],"replies":[{"embeddable":true,"href":"https:\/\/wordpress.nibis.de\/roga\/wp-json\/wp\/v2\/comments?post=293"}],"version-history":[{"count":10,"href":"https:\/\/wordpress.nibis.de\/roga\/wp-json\/wp\/v2\/pages\/293\/revisions"}],"predecessor-version":[{"id":4448,"href":"https:\/\/wordpress.nibis.de\/roga\/wp-json\/wp\/v2\/pages\/293\/revisions\/4448"}],"wp:attachment":[{"href":"https:\/\/wordpress.nibis.de\/roga\/wp-json\/wp\/v2\/media?parent=293"}],"curies":[{"name":"wp","href":"https:\/\/api.w.org\/{rel}","templated":true}]}}