{"id":3161,"date":"2023-09-23T20:39:06","date_gmt":"2023-09-23T18:39:06","guid":{"rendered":"https:\/\/wordpress.nibis.de\/roga\/?page_id=3161"},"modified":"2024-08-13T13:05:47","modified_gmt":"2024-08-13T11:05:47","slug":"bildung-fuer-eine-nachhaltige-entwicklung","status":"publish","type":"page","link":"https:\/\/wordpress.nibis.de\/roga\/bildung-fuer-eine-nachhaltige-entwicklung\/","title":{"rendered":"Bildung f\u00fcr eine nachhaltige Entwicklung"},"content":{"rendered":"<p>Hast du schon einmal vom Klimawandel geh\u00f6rt? Wusstest du, dass es Menschen auf der Welt gibt, die kein sauberes Trinkwasser haben? Und ist dir schon einmal aufgefallen, dass es den B\u00e4umen in unseren W\u00e4ldern in letzter Zeit nicht gut geht?&nbsp;<\/p>\n<p>Jetzt fragst du dich sicherlich, was das alles miteinander zu tun haben soll, oder? All das sind leider nur ein paar wenige Probleme, die wir auf unserer Erde gerade haben und die alle &#8211; direkt oder indirekt &#8211; durch unseren Umgang mit der Natur ausgel\u00f6st oder verst\u00e4rkt werden.&nbsp;<\/p>\n<p>Tats\u00e4chlich leben wir Menschen gerade auf einem sehr gro\u00dfen Fu\u00df. Das bedeutet, dass wir ein so verschwenderisches Leben f\u00fchren, dass es unserer Umwelt schadet. Wir f\u00e4llen z.B. viele B\u00e4ume, um Holz zu bekommen oder Platz f\u00fcr Felder und Weiden zu haben. Wir verbrennen viel Treibstoff wie Benzin oder Diesel, um mit Autos zu fahren. Wir verschmutzen unsere Umwelt mit Plastikm\u00fcll oder vergiften unsere B\u00f6den und Gew\u00e4sser mit Chemikalien wie Sprtizmitteln. All das tun wir nicht, weil wir der Natur schaden m\u00f6chten, sondern in vielen F\u00e4llen nur deshalb, weil wir es so gelernt haben und nicht besser wissen.&nbsp;<\/p>\n<p style=\"text-align: left\">Unser Fu\u00df ist sogar so gro\u00df, dass wir eigentlich fast drei Erdkugeln br\u00e4uchten, um unseren Verbrauch abdecken zu k\u00f6nnen. Da wir diese Erdkugeln aber nicht haben, brauchen wir eine andere L\u00f6sung. Wir m\u00fcssen unsere Erde mehr schonen, die Rohstoffe wie Holz und Treibstoff weniger verbrauchen und weniger M\u00fcll produzieren. <strong>Kurz: Wir m\u00fcssen nachhaltiger mit unserer Welt umgehen.<\/strong><\/p>\n<p>Weil dieses Thema so wichtig ist und jeden Menschen auf der Welt betrifft, hat sich auch die wahrscheinlich wichtigste Organisation der Welt damit befasst &#8211; die UNO bzw. ihre Abteilung f\u00fcr Bildung, die UNESCO. Sie hat insgesamt 17 Ziele formuliert, die es auf der Welt zu erreichen gibt, damit nicht nur wir, sondern auch zuk\u00fcnftige Generationen von Menschen in Frieden, Wohlstand und Gesundheit auf der Welt leben k\u00f6nnen. Diese Ziele lauten:<\/p>\n\n\n<figure class=\"wp-block-image size-full is-resized\"><img loading=\"lazy\" decoding=\"async\" src=\"https:\/\/wordpress.nibis.de\/roga\/files\/2023\/09\/Unbenannt-1.png\" alt=\"\" class=\"wp-image-3162\" width=\"800\" height=\"549\" srcset=\"https:\/\/wordpress.nibis.de\/roga\/files\/2023\/09\/Unbenannt-1.png 1025w, https:\/\/wordpress.nibis.de\/roga\/files\/2023\/09\/Unbenannt-1-300x206.png 300w, https:\/\/wordpress.nibis.de\/roga\/files\/2023\/09\/Unbenannt-1-768x527.png 768w\" sizes=\"auto, (max-width: 800px) 100vw, 800px\" \/><figcaption> <\/figcaption><\/figure>\n\n\n<p>Vor allem Schulen haben zunehmend die Aufgabe, die Sch\u00fclerinnen und Sch\u00fcler darauf vorzubereiten, ihr eigenes Handeln in Bezug auf diese 17 Ziele zu reflektieren und auszurichten. Es geht also darum, euch das R\u00fcstzeug an die Hand zu geben, das eigene Leben so zu gestalten, dass jeder und jede etwas zu einem nachhaltigen und lebenswerten Leben f\u00fcr alle beitragen kann. Dabei k\u00f6nnen schon kleine Dinge viel bewegen. In diesem Video kannst du ein paar Beispiele finden, wie du in deinem Alltag durch kleine \u00c4nderungen den 17 Zielen etwas n\u00e4her kommen kannst.&nbsp;<\/p>\n\n\n<figure class=\"wp-block-embed is-type-video is-provider-youtube wp-block-embed-youtube wp-embed-aspect-16-9 wp-has-aspect-ratio\"><div class=\"wp-block-embed__wrapper\">\n<iframe loading=\"lazy\"  id=\"_ytid_22292\"  width=\"750\" height=\"422\"  data-origwidth=\"750\" data-origheight=\"422\" src=\"https:\/\/www.youtube.com\/embed\/bP7g9py-jus?enablejsapi=1&#038;autoplay=0&#038;cc_load_policy=0&#038;cc_lang_pref=&#038;iv_load_policy=1&#038;loop=0&#038;rel=1&#038;fs=1&#038;playsinline=0&#038;autohide=2&#038;theme=dark&#038;color=red&#038;controls=1&#038;disablekb=0&#038;\" class=\"__youtube_prefs__  epyt-is-override  no-lazyload\" title=\"YouTube player\"  allow=\"fullscreen; accelerometer; autoplay; clipboard-write; encrypted-media; gyroscope; picture-in-picture; web-share\" referrerpolicy=\"strict-origin-when-cross-origin\" allowfullscreen data-no-lazy=\"1\" data-skipgform_ajax_framebjll=\"\"><\/iframe>\n<\/div><\/figure>\n\n\n\n<figure class=\"wp-block-gallery has-nested-images columns-default is-cropped is-style-tw-img-rounded wp-block-gallery-1 is-layout-flex wp-block-gallery-is-layout-flex\">\n<figure class=\"wp-block-image size-large\"><img loading=\"lazy\" decoding=\"async\" width=\"637\" height=\"576\" data-id=\"3177\" src=\"https:\/\/wordpress.nibis.de\/roga\/files\/2023\/09\/Schulpartnerschaften.png\" alt=\"\" class=\"wp-image-3177\" srcset=\"https:\/\/wordpress.nibis.de\/roga\/files\/2023\/09\/Schulpartnerschaften.png 637w, https:\/\/wordpress.nibis.de\/roga\/files\/2023\/09\/Schulpartnerschaften-300x271.png 300w\" sizes=\"auto, (max-width: 637px) 100vw, 637px\" \/><\/figure>\n<\/figure>\n\n\n\n<p>Hast auch du Lust etwas auf die Beine zu stellen, um unser aller Zukunft nachhaltig zu gestalten? Dann bist du bei uns an der ROGA genau richtig!<\/p>\n","protected":false},"excerpt":{"rendered":"<p>Hast du schon einmal vom Klimawandel geh\u00f6rt? Wusstest du, dass es Menschen auf der Welt gibt, die kein sauberes Trinkwasser haben? Und ist dir schon<\/p>\n","protected":false},"author":9193501,"featured_media":0,"parent":0,"menu_order":0,"comment_status":"closed","ping_status":"closed","template":"","meta":{"footnotes":""},"class_list":["post-3161","page","type-page","status-publish","hentry"],"_links":{"self":[{"href":"https:\/\/wordpress.nibis.de\/roga\/wp-json\/wp\/v2\/pages\/3161","targetHints":{"allow":["GET"]}}],"collection":[{"href":"https:\/\/wordpress.nibis.de\/roga\/wp-json\/wp\/v2\/pages"}],"about":[{"href":"https:\/\/wordpress.nibis.de\/roga\/wp-json\/wp\/v2\/types\/page"}],"author":[{"embeddable":true,"href":"https:\/\/wordpress.nibis.de\/roga\/wp-json\/wp\/v2\/users\/9193501"}],"replies":[{"embeddable":true,"href":"https:\/\/wordpress.nibis.de\/roga\/wp-json\/wp\/v2\/comments?post=3161"}],"version-history":[{"count":13,"href":"https:\/\/wordpress.nibis.de\/roga\/wp-json\/wp\/v2\/pages\/3161\/revisions"}],"predecessor-version":[{"id":3800,"href":"https:\/\/wordpress.nibis.de\/roga\/wp-json\/wp\/v2\/pages\/3161\/revisions\/3800"}],"wp:attachment":[{"href":"https:\/\/wordpress.nibis.de\/roga\/wp-json\/wp\/v2\/media?parent=3161"}],"curies":[{"name":"wp","href":"https:\/\/api.w.org\/{rel}","templated":true}]}}