{"id":3256,"date":"2024-02-07T13:01:19","date_gmt":"2024-02-07T12:01:19","guid":{"rendered":"https:\/\/wordpress.nibis.de\/roga\/?page_id=3256"},"modified":"2025-12-18T15:13:32","modified_gmt":"2025-12-18T14:13:32","slug":"schnuppertage-2025","status":"publish","type":"page","link":"https:\/\/wordpress.nibis.de\/roga\/schnuppertage-2025\/","title":{"rendered":"Schnuppertage 2026"},"content":{"rendered":"\n<p><\/p>\n\n\n\n<div class=\"wp-block-contact-form-7-contact-form-selector\">\n<div class=\"wpcf7 no-js\" id=\"wpcf7-f4333-o1\" lang=\"de-DE\" dir=\"ltr\" data-wpcf7-id=\"4333\">\n<div class=\"screen-reader-response\"><p role=\"status\" aria-live=\"polite\" aria-atomic=\"true\"><\/p> <ul><\/ul><\/div>\n<form action=\"\/roga\/wp-json\/wp\/v2\/pages\/3256#wpcf7-f4333-o1\" method=\"post\" class=\"wpcf7-form init\" aria-label=\"Kontaktformular\" novalidate=\"novalidate\" data-status=\"init\">\n<fieldset class=\"hidden-fields-container\"><input type=\"hidden\" name=\"_wpcf7\" value=\"4333\" \/><input type=\"hidden\" name=\"_wpcf7_version\" value=\"6.1.5\" \/><input type=\"hidden\" name=\"_wpcf7_locale\" value=\"de_DE\" \/><input type=\"hidden\" name=\"_wpcf7_unit_tag\" value=\"wpcf7-f4333-o1\" \/><input type=\"hidden\" name=\"_wpcf7_container_post\" value=\"0\" \/><input type=\"hidden\" name=\"_wpcf7_posted_data_hash\" value=\"\" \/>\n<\/fieldset>\n<div class=\"wpcf7-turnstile cf-turnstile\" data-sitekey=\"0x4AAAAAAA0jLh2IoAW-C2aO\" data-response-field-name=\"_wpcf7_turnstile_response\"><\/div>\n\n<p>Liebe Eltern und Erziehungsbrechtigte der 4. Klassen,\n<\/p>\n<p>die Grundschulzeit neigt sich dem Ende entgegen und die neue Schule ist schon in Sichtweite. Doch welche weiterf\u00fchrende Schule ist die richtige f\u00fcr Ihr Kind? Auch in diesem Jahr m\u00f6chten wir Ihren Kindern wieder die M\u00f6glichkeit geben, die ROGA bei einem Schnuppertag kennen zu lernen und sich ein Bild von uns zu machen.\n<\/p>\n<p>Daf\u00fcr haben wir die folgenden zwei Termine vorgesehen:\n<\/p>\n<p>- Am 05.03.2026 findet der Schnuppertag f\u00fcr die Sch\u00fclerinnen und Sch\u00fcler f\u00fcr die Grundschulen Nenndorf und Vahrendorf statt.\n<\/p>\n<p>- Am 06.03.2026 findet der Schnuppertag f\u00fcr die Sch\u00fclerinnen und Sch\u00fcler der Grundschulen Westerhof, Klecken und anderer interessierten Grundschulen statt.\n<\/p>\n<p>Wenn sie Ihr Kind zu einem dieser Tage anmelden m\u00f6chten, f\u00fcllen Sie bitte das folgende Anmeldeformular aus:\n<\/p>\n<p><label> Name des Kindes<br \/>\n<span class=\"wpcf7-form-control-wrap\" data-name=\"Name_des_Kindes\"><input size=\"40\" maxlength=\"400\" class=\"wpcf7-form-control wpcf7-text wpcf7-validates-as-required\" aria-required=\"true\" aria-invalid=\"false\" value=\"\" type=\"text\" name=\"Name_des_Kindes\" \/><\/span> <\/label>\n<\/p>\n<p><label> Name eines Erziehungsberechtigten<br \/>\n<span class=\"wpcf7-form-control-wrap\" data-name=\"Name_eines_Erziehungsberechtigten\"><input size=\"40\" maxlength=\"400\" class=\"wpcf7-form-control wpcf7-text wpcf7-validates-as-required\" aria-required=\"true\" aria-invalid=\"false\" value=\"\" type=\"text\" name=\"Name_eines_Erziehungsberechtigten\" \/><\/span> <\/label>\n<\/p>\n<p><label> Mailadresse<br \/>\n<span class=\"wpcf7-form-control-wrap\" data-name=\"Kontakt\"><input size=\"40\" maxlength=\"400\" class=\"wpcf7-form-control wpcf7-email wpcf7-text wpcf7-validates-as-email\" aria-invalid=\"false\" value=\"\" type=\"email\" name=\"Kontakt\" \/><\/span><br \/>\n.<br \/>\n<\/label><label> Telefonnummer<br \/>\n<span class=\"wpcf7-form-control-wrap\" data-name=\"Telefonnummer\"><input size=\"40\" maxlength=\"400\" class=\"wpcf7-form-control wpcf7-text wpcf7-validates-as-required\" aria-required=\"true\" aria-invalid=\"false\" value=\"\" type=\"text\" name=\"Telefonnummer\" \/><\/span><br \/>\n.<br \/>\n<\/label><label> Anmeldung zu folgendem Datum (Eine Anmeldung ist leider nur noch f\u00fcr den 05.03. m\u00f6glich. Hier k\u00f6nnen sich nun alle Kinder anmelden.)<br \/>\n<\/label><label> 05.03.26<br \/>\n.<br \/>\n<\/label><label> Name der Grundschule<br \/>\n<span class=\"wpcf7-form-control-wrap\" data-name=\"Name_der_Grundschule\"><input size=\"40\" maxlength=\"400\" class=\"wpcf7-form-control wpcf7-text wpcf7-validates-as-required\" aria-required=\"true\" aria-invalid=\"false\" value=\"\" type=\"text\" name=\"Name_der_Grundschule\" \/><\/span> <\/label>\n<\/p>\n<p><input class=\"wpcf7-form-control wpcf7-submit has-spinner\" type=\"submit\" value=\"Senden\" \/>\n<\/p>\n<p>Sie erhalten eine automatische Antwortmail. Bitte auch den Spamordner beachten.\n<\/p>\n<p>Vielen Dank<br \/>\nIhr ROGA Team\n<\/p><div class=\"wpcf7-response-output\" aria-hidden=\"true\"><\/div>\n<\/form>\n<\/div>\n<\/div>\n\n\n\n<p><\/p>\n","protected":false},"excerpt":{"rendered":"","protected":false},"author":9193501,"featured_media":0,"parent":0,"menu_order":0,"comment_status":"closed","ping_status":"closed","template":"","meta":{"footnotes":""},"class_list":["post-3256","page","type-page","status-publish","hentry"],"_links":{"self":[{"href":"https:\/\/wordpress.nibis.de\/roga\/wp-json\/wp\/v2\/pages\/3256","targetHints":{"allow":["GET"]}}],"collection":[{"href":"https:\/\/wordpress.nibis.de\/roga\/wp-json\/wp\/v2\/pages"}],"about":[{"href":"https:\/\/wordpress.nibis.de\/roga\/wp-json\/wp\/v2\/types\/page"}],"author":[{"embeddable":true,"href":"https:\/\/wordpress.nibis.de\/roga\/wp-json\/wp\/v2\/users\/9193501"}],"replies":[{"embeddable":true,"href":"https:\/\/wordpress.nibis.de\/roga\/wp-json\/wp\/v2\/comments?post=3256"}],"version-history":[{"count":7,"href":"https:\/\/wordpress.nibis.de\/roga\/wp-json\/wp\/v2\/pages\/3256\/revisions"}],"predecessor-version":[{"id":4336,"href":"https:\/\/wordpress.nibis.de\/roga\/wp-json\/wp\/v2\/pages\/3256\/revisions\/4336"}],"wp:attachment":[{"href":"https:\/\/wordpress.nibis.de\/roga\/wp-json\/wp\/v2\/media?parent=3256"}],"curies":[{"name":"wp","href":"https:\/\/api.w.org\/{rel}","templated":true}]}}