{"id":3297,"date":"2024-02-29T20:37:23","date_gmt":"2024-02-29T19:37:23","guid":{"rendered":"https:\/\/wordpress.nibis.de\/roga\/?page_id=3297"},"modified":"2024-05-24T21:43:43","modified_gmt":"2024-05-24T19:43:43","slug":"gemueseackerdemie","status":"publish","type":"page","link":"https:\/\/wordpress.nibis.de\/roga\/gemueseackerdemie\/","title":{"rendered":"Gem\u00fcseAckerdemie"},"content":{"rendered":"\n<p>Seit Februar 2024 ist die ROGA teil der Gem\u00fcseAckerdemie. Diese Organisation unterst\u00fczt Schulen dabei, einen Schulgarten anzulegen und den Sch\u00fclerinnen und Sch\u00fclern einen nachhaltigen Umgang mit Lebensmitteln zu vermitteln. Im Mittelpunkt steht dabei der eigene Anbau und die Verarbeitung von Gem\u00fcse.<\/p>\n\n\n\n<figure class=\"wp-block-image size-large\"><img loading=\"lazy\" decoding=\"async\" width=\"1024\" height=\"469\" src=\"https:\/\/wordpress.nibis.de\/roga\/files\/2024\/04\/DSC_0854-1-1-1024x469.jpg\" alt=\"\" class=\"wp-image-3403\" srcset=\"https:\/\/wordpress.nibis.de\/roga\/files\/2024\/04\/DSC_0854-1-1-1024x469.jpg 1024w, https:\/\/wordpress.nibis.de\/roga\/files\/2024\/04\/DSC_0854-1-1-300x138.jpg 300w, https:\/\/wordpress.nibis.de\/roga\/files\/2024\/04\/DSC_0854-1-1-768x352.jpg 768w, https:\/\/wordpress.nibis.de\/roga\/files\/2024\/04\/DSC_0854-1-1.jpg 1200w\" sizes=\"auto, (max-width: 1024px) 100vw, 1024px\" \/><\/figure>\n\n\n\n<p>Der Gem\u00fcsegarten wird im Zuge des Projektunterrichts von den 5. Klassen neu angelegt, beflanzt und gepflegt. Dank mehrerer F\u00f6rderungen (AOK, Raiffeisen, &#8230;) und der Hilfe und Unterst\u00fctzung vieler Eltern, konnten wir schon einen gelungenen Start hinlegen.<\/p>\n\n\n\n<p><strong>02.04.2024 &#8211; Erste Pflanzung<\/strong><\/p>\n\n\n\n<p>Mit gro\u00dfer Unterst\u00fctzung von zwei Mitarbeiterinnen der Gem\u00fcseAckerdemie haben die Kinder heute die ersten Pflanzen auf den Acker gepflanzt. Bei strahlendem Wetter setzten die Sch\u00fclerinnen und Sch\u00fcler der Klasse 5.2 Salat, Mangold, Kohlrabi und vieles Weitere in die frisch aufgeworfene Erde. <\/p>\n\n\n\n<figure class=\"wp-block-image size-full\"><img loading=\"lazy\" decoding=\"async\" width=\"980\" height=\"551\" src=\"https:\/\/wordpress.nibis.de\/roga\/files\/2024\/05\/20240502_124229.jpg\" alt=\"\" class=\"wp-image-3477\" srcset=\"https:\/\/wordpress.nibis.de\/roga\/files\/2024\/05\/20240502_124229.jpg 980w, https:\/\/wordpress.nibis.de\/roga\/files\/2024\/05\/20240502_124229-300x169.jpg 300w, https:\/\/wordpress.nibis.de\/roga\/files\/2024\/05\/20240502_124229-768x432.jpg 768w\" sizes=\"auto, (max-width: 980px) 100vw, 980px\" \/><\/figure>\n\n\n\n<p><strong>17.05.2024 &#8211; Besuch beim Raiffeisenmarkt in Nenndorf\u00a0<\/strong><\/p>\n\n\n\n<p>Unser Acker findet reichlich Unterst\u00fctzung durch die ortsans\u00e4ssigen Betriebe und Vereine. Am Freitag durften die Sch\u00fclerinnen und Sch\u00fcler der Klasse 5.2 dem <strong>Raiffeisenmarkt in Nenndorf<\/strong> einen Besuch abstatten und sich drei bunte Schubkarren mit verschiedensten Gartenger\u00e4ten bef\u00fcllen. M\u00f6glich war diese tolle Aktion dank des<strong> Raiffeisenmarktes<\/strong>, einer gro\u00dfz\u00fcgigen Spende der<strong> Sparkasse Harburg-Buxtehude<\/strong> und unserem <strong>Schulverein ROGA e.V<\/strong>., der die Koordination \u00fcbernahm und den Kontakt zwischen allen Beteiligten hergestellt hat. <\/p>\n\n\n\n<figure class=\"wp-block-image size-full\"><img loading=\"lazy\" decoding=\"async\" width=\"934\" height=\"623\" src=\"https:\/\/wordpress.nibis.de\/roga\/files\/2024\/05\/IMG_2625.jpg\" alt=\"\" class=\"wp-image-3510\" srcset=\"https:\/\/wordpress.nibis.de\/roga\/files\/2024\/05\/IMG_2625.jpg 934w, https:\/\/wordpress.nibis.de\/roga\/files\/2024\/05\/IMG_2625-300x200.jpg 300w, https:\/\/wordpress.nibis.de\/roga\/files\/2024\/05\/IMG_2625-768x512.jpg 768w, https:\/\/wordpress.nibis.de\/roga\/files\/2024\/05\/IMG_2625-420x280.jpg 420w\" sizes=\"auto, (max-width: 934px) 100vw, 934px\" \/><figcaption>Foto: www.kreiszeitung-wochenblatt.de<\/figcaption><\/figure>\n\n\n\n<p class=\"has-text-align-center\"><strong>Vielen Dank f\u00fcr die tolle Unterst\u00fctzung!<\/strong><\/p>\n\n\n\n<div class=\"wp-block-image\"><figure class=\"alignleft size-full is-resized\"><img loading=\"lazy\" decoding=\"async\" src=\"https:\/\/wordpress.nibis.de\/roga\/files\/2024\/04\/raiffeisen_logo_wir-lieben-naehe-f465f4e7.png\" alt=\"\" class=\"wp-image-3421\" width=\"208\" height=\"56\" \/><\/figure><\/div>\n\n\n\n<div class=\"wp-block-image\"><figure class=\"alignleft size-large is-resized\"><img loading=\"lazy\" decoding=\"async\" src=\"https:\/\/wordpress.nibis.de\/roga\/files\/2024\/05\/Sparkasse-1024x306.png\" alt=\"\" class=\"wp-image-3517\" width=\"204\" height=\"60\" srcset=\"https:\/\/wordpress.nibis.de\/roga\/files\/2024\/05\/Sparkasse-1024x306.png 1024w, https:\/\/wordpress.nibis.de\/roga\/files\/2024\/05\/Sparkasse-300x90.png 300w, https:\/\/wordpress.nibis.de\/roga\/files\/2024\/05\/Sparkasse-768x230.png 768w, https:\/\/wordpress.nibis.de\/roga\/files\/2024\/05\/Sparkasse-1536x459.png 1536w, https:\/\/wordpress.nibis.de\/roga\/files\/2024\/05\/Sparkasse.png 1743w\" sizes=\"auto, (max-width: 204px) 100vw, 204px\" \/><\/figure><\/div>\n\n\n\n<div class=\"wp-block-image\"><figure class=\"alignleft size-full is-resized\"><img loading=\"lazy\" decoding=\"async\" src=\"https:\/\/wordpress.nibis.de\/roga\/files\/2024\/04\/schulverein-roga-logo.png\" alt=\"\" class=\"wp-image-3363\" width=\"209\" height=\"90\" srcset=\"https:\/\/wordpress.nibis.de\/roga\/files\/2024\/04\/schulverein-roga-logo.png 600w, https:\/\/wordpress.nibis.de\/roga\/files\/2024\/04\/schulverein-roga-logo-300x130.png 300w\" sizes=\"auto, (max-width: 209px) 100vw, 209px\" \/><\/figure><\/div>\n","protected":false},"excerpt":{"rendered":"<p>Seit Februar 2024 ist die ROGA teil der Gem\u00fcseAckerdemie. Diese Organisation unterst\u00fczt Schulen dabei, einen Schulgarten anzulegen und den Sch\u00fclerinnen und Sch\u00fclern einen nachhaltigen Umgang<\/p>\n","protected":false},"author":9193501,"featured_media":0,"parent":0,"menu_order":0,"comment_status":"closed","ping_status":"closed","template":"","meta":{"footnotes":""},"class_list":["post-3297","page","type-page","status-publish","hentry"],"_links":{"self":[{"href":"https:\/\/wordpress.nibis.de\/roga\/wp-json\/wp\/v2\/pages\/3297","targetHints":{"allow":["GET"]}}],"collection":[{"href":"https:\/\/wordpress.nibis.de\/roga\/wp-json\/wp\/v2\/pages"}],"about":[{"href":"https:\/\/wordpress.nibis.de\/roga\/wp-json\/wp\/v2\/types\/page"}],"author":[{"embeddable":true,"href":"https:\/\/wordpress.nibis.de\/roga\/wp-json\/wp\/v2\/users\/9193501"}],"replies":[{"embeddable":true,"href":"https:\/\/wordpress.nibis.de\/roga\/wp-json\/wp\/v2\/comments?post=3297"}],"version-history":[{"count":13,"href":"https:\/\/wordpress.nibis.de\/roga\/wp-json\/wp\/v2\/pages\/3297\/revisions"}],"predecessor-version":[{"id":3555,"href":"https:\/\/wordpress.nibis.de\/roga\/wp-json\/wp\/v2\/pages\/3297\/revisions\/3555"}],"wp:attachment":[{"href":"https:\/\/wordpress.nibis.de\/roga\/wp-json\/wp\/v2\/media?parent=3297"}],"curies":[{"name":"wp","href":"https:\/\/api.w.org\/{rel}","templated":true}]}}