{"id":3335,"date":"2024-04-03T18:07:11","date_gmt":"2024-04-03T16:07:11","guid":{"rendered":"https:\/\/wordpress.nibis.de\/roga\/?page_id=3335"},"modified":"2024-04-10T18:13:26","modified_gmt":"2024-04-10T16:13:26","slug":"anmeldung-im-schulverein","status":"publish","type":"page","link":"https:\/\/wordpress.nibis.de\/roga\/anmeldung-im-schulverein\/","title":{"rendered":"Anmeldung im Schulverein"},"content":{"rendered":"\n<div class=\"wp-block-media-text alignwide has-media-on-the-right is-stacked-on-mobile\"><figure class=\"wp-block-media-text__media\"><img loading=\"lazy\" decoding=\"async\" width=\"600\" height=\"259\" src=\"https:\/\/wordpress.nibis.de\/roga\/files\/2024\/04\/schulverein-roga-logo.png\" alt=\"\" class=\"wp-image-3363 size-full\" srcset=\"https:\/\/wordpress.nibis.de\/roga\/files\/2024\/04\/schulverein-roga-logo.png 600w, https:\/\/wordpress.nibis.de\/roga\/files\/2024\/04\/schulverein-roga-logo-300x130.png 300w\" sizes=\"auto, (max-width: 600px) 100vw, 600px\" \/><\/figure><div class=\"wp-block-media-text__content\">\n<p class=\"has-large-font-size\"><\/p>\n\n\n\n<p>Wenn Sie den Schulverein unterst\u00fctzen und Mitglied werden m\u00f6chten, dann f\u00fcllen Sie bitte das folgende Formular aus.<\/p>\n<\/div><\/div>\n\n\n\n<div class=\"wp-block-contact-form-7-contact-form-selector\">\n<div class=\"wpcf7 no-js\" id=\"wpcf7-f3341-o1\" lang=\"de-DE\" dir=\"ltr\" data-wpcf7-id=\"3341\">\n<div class=\"screen-reader-response\"><p role=\"status\" aria-live=\"polite\" aria-atomic=\"true\"><\/p> <ul><\/ul><\/div>\n<form action=\"\/roga\/wp-json\/wp\/v2\/pages\/3335#wpcf7-f3341-o1\" method=\"post\" class=\"wpcf7-form init\" aria-label=\"Kontaktformular\" novalidate=\"novalidate\" data-status=\"init\">\n<fieldset class=\"hidden-fields-container\"><input type=\"hidden\" name=\"_wpcf7\" value=\"3341\" \/><input type=\"hidden\" name=\"_wpcf7_version\" value=\"6.1.5\" \/><input type=\"hidden\" name=\"_wpcf7_locale\" value=\"de_DE\" \/><input type=\"hidden\" name=\"_wpcf7_unit_tag\" value=\"wpcf7-f3341-o1\" \/><input type=\"hidden\" name=\"_wpcf7_container_post\" value=\"0\" \/><input type=\"hidden\" name=\"_wpcf7_posted_data_hash\" value=\"\" \/>\n<\/fieldset>\n<div class=\"wpcf7-turnstile cf-turnstile\" data-sitekey=\"0x4AAAAAAA0jLh2IoAW-C2aO\" data-response-field-name=\"_wpcf7_turnstile_response\"><\/div>\n\n<p><label> Beginn der Mitgliedschaft <\/label><label><br \/>\n<span class=\"wpcf7-form-control-wrap\" data-name=\"Beginn\"><span class=\"wpcf7-form-control wpcf7-checkbox wpcf7-validates-as-required wpcf7-exclusive-checkbox\"><span class=\"wpcf7-list-item first\"><input type=\"checkbox\" name=\"Beginn\" value=\"sofort\" \/><span class=\"wpcf7-list-item-label\">sofort<\/span><\/span><span class=\"wpcf7-list-item last\"><input type=\"checkbox\" name=\"Beginn\" value=\"zum...\" \/><span class=\"wpcf7-list-item-label\">zum...<\/span><\/span><\/span><\/span><br \/>\n<\/label><label> <span class=\"wpcf7-form-control-wrap\" data-name=\"zum\"><input size=\"40\" maxlength=\"400\" class=\"wpcf7-form-control wpcf7-text\" aria-invalid=\"false\" placeholder=\"zum...\" value=\"\" type=\"text\" name=\"zum\" \/><\/span> <\/label><label><br \/>\n<\/label><label> Vorname<br \/>\n<span class=\"wpcf7-form-control-wrap\" data-name=\"first-name\"><input size=\"40\" maxlength=\"400\" class=\"wpcf7-form-control wpcf7-text wpcf7-validates-as-required\" aria-required=\"true\" aria-invalid=\"false\" value=\"\" type=\"text\" name=\"first-name\" \/><\/span> <\/label>\n<\/p>\n<p><label> Nachname<br \/>\n<span class=\"wpcf7-form-control-wrap\" data-name=\"second-name\"><input size=\"40\" maxlength=\"400\" class=\"wpcf7-form-control wpcf7-text wpcf7-validates-as-required\" aria-required=\"true\" aria-invalid=\"false\" value=\"\" type=\"text\" name=\"second-name\" \/><\/span> <\/label>\n<\/p>\n<p><label> Name des Kindes<br \/>\n<span class=\"wpcf7-form-control-wrap\" data-name=\"kids-name\"><input size=\"40\" maxlength=\"400\" class=\"wpcf7-form-control wpcf7-text wpcf7-validates-as-required\" aria-required=\"true\" aria-invalid=\"false\" value=\"\" type=\"text\" name=\"kids-name\" \/><\/span> <\/label>\n<\/p>\n<p><label> Klasse<br \/>\n<span class=\"wpcf7-form-control-wrap\" data-name=\"class\"><input size=\"40\" maxlength=\"400\" class=\"wpcf7-form-control wpcf7-text wpcf7-validates-as-required\" aria-required=\"true\" aria-invalid=\"false\" value=\"\" type=\"text\" name=\"class\" \/><\/span> <\/label>\n<\/p>\n<p><label> Betrag <\/label><label><br \/>\n<span class=\"wpcf7-form-control-wrap\" data-name=\"Betrag\"><span class=\"wpcf7-form-control wpcf7-checkbox wpcf7-validates-as-required wpcf7-exclusive-checkbox\"><span class=\"wpcf7-list-item first\"><input type=\"checkbox\" name=\"Betrag\" value=\"10,00 \u20ac\" \/><span class=\"wpcf7-list-item-label\">10,00 \u20ac<\/span><\/span><span class=\"wpcf7-list-item\"><input type=\"checkbox\" name=\"Betrag\" value=\"15,00 \u20ac\" \/><span class=\"wpcf7-list-item-label\">15,00 \u20ac<\/span><\/span><span class=\"wpcf7-list-item\"><input type=\"checkbox\" name=\"Betrag\" value=\"20,00 \u20ac\" \/><span class=\"wpcf7-list-item-label\">20,00 \u20ac<\/span><\/span><span class=\"wpcf7-list-item\"><input type=\"checkbox\" name=\"Betrag\" value=\"25,00 \u20ac\" \/><span class=\"wpcf7-list-item-label\">25,00 \u20ac<\/span><\/span><span class=\"wpcf7-list-item last\"><input type=\"checkbox\" name=\"Betrag\" value=\"anderer Betrag\" \/><span class=\"wpcf7-list-item-label\">anderer Betrag<\/span><\/span><\/span><\/span><br \/>\n<\/label><label> <span class=\"wpcf7-form-control-wrap\" data-name=\"andererBetrag\"><input size=\"40\" maxlength=\"400\" class=\"wpcf7-form-control wpcf7-text\" aria-invalid=\"false\" placeholder=\"anderer Betrag\" value=\"\" type=\"text\" name=\"andererBetrag\" \/><\/span> <\/label><label><br \/>\n<span class=\"wpcf7-form-control-wrap\" data-name=\"Intervall\"><span class=\"wpcf7-form-control wpcf7-checkbox wpcf7-validates-as-required wpcf7-exclusive-checkbox\"><span class=\"wpcf7-list-item first\"><input type=\"checkbox\" name=\"Intervall\" value=\"pro Monat\" \/><span class=\"wpcf7-list-item-label\">pro Monat<\/span><\/span><span class=\"wpcf7-list-item\"><input type=\"checkbox\" name=\"Intervall\" value=\"pro Quartal\" \/><span class=\"wpcf7-list-item-label\">pro Quartal<\/span><\/span><span class=\"wpcf7-list-item\"><input type=\"checkbox\" name=\"Intervall\" value=\"pro Jahr\" \/><span class=\"wpcf7-list-item-label\">pro Jahr<\/span><\/span><span class=\"wpcf7-list-item last\"><input type=\"checkbox\" name=\"Intervall\" value=\"einmalige Spende\" \/><span class=\"wpcf7-list-item-label\">einmalige Spende<\/span><\/span><\/span><\/span><br \/>\n<\/label><label> Stra\u00dfe und Hausnummer<br \/>\n<span class=\"wpcf7-form-control-wrap\" data-name=\"class\"><input size=\"40\" maxlength=\"400\" class=\"wpcf7-form-control wpcf7-text wpcf7-validates-as-required\" aria-required=\"true\" aria-invalid=\"false\" value=\"\" type=\"text\" name=\"class\" \/><\/span> <\/label>\n<\/p>\n<p><label> PLZ und Ort<br \/>\n<span class=\"wpcf7-form-control-wrap\" data-name=\"class\"><input size=\"40\" maxlength=\"400\" class=\"wpcf7-form-control wpcf7-text wpcf7-validates-as-required\" aria-required=\"true\" aria-invalid=\"false\" value=\"\" type=\"text\" name=\"class\" \/><\/span> <\/label>\n<\/p>\n<p><label> Telefonnummer<br \/>\n<span class=\"wpcf7-form-control-wrap\" data-name=\"Telefonnummer\"><input size=\"40\" maxlength=\"400\" class=\"wpcf7-form-control wpcf7-tel wpcf7-validates-as-required wpcf7-text wpcf7-validates-as-tel\" aria-required=\"true\" aria-invalid=\"false\" value=\"\" type=\"tel\" name=\"Telefonnummer\" \/><\/span> <\/label><label><br \/>\n<\/label><label> E-Mail Adresse<br \/>\n<span class=\"wpcf7-form-control-wrap\" data-name=\"email\"><input size=\"40\" maxlength=\"400\" class=\"wpcf7-form-control wpcf7-email wpcf7-text wpcf7-validates-as-email\" aria-invalid=\"false\" value=\"\" type=\"email\" name=\"email\" \/><\/span> <\/label><label><br \/>\n<\/label><label> Gew\u00fcnschte Zahlungsart <\/label><label><br \/>\n<span class=\"wpcf7-form-control-wrap\" data-name=\"Zahlungsart\"><span class=\"wpcf7-form-control wpcf7-checkbox wpcf7-exclusive-checkbox\"><span class=\"wpcf7-list-item first last\"><input type=\"checkbox\" name=\"Zahlungsart\" value=\"Bankeinzug\" \/><span class=\"wpcf7-list-item-label\">Bankeinzug<\/span><\/span><\/span><\/span><br \/>\n<span class=\"wpcf7-form-control-wrap\" data-name=\"IBAN\"><input size=\"40\" maxlength=\"400\" class=\"wpcf7-form-control wpcf7-text wpcf7-validates-as-required\" aria-required=\"true\" aria-invalid=\"false\" placeholder=\"IBAN\" value=\"\" type=\"text\" name=\"IBAN\" \/><\/span> <span class=\"wpcf7-form-control-wrap\" data-name=\"BIC\"><input size=\"40\" maxlength=\"400\" class=\"wpcf7-form-control wpcf7-text wpcf7-validates-as-required\" aria-required=\"true\" aria-invalid=\"false\" placeholder=\"BIC\" value=\"\" type=\"text\" name=\"BIC\" \/><\/span><br \/>\n<span class=\"wpcf7-form-control-wrap\" data-name=\"checkbox-299\"><span class=\"wpcf7-form-control wpcf7-checkbox wpcf7-validates-as-required wpcf7-exclusive-checkbox\"><span class=\"wpcf7-list-item first last\"><input type=\"checkbox\" name=\"checkbox-299\" value=\"Einverst\u00e4ndniserkl\u00e4rung\" \/><span class=\"wpcf7-list-item-label\">Einverst\u00e4ndniserkl\u00e4rung<\/span><\/span><\/span><\/span><br \/>\n<\/label><label> Ich bin damit einverstanden, dass meine personenbezogenen Daten zum Zweck der internen Datenverarbeitung vom Schulverein ROGA e.V. elektronisch gespeichert werden. Der Schulverein ROGA e.V. gew\u00e4hrleistet, dass die personenbezogenen Daten nicht an Dritte weitergegeben werden. Die gesetzlichen Datenschutzbestimmungen werden eingehalten. <\/label><label><br \/>\n<input class=\"wpcf7-form-control wpcf7-submit has-spinner\" type=\"submit\" value=\"Senden\" \/><\/label>\n<\/p><div class=\"wpcf7-response-output\" aria-hidden=\"true\"><\/div>\n<\/form>\n<\/div>\n<\/div>\n","protected":false},"excerpt":{"rendered":"<p>Wenn Sie den Schulverein unterst\u00fctzen und Mitglied werden m\u00f6chten, dann f\u00fcllen Sie bitte das folgende Formular aus.<\/p>\n","protected":false},"author":9193501,"featured_media":0,"parent":0,"menu_order":0,"comment_status":"closed","ping_status":"closed","template":"","meta":{"footnotes":""},"class_list":["post-3335","page","type-page","status-publish","hentry"],"_links":{"self":[{"href":"https:\/\/wordpress.nibis.de\/roga\/wp-json\/wp\/v2\/pages\/3335","targetHints":{"allow":["GET"]}}],"collection":[{"href":"https:\/\/wordpress.nibis.de\/roga\/wp-json\/wp\/v2\/pages"}],"about":[{"href":"https:\/\/wordpress.nibis.de\/roga\/wp-json\/wp\/v2\/types\/page"}],"author":[{"embeddable":true,"href":"https:\/\/wordpress.nibis.de\/roga\/wp-json\/wp\/v2\/users\/9193501"}],"replies":[{"embeddable":true,"href":"https:\/\/wordpress.nibis.de\/roga\/wp-json\/wp\/v2\/comments?post=3335"}],"version-history":[{"count":10,"href":"https:\/\/wordpress.nibis.de\/roga\/wp-json\/wp\/v2\/pages\/3335\/revisions"}],"predecessor-version":[{"id":3367,"href":"https:\/\/wordpress.nibis.de\/roga\/wp-json\/wp\/v2\/pages\/3335\/revisions\/3367"}],"wp:attachment":[{"href":"https:\/\/wordpress.nibis.de\/roga\/wp-json\/wp\/v2\/media?parent=3335"}],"curies":[{"name":"wp","href":"https:\/\/api.w.org\/{rel}","templated":true}]}}