{"id":3369,"date":"2024-04-10T18:19:37","date_gmt":"2024-04-10T16:19:37","guid":{"rendered":"https:\/\/wordpress.nibis.de\/roga\/?page_id=3369"},"modified":"2026-01-24T12:22:43","modified_gmt":"2026-01-24T11:22:43","slug":"unser-schulverein","status":"publish","type":"page","link":"https:\/\/wordpress.nibis.de\/roga\/unser-schulverein\/","title":{"rendered":"Unser Schulverein"},"content":{"rendered":"\n<hr class=\"wp-block-separator has-css-opacity\" \/>\n\n\n\n<p class=\"has-text-align-center\"><strong>Herzlich willkommen im Schuljahr 2025\/2026 <\/strong><\/p>\n\n\n\n<p class=\"has-text-align-center\"><\/p>\n\n\n\n<hr class=\"wp-block-separator has-css-opacity\" \/>\n\n\n\n<p>Schulverein ROGA e.V., Emsener Str. 67, 21224 Rosengarten<\/p>\n\n\n\n<p><strong>Liebe Sch\u00fcler und Sch\u00fclerinnen, Eltern, Erziehungsberechtigte und F\u00f6rderer des Schulvereins an der ROGA!<\/strong><\/p>\n\n\n\n<p>Der Schulverein ROGA e.V. ist ein gemeinn\u00fctziger, unabh\u00e4ngiger Verein, der von seinen Mitgliedern getragen wird. Er wurde mit dem Ziel gegr\u00fcndet, IHREN Kindern eine bewegte und abwechslungsreiche Schulzeit zu erm\u00f6glichen.<\/p>\n\n\n\n<p><strong>Schaut auf unserer Homepage vorbei<\/strong><\/p>\n\n\n\n<p><a href=\"https:\/\/www.schulverein-roga.de\/\">Schulverein ROGA e.V. (schulverein-roga.de)<\/a><\/p>\n\n\n\n<p>Viele gro\u00dfe und kleine Projekte sind mit dem Verein durch Mitgliedsbeitr\u00e4ge, Spenden und aktive Hilfe verwirklicht worden.<\/p>\n\n\n\n<p><strong>Herzlich willkommen in der zweiten H\u00e4lfte des Schuljahres!<\/strong><\/p>\n\n\n\n<p><strong><u>Save the date<\/u><\/strong><\/p>\n\n\n\n<p><strong><u>Spendenlauf 17.06.2025<\/u><\/strong><\/p>\n\n\n\n<p>Ice Ice Baby \u2013 der Eiswagen ist zur Abk\u00fchlung reserviert<\/p>\n\n\n\n<p><strong><u>Geplante Projekte in 2025:<\/u><\/strong><\/p>\n\n\n\n<ul class=\"wp-block-list\">\n<li>Unterst\u00fctzung Fachbereich Sport<\/li>\n\n\n\n<li>Unterst\u00fctzung Fachbereich P\u00e4dagogik insbesondere im Bereich der Pr\u00e4vention<\/li>\n\n\n\n<li>Unterst\u00fctzung Fachbereich Berufsorientierung \u2013 langfristige Netzwerke<\/li>\n\n\n\n<li>Umgestaltung der Schulb\u00fccherei mit Konzept der Lesef\u00f6rderung, Partnerschaft und Auffrischung des B\u00fcchereibestandes<\/li>\n\n\n\n<li>Unterst\u00fctzung Fachbereich Englisch mit Zeitschriften&nbsp;<\/li>\n<\/ul>\n\n\n\n<p><strong><u>Finanzierte Projekte seit Februar 2024:<\/u><\/strong><\/p>\n\n\n\n<ul class=\"wp-block-list\">\n<li>Anschaffung der Kunstmappen f\u00fcr Jahrgang 5<\/li>\n\n\n\n<li>Geschenke Verabschiedung der 10. Klassen<\/li>\n\n\n\n<li>Teilausstattung der K\u00fcche<\/li>\n\n\n\n<li>Anschaffung der Ger\u00e4te f\u00fcr die Gem\u00fcseAckerdemie&nbsp;&nbsp;<\/li>\n\n\n\n<li>Laibchen f\u00fcr Sport<\/li>\n\n\n\n<li>Schwimmflossen f\u00fcr den Schwimmunterricht<\/li>\n\n\n\n<li>Finanzierung der Ausbildung Webcoaches<\/li>\n\n\n\n<li>Anschaffung Spiele f\u00fcr den In- und Outdoorbereich<\/li>\n\n\n\n<li>Teilfinanzierung Post Crossing<\/li>\n\n\n\n<li>Finanzierung lauer Sommerabend<\/li>\n\n\n\n<li>Eisspende beim Sponsorenlauf<\/li>\n\n\n\n<li>Das absolute Highlight \u2013 Vollfinanzierung des LOG Buches!<\/li>\n\n\n\n<li>Unterst\u00fctzung Fachbereich Biologie mit Mikroskopen und Verbrauchsmaterial<\/li>\n\n\n\n<li>Umgestaltung der Schulb\u00fccherei mit Konzept der Lesef\u00f6rderung, Partnerschaft und Auffrischung des B\u00fcchereibestandes<\/li>\n\n\n\n<li>Finanzierung Elterninformationsmodul \u201eMedienkonsum\u201c<\/li>\n\n\n\n<li>Gestaltung der Mensa<\/li>\n\n\n\n<li>Wettbewerbe Unterst\u00fctzung mit Preisen<\/li>\n\n\n\n<li>Weihnachtsgeschenk 2024 an die komplette ROGA \u2013 Kinobesuch<\/li>\n\n\n\n<li>Ausrichtung der ROGA Ausbildungsmesse 2025<\/li>\n<\/ul>\n\n\n\n<p>Um dies alles (weiterhin) zu erm\u00f6glichen, bedarf es finanzieller Mittel und das Engagement m\u00f6glichst vieler Eltern und Sponsoren. Sehr wichtig ist daher mit festen Einnahmen disponieren zu k\u00f6nnen. Daher ist der Schulverein auf regelm\u00e4\u00dfige Geldeing\u00e4nge angewiesen, die nur durch eine Mitgliedschaft machbar sind. Spenden bzw. ein Sponsoring sind uns ebenfalls sehr willkommen. Je mehr Mitglieder im Schulverein sind, desto mehr kann der Verein bewirken. \u00dcber eine neue Mitgliedschaft freuen sich am meisten IHRE Kinder.<\/p>\n\n\n\n<p>Haben wir Sie \u00fcberzeugen k\u00f6nnen? Die Beitrittserkl\u00e4rung (Downloadbereich bzw. Log-Buch) mit einem Mindestbeitrag von 10\u20ac j\u00e4hrlich kann gern bei den Lehrkr\u00e4ften abgegeben oder direkt an uns \u00fcbersandt werden oder die ganz neue Variante: Einfach hier die Daten eingeben und an uns absetzen! &#8211;&nbsp; <a href=\"https:\/\/wordpress.nibis.de\/roga\/anmeldung-im-schulverein\/\">Anmeldeformular Schulverein<\/a><\/p>\n\n\n\n<p>Bei Anfragen erreichen Sie uns auch unter &#x73;&#99;h&#x75;&#108;v&#x65;&#114;e&#x69;&#x6e;&#64;&#x6f;&#x62;&#101;r&#x73;&#99;h&#x75;&#108;e&#x2d;&#x72;&#111;&#x73;&#x65;&#110;g&#x61;&#114;t&#x65;&#110;&#46;&#x64;&#101;.<\/p>\n\n\n\n<p>Der Schulverein und IHRE Kinder danken Ihnen f\u00fcr die Unterst\u00fctzung!<\/p>\n\n\n\n<p>Carolin Sommer &amp; Team<\/p>\n\n\n\n<p>1. Vorsitzende Schulverein ROGA e.V.<\/p>\n\n\n\n<p>Die aktuelle Einladung, Protokolle und Satzung findet ihr\/Sie untenstehend.<\/p>\n\n\n\n<figure class=\"wp-block-image size-large is-resized\"><img loading=\"lazy\" decoding=\"async\" width=\"1024\" height=\"768\" src=\"https:\/\/wordpress.nibis.de\/roga\/files\/2024\/04\/20240227_194815-1024x768.jpg\" alt=\"\" class=\"wp-image-3380\" style=\"width:478px;height:359px\" srcset=\"https:\/\/wordpress.nibis.de\/roga\/files\/2024\/04\/20240227_194815-1024x768.jpg 1024w, https:\/\/wordpress.nibis.de\/roga\/files\/2024\/04\/20240227_194815-300x225.jpg 300w, https:\/\/wordpress.nibis.de\/roga\/files\/2024\/04\/20240227_194815-768x576.jpg 768w, https:\/\/wordpress.nibis.de\/roga\/files\/2024\/04\/20240227_194815-1536x1152.jpg 1536w, https:\/\/wordpress.nibis.de\/roga\/files\/2024\/04\/20240227_194815-100x75.jpg 100w, https:\/\/wordpress.nibis.de\/roga\/files\/2024\/04\/20240227_194815.jpg 2048w\" sizes=\"auto, (max-width: 1024px) 100vw, 1024px\" \/><\/figure>\n\n\n\n<p>Die aktuelle Einladung, Protokolle und Satzung findet ihr\/Sie untenstehend.<\/p>\n\n\n<p><a href=\"https:\/\/wordpress.nibis.de\/roga\/files\/2026\/01\/Einladung-SV-Mitgliederversammlung-Januar-2026-1.pdf\">Einladung SV-Mitgliederversammlung im Februar 2026<\/a><\/p>\n<p><a href=\"https:\/\/wordpress.nibis.de\/roga\/files\/2025\/09\/Schulverein-Protokoll-03.09.2025.pdf\">Protokoll der Sitzung vom 03.09.2025<\/a><\/p>\n<p><a href=\"https:\/\/wordpress.nibis.de\/roga\/files\/2024\/04\/Schulverein-Protkoll-25.04.2024-HP.pdf\">Protokoll der Sitzung vom 25.04.2024<\/a><\/p>\n<p><a href=\"https:\/\/wordpress.nibis.de\/roga\/files\/2024\/04\/Protokoll-Sitzung-Februar-2024.pdf\">Protokoll der Sitzung vom 27.02.2024<\/a><\/p>\n<p><a href=\"https:\/\/wordpress.nibis.de\/roga\/files\/2025\/09\/Satzung-Schulverein-ROGA-Sept.2025.pdf\">Satzung Schulverein ROGA<\/a><\/p>\n<p><a href=\"https:\/\/wordpress.nibis.de\/roga\/files\/2024\/04\/Beitrittserklaerung-neu_240409_100145.pdf\">Beitrittserklaerung<\/a><\/p>\n\n\n<p><\/p>\n","protected":false},"excerpt":{"rendered":"<p>Herzlich willkommen im Schuljahr 2025\/2026 Schulverein ROGA e.V., Emsener Str. 67, 21224 Rosengarten Liebe Sch\u00fcler und Sch\u00fclerinnen, Eltern, Erziehungsberechtigte und F\u00f6rderer des Schulvereins an der<\/p>\n","protected":false},"author":9193501,"featured_media":3381,"parent":0,"menu_order":0,"comment_status":"closed","ping_status":"closed","template":"","meta":{"footnotes":""},"class_list":["post-3369","page","type-page","status-publish","has-post-thumbnail","hentry"],"_links":{"self":[{"href":"https:\/\/wordpress.nibis.de\/roga\/wp-json\/wp\/v2\/pages\/3369","targetHints":{"allow":["GET"]}}],"collection":[{"href":"https:\/\/wordpress.nibis.de\/roga\/wp-json\/wp\/v2\/pages"}],"about":[{"href":"https:\/\/wordpress.nibis.de\/roga\/wp-json\/wp\/v2\/types\/page"}],"author":[{"embeddable":true,"href":"https:\/\/wordpress.nibis.de\/roga\/wp-json\/wp\/v2\/users\/9193501"}],"replies":[{"embeddable":true,"href":"https:\/\/wordpress.nibis.de\/roga\/wp-json\/wp\/v2\/comments?post=3369"}],"version-history":[{"count":22,"href":"https:\/\/wordpress.nibis.de\/roga\/wp-json\/wp\/v2\/pages\/3369\/revisions"}],"predecessor-version":[{"id":4425,"href":"https:\/\/wordpress.nibis.de\/roga\/wp-json\/wp\/v2\/pages\/3369\/revisions\/4425"}],"wp:featuredmedia":[{"embeddable":true,"href":"https:\/\/wordpress.nibis.de\/roga\/wp-json\/wp\/v2\/media\/3381"}],"wp:attachment":[{"href":"https:\/\/wordpress.nibis.de\/roga\/wp-json\/wp\/v2\/media?parent=3369"}],"curies":[{"name":"wp","href":"https:\/\/api.w.org\/{rel}","templated":true}]}}