{"id":3538,"date":"2024-05-24T21:36:30","date_gmt":"2024-05-24T19:36:30","guid":{"rendered":"https:\/\/wordpress.nibis.de\/roga\/?page_id=3538"},"modified":"2026-03-08T12:02:47","modified_gmt":"2026-03-08T11:02:47","slug":"dreh-ab-projekt","status":"publish","type":"page","link":"https:\/\/wordpress.nibis.de\/roga\/dreh-ab-projekt\/","title":{"rendered":"Dreh Ab! &#8211; Projekt"},"content":{"rendered":"\n<div class=\"wp-block-columns is-layout-flex wp-container-core-columns-is-layout-abceabcf wp-block-columns-is-layout-flex\">\n<div class=\"wp-block-column is-layout-flow wp-block-column-is-layout-flow\">\n<p>Seit dem Jahr 2024 nimmt die ROGA wieder am Energiesparwettbewerb des Landkreises Harburg &#8211; dem sogenannten <strong>&#8222;<a href=\"https:\/\/www.landkreis-harburg.de\/portal\/seiten\/bildung-schule-901002841-20100.html\">Dreh Ab!-Projekt<\/a>&#8222;<\/strong> &#8211; teil. Dabei zeichnet der Landkreis Schulen aus, die mit verschiedenen Aktionen und Projekten das Bewusstsein der Sch\u00fclerinnen und Sch\u00fcler f\u00fcr einen sparsamen und bedachten Umgang mit Energie f\u00f6rdern. Besonders sch\u00f6n ist, dass wir schon jetzt mit den Klimaschutzaktionen, die an unserer Schule bereits durchgef\u00fchrt werden, eine gute Platzierung erreichen konnten. Das macht Mut, auch in den kommenden Jahren weiter in diese Richtung zu arbeiten.\u00a0<\/p>\n<p>Damit ihr auf dem Laufenden seid, wie erfolgreich unsere Sparma\u00dfnahmen sind, werden die Ergebnisse regelm\u00e4\u00dfig auf unseren Assemblys vorgestellt.<\/p>\n<\/div>\n<\/div>\n\n\n\n<figure class=\"wp-block-image size-large\"><img loading=\"lazy\" decoding=\"async\" width=\"1024\" height=\"961\" src=\"https:\/\/wordpress.nibis.de\/roga\/files\/2026\/03\/Drehab-1024x961.jpeg\" alt=\"\" class=\"wp-image-4530\" srcset=\"https:\/\/wordpress.nibis.de\/roga\/files\/2026\/03\/Drehab-1024x961.jpeg 1024w, https:\/\/wordpress.nibis.de\/roga\/files\/2026\/03\/Drehab-300x282.jpeg 300w, https:\/\/wordpress.nibis.de\/roga\/files\/2026\/03\/Drehab-768x721.jpeg 768w, https:\/\/wordpress.nibis.de\/roga\/files\/2026\/03\/Drehab-100x94.jpeg 100w, https:\/\/wordpress.nibis.de\/roga\/files\/2026\/03\/Drehab-1536x1442.jpeg 1536w, https:\/\/wordpress.nibis.de\/roga\/files\/2026\/03\/Drehab-2048x1922.jpeg 2048w\" sizes=\"auto, (max-width: 1024px) 100vw, 1024px\" \/><\/figure>\n\n\n\n<p class=\"has-text-align-center\"><strong>Pr\u00e4mierungsveranstaltung 2024<\/strong><\/p>\n\n\n\n<figure class=\"wp-block-image size-large\"><img loading=\"lazy\" decoding=\"async\" width=\"1024\" height=\"683\" src=\"https:\/\/wordpress.nibis.de\/roga\/files\/2024\/05\/dreh_ab_gesamtbild_2024-1024x683.jpg\" alt=\"\" class=\"wp-image-3540\" srcset=\"https:\/\/wordpress.nibis.de\/roga\/files\/2024\/05\/dreh_ab_gesamtbild_2024-1024x683.jpg 1024w, https:\/\/wordpress.nibis.de\/roga\/files\/2024\/05\/dreh_ab_gesamtbild_2024-300x200.jpg 300w, https:\/\/wordpress.nibis.de\/roga\/files\/2024\/05\/dreh_ab_gesamtbild_2024-768x512.jpg 768w, https:\/\/wordpress.nibis.de\/roga\/files\/2024\/05\/dreh_ab_gesamtbild_2024-1536x1024.jpg 1536w, https:\/\/wordpress.nibis.de\/roga\/files\/2024\/05\/dreh_ab_gesamtbild_2024-2048x1365.jpg 2048w, https:\/\/wordpress.nibis.de\/roga\/files\/2024\/05\/dreh_ab_gesamtbild_2024-420x280.jpg 420w\" sizes=\"auto, (max-width: 1024px) 100vw, 1024px\" \/><\/figure>\n\n\n\n<h2>\u00a0<\/h2>\n<h2 style=\"text-align: center\"><strong>Energiesparprojekte und -aktionen an der ROGA<\/strong><\/h2>\n\n\n\n<div class=\"wp-block-media-text alignwide is-stacked-on-mobile\"><figure class=\"wp-block-media-text__media\"><img loading=\"lazy\" decoding=\"async\" width=\"913\" height=\"599\" src=\"https:\/\/wordpress.nibis.de\/roga\/files\/2024\/08\/Solar.png\" alt=\"\" class=\"wp-image-3728 size-full\" srcset=\"https:\/\/wordpress.nibis.de\/roga\/files\/2024\/08\/Solar.png 913w, https:\/\/wordpress.nibis.de\/roga\/files\/2024\/08\/Solar-300x197.png 300w, https:\/\/wordpress.nibis.de\/roga\/files\/2024\/08\/Solar-768x504.png 768w\" sizes=\"auto, (max-width: 913px) 100vw, 913px\" \/><\/figure><div class=\"wp-block-media-text__content\">\n<p class=\"has-large-font-size\">Photovoltaik-Anlage<\/p>\n\n\n\n<p>Auf dem Dach unserer Schule sorgt eine Photovoltaik-Anlage daf\u00fcr, dass wir einen Teil des Stroms, den wir verbrauchen, selbst produzieren.<\/p>\n<\/div><\/div>\n\n\n\n<figure class=\"wp-block-image size-large is-style-default\"><img loading=\"lazy\" decoding=\"async\" width=\"1024\" height=\"444\" src=\"https:\/\/wordpress.nibis.de\/roga\/files\/2025\/02\/Auswertung-Solaranlage-1024x444.png\" alt=\"\" class=\"wp-image-4003\" srcset=\"https:\/\/wordpress.nibis.de\/roga\/files\/2025\/02\/Auswertung-Solaranlage-1024x444.png 1024w, https:\/\/wordpress.nibis.de\/roga\/files\/2025\/02\/Auswertung-Solaranlage-300x130.png 300w, https:\/\/wordpress.nibis.de\/roga\/files\/2025\/02\/Auswertung-Solaranlage-768x333.png 768w, https:\/\/wordpress.nibis.de\/roga\/files\/2025\/02\/Auswertung-Solaranlage.png 1273w\" sizes=\"auto, (max-width: 1024px) 100vw, 1024px\" \/><figcaption class=\"wp-element-caption\">Ergebnisse der Stromproduktion unserer Photovoltaik-Anlage im Jahr 2024<\/figcaption><\/figure>\n\n\n\n<div class=\"wp-block-media-text alignwide has-media-on-the-right is-stacked-on-mobile\"><div class=\"wp-block-media-text__content\">\n<p class=\"has-large-font-size\">Energiedetektive<\/p>\n\n\n\n<p>In regelm\u00e4\u00dfigen Abst\u00e4nden bekommen wir Besuch aus dem SCHUBZ L\u00fcneburg. Im Zuge eines Projekttages wird unser 6. Jahrgang dann zu Energiedetektiven ausgebildet. Ihre Aufgabe ist es, unsere Schule auf unn\u00f6tigen Energieverbrauch hin zu untersuchen und L\u00f6sungen zum Energiesparen zu entwickeln. Im Zuge des w\u00f6chentlichen Projektunterrichts lernen die SuS somit alles zum sparsamen Umgang mit Energie im Alltag.<\/p>\n<\/div><figure class=\"wp-block-media-text__media\"><img loading=\"lazy\" decoding=\"async\" width=\"512\" height=\"386\" src=\"https:\/\/wordpress.nibis.de\/roga\/files\/2025\/01\/light-switch-1519735_1280.jpg\" alt=\"\" class=\"wp-image-3980 size-full\" srcset=\"https:\/\/wordpress.nibis.de\/roga\/files\/2025\/01\/light-switch-1519735_1280.jpg 512w, https:\/\/wordpress.nibis.de\/roga\/files\/2025\/01\/light-switch-1519735_1280-300x226.jpg 300w, https:\/\/wordpress.nibis.de\/roga\/files\/2025\/01\/light-switch-1519735_1280-100x75.jpg 100w\" sizes=\"auto, (max-width: 512px) 100vw, 512px\" \/><\/figure><\/div>\n\n\n\n<div class=\"wp-block-media-text alignwide is-stacked-on-mobile\"><figure class=\"wp-block-media-text__media\"><img loading=\"lazy\" decoding=\"async\" width=\"512\" height=\"342\" src=\"https:\/\/wordpress.nibis.de\/roga\/files\/2025\/01\/energy-crisis-7349347_1280.jpg\" alt=\"\" class=\"wp-image-3981 size-full\" srcset=\"https:\/\/wordpress.nibis.de\/roga\/files\/2025\/01\/energy-crisis-7349347_1280.jpg 512w, https:\/\/wordpress.nibis.de\/roga\/files\/2025\/01\/energy-crisis-7349347_1280-300x200.jpg 300w, https:\/\/wordpress.nibis.de\/roga\/files\/2025\/01\/energy-crisis-7349347_1280-420x280.jpg 420w\" sizes=\"auto, (max-width: 512px) 100vw, 512px\" \/><\/figure><div class=\"wp-block-media-text__content\">\n<p class=\"has-large-font-size\">Heizung<\/p>\n\n\n\n<p>Unser Hausmeister passt die Temperaturen unserer Unterrichtsr\u00e4ume individuell an die Nutzung an. So sind die R\u00e4ume in der Unterrichtszeit immer ein paar Grad w\u00e4rmer, als z.B. am Wochenende. Das spart eine Menge Energie! Vielen Dank daf\u00fcr an Herrn Uthe.<\/p>\n<\/div><\/div>\n","protected":false},"excerpt":{"rendered":"<p>Seit dem Jahr 2024 nimmt die ROGA wieder am Energiesparwettbewerb des Landkreises Harburg &#8211; dem sogenannten &#8222;Dreh Ab!-Projekt&#8222; &#8211; teil. Dabei zeichnet der Landkreis Schulen<\/p>\n","protected":false},"author":9193501,"featured_media":0,"parent":0,"menu_order":0,"comment_status":"closed","ping_status":"closed","template":"","meta":{"footnotes":""},"class_list":["post-3538","page","type-page","status-publish","hentry"],"_links":{"self":[{"href":"https:\/\/wordpress.nibis.de\/roga\/wp-json\/wp\/v2\/pages\/3538","targetHints":{"allow":["GET"]}}],"collection":[{"href":"https:\/\/wordpress.nibis.de\/roga\/wp-json\/wp\/v2\/pages"}],"about":[{"href":"https:\/\/wordpress.nibis.de\/roga\/wp-json\/wp\/v2\/types\/page"}],"author":[{"embeddable":true,"href":"https:\/\/wordpress.nibis.de\/roga\/wp-json\/wp\/v2\/users\/9193501"}],"replies":[{"embeddable":true,"href":"https:\/\/wordpress.nibis.de\/roga\/wp-json\/wp\/v2\/comments?post=3538"}],"version-history":[{"count":26,"href":"https:\/\/wordpress.nibis.de\/roga\/wp-json\/wp\/v2\/pages\/3538\/revisions"}],"predecessor-version":[{"id":4531,"href":"https:\/\/wordpress.nibis.de\/roga\/wp-json\/wp\/v2\/pages\/3538\/revisions\/4531"}],"wp:attachment":[{"href":"https:\/\/wordpress.nibis.de\/roga\/wp-json\/wp\/v2\/media?parent=3538"}],"curies":[{"name":"wp","href":"https:\/\/api.w.org\/{rel}","templated":true}]}}