{"id":3860,"date":"2024-11-20T11:17:42","date_gmt":"2024-11-20T10:17:42","guid":{"rendered":"https:\/\/wordpress.nibis.de\/roga\/?page_id=3860"},"modified":"2025-02-13T14:33:27","modified_gmt":"2025-02-13T13:33:27","slug":"nachhaltige-projekte-an-der-roga","status":"publish","type":"page","link":"https:\/\/wordpress.nibis.de\/roga\/nachhaltige-projekte-an-der-roga\/","title":{"rendered":"Nachhaltige Projekte an der ROGA"},"content":{"rendered":"\n<p>An der ROGA starten wir immer wieder kleinere Nachhaltigkeitsprojekte, in denen die SuS selbst aktiv und kreativ werden k\u00f6nnen und gleichzeitig im kleinen Lernen, nachhaltig mit den Ressourcen unserer Erde umzugehen. Hier eine kleine Auswahl:<\/p>\n\n\n\n<p><strong>Upcycling<\/strong><\/p>\n\n\n\n<div class=\"wp-block-media-text alignwide has-media-on-the-right is-stacked-on-mobile\" style=\"grid-template-columns:auto 29%\"><figure class=\"wp-block-media-text__media\"><img loading=\"lazy\" decoding=\"async\" width=\"612\" height=\"640\" src=\"https:\/\/wordpress.nibis.de\/roga\/files\/2024\/11\/Recycle.png\" alt=\"\" class=\"wp-image-3865 size-full\" srcset=\"https:\/\/wordpress.nibis.de\/roga\/files\/2024\/11\/Recycle.png 612w, https:\/\/wordpress.nibis.de\/roga\/files\/2024\/11\/Recycle-287x300.png 287w\" sizes=\"auto, (max-width: 612px) 100vw, 612px\" \/><\/figure><div class=\"wp-block-media-text__content\">\n<p>Im Rahmen des Projektunterrichts hatte sich unsere sechste Klasse (6.1 im Schuljahr 2022\/23) dem Thema Upcycling gewidmet und dabei ihrer Kreativit\u00e4t freien Lauf gelassen. Die Sch\u00fclerinnen und Sch\u00fcler brachten verschiedenste Materialien wie Toilettenrollen, alte Kartons, Tetra Paks und vieles mehr mit, um daraus beeindruckende neue Objekte zu gestalten.<\/p>\n<\/div><\/div>\n\n\n\n<p>An einem Projekttag aller 6. Klassen im Schuljahr 2022\/23 widmeten sich die Kinder besonders dem Thema Wiederverwertung im Alltag und bastelten aus leeren Tetra Paks praktische Geldb\u00f6rsen. Mit viel Geschick und Geduld entstanden so kleine Portemonnaies (siehe Bilder), die durch ihre Stabilit\u00e4t und das wasserabweisende Material des Tetra Paks perfekt f\u00fcr den t\u00e4glichen Gebrauch geeignet sind.<\/p>\n\n\n\n<figure class=\"wp-block-gallery has-nested-images columns-default is-cropped wp-block-gallery-1 is-layout-flex wp-block-gallery-is-layout-flex\">\n<figure class=\"wp-block-image size-large is-style-default\"><img loading=\"lazy\" decoding=\"async\" width=\"502\" height=\"394\" data-id=\"3864\" src=\"https:\/\/wordpress.nibis.de\/roga\/files\/2024\/11\/FLugzeug.png\" alt=\"\" class=\"wp-image-3864\" srcset=\"https:\/\/wordpress.nibis.de\/roga\/files\/2024\/11\/FLugzeug.png 502w, https:\/\/wordpress.nibis.de\/roga\/files\/2024\/11\/FLugzeug-300x235.png 300w\" sizes=\"auto, (max-width: 502px) 100vw, 502px\" \/><\/figure>\n\n\n\n<figure class=\"wp-block-image size-large is-style-default\"><img loading=\"lazy\" decoding=\"async\" width=\"393\" height=\"324\" data-id=\"3861\" src=\"https:\/\/wordpress.nibis.de\/roga\/files\/2024\/11\/Port-2.png\" alt=\"\" class=\"wp-image-3861\" srcset=\"https:\/\/wordpress.nibis.de\/roga\/files\/2024\/11\/Port-2.png 393w, https:\/\/wordpress.nibis.de\/roga\/files\/2024\/11\/Port-2-300x247.png 300w\" sizes=\"auto, (max-width: 393px) 100vw, 393px\" \/><\/figure>\n\n\n\n<figure class=\"wp-block-image size-large is-style-default\"><img loading=\"lazy\" decoding=\"async\" width=\"432\" height=\"327\" data-id=\"3862\" src=\"https:\/\/wordpress.nibis.de\/roga\/files\/2024\/11\/Portmonaie.png\" alt=\"\" class=\"wp-image-3862\" srcset=\"https:\/\/wordpress.nibis.de\/roga\/files\/2024\/11\/Portmonaie.png 432w, https:\/\/wordpress.nibis.de\/roga\/files\/2024\/11\/Portmonaie-300x227.png 300w, https:\/\/wordpress.nibis.de\/roga\/files\/2024\/11\/Portmonaie-100x75.png 100w\" sizes=\"auto, (max-width: 432px) 100vw, 432px\" \/><\/figure>\n<\/figure>\n\n\n\n<p>In kleinen Gruppen setzten die Kinder weitere Ideen um und erschufen kreative, nachhaltige Kunstwerke und Modelle. Eine Gruppe baute beispielsweise einen Flugplatz nach und eine andere Gruppe eine Feuerwehr (siehe Bilder). Die Arbeit an den Projekten f\u00f6rderte nicht nur handwerkliche F\u00e4higkeiten, sondern auch den Einfallsreichtum und das Bewusstsein f\u00fcr nachhaltiges Denken und Handeln.<\/p>\n\n\n\n<p>Das Upcycling-Projekt war ein voller Erfolg und hat allen Beteiligten gezeigt, wie viele M\u00f6glichkeiten in vermeintlich wertlosen Materialien stecken. Wir sind stolz auf das Engagement und die Begeisterung unserer Sch\u00fclerinnen und Sch\u00fcler und freuen uns schon auf die n\u00e4chsten kreativen Projekte!<\/p>\n\n\n\n<p><strong>Besuch im Klimahaus Bremerhaven<\/strong><\/p>\n\n\n\n<p>Die Sch\u00fclerinnen und Sch\u00fcler des 8. Jahrgangs haben zu Beginn dieses Schuljahres einen Ausflug ins Klimahaus Bremerhaven unternommen. Dabei haben sie die unterschiedlichen Klimazonen unserer Erde kennengelernt und sich intensiv mit ihrer Bedeutung f\u00fcr unseren Planeten auseinandergesetzt. Im Zuge des Unterrichts der folgenden Wochen sind die dabei gemachten Erkenntisse in tolle Projekte und Produkte umgewandelt worden. So zum Beispiel im Englischunterricht der Klasse 8.4, die englischsprachige Plakate zu verschiedenen L\u00e4ndern der unterschiedlichen Klimazonen erstellt haben.<\/p>\n\n\n\n<figure class=\"wp-block-gallery has-nested-images columns-default is-cropped wp-block-gallery-2 is-layout-flex wp-block-gallery-is-layout-flex\">\n<figure class=\"wp-block-image size-large is-style-default\"><img loading=\"lazy\" decoding=\"async\" width=\"1024\" height=\"768\" data-id=\"4012\" src=\"https:\/\/wordpress.nibis.de\/roga\/files\/2025\/02\/IMG-20250213-WA0000.jpg\" alt=\"\" class=\"wp-image-4012\" srcset=\"https:\/\/wordpress.nibis.de\/roga\/files\/2025\/02\/IMG-20250213-WA0000.jpg 1024w, https:\/\/wordpress.nibis.de\/roga\/files\/2025\/02\/IMG-20250213-WA0000-300x225.jpg 300w, https:\/\/wordpress.nibis.de\/roga\/files\/2025\/02\/IMG-20250213-WA0000-768x576.jpg 768w, https:\/\/wordpress.nibis.de\/roga\/files\/2025\/02\/IMG-20250213-WA0000-100x75.jpg 100w\" sizes=\"auto, (max-width: 1024px) 100vw, 1024px\" \/><\/figure>\n\n\n\n<figure class=\"wp-block-image size-large is-style-default\"><img loading=\"lazy\" decoding=\"async\" width=\"768\" height=\"1024\" data-id=\"4014\" src=\"https:\/\/wordpress.nibis.de\/roga\/files\/2025\/02\/IMG-20250213-WA0002.jpg\" alt=\"\" class=\"wp-image-4014\" srcset=\"https:\/\/wordpress.nibis.de\/roga\/files\/2025\/02\/IMG-20250213-WA0002.jpg 768w, https:\/\/wordpress.nibis.de\/roga\/files\/2025\/02\/IMG-20250213-WA0002-225x300.jpg 225w\" sizes=\"auto, (max-width: 768px) 100vw, 768px\" \/><\/figure>\n\n\n\n<figure class=\"wp-block-image size-large is-style-default\"><img loading=\"lazy\" decoding=\"async\" width=\"1024\" height=\"768\" data-id=\"4013\" src=\"https:\/\/wordpress.nibis.de\/roga\/files\/2025\/02\/IMG-20250213-WA0001.jpg\" alt=\"\" class=\"wp-image-4013\" srcset=\"https:\/\/wordpress.nibis.de\/roga\/files\/2025\/02\/IMG-20250213-WA0001.jpg 1024w, https:\/\/wordpress.nibis.de\/roga\/files\/2025\/02\/IMG-20250213-WA0001-300x225.jpg 300w, https:\/\/wordpress.nibis.de\/roga\/files\/2025\/02\/IMG-20250213-WA0001-768x576.jpg 768w, https:\/\/wordpress.nibis.de\/roga\/files\/2025\/02\/IMG-20250213-WA0001-100x75.jpg 100w\" sizes=\"auto, (max-width: 1024px) 100vw, 1024px\" \/><\/figure>\n<\/figure>\n","protected":false},"excerpt":{"rendered":"<p>An der ROGA starten wir immer wieder kleinere Nachhaltigkeitsprojekte, in denen die SuS selbst aktiv und kreativ werden k\u00f6nnen und gleichzeitig im kleinen Lernen, nachhaltig<\/p>\n","protected":false},"author":9193501,"featured_media":0,"parent":0,"menu_order":0,"comment_status":"closed","ping_status":"closed","template":"","meta":{"footnotes":""},"class_list":["post-3860","page","type-page","status-publish","hentry"],"_links":{"self":[{"href":"https:\/\/wordpress.nibis.de\/roga\/wp-json\/wp\/v2\/pages\/3860","targetHints":{"allow":["GET"]}}],"collection":[{"href":"https:\/\/wordpress.nibis.de\/roga\/wp-json\/wp\/v2\/pages"}],"about":[{"href":"https:\/\/wordpress.nibis.de\/roga\/wp-json\/wp\/v2\/types\/page"}],"author":[{"embeddable":true,"href":"https:\/\/wordpress.nibis.de\/roga\/wp-json\/wp\/v2\/users\/9193501"}],"replies":[{"embeddable":true,"href":"https:\/\/wordpress.nibis.de\/roga\/wp-json\/wp\/v2\/comments?post=3860"}],"version-history":[{"count":3,"href":"https:\/\/wordpress.nibis.de\/roga\/wp-json\/wp\/v2\/pages\/3860\/revisions"}],"predecessor-version":[{"id":4016,"href":"https:\/\/wordpress.nibis.de\/roga\/wp-json\/wp\/v2\/pages\/3860\/revisions\/4016"}],"wp:attachment":[{"href":"https:\/\/wordpress.nibis.de\/roga\/wp-json\/wp\/v2\/media?parent=3860"}],"curies":[{"name":"wp","href":"https:\/\/api.w.org\/{rel}","templated":true}]}}