{"id":3968,"date":"2025-01-05T16:36:49","date_gmt":"2025-01-05T15:36:49","guid":{"rendered":"https:\/\/wordpress.nibis.de\/roga\/?page_id=3968"},"modified":"2025-03-13T16:28:07","modified_gmt":"2025-03-13T15:28:07","slug":"schuelerzeitung","status":"publish","type":"page","link":"https:\/\/wordpress.nibis.de\/roga\/schuelerzeitung\/","title":{"rendered":"Sch\u00fclerzeitung"},"content":{"rendered":"\n<p><strong>Liebe Sch\u00fclerinnen und Sch\u00fcler, liebe Erziehungsberechtigte,<\/strong><\/p>\n\n\n\n<p>wir freuen uns riesig, euch die erste Ausgabe unserer brandneuen Sch\u00fclerzeitung pr\u00e4sentieren zu k\u00f6nnen. Die Sch\u00fclerzeitung ist von Sch\u00fclern, f\u00fcr Sch\u00fcler \u2013 voller kreativer Beitr\u00e4ge:<\/p>\n\n\n\n<p>\u2013 Exklusive Interviews mit Sch\u00fclern und Lehrkr\u00e4ften<\/p>\n\n\n\n<p>\u2013 Berichte \u00fcber aktuelle Themen<\/p>\n\n\n\n<p>\u2013 Kreative Beitr\u00e4ge Und vieles mehr!<\/p>\n\n\n\n<p>Die Sch\u00fclerzeitung ist ab dem 02.12.24&nbsp;<strong><a href=\"https:\/\/read.bookcreator.com\/Rt2WNUlBagQt3HTomfP7oAtbjei1\/qaQGmtCqQSKh5XXaHn4H0Q\">HIER<\/a><\/strong>&nbsp;kostenlos zu lesen. Oder <\/p>\n\n\n\n<figure class=\"wp-block-embed is-type-wp-embed is-provider-book-creator wp-block-embed-book-creator\"><div class=\"wp-block-embed__wrapper\">\n<iframe loading=\"lazy\" class=\"wp-embedded-content\" sandbox=\"allow-scripts\" security=\"restricted\" title=\"Sch\u00fclerzeitung\" width=\"750\" height=\"563\" src=\"https:\/\/read.bookcreator.com\/Rt2WNUlBagQt3HTomfP7oAtbjei1\/qaQGmtCqQSKh5XXaHn4H0Q#?secret=46b4nTHTF0\" data-secret=\"46b4nTHTF0\" frameborder=\"0\"><\/iframe>\n<\/div><\/figure>\n\n\n\n<p>Ein gro\u00dfes Dankesch\u00f6n an den WPK Medien! Wir hoffen, dass ihr genauso viel Freude beim Lesen habt wie wir beim Gestalten! Bleibt neugierig!<\/p>\n\n\n\n<p>EUER WPK Medien<\/p>\n\n\n\n<hr class=\"wp-block-separator\" \/>\n\n\n\n<p>Hier findet ihr die neue <a href=\"https:\/\/read.bookcreator.com\/Rt2WNUlBagQt3HTomfP7oAtbjei1\/PvP-j3YgTJ-QHf7q4uDc9g\/end\">Dezemberausgabe<\/a>:<\/p>\n\n\n\n<figure class=\"wp-block-embed is-type-wp-embed is-provider-book-creator wp-block-embed-book-creator\"><div class=\"wp-block-embed__wrapper\">\n<iframe loading=\"lazy\" class=\"wp-embedded-content\" sandbox=\"allow-scripts\" security=\"restricted\" title=\"Sch\u00fclerzeitung Ausgabe Dezember\" width=\"750\" height=\"563\" src=\"https:\/\/read.bookcreator.com\/Rt2WNUlBagQt3HTomfP7oAtbjei1\/PvP-j3YgTJ-QHf7q4uDc9g#?secret=m5beRz65g1\" data-secret=\"m5beRz65g1\" frameborder=\"0\"><\/iframe>\n<\/div><\/figure>\n\n\n\n<p>Hier findet ihr die <a href=\"https:\/\/read.bookcreator.com\/Rt2WNUlBagQt3HTomfP7oAtbjei1\/aFEc6vZsR6GGkLDkDMWsig\">M\u00e4rz-Ausgabe<\/a>:<\/p>\n\n\n\n<figure class=\"wp-block-embed is-type-wp-embed is-provider-book-creator wp-block-embed-book-creator\"><div class=\"wp-block-embed__wrapper\">\n<iframe loading=\"lazy\" class=\"wp-embedded-content\" sandbox=\"allow-scripts\" security=\"restricted\" title=\"Sch\u00fclerzeitung M\u00e4rz 2025\" width=\"750\" height=\"563\" src=\"https:\/\/read.bookcreator.com\/Rt2WNUlBagQt3HTomfP7oAtbjei1\/aFEc6vZsR6GGkLDkDMWsig#?secret=Pa6ZgJlY6z\" data-secret=\"Pa6ZgJlY6z\" frameborder=\"0\"><\/iframe>\n<\/div><\/figure>\n","protected":false},"excerpt":{"rendered":"<p>Liebe Sch\u00fclerinnen und Sch\u00fcler, liebe Erziehungsberechtigte, wir freuen uns riesig, euch die erste Ausgabe unserer brandneuen Sch\u00fclerzeitung pr\u00e4sentieren zu k\u00f6nnen. Die Sch\u00fclerzeitung ist von Sch\u00fclern,<\/p>\n","protected":false},"author":9193501,"featured_media":0,"parent":0,"menu_order":0,"comment_status":"closed","ping_status":"closed","template":"","meta":{"footnotes":""},"class_list":["post-3968","page","type-page","status-publish","hentry"],"_links":{"self":[{"href":"https:\/\/wordpress.nibis.de\/roga\/wp-json\/wp\/v2\/pages\/3968","targetHints":{"allow":["GET"]}}],"collection":[{"href":"https:\/\/wordpress.nibis.de\/roga\/wp-json\/wp\/v2\/pages"}],"about":[{"href":"https:\/\/wordpress.nibis.de\/roga\/wp-json\/wp\/v2\/types\/page"}],"author":[{"embeddable":true,"href":"https:\/\/wordpress.nibis.de\/roga\/wp-json\/wp\/v2\/users\/9193501"}],"replies":[{"embeddable":true,"href":"https:\/\/wordpress.nibis.de\/roga\/wp-json\/wp\/v2\/comments?post=3968"}],"version-history":[{"count":2,"href":"https:\/\/wordpress.nibis.de\/roga\/wp-json\/wp\/v2\/pages\/3968\/revisions"}],"predecessor-version":[{"id":4064,"href":"https:\/\/wordpress.nibis.de\/roga\/wp-json\/wp\/v2\/pages\/3968\/revisions\/4064"}],"wp:attachment":[{"href":"https:\/\/wordpress.nibis.de\/roga\/wp-json\/wp\/v2\/media?parent=3968"}],"curies":[{"name":"wp","href":"https:\/\/api.w.org\/{rel}","templated":true}]}}