{"id":4519,"date":"2026-03-08T11:19:04","date_gmt":"2026-03-08T10:19:04","guid":{"rendered":"https:\/\/wordpress.nibis.de\/roga\/?page_id=4519"},"modified":"2026-03-08T11:37:05","modified_gmt":"2026-03-08T10:37:05","slug":"unsere-sv","status":"publish","type":"page","link":"https:\/\/wordpress.nibis.de\/roga\/unsere-sv\/","title":{"rendered":"Unsere SV (Sch\u00fclervertretung)"},"content":{"rendered":"\n<figure class=\"wp-block-image size-large\"><img loading=\"lazy\" decoding=\"async\" width=\"1024\" height=\"768\" src=\"https:\/\/wordpress.nibis.de\/roga\/files\/2026\/03\/Bild_SV-Gremium-1024x768.jpeg\" alt=\"\" class=\"wp-image-4522\" srcset=\"https:\/\/wordpress.nibis.de\/roga\/files\/2026\/03\/Bild_SV-Gremium-1024x768.jpeg 1024w, https:\/\/wordpress.nibis.de\/roga\/files\/2026\/03\/Bild_SV-Gremium-300x225.jpeg 300w, https:\/\/wordpress.nibis.de\/roga\/files\/2026\/03\/Bild_SV-Gremium-768x576.jpeg 768w, https:\/\/wordpress.nibis.de\/roga\/files\/2026\/03\/Bild_SV-Gremium-100x75.jpeg 100w, https:\/\/wordpress.nibis.de\/roga\/files\/2026\/03\/Bild_SV-Gremium-1536x1152.jpeg 1536w, https:\/\/wordpress.nibis.de\/roga\/files\/2026\/03\/Bild_SV-Gremium-2048x1536.jpeg 2048w\" sizes=\"auto, (max-width: 1024px) 100vw, 1024px\" \/><\/figure>\n\n\n\n<p class=\"has-text-align-center\">v.l.n.r.: Jule, Samuel, Mia, Amy, Adario<\/p>\n\n\n\n<p><strong><em>Hallo! <\/em><\/strong>Wir sind das SV-Gremium der Oberschule Rosengarten.<br \/>Unsere Sch\u00fclersprecher sind Mia und Samuel. Gemeinsam mit den Klassensprecherinnen<br \/>und Klassensprechern, die sich zus\u00e4tzlich im SV-Rat engagieren, vertreten wir eure Interessen<br \/>und setzen uns f\u00fcr ein starkes Miteinander an unserer Schule ein.<br \/>Wir treffen uns fast jede Woche, um aktuelle Themen zu besprechen, Ideen zu sammeln und<br \/>neue Projekte f\u00fcr euch zu planen.<\/p>\n\n\n\n<p><strong>Unsere Aufgaben:<\/strong><br \/>Als Sch\u00fclervertretung sind wir die Stimme der Sch\u00fclerschaft.<br \/><strong>Das bedeutet:<\/strong><\/p>\n\n\n\n<ul class=\"wp-block-list\">\n<li>Wir vertreten eure Interessen gegen\u00fcber Lehrkr\u00e4ften und Schulleitung<\/li>\n\n\n\n<li>Wir bringen eure Ideen in schulische Gremien ein.<\/li>\n\n\n\n<li>Wir organisieren Aktionen, Projekte und Veranstaltungen.<\/li>\n\n\n\n<li>Wir setzen uns f\u00fcr ein positives Schulklima ein.<\/li>\n\n\n\n<li>Wir sind Ansprechpartner bei Fragen, W\u00fcnschen oder Problemen.<\/li>\n<\/ul>\n\n\n\n<p><strong>Unsere Projekte:<\/strong>                                                                                                                                            Wir planen regelm\u00e4\u00dfig Aktionen f\u00fcr die Schulgemeinschaft, zum Beispiel:<\/p>\n\n\n\n<ul class=\"wp-block-list\">\n<li>Die Nikolausaktion<\/li>\n\n\n\n<li>Die Valentinstagsaktion<\/li>\n\n\n\n<li>Den Zero-Waste-Day<\/li>\n<\/ul>\n\n\n\n<p><strong>Verbesserungen im Schulalltag<\/strong><br \/>Habt ihr eigene Ideen? Dann meldet euch bei uns!<br \/><em>Deine Meinung z\u00e4hlt!<\/em><\/p>\n\n\n\n<p>Die SV lebt von euren Ideen. Wenn ihr Vorschl\u00e4ge habt oder etwas ver\u00e4ndern m\u00f6chtet,<br \/>sprecht uns gerne an oder schreibt uns. Gemeinsam k\u00f6nnen wir unsere Schule noch besser<br \/>machen.<\/p>\n\n\n\n<p><br \/><strong>Kontakt<\/strong><br \/>Ihr erreicht uns:<br \/>pers\u00f6nlich in der Schule bei der SV Beratung (Mittwochs, 1.Pause)<br \/>oder<br \/>per E-Mail: <a href=\"&#x6d;&#x61;&#x69;&#108;&#116;o:&#x73;&#x76;&#x2e;&#103;&#114;em&#x69;&#x75;&#x6d;&#64;&#111;be&#x72;&#x73;&#x63;&#104;&#117;le&#x2d;&#x72;&#x6f;&#115;&#101;ng&#x61;&#x72;&#x74;&#101;&#110;&#46;d&#x65;\">&#x73;v&#x2e;g&#x72;&#101;&#x6d;&#105;u&#x6d;&#64;&#x6f;&#98;&#x65;&#114;&#x73;&#99;h&#x75;l&#x65;&#45;&#x72;&#111;&#x73;&#x65;n&#x67;a&#x72;&#116;&#x65;&#110;&#46;&#x64;e<\/a><\/p>\n\n\n\n<p><br \/>Wir freuen uns auf euch<\/p>\n\n\n\n<p><\/p>\n","protected":false},"excerpt":{"rendered":"<p>v.l.n.r.: Jule, Samuel, Mia, Amy, Adario Hallo! Wir sind das SV-Gremium der Oberschule Rosengarten.Unsere Sch\u00fclersprecher sind Mia und Samuel. Gemeinsam mit den Klassensprecherinnenund Klassensprechern, die<\/p>\n","protected":false},"author":9193501,"featured_media":0,"parent":0,"menu_order":0,"comment_status":"closed","ping_status":"closed","template":"","meta":{"footnotes":""},"class_list":["post-4519","page","type-page","status-publish","hentry"],"_links":{"self":[{"href":"https:\/\/wordpress.nibis.de\/roga\/wp-json\/wp\/v2\/pages\/4519","targetHints":{"allow":["GET"]}}],"collection":[{"href":"https:\/\/wordpress.nibis.de\/roga\/wp-json\/wp\/v2\/pages"}],"about":[{"href":"https:\/\/wordpress.nibis.de\/roga\/wp-json\/wp\/v2\/types\/page"}],"author":[{"embeddable":true,"href":"https:\/\/wordpress.nibis.de\/roga\/wp-json\/wp\/v2\/users\/9193501"}],"replies":[{"embeddable":true,"href":"https:\/\/wordpress.nibis.de\/roga\/wp-json\/wp\/v2\/comments?post=4519"}],"version-history":[{"count":6,"href":"https:\/\/wordpress.nibis.de\/roga\/wp-json\/wp\/v2\/pages\/4519\/revisions"}],"predecessor-version":[{"id":4529,"href":"https:\/\/wordpress.nibis.de\/roga\/wp-json\/wp\/v2\/pages\/4519\/revisions\/4529"}],"wp:attachment":[{"href":"https:\/\/wordpress.nibis.de\/roga\/wp-json\/wp\/v2\/media?parent=4519"}],"curies":[{"name":"wp","href":"https:\/\/api.w.org\/{rel}","templated":true}]}}