{"id":78,"date":"2020-04-09T14:10:57","date_gmt":"2020-04-09T12:10:57","guid":{"rendered":"https:\/\/wordpress.nibis.de\/roga\/?page_id=78"},"modified":"2025-05-25T19:55:39","modified_gmt":"2025-05-25T17:55:39","slug":"anmledung-an-der-roga","status":"publish","type":"page","link":"https:\/\/wordpress.nibis.de\/roga\/anmledung-an-der-roga\/","title":{"rendered":"Anmeldung an der ROGA"},"content":{"rendered":"\n<div class=\"wp-block-columns is-layout-flex wp-container-core-columns-is-layout-abceabcf wp-block-columns-is-layout-flex\">\n<div class=\"wp-block-column is-layout-flow wp-block-column-is-layout-flow\" style=\"--col-width:66.66%;flex-basis:66.66%\">\n<header class=\"entry-header\">\n<h5 class=\"entry-title page-title\">Anmeldung f\u00fcr Jahrgang 5\u00a0<\/h5>\n<\/header>\n<div class=\"entry-content clearfix\">\n<p>Sie k\u00f6nnen ihr Kind gerne sofort anmelden, indem Sie die Anmeldeunterlagen ausf\u00fcllen und an die Schule schicken. Folgende Unterlagen werden f\u00fcr die Anmeldung ben\u00f6tigt<\/p>\n<ul>\n<li>Kopie des letzten Zeugnisses<\/li>\n<li>Kopie der Geburtsurkunde<\/li>\n<li>Kopie des Sorgerechtsnachweis (sofern erforderlich)<\/li>\n<li>F\u00fcr den Nachweis \u00fcber gen\u00fcgenden Masernschutz (gem\u00e4\u00df \u00a720 Absatz 9 Infektionsschutzgesetz) bringen Sie bitte entweder Impfausweis, Anlage zum Untersuchungsheft, \u00c4rztliche Bescheinigung oder Bescheinigung einer anderen Beh\u00f6rde \/ Einrichtung mit.<\/li>\n<\/ul>\n<\/div>\n<p>\u00a0<\/p>\n<h5>Anmeldung f\u00fcr die Jahrg\u00e4nge 6-10<\/h5>\n<p>Ein\u00a0freiwilliger Schulwechsel\u00a0ist nur zu den Zeugnissen (01.02.\/01.08.) m\u00f6glich. Sollten Sie\u00a0in die Umgebung der Gemeinde Rosengarten ziehen, nehmen wir ihr Kind nat\u00fcrlich auch\u00a0w\u00e4hrend des laufenden Schulbetriebes\u00a0auf.<\/p>\n<p>Sollte Ihr Kind zurzeit eine andere weiterf\u00fchrende Schule besuchen, Sie aber einen Schulwechsel planen, melden Sie sich gern im Sekretariat, um das weitere Vorgehen zu besprechen.<\/p>\n<p>Bitte bringen Sie zur Anmeldung Ihres Kindes nach M\u00f6glichkeit folgende eigene Dokumente mit:<\/p>\n<ul>\n<li>Kopie des letzten Zeugnisses<\/li>\n<li>Kopie der Geburtsurkunde<\/li>\n<li>Kopie Sorgerechtsnachweis (sofern erforderlich)<\/li>\n<li>F\u00fcr den Nachweis \u00fcber gen\u00fcgenden Masernschutz (gem\u00e4\u00df \u00a720 Absatz 9 Infektionsschutzgesetz) bringen Sie bitte entweder Impfausweis, Anlage zum Untersuchungsheft, \u00c4rztliche Bescheinigung oder Bescheinigung einer anderen Beh\u00f6rde\/ Einrichtung mit.<\/li>\n<\/ul>\n<p>\u00a0<\/p>\n<\/div>\n\n\n\n<div class=\"wp-block-column is-vertically-aligned-top is-layout-flow wp-block-column-is-layout-flow\" style=\"--col-width:33.33%;flex-basis:33.33%\">\n<p><\/p>\n\n\n\n<p>Die aktuellen <strong>Anmeldeunterlagen<\/strong> finden sie im\u00a0<a href=\"https:\/\/wordpress.nibis.de\/roga\/downloads\/\">Downloadbereich<\/a>\u00a0der Homepage.<\/p>\n\n\n\n<p>Bei Fragen oder zur Kontaktaufnahme:&nbsp;<\/p>\n\n\n\n<p><a href=\"&#109;&#x61;&#105;&#x6c;&#116;&#x6f;&#58;&#x73;&#101;&#x6b;&#114;&#x65;&#116;&#x61;&#114;&#x69;&#97;&#x74;&#64;&#x6f;&#98;&#x65;&#114;&#x73;&#99;&#x68;u&#x6c;e&#x2d;r&#x6f;s&#x65;n&#x67;a&#x72;t&#x65;n&#x2e;d&#x65;\">&#x73;&#101;k&#x72;&#101;t&#x61;&#x72;&#105;&#x61;&#x74;&#64;o&#x62;&#101;r&#x73;&#x63;&#104;&#x75;&#x6c;&#101;-&#x72;&#111;s&#x65;&#x6e;&#103;&#x61;&#x72;&#116;e&#x6e;&#46;d&#x65;<\/a><\/p>\n\n\n\n<p>Ansprechpartnerin: Frau Tzekou <\/p>\n\n\n\n<p><span style=\"color:#ffffff\" class=\"tadv-color\">.<\/span><\/p>\n\n\n\n<p><span style=\"color:#ffffff\" class=\"tadv-color\">.<\/span><\/p>\n\n\n\n<p>Die aktuellen <strong>Anmeldeunterlagen<\/strong> finden sie im&nbsp;<a href=\"https:\/\/wordpress.nibis.de\/roga\/downloads\/\">Downloadbereich<\/a>&nbsp;der Homepage.<\/p>\n\n\n\n<p>Bei Fragen oder zur Kontaktaufnahme:&nbsp;<\/p>\n\n\n\n<p><a href=\"&#109;&#x61;&#105;&#x6c;&#116;&#x6f;&#58;&#x73;&#101;&#x6b;&#114;&#x65;t&#x61;r&#x69;a&#x74;&#64;&#x6f;b&#x65;r&#115;&#x63;&#104;&#x75;&#108;&#x65;&#45;&#x72;&#111;&#x73;&#101;&#x6e;&#103;&#x61;r&#x74;e&#x6e;&#46;&#x64;e\">&#x73;&#x65;&#x6b;&#114;&#101;ta&#x72;&#x69;&#x61;&#116;&#64;ob&#x65;&#x72;&#x73;&#99;&#104;ul&#x65;&#x2d;&#x72;&#111;&#115;en&#x67;&#x61;&#x72;&#116;&#101;n&#46;&#x64;&#x65;<\/a><\/p>\n\n\n\n<p>Ansprechpartnerin: Frau Tzekou <\/p>\n<\/div>\n<\/div>\n","protected":false},"excerpt":{"rendered":"<p>Anmeldung f\u00fcr Jahrgang 5\u00a0 Sie k\u00f6nnen ihr Kind gerne sofort anmelden, indem Sie die Anmeldeunterlagen ausf\u00fcllen und an die Schule schicken. Folgende Unterlagen werden f\u00fcr<\/p>\n","protected":false},"author":9193501,"featured_media":0,"parent":0,"menu_order":0,"comment_status":"closed","ping_status":"closed","template":"","meta":{"footnotes":""},"class_list":["post-78","page","type-page","status-publish","hentry"],"_links":{"self":[{"href":"https:\/\/wordpress.nibis.de\/roga\/wp-json\/wp\/v2\/pages\/78","targetHints":{"allow":["GET"]}}],"collection":[{"href":"https:\/\/wordpress.nibis.de\/roga\/wp-json\/wp\/v2\/pages"}],"about":[{"href":"https:\/\/wordpress.nibis.de\/roga\/wp-json\/wp\/v2\/types\/page"}],"author":[{"embeddable":true,"href":"https:\/\/wordpress.nibis.de\/roga\/wp-json\/wp\/v2\/users\/9193501"}],"replies":[{"embeddable":true,"href":"https:\/\/wordpress.nibis.de\/roga\/wp-json\/wp\/v2\/comments?post=78"}],"version-history":[{"count":28,"href":"https:\/\/wordpress.nibis.de\/roga\/wp-json\/wp\/v2\/pages\/78\/revisions"}],"predecessor-version":[{"id":4130,"href":"https:\/\/wordpress.nibis.de\/roga\/wp-json\/wp\/v2\/pages\/78\/revisions\/4130"}],"wp:attachment":[{"href":"https:\/\/wordpress.nibis.de\/roga\/wp-json\/wp\/v2\/media?parent=78"}],"curies":[{"name":"wp","href":"https:\/\/api.w.org\/{rel}","templated":true}]}}