{"id":849,"date":"2020-11-02T13:07:57","date_gmt":"2020-11-02T12:07:57","guid":{"rendered":"https:\/\/wordpress.nibis.de\/roga\/?page_id=849"},"modified":"2022-09-09T10:43:19","modified_gmt":"2022-09-09T08:43:19","slug":"busverbindung","status":"publish","type":"page","link":"https:\/\/wordpress.nibis.de\/roga\/busverbindung\/","title":{"rendered":"Busverbindung"},"content":{"rendered":"<p>Im Augenblick kommt es leider immer wieder zu aktuellen Ver\u00e4nderungen der Busfahrpl\u00e4ne. Diese k\u00f6nnen sie tagesaktuell \u00fcber den folgenden Link einsehen:<\/p>\n<p><a href=\"https:\/\/www.kvg-bus.de\/aktuelles\/fahrtausfaelle\/harburg\/\">https:\/\/www.kvg-bus.de\/aktuelles\/fahrtausfaelle\/harburg\/<\/a><\/p>\n<p style=\"text-align: center\">Aktuelle Busfahrpl\u00e4ne finden Sie auf der Homepage des KVG:<\/p>\n<p><a href=\"https:\/\/www.kvg-bus.de\/start\/\">https:\/\/www.kvg-bus.de\/start\/<\/a><\/p>\n","protected":false},"excerpt":{"rendered":"<p>Im Augenblick kommt es leider immer wieder zu aktuellen Ver\u00e4nderungen der Busfahrpl\u00e4ne. Diese k\u00f6nnen sie tagesaktuell \u00fcber den folgenden Link einsehen: https:\/\/www.kvg-bus.de\/aktuelles\/fahrtausfaelle\/harburg\/ Aktuelle Busfahrpl\u00e4ne finden<\/p>\n","protected":false},"author":9193501,"featured_media":0,"parent":0,"menu_order":0,"comment_status":"closed","ping_status":"closed","template":"","meta":{"footnotes":""},"class_list":["post-849","page","type-page","status-publish","hentry"],"_links":{"self":[{"href":"https:\/\/wordpress.nibis.de\/roga\/wp-json\/wp\/v2\/pages\/849","targetHints":{"allow":["GET"]}}],"collection":[{"href":"https:\/\/wordpress.nibis.de\/roga\/wp-json\/wp\/v2\/pages"}],"about":[{"href":"https:\/\/wordpress.nibis.de\/roga\/wp-json\/wp\/v2\/types\/page"}],"author":[{"embeddable":true,"href":"https:\/\/wordpress.nibis.de\/roga\/wp-json\/wp\/v2\/users\/9193501"}],"replies":[{"embeddable":true,"href":"https:\/\/wordpress.nibis.de\/roga\/wp-json\/wp\/v2\/comments?post=849"}],"version-history":[{"count":8,"href":"https:\/\/wordpress.nibis.de\/roga\/wp-json\/wp\/v2\/pages\/849\/revisions"}],"predecessor-version":[{"id":2579,"href":"https:\/\/wordpress.nibis.de\/roga\/wp-json\/wp\/v2\/pages\/849\/revisions\/2579"}],"wp:attachment":[{"href":"https:\/\/wordpress.nibis.de\/roga\/wp-json\/wp\/v2\/media?parent=849"}],"curies":[{"name":"wp","href":"https:\/\/api.w.org\/{rel}","templated":true}]}}