{"id":970,"date":"2020-12-15T15:04:14","date_gmt":"2020-12-15T14:04:14","guid":{"rendered":"https:\/\/wordpress.nibis.de\/roga\/?page_id=970"},"modified":"2025-09-16T20:50:18","modified_gmt":"2025-09-16T18:50:18","slug":"abschluesse-und-abschlusspruefungen","status":"publish","type":"page","link":"https:\/\/wordpress.nibis.de\/roga\/abschluesse-und-abschlusspruefungen\/","title":{"rendered":"Abschl\u00fcsse und Abschlusspr\u00fcfungen"},"content":{"rendered":"<p>In dieser Rubrik halten wir euch \/ Sie auf dem Laufenden, was die Pr\u00fcfungen angeht. Sollte es Ver\u00e4nderungen in den Abl\u00e4ufen oder der Termine geben, so informieren wir euch \/ Sie an dieser Stelle.<\/p>\n<p>Viel Erfolg w\u00fcnscht<\/p>\n<p>die Pr\u00fcfungsko<span style=\"color: #000000\">mmission der ROGA<\/span><\/p>\n<p><a href=\"https:\/\/wordpress.nibis.de\/roga\/files\/2020\/12\/2021-Timeline-Abschlusspr\u00fcfungen-f\u00fcr-E-u-S.pdf\"><strong><img loading=\"lazy\" decoding=\"async\" class=\"alignnone  wp-image-85\" src=\"https:\/\/wordpress.nibis.de\/roga\/files\/2020\/04\/pdf-155498_1280-300x300.png\" alt=\"\" width=\"22\" height=\"22\" srcset=\"https:\/\/wordpress.nibis.de\/roga\/files\/2020\/04\/pdf-155498_1280-300x300.png 300w, https:\/\/wordpress.nibis.de\/roga\/files\/2020\/04\/pdf-155498_1280-150x150.png 150w, https:\/\/wordpress.nibis.de\/roga\/files\/2020\/04\/pdf-155498_1280-768x768.png 768w, https:\/\/wordpress.nibis.de\/roga\/files\/2020\/04\/pdf-155498_1280.png 1024w\" sizes=\"auto, (max-width: 22px) 100vw, 22px\" \/><\/strong><\/a> <strong><a href=\"https:\/\/wordpress.nibis.de\/roga\/files\/2025\/09\/Info-Abend-fuer-Abschluesse-u-AP-OBS-10-09-2025.pdf\">Abschl\u00fcsse und Abschlusspr\u00fcfung<\/a><\/strong><\/p>\n<p><strong>Nur Jahrgang 9<\/strong><\/p>\n<p><a href=\"https:\/\/wordpress.nibis.de\/roga\/files\/2020\/12\/2021-Timeline-Abschlusspr\u00fcfungen-f\u00fcr-E-u-S.pdf\"><strong><img loading=\"lazy\" decoding=\"async\" class=\"alignnone  wp-image-85\" src=\"https:\/\/wordpress.nibis.de\/roga\/files\/2020\/04\/pdf-155498_1280-300x300.png\" alt=\"\" width=\"22\" height=\"22\" srcset=\"https:\/\/wordpress.nibis.de\/roga\/files\/2020\/04\/pdf-155498_1280-300x300.png 300w, https:\/\/wordpress.nibis.de\/roga\/files\/2020\/04\/pdf-155498_1280-150x150.png 150w, https:\/\/wordpress.nibis.de\/roga\/files\/2020\/04\/pdf-155498_1280-768x768.png 768w, https:\/\/wordpress.nibis.de\/roga\/files\/2020\/04\/pdf-155498_1280.png 1024w\" sizes=\"auto, (max-width: 22px) 100vw, 22px\" \/><\/strong><\/a><strong>\u00a0<a href=\"https:\/\/wordpress.nibis.de\/roga\/files\/2024\/08\/Jg-9-Anmeldung-zu-AP.pdf\">Jg 9 &#8211; Anmeldung zu den Abschlusspr\u00fcfungen<\/a><\/strong><\/p>\n<p><strong style=\"font-size: inherit;color: var(--text-color);font-family: var(--text-font)\"><span style=\"color: #000000\">Die \u00dcbersicht behalte<\/span>n<\/strong><\/p>\n<p>Mit der \u201eTimeline\u201c alle wichtigen Termine, Deadlines, Abgabefristen usw. im Blick haben:<\/p>\n<p><a href=\"https:\/\/wordpress.nibis.de\/roga\/files\/2020\/12\/2021-Timeline-Abschlusspr\u00fcfungen-f\u00fcr-E-u-S.pdf\"><strong><img loading=\"lazy\" decoding=\"async\" class=\"alignnone  wp-image-85\" src=\"https:\/\/wordpress.nibis.de\/roga\/files\/2020\/04\/pdf-155498_1280-300x300.png\" alt=\"\" width=\"22\" height=\"22\" srcset=\"https:\/\/wordpress.nibis.de\/roga\/files\/2020\/04\/pdf-155498_1280-300x300.png 300w, https:\/\/wordpress.nibis.de\/roga\/files\/2020\/04\/pdf-155498_1280-150x150.png 150w, https:\/\/wordpress.nibis.de\/roga\/files\/2020\/04\/pdf-155498_1280-768x768.png 768w, https:\/\/wordpress.nibis.de\/roga\/files\/2020\/04\/pdf-155498_1280.png 1024w\" sizes=\"auto, (max-width: 22px) 100vw, 22px\" \/><\/strong><\/a><strong> <a href=\"https:\/\/wordpress.nibis.de\/roga\/files\/2024\/08\/2025-Timeline-OBS-10-Abschlusspruefungen.pdf\">2025 &#8211; Timeline OBS 10 Abschlusspr\u00fcfungen<\/a><\/strong><\/p>\n<p><a href=\"https:\/\/wordpress.nibis.de\/roga\/files\/2020\/12\/2021-Timeline-Abschlusspr\u00fcfungen-f\u00fcr-E-u-S.pdf\"><strong><img loading=\"lazy\" decoding=\"async\" class=\"alignnone  wp-image-85\" src=\"https:\/\/wordpress.nibis.de\/roga\/files\/2020\/04\/pdf-155498_1280-300x300.png\" alt=\"\" width=\"22\" height=\"22\" srcset=\"https:\/\/wordpress.nibis.de\/roga\/files\/2020\/04\/pdf-155498_1280-300x300.png 300w, https:\/\/wordpress.nibis.de\/roga\/files\/2020\/04\/pdf-155498_1280-150x150.png 150w, https:\/\/wordpress.nibis.de\/roga\/files\/2020\/04\/pdf-155498_1280-768x768.png 768w, https:\/\/wordpress.nibis.de\/roga\/files\/2020\/04\/pdf-155498_1280.png 1024w\" sizes=\"auto, (max-width: 22px) 100vw, 22px\" \/><\/strong><\/a><strong> <a href=\"https:\/\/wordpress.nibis.de\/roga\/files\/2024\/08\/2025-Timeline-OBS-9-Abschlusspruefungen-HS9-u-FS-L.pdf\">2025 &#8211; Timeline OBS 9 Abschlusspr\u00fcfungen (HS9 u FS-L)<\/a><\/strong><\/p>\n<p><strong>\u00dcber die M\u00f6glichkeiten informiert sein<\/strong><\/p>\n<p>Voraussetzungen f\u00fcr die einzelnen Abschl\u00fcsse findet man hier:<\/p>\n<p><strong><a href=\"https:\/\/wordpress.nibis.de\/roga\/files\/2020\/12\/2021-Timeline-Abschlusspr%C3%BCfungen-f%C3%BCr-E-u-S.pdf\"><img loading=\"lazy\" decoding=\"async\" class=\"alignnone wp-image-85\" src=\"https:\/\/wordpress.nibis.de\/roga\/files\/2020\/04\/pdf-155498_1280-300x300.png\" alt=\"\" width=\"22\" height=\"22\" srcset=\"https:\/\/wordpress.nibis.de\/roga\/files\/2020\/04\/pdf-155498_1280-300x300.png 300w, https:\/\/wordpress.nibis.de\/roga\/files\/2020\/04\/pdf-155498_1280-150x150.png 150w, https:\/\/wordpress.nibis.de\/roga\/files\/2020\/04\/pdf-155498_1280-768x768.png 768w, https:\/\/wordpress.nibis.de\/roga\/files\/2020\/04\/pdf-155498_1280.png 1024w\" sizes=\"auto, (max-width: 22px) 100vw, 22px\" \/><\/a> <a href=\"https:\/\/wordpress.nibis.de\/roga\/files\/2024\/04\/2024-Abschluss-Info-Voraussetzungen-Juni-2023.pdf\">Abschluss-Info &#8211; Voraussetzungen<\/a><\/strong><\/p>\n<p>Anmledung f\u00fcr die m\u00fcndliche Pr\u00fcfung<\/p>\n<p><strong><a href=\"https:\/\/wordpress.nibis.de\/roga\/files\/2020\/12\/2021-Timeline-Abschlusspr%C3%BCfungen-f%C3%BCr-E-u-S.pdf\"><img loading=\"lazy\" decoding=\"async\" class=\"alignnone wp-image-85\" src=\"https:\/\/wordpress.nibis.de\/roga\/files\/2020\/04\/pdf-155498_1280-300x300.png\" alt=\"\" width=\"22\" height=\"22\" srcset=\"https:\/\/wordpress.nibis.de\/roga\/files\/2020\/04\/pdf-155498_1280-300x300.png 300w, https:\/\/wordpress.nibis.de\/roga\/files\/2020\/04\/pdf-155498_1280-150x150.png 150w, https:\/\/wordpress.nibis.de\/roga\/files\/2020\/04\/pdf-155498_1280-768x768.png 768w, https:\/\/wordpress.nibis.de\/roga\/files\/2020\/04\/pdf-155498_1280.png 1024w\" sizes=\"auto, (max-width: 22px) 100vw, 22px\" \/><\/a> <a href=\"https:\/\/wordpress.nibis.de\/roga\/files\/2025\/04\/2025-mdl.-Pruefung-Anmeldung-alle-Schulzweige.pdf\">Anmeldung &#8211; m\u00fcndl. Pr\u00fcfung (alle Schulzweige)<\/a><\/strong><\/p>\n<p><span style=\"color: #ffffff\">Und l\u00e4uft es mal nicht so rund, dann kannst du \/ k\u00f6nnen Sie hier erfahren, welche mangelhaften (Note 5) und ungen\u00fcgenden (Note 6) Leistungen eventuell wie ausgeglichen werden k\u00f6nnen:<\/span><\/p>\n<p><span style=\"color: #ffffff\"><strong>Ausgleichsregelung (nur H10 u R10) <\/strong><\/span><\/p>\n<p><span style=\"color: #ffffff\"><strong>Ausgleichsregelung (nur H9 u FS-L)<\/strong><\/span><\/p>\n<p><strong>Offene Fragen ?!<\/strong><\/p>\n<p>Antworten auf h\u00e4ufig gestellte Fragen findest du \/ finden Sie hier: <a href=\"https:\/\/wordpress.nibis.de\/roga\/files\/2022\/04\/FAQ-Abschluesse-und-Abschlusspruefungen-2022.pdf\" target=\"_blank\" rel=\"noopener\">Abschl\u00fcsse und Abschlusspr\u00fcfungen<\/a><\/p>\n<p>Du hast noch immer keine Antwort auf deine Fragen zu Abschl\u00fcssen und Abschlusspr\u00fcfungen gefunden?!<\/p>\n<p>Dann schreib uns eine E-Mail an <a href=\"&#x6d;&#97;&#x69;&#x6c;&#116;&#x6f;&#x3a;&#112;&#x72;&#x75;&#101;&#x66;&#x75;n&#x67;&#x40;o&#x62;&#101;r&#x73;&#99;h&#x75;&#108;e&#x2d;&#114;o&#x73;&#101;n&#x67;&#97;r&#x74;&#101;n&#x2e;&#100;e\"><strong>p&#114;&#x75;&#x65;&#x66;u&#110;&#x67;&#x40;&#x6f;b&#101;&#x72;&#x73;&#x63;h&#117;&#x6c;&#x65;&#x2d;r&#111;&#x73;&#x65;&#x6e;g&#97;&#x72;&#x74;&#x65;n&#46;&#x64;&#x65;<\/strong><\/a><\/p>\n\n\n<p><\/p>\n\n\n\n<p><\/p>\n","protected":false},"excerpt":{"rendered":"<p>In dieser Rubrik halten wir euch \/ Sie auf dem Laufenden, was die Pr\u00fcfungen angeht. Sollte es Ver\u00e4nderungen in den Abl\u00e4ufen oder der Termine geben,<\/p>\n","protected":false},"author":9193501,"featured_media":0,"parent":0,"menu_order":0,"comment_status":"closed","ping_status":"closed","template":"","meta":{"footnotes":""},"class_list":["post-970","page","type-page","status-publish","hentry"],"_links":{"self":[{"href":"https:\/\/wordpress.nibis.de\/roga\/wp-json\/wp\/v2\/pages\/970","targetHints":{"allow":["GET"]}}],"collection":[{"href":"https:\/\/wordpress.nibis.de\/roga\/wp-json\/wp\/v2\/pages"}],"about":[{"href":"https:\/\/wordpress.nibis.de\/roga\/wp-json\/wp\/v2\/types\/page"}],"author":[{"embeddable":true,"href":"https:\/\/wordpress.nibis.de\/roga\/wp-json\/wp\/v2\/users\/9193501"}],"replies":[{"embeddable":true,"href":"https:\/\/wordpress.nibis.de\/roga\/wp-json\/wp\/v2\/comments?post=970"}],"version-history":[{"count":37,"href":"https:\/\/wordpress.nibis.de\/roga\/wp-json\/wp\/v2\/pages\/970\/revisions"}],"predecessor-version":[{"id":4262,"href":"https:\/\/wordpress.nibis.de\/roga\/wp-json\/wp\/v2\/pages\/970\/revisions\/4262"}],"wp:attachment":[{"href":"https:\/\/wordpress.nibis.de\/roga\/wp-json\/wp\/v2\/media?parent=970"}],"curies":[{"name":"wp","href":"https:\/\/api.w.org\/{rel}","templated":true}]}}