{"id":1006,"date":"2019-07-05T08:09:43","date_gmt":"2019-07-05T06:09:43","guid":{"rendered":"https:\/\/wordpress.nibis.de\/rsgebhardshagen\/?page_id=1006"},"modified":"2020-09-15T11:37:11","modified_gmt":"2020-09-15T09:37:11","slug":"natuerliches-heilsames-wohschmeckendes","status":"publish","type":"page","link":"https:\/\/wordpress.nibis.de\/rsgebhardshagen\/natuerliches-heilsames-wohschmeckendes\/","title":{"rendered":"Nat\u00fcrliches, Heilsames, Wohlschmeckendes"},"content":{"rendered":"\n<figure class=\"wp-block-gallery columns-2 is-cropped wp-block-gallery-1 is-layout-flex wp-block-gallery-is-layout-flex\"><ul class=\"blocks-gallery-grid\"><li class=\"blocks-gallery-item\"><figure><img loading=\"lazy\" decoding=\"async\" width=\"1024\" height=\"497\" src=\"https:\/\/wordpress.nibis.de\/rsgebhardshagen\/files\/2019\/07\/PHOTO-2019-06-27-10-34-53-1024x497.jpg\" alt=\"\" data-id=\"1011\" data-link=\"https:\/\/wordpress.nibis.de\/rsgebhardshagen\/?attachment_id=1011\" class=\"wp-image-1011\" srcset=\"https:\/\/wordpress.nibis.de\/rsgebhardshagen\/files\/2019\/07\/PHOTO-2019-06-27-10-34-53-1024x497.jpg 1024w, https:\/\/wordpress.nibis.de\/rsgebhardshagen\/files\/2019\/07\/PHOTO-2019-06-27-10-34-53-300x146.jpg 300w, https:\/\/wordpress.nibis.de\/rsgebhardshagen\/files\/2019\/07\/PHOTO-2019-06-27-10-34-53-768x373.jpg 768w, https:\/\/wordpress.nibis.de\/rsgebhardshagen\/files\/2019\/07\/PHOTO-2019-06-27-10-34-53.jpg 1600w\" sizes=\"auto, (max-width: 1024px) 100vw, 1024px\" \/><\/figure><\/li><li class=\"blocks-gallery-item\"><figure><img loading=\"lazy\" decoding=\"async\" width=\"1024\" height=\"497\" src=\"https:\/\/wordpress.nibis.de\/rsgebhardshagen\/files\/2019\/07\/PHOTO-2019-06-27-10-34-49-1-1024x497.jpg\" alt=\"\" data-id=\"1012\" data-link=\"https:\/\/wordpress.nibis.de\/rsgebhardshagen\/?attachment_id=1012\" class=\"wp-image-1012\" srcset=\"https:\/\/wordpress.nibis.de\/rsgebhardshagen\/files\/2019\/07\/PHOTO-2019-06-27-10-34-49-1-1024x497.jpg 1024w, https:\/\/wordpress.nibis.de\/rsgebhardshagen\/files\/2019\/07\/PHOTO-2019-06-27-10-34-49-1-300x146.jpg 300w, https:\/\/wordpress.nibis.de\/rsgebhardshagen\/files\/2019\/07\/PHOTO-2019-06-27-10-34-49-1-768x373.jpg 768w, https:\/\/wordpress.nibis.de\/rsgebhardshagen\/files\/2019\/07\/PHOTO-2019-06-27-10-34-49-1.jpg 1600w\" sizes=\"auto, (max-width: 1024px) 100vw, 1024px\" \/><\/figure><\/li><\/ul><\/figure>\n\n\n<p>Unsere Sch\u00fclerinnen und Sch\u00fcler waren gemeinsam mit <strong><span style=\"color: #ff0777\">Frau Schmidt<\/span><\/strong> und unserem flei\u00dfigen ,,Bundesfreiwilligendienstler&#8220; <strong><span style=\"color: #ff0777\">Herrn Nunne<\/span><\/strong> auf dem Schulhof und haben dort eine wundersch\u00f6ne <span style=\"color: #ff0777\"><strong>Kr\u00e4uterspirale<\/strong><\/span> angelegt.<\/p>\n<p>Dar\u00fcber freuen sich nicht nur unsere Wahlpflichtkurse, die in der Schulk\u00fcche jede Woche leckere Speisen zubereiten.<\/p>\n<p>Au\u00dferdem wurde das <span style=\"color: #ff0777\"><strong>Schulhof-Biotop<\/strong> <\/span>versch\u00f6nert und mit weiteren Pflanzen aufgewertet. So k\u00f6nnen wir unsere Pausen jetzt sogar am Wasser genie\u00dfen.<\/p>\n<p>Da der Terminplan dieser Projektgruppe sehr eng gesteckt war, konnten wir leider keine Interviews durchf\u00fchren. Aber die Fotos sprechen auf jeden Fall f\u00fcr sich!<\/p>\n\n\n<div class=\"wp-block-image\"><figure class=\"aligncenter\"><img loading=\"lazy\" decoding=\"async\" width=\"1024\" height=\"497\" src=\"https:\/\/wordpress.nibis.de\/rsgebhardshagen\/files\/2019\/07\/PHOTO-2019-06-27-10-34-52-2-1024x497.jpg\" alt=\"\" class=\"wp-image-1015\" srcset=\"https:\/\/wordpress.nibis.de\/rsgebhardshagen\/files\/2019\/07\/PHOTO-2019-06-27-10-34-52-2-1024x497.jpg 1024w, https:\/\/wordpress.nibis.de\/rsgebhardshagen\/files\/2019\/07\/PHOTO-2019-06-27-10-34-52-2-300x146.jpg 300w, https:\/\/wordpress.nibis.de\/rsgebhardshagen\/files\/2019\/07\/PHOTO-2019-06-27-10-34-52-2-768x373.jpg 768w, https:\/\/wordpress.nibis.de\/rsgebhardshagen\/files\/2019\/07\/PHOTO-2019-06-27-10-34-52-2.jpg 1600w\" sizes=\"auto, (max-width: 1024px) 100vw, 1024px\" \/><\/figure><\/div>\n","protected":false},"excerpt":{"rendered":"<p>Unsere Sch\u00fclerinnen und Sch\u00fcler waren gemeinsam mit Frau Schmidt und unserem flei\u00dfigen ,,Bundesfreiwilligendienstler&#8220; Herrn Nunne auf dem Schulhof und haben dort eine wundersch\u00f6ne Kr\u00e4uterspirale angelegt. Dar\u00fcber freuen sich nicht nur unsere Wahlpflichtkurse, die in der Schulk\u00fcche jede Woche leckere Speisen zubereiten. Au\u00dferdem wurde das Schulhof-Biotop versch\u00f6nert und mit weiteren Pflanzen aufgewertet. So k\u00f6nnen wir unsere [&hellip;]<\/p>\n","protected":false},"author":9193020,"featured_media":0,"parent":0,"menu_order":0,"comment_status":"closed","ping_status":"closed","template":"","meta":{"footnotes":""},"class_list":["post-1006","page","type-page","status-publish","hentry"],"_links":{"self":[{"href":"https:\/\/wordpress.nibis.de\/rsgebhardshagen\/wp-json\/wp\/v2\/pages\/1006","targetHints":{"allow":["GET"]}}],"collection":[{"href":"https:\/\/wordpress.nibis.de\/rsgebhardshagen\/wp-json\/wp\/v2\/pages"}],"about":[{"href":"https:\/\/wordpress.nibis.de\/rsgebhardshagen\/wp-json\/wp\/v2\/types\/page"}],"author":[{"embeddable":true,"href":"https:\/\/wordpress.nibis.de\/rsgebhardshagen\/wp-json\/wp\/v2\/users\/9193020"}],"replies":[{"embeddable":true,"href":"https:\/\/wordpress.nibis.de\/rsgebhardshagen\/wp-json\/wp\/v2\/comments?post=1006"}],"version-history":[{"count":5,"href":"https:\/\/wordpress.nibis.de\/rsgebhardshagen\/wp-json\/wp\/v2\/pages\/1006\/revisions"}],"predecessor-version":[{"id":1599,"href":"https:\/\/wordpress.nibis.de\/rsgebhardshagen\/wp-json\/wp\/v2\/pages\/1006\/revisions\/1599"}],"wp:attachment":[{"href":"https:\/\/wordpress.nibis.de\/rsgebhardshagen\/wp-json\/wp\/v2\/media?parent=1006"}],"curies":[{"name":"wp","href":"https:\/\/api.w.org\/{rel}","templated":true}]}}