{"id":1041,"date":"2019-07-05T21:20:05","date_gmt":"2019-07-05T19:20:05","guid":{"rendered":"https:\/\/wordpress.nibis.de\/rsgebhardshagen\/?page_id=1041"},"modified":"2020-09-15T12:06:07","modified_gmt":"2020-09-15T10:06:07","slug":"plastische-kunst-a-la-pablo-picasso","status":"publish","type":"page","link":"https:\/\/wordpress.nibis.de\/rsgebhardshagen\/plastische-kunst-a-la-pablo-picasso\/","title":{"rendered":"Plastische Kunst \u00e0 la Pablo Picasso"},"content":{"rendered":"\n<p><strong>Reporterteam: Saskia und Jason<\/strong><\/p>\n\n\n\n<p><span style=\"color:#ff0777\" class=\"tadv-color\"><strong>Interview mit Frau Marktscheffel<\/strong><\/span><\/p>\n\n\n\n<ul class=\"wp-block-list\"><li>&nbsp;Was wollen Sie in dieser Woche erreichen? ,,Wir stellen Skulpturen aus Plastikflaschen und Pappmaschee so wie Pablo Picasso. In dieser Woche wollem wir die Skulpturen fertig stellen und sie dann in der Schule pr\u00e4sentieren.\u201c <\/li><li>Wie wirken Sie selbst am Umweltschutz mit? ,,Ich gucke, wie ich selbst M\u00fcll wiederverwenden kann.\u201c&nbsp; &nbsp;<\/li><\/ul>\n\n\n\n<div class=\"wp-block-image\"><figure class=\"aligncenter is-resized\"><img loading=\"lazy\" decoding=\"async\" src=\"https:\/\/wordpress.nibis.de\/rsgebhardshagen\/files\/2019\/07\/kristinehamn-2253801_960_720.jpg\" alt=\"\" class=\"wp-image-1042\" width=\"382\" height=\"509\" srcset=\"https:\/\/wordpress.nibis.de\/rsgebhardshagen\/files\/2019\/07\/kristinehamn-2253801_960_720.jpg 540w, https:\/\/wordpress.nibis.de\/rsgebhardshagen\/files\/2019\/07\/kristinehamn-2253801_960_720-225x300.jpg 225w\" sizes=\"auto, (max-width: 382px) 100vw, 382px\" \/><\/figure><\/div>\n\n\n<p><span style=\"color: #ff0777\">Interviews mit den Projektteilnehmern<\/span><\/p>\n<p><span style=\"color: #ff7400\"><strong>L., 9. Klasse<\/strong><\/span><\/p>\n<ul>\n<li>Findest du das Thema der Woche gut? ,,Ja, weil man an die Umwelt denken muss.&#8220;<\/li>\n<li>Warum hast du dieses Projekt gew\u00e4hlt? ,, Mich hat &nbsp;der Name des Projekt angesprochen.&#8220;<\/li>\n<li>Was habt ihr in eurer Gruppe bislang alles gemacht? ,,Wir haben aus M\u00fcll Skulpturen hergestellt.&#8220;<\/li>\n<li>Welche Bereiche deines Projekts machen dir besonders viel Spa\u00df? ,,Den Sand in die Skulpturen zu f\u00fcllen, macht mir viel Freude.&#8220; &nbsp;<\/li>\n<li>Was tust du selbst f\u00fcr den Umweltschutz? ,,Ich werfe meinen M\u00fcll in den M\u00fclleimer.&#8220;&nbsp;<\/li>\n<\/ul>\n<p><span style=\"color: #ff7400\"><strong>S., 7. Klasse<\/strong><\/span><\/p>\n<ul>\n<li>Findest du das Thema der Woche gut? ,,Ja, weil es den Sch\u00fclern zeigt, was man f\u00fcr die Umwelt machen kann.&#8220;<\/li>\n<li>Warum hast du dieses Projekt gew\u00e4hlt? ,,Das Projekt hat mich angesprochen, weil ich etwas mit Kunst machen wollte.&#8220;<\/li>\n<li>Was habt ihr in eurer Gruppe bislang alles gemacht?<span class=\"Apple-converted-space\">&nbsp;,, Wir haben&nbsp;<\/span>Skulpturen aus Hasenk\u00e4figen gebaut.&#8220;<\/li>\n<li>Welche Bereiche deines Projekts machen dir besonders viel Spa\u00df? ,,Das Kleistern hat mir besonders Spa\u00df gemacht.&#8220;<\/li>\n<li>Was tust du selbst f\u00fcr den Umweltschutz? ,,Ich fahre weniger mit dem Auto, sondern fahre mit dem Fahrrad oder gehe zu Fu\u00df.&#8220;<\/li>\n<\/ul>","protected":false},"excerpt":{"rendered":"<p>Reporterteam: Saskia und Jason Interview mit Frau Marktscheffel &nbsp;Was wollen Sie in dieser Woche erreichen? ,,Wir stellen Skulpturen aus Plastikflaschen und Pappmaschee so wie Pablo Picasso. In dieser Woche wollem wir die Skulpturen fertig stellen und sie dann in der Schule pr\u00e4sentieren.\u201c Wie wirken Sie selbst am Umweltschutz mit? ,,Ich gucke, wie ich selbst M\u00fcll [&hellip;]<\/p>\n","protected":false},"author":9193020,"featured_media":0,"parent":0,"menu_order":0,"comment_status":"closed","ping_status":"closed","template":"","meta":{"footnotes":""},"class_list":["post-1041","page","type-page","status-publish","hentry"],"_links":{"self":[{"href":"https:\/\/wordpress.nibis.de\/rsgebhardshagen\/wp-json\/wp\/v2\/pages\/1041","targetHints":{"allow":["GET"]}}],"collection":[{"href":"https:\/\/wordpress.nibis.de\/rsgebhardshagen\/wp-json\/wp\/v2\/pages"}],"about":[{"href":"https:\/\/wordpress.nibis.de\/rsgebhardshagen\/wp-json\/wp\/v2\/types\/page"}],"author":[{"embeddable":true,"href":"https:\/\/wordpress.nibis.de\/rsgebhardshagen\/wp-json\/wp\/v2\/users\/9193020"}],"replies":[{"embeddable":true,"href":"https:\/\/wordpress.nibis.de\/rsgebhardshagen\/wp-json\/wp\/v2\/comments?post=1041"}],"version-history":[{"count":4,"href":"https:\/\/wordpress.nibis.de\/rsgebhardshagen\/wp-json\/wp\/v2\/pages\/1041\/revisions"}],"predecessor-version":[{"id":1606,"href":"https:\/\/wordpress.nibis.de\/rsgebhardshagen\/wp-json\/wp\/v2\/pages\/1041\/revisions\/1606"}],"wp:attachment":[{"href":"https:\/\/wordpress.nibis.de\/rsgebhardshagen\/wp-json\/wp\/v2\/media?parent=1041"}],"curies":[{"name":"wp","href":"https:\/\/api.w.org\/{rel}","templated":true}]}}