{"id":1123,"date":"2019-09-25T08:28:27","date_gmt":"2019-09-25T06:28:27","guid":{"rendered":"https:\/\/wordpress.nibis.de\/rsgebhardshagen\/?page_id=1123"},"modified":"2020-09-15T14:48:34","modified_gmt":"2020-09-15T12:48:34","slug":"fachbereich-musik","status":"publish","type":"page","link":"https:\/\/wordpress.nibis.de\/rsgebhardshagen\/fachbereich-musik\/","title":{"rendered":"Fachbereich Musik"},"content":{"rendered":"\n<p>An unserer Schule hat die <strong><span style=\"color: #ff0777\">musisch-kulturelle Bildung<\/span><\/strong> und Entwicklung der Kinder und Jugendlichen durch den planm\u00e4\u00dfigen <span style=\"color: #ff0777\"><strong>Musikunterricht<\/strong><\/span> im Klassenverband sowie in Wahlpflichtkursen einen hohen Stellenwert. Zus\u00e4tzlich bietet die Schule Sch\u00fclerinnen und Sch\u00fclern die M\u00f6glichkeit, sich in Schulbands (Nachmittags-Arbeitsgemeinschaften) auszuprobieren. Die\u00a0<span style=\"color: #007777\">\u21d2 <strong><a style=\"color: #007777\" href=\"https:\/\/wordpress.nibis.de\/rsgebhardshagen\/schulbands\/\">Bands<\/a><\/strong> <\/span>treten auch bei Schulfeiern o. \u00c4. auf. Wenn m\u00f6glich, wird auch eine j\u00e4hrliche <strong><span style=\"color: #ff0777\">Musikfahrt<\/span><\/strong> organisiert, auf der die Sch\u00fclerinnen und Sch\u00fcler ihre <strong><span style=\"color: #ff0777\">F\u00e4hig- und Fertigkeiten<\/span><\/strong> anwenden und ausbauen k\u00f6nnen.<\/p>\n\n\n\n<p>\u00a0<\/p>\n<p>\u00a0<\/p>\n<p><img loading=\"lazy\" decoding=\"async\" class=\"alignnone  wp-image-1125 aligncenter\" src=\"https:\/\/wordpress.nibis.de\/rsgebhardshagen\/files\/2019\/09\/Schlagzeuger-300x108.jpg\" alt=\"\" width=\"331\" height=\"119\" srcset=\"https:\/\/wordpress.nibis.de\/rsgebhardshagen\/files\/2019\/09\/Schlagzeuger-300x108.jpg 300w, https:\/\/wordpress.nibis.de\/rsgebhardshagen\/files\/2019\/09\/Schlagzeuger.jpg 667w\" sizes=\"auto, (max-width: 331px) 100vw, 331px\" \/><\/p>\n<p>\u00a0<\/p>\n\n\n","protected":false},"excerpt":{"rendered":"<p>An unserer Schule hat die musisch-kulturelle Bildung und Entwicklung der Kinder und Jugendlichen durch den planm\u00e4\u00dfigen Musikunterricht im Klassenverband sowie in Wahlpflichtkursen einen hohen Stellenwert. Zus\u00e4tzlich bietet die Schule Sch\u00fclerinnen und Sch\u00fclern die M\u00f6glichkeit, sich in Schulbands (Nachmittags-Arbeitsgemeinschaften) auszuprobieren. Die\u00a0\u21d2 Bands treten auch bei Schulfeiern o. \u00c4. auf. Wenn m\u00f6glich, wird auch eine j\u00e4hrliche Musikfahrt [&hellip;]<\/p>\n","protected":false},"author":9193026,"featured_media":0,"parent":0,"menu_order":0,"comment_status":"closed","ping_status":"closed","template":"","meta":{"footnotes":""},"class_list":["post-1123","page","type-page","status-publish","hentry"],"_links":{"self":[{"href":"https:\/\/wordpress.nibis.de\/rsgebhardshagen\/wp-json\/wp\/v2\/pages\/1123","targetHints":{"allow":["GET"]}}],"collection":[{"href":"https:\/\/wordpress.nibis.de\/rsgebhardshagen\/wp-json\/wp\/v2\/pages"}],"about":[{"href":"https:\/\/wordpress.nibis.de\/rsgebhardshagen\/wp-json\/wp\/v2\/types\/page"}],"author":[{"embeddable":true,"href":"https:\/\/wordpress.nibis.de\/rsgebhardshagen\/wp-json\/wp\/v2\/users\/9193026"}],"replies":[{"embeddable":true,"href":"https:\/\/wordpress.nibis.de\/rsgebhardshagen\/wp-json\/wp\/v2\/comments?post=1123"}],"version-history":[{"count":9,"href":"https:\/\/wordpress.nibis.de\/rsgebhardshagen\/wp-json\/wp\/v2\/pages\/1123\/revisions"}],"predecessor-version":[{"id":1661,"href":"https:\/\/wordpress.nibis.de\/rsgebhardshagen\/wp-json\/wp\/v2\/pages\/1123\/revisions\/1661"}],"wp:attachment":[{"href":"https:\/\/wordpress.nibis.de\/rsgebhardshagen\/wp-json\/wp\/v2\/media?parent=1123"}],"curies":[{"name":"wp","href":"https:\/\/api.w.org\/{rel}","templated":true}]}}