{"id":1306,"date":"2020-02-20T12:33:12","date_gmt":"2020-02-20T11:33:12","guid":{"rendered":"https:\/\/wordpress.nibis.de\/rsgebhardshagen\/?page_id=1306"},"modified":"2020-09-15T11:08:51","modified_gmt":"2020-09-15T09:08:51","slug":"bandfahrt-august-2019-dream-punkis-und-the-living-notes-in-der-landesmusikakademie-wolfenbuettel","status":"publish","type":"page","link":"https:\/\/wordpress.nibis.de\/rsgebhardshagen\/bandfahrt-august-2019-dream-punkis-und-the-living-notes-in-der-landesmusikakademie-wolfenbuettel\/","title":{"rendered":"Bandfahrt August 2019 \u2013  \u201eDream Punkis\u201c und \u201eThe Living Notes\u201c  in der Landesmusikakademie Wolfenb\u00fcttel"},"content":{"rendered":"\n<p><span style=\"font-size: small\">von Luis Klapper, Klasse 8b<\/span><\/p>\n\n\n\n<div class=\"wp-block-image\"><figure class=\"aligncenter is-resized\"><img loading=\"lazy\" decoding=\"async\" src=\"https:\/\/wordpress.nibis.de\/rsgebhardshagen\/files\/2020\/02\/Gruppe-neu-875x1024.jpg\" alt=\"\" class=\"wp-image-1405\" width=\"223\" height=\"260\" srcset=\"https:\/\/wordpress.nibis.de\/rsgebhardshagen\/files\/2020\/02\/Gruppe-neu-875x1024.jpg 875w, https:\/\/wordpress.nibis.de\/rsgebhardshagen\/files\/2020\/02\/Gruppe-neu-256x300.jpg 256w, https:\/\/wordpress.nibis.de\/rsgebhardshagen\/files\/2020\/02\/Gruppe-neu-768x899.jpg 768w\" sizes=\"auto, (max-width: 223px) 100vw, 223px\" \/><\/figure><\/div>\n\n\n<p>Am 26. August fuhren die <span style=\"color: #ff0777\"><strong>Schulbands<\/strong><\/span> \u201eFeuersteine\u201c und unsere neue gegr\u00fcndete Band (die zu diesem Zeitpunkt noch namenslos war) mit Herrn Lippke und Herrn Deschan nach Wolfenb\u00fcttel in die <strong><span style=\"color: #ff0777\">Landesmusikakademie<\/span><\/strong>. Montagmorgens ging es los: wir packten unser Equipment ein und fuhren los.<\/p>\n<p>Eine kurze Fahrt sp\u00e4ter kamen wir an unserem Zielort an, luden aus und wurden von dem Haustechniker Uli Lienau in unsere <strong><span style=\"color: #ff0777\">Prober\u00e4ume<\/span><\/strong> eingewiesen. Nach dem Mittagessen, was gut geschmeckt hat, ging es ans Aufbauen von unseren Instrumenten und der Technik. Die Band mit den \u00e4lteren Sch\u00fclerinnen und Sch\u00fclern zeigte der neuen Band, worauf man dabei achten muss. Nachmittags bezogen wir unsere Zimmer und <strong><span style=\"color: #ff0777\">probten<\/span><\/strong> danach bis abends um 21 Uhr bekannte Songs. Au\u00dferdem entschied sich jede Band f\u00fcr einen neuen Song, den sie ab jetzt einstudieren wollen. Die neue Band suchte sich <strong><span style=\"color: #ff0777\">\u201eAu Revoir\u201c<\/span><\/strong> von Mark Foster aus und die Band aus den achten Klassen w\u00e4hlte den Song <strong><span style=\"color: #ff0777\">\u201ePeople Help The People\u201c<\/span><\/strong> von Cherry Ghost.<\/p>\n<p>Nach dem Fr\u00fchst\u00fcck am Dienstag ging es auch gleich weiter mit den Bandproben. Den restlichen Vormittag hatten wir Zeit Einzelproben durchzuf\u00fchren. Gest\u00e4rkt durch Mittagessen und eine Pause, machten wir uns Dienstagnachmittag auf den Weg in die Herzog August Bibliothek. Dort erwartete uns eine nette Dame, die uns durch die Bibliothek f\u00fchrte. Am Ende erfuhren wir noch eine Menge \u00fcber das das ber\u00fchmteste Buch dort: dem Evangeliar Heinrich des L\u00f6wens.<\/p>\n<p>Abends besuchte uns Herr Nunne, der mit den Gitarristen <strong><span style=\"color: #ff0777\">Power Cords<\/span><\/strong> \u00fcbte, w\u00e4hrend die anderen Bandmitglieder gemeinsam weiterprobten. Hinterher spielte wir zusammen den Song \u201eFaded\u201c von Alan Walker.<\/p>\n\n\n<div class=\"wp-block-image\"><figure class=\"aligncenter is-resized\"><img loading=\"lazy\" decoding=\"async\" src=\"https:\/\/wordpress.nibis.de\/rsgebhardshagen\/files\/2020\/02\/Bandfahrt-neu-828x1024.jpg\" alt=\"\" class=\"wp-image-1396\" width=\"275\" height=\"340\" srcset=\"https:\/\/wordpress.nibis.de\/rsgebhardshagen\/files\/2020\/02\/Bandfahrt-neu-828x1024.jpg 828w, https:\/\/wordpress.nibis.de\/rsgebhardshagen\/files\/2020\/02\/Bandfahrt-neu-243x300.jpg 243w, https:\/\/wordpress.nibis.de\/rsgebhardshagen\/files\/2020\/02\/Bandfahrt-neu-768x950.jpg 768w\" sizes=\"auto, (max-width: 275px) 100vw, 275px\" \/><\/figure><\/div>\n\n\n<p>Unsere n\u00e4chste Aufgabe war, neue Namen f\u00fcr unsere Bands zu suchen. Dabei half am n\u00e4chsten Tag Uli als Bandcoach sogar mit. Dann war es offiziell: unsere neue Band wird <span style=\"color: #ff0777\"><strong>\u201eDream Punkis\u201c<\/strong><\/span> hei\u00dfen und aus den \u201eFeuersteinen\u201c wurde <strong><span style=\"color: #ff0777\">\u201eThe Living Notes\u201c<\/span><\/strong>.<\/p>\n<p>Am Mittwoch gab es von Herrn Lippke eine Unterrichtsstunde zum Thema \u201e<strong><span style=\"color: #ff0777\">Kabelkunde<\/span><\/strong>\u201c. Wir erfuhren, wie die verschiedenen Kabel hei\u00dfen, die wir beim Aufbau verwenden, wie man sie richtig aufrollt und wof\u00fcr sie verwendet werden. Danach sortierten wir die Kabelkisten und probten an unseren Liedern weiter.<\/p>\n<p>Nachmittags stand ein <strong><span style=\"color: #ff0777\">Kinobesuch<\/span><\/strong> auf dem Programm. Die Mehrheit entschied sich f\u00fcr den Film \u201eToy Story 4\u201c. Im Anschluss ging es auch schon an die Abschlussproben, in denen wir auch viel an den neuen Songs arbeiteten. Vor dem Abendessen hie\u00df es: Equipment wieder eint\u00fcten und alles f\u00fcr die Abfahrt vorbereiten. Wir verabschiedeten uns auch noch von den anderen Klassen, die auch im Jugendg\u00e4stehaus \u00fcbernachteten und die wir kennengelernt hatten.<\/p>","protected":false},"excerpt":{"rendered":"<p>von Luis Klapper, Klasse 8b Am 26. August fuhren die Schulbands \u201eFeuersteine\u201c und unsere neue gegr\u00fcndete Band (die zu diesem Zeitpunkt noch namenslos war) mit Herrn Lippke und Herrn Deschan nach Wolfenb\u00fcttel in die Landesmusikakademie. Montagmorgens ging es los: wir packten unser Equipment ein und fuhren los. Eine kurze Fahrt sp\u00e4ter kamen wir an unserem [&hellip;]<\/p>\n","protected":false},"author":9193026,"featured_media":0,"parent":0,"menu_order":0,"comment_status":"closed","ping_status":"closed","template":"","meta":{"footnotes":""},"class_list":["post-1306","page","type-page","status-publish","hentry"],"_links":{"self":[{"href":"https:\/\/wordpress.nibis.de\/rsgebhardshagen\/wp-json\/wp\/v2\/pages\/1306","targetHints":{"allow":["GET"]}}],"collection":[{"href":"https:\/\/wordpress.nibis.de\/rsgebhardshagen\/wp-json\/wp\/v2\/pages"}],"about":[{"href":"https:\/\/wordpress.nibis.de\/rsgebhardshagen\/wp-json\/wp\/v2\/types\/page"}],"author":[{"embeddable":true,"href":"https:\/\/wordpress.nibis.de\/rsgebhardshagen\/wp-json\/wp\/v2\/users\/9193026"}],"replies":[{"embeddable":true,"href":"https:\/\/wordpress.nibis.de\/rsgebhardshagen\/wp-json\/wp\/v2\/comments?post=1306"}],"version-history":[{"count":7,"href":"https:\/\/wordpress.nibis.de\/rsgebhardshagen\/wp-json\/wp\/v2\/pages\/1306\/revisions"}],"predecessor-version":[{"id":1578,"href":"https:\/\/wordpress.nibis.de\/rsgebhardshagen\/wp-json\/wp\/v2\/pages\/1306\/revisions\/1578"}],"wp:attachment":[{"href":"https:\/\/wordpress.nibis.de\/rsgebhardshagen\/wp-json\/wp\/v2\/media?parent=1306"}],"curies":[{"name":"wp","href":"https:\/\/api.w.org\/{rel}","templated":true}]}}