{"id":134,"date":"2019-03-05T20:48:40","date_gmt":"2019-03-05T19:48:40","guid":{"rendered":"https:\/\/wordpress.nibis.de\/rsgebhardshagen\/?page_id=134"},"modified":"2019-03-05T20:48:41","modified_gmt":"2019-03-05T19:48:41","slug":"methodentage-2016","status":"publish","type":"page","link":"https:\/\/wordpress.nibis.de\/rsgebhardshagen\/methodentage-2016\/","title":{"rendered":"Methodentage 2016"},"content":{"rendered":"\n<p>Die <strong><span style=\"color: #ff7400\">Methodentage 2016<\/span> <\/strong>sollen unseren Sch\u00fclerinnen und Sch\u00fclern noch einmal zum Erlernen und Wiederholen neuer und bekannter Methoden nutzen.<\/p>\n<p>Es geht darum, vorhandenes Wissen zu vertiefen und neue Erkentnisse zu gewinnen, denn alle Methoden sind das <span style=\"color: #ff7400\">Handwerkszeug<\/span>, um besser und effektiver lernen zu k\u00f6nnen.<\/p>\n<p>Im Vorfeld haben sich die verschieden <span style=\"color: #ff7400\">Fachbereiche<\/span> dar\u00fcber ausgetauscht, welche Methoden von unseren Sch\u00fclerinnen und Sch\u00fclern sicher in den jeweiligen F\u00e4chern beherrscht werden m\u00fcssen.<\/p>\n<p>Alle Kolleginnen und Kollegen entwickelten dann auf Grund dieser Informationen einen detaillierten Methodenplan, der sich auf die verschiedenen Fachbereiche und Lernruppen bezog.<\/p>\n<p>Es werden beispielsweise, je nach Jahrgangsstufe, Strategien f\u00fcr das Lernen von <span style=\"color: #007777\">Vokabeln<\/span> erprobt, das sinnentnehmende <span style=\"color: #007777\">Lesen<\/span> ge\u00fcbt, <span style=\"color: #007777\">Tabellen<\/span> und <span style=\"color: #007777\">Statistiken<\/span> ausgewertet, <span style=\"color: #007777\">Karrikaturen<\/span> besprochen, <span style=\"color: #007777\">Pr\u00e4sentationen<\/span> gestaltet und der sichere Umgang mit dem <span style=\"color: #007777\">PC<\/span> trainiert.<\/p>\n","protected":false},"excerpt":{"rendered":"<p>Die Methodentage 2016 sollen unseren Sch\u00fclerinnen und Sch\u00fclern noch einmal zum Erlernen und Wiederholen neuer und bekannter Methoden nutzen. Es geht darum, vorhandenes Wissen zu vertiefen und neue Erkentnisse zu gewinnen, denn alle Methoden sind das Handwerkszeug, um besser und effektiver lernen zu k\u00f6nnen. Im Vorfeld haben sich die verschieden Fachbereiche dar\u00fcber ausgetauscht, welche Methoden [&hellip;]<\/p>\n","protected":false},"author":9193020,"featured_media":0,"parent":0,"menu_order":0,"comment_status":"closed","ping_status":"closed","template":"","meta":{"footnotes":""},"class_list":["post-134","page","type-page","status-publish","hentry"],"_links":{"self":[{"href":"https:\/\/wordpress.nibis.de\/rsgebhardshagen\/wp-json\/wp\/v2\/pages\/134","targetHints":{"allow":["GET"]}}],"collection":[{"href":"https:\/\/wordpress.nibis.de\/rsgebhardshagen\/wp-json\/wp\/v2\/pages"}],"about":[{"href":"https:\/\/wordpress.nibis.de\/rsgebhardshagen\/wp-json\/wp\/v2\/types\/page"}],"author":[{"embeddable":true,"href":"https:\/\/wordpress.nibis.de\/rsgebhardshagen\/wp-json\/wp\/v2\/users\/9193020"}],"replies":[{"embeddable":true,"href":"https:\/\/wordpress.nibis.de\/rsgebhardshagen\/wp-json\/wp\/v2\/comments?post=134"}],"version-history":[{"count":2,"href":"https:\/\/wordpress.nibis.de\/rsgebhardshagen\/wp-json\/wp\/v2\/pages\/134\/revisions"}],"predecessor-version":[{"id":136,"href":"https:\/\/wordpress.nibis.de\/rsgebhardshagen\/wp-json\/wp\/v2\/pages\/134\/revisions\/136"}],"wp:attachment":[{"href":"https:\/\/wordpress.nibis.de\/rsgebhardshagen\/wp-json\/wp\/v2\/media?parent=134"}],"curies":[{"name":"wp","href":"https:\/\/api.w.org\/{rel}","templated":true}]}}