{"id":1349,"date":"2020-02-19T10:42:38","date_gmt":"2020-02-19T09:42:38","guid":{"rendered":"https:\/\/wordpress.nibis.de\/rsgebhardshagen\/?page_id=1349"},"modified":"2023-09-08T11:13:18","modified_gmt":"2023-09-08T09:13:18","slug":"die-schulleitung-stellt-sich-vor","status":"publish","type":"page","link":"https:\/\/wordpress.nibis.de\/rsgebhardshagen\/die-schulleitung-stellt-sich-vor\/","title":{"rendered":"Die Schulleitung stellt sich vor"},"content":{"rendered":"\n<p class=\"has-medium-font-size\"><span style=\"color:#fcb900\" class=\"tadv-color\">Ein neues Kapitel beginnt<\/span><\/p>\n\n\n\n<p>Liebe Sch\u00fclerinnen und Sch\u00fcler, liebe Lehrkr\u00e4fte, liebe Eltern,<\/p>\n\n\n\n<p><\/p>\n\n\n\n<p>ich bin Sabrina Priebe und es ist mir eine Ehre, mich Ihnen als die neue Schulleitung der Realschule Gebhardshagen vorzustellen. <\/p>\n\n\n\n<p>Mein Ziel ist es, dass sich jeder in unserer Schule wohlf\u00fchlt. <\/p>\n\n\n\n<p>Dabei m\u00f6chte ich eine Br\u00fccke zwischen bew\u00e4hrten Traditionen und neuen, frischen Ideen schlagen.<\/p>\n\n\n\n<p>Ich glaube fest daran, dass Bildung im besten Umfeld stattfindet, wenn wir alle gemeinsam &#8211; Sch\u00fcler, Lehrer und Eltern &#8211; Hand in Hand arbeiten. Ich freue mich sehr auf den Austausch mit Ihnen und darauf, gemeinsam eine positive und produktive Lernumgebung zu gestalten.<\/p>\n\n\n\n<p>Ihre Anregungen, W\u00fcnsche und Ideen sind mir wichtig. <\/p>\n\n\n\n<p>Gemeinsam k\u00f6nnen wir Gro\u00dfes f\u00fcr unsere Schule und vor allem f\u00fcr unsere Sch\u00fclerinnen und Sch\u00fcler erreichen.<\/p>\n\n\n\n<p><\/p>\n\n\n\n<p>Herzlichst,<\/p>\n\n\n\n<p class=\"has-pale-cyan-blue-color has-text-color\">Sabrina Priebe<\/p>\n","protected":false},"excerpt":{"rendered":"<p>Ein neues Kapitel beginnt Liebe Sch\u00fclerinnen und Sch\u00fcler, liebe Lehrkr\u00e4fte, liebe Eltern, ich bin Sabrina Priebe und es ist mir eine Ehre, mich Ihnen als die neue Schulleitung der Realschule Gebhardshagen vorzustellen. Mein Ziel ist es, dass sich jeder in unserer Schule wohlf\u00fchlt. Dabei m\u00f6chte ich eine Br\u00fccke zwischen bew\u00e4hrten Traditionen und neuen, frischen Ideen [&hellip;]<\/p>\n","protected":false},"author":9193026,"featured_media":1672,"parent":0,"menu_order":0,"comment_status":"closed","ping_status":"closed","template":"","meta":{"footnotes":""},"class_list":["post-1349","page","type-page","status-publish","has-post-thumbnail","hentry"],"_links":{"self":[{"href":"https:\/\/wordpress.nibis.de\/rsgebhardshagen\/wp-json\/wp\/v2\/pages\/1349","targetHints":{"allow":["GET"]}}],"collection":[{"href":"https:\/\/wordpress.nibis.de\/rsgebhardshagen\/wp-json\/wp\/v2\/pages"}],"about":[{"href":"https:\/\/wordpress.nibis.de\/rsgebhardshagen\/wp-json\/wp\/v2\/types\/page"}],"author":[{"embeddable":true,"href":"https:\/\/wordpress.nibis.de\/rsgebhardshagen\/wp-json\/wp\/v2\/users\/9193026"}],"replies":[{"embeddable":true,"href":"https:\/\/wordpress.nibis.de\/rsgebhardshagen\/wp-json\/wp\/v2\/comments?post=1349"}],"version-history":[{"count":13,"href":"https:\/\/wordpress.nibis.de\/rsgebhardshagen\/wp-json\/wp\/v2\/pages\/1349\/revisions"}],"predecessor-version":[{"id":2314,"href":"https:\/\/wordpress.nibis.de\/rsgebhardshagen\/wp-json\/wp\/v2\/pages\/1349\/revisions\/2314"}],"wp:featuredmedia":[{"embeddable":true,"href":"https:\/\/wordpress.nibis.de\/rsgebhardshagen\/wp-json\/wp\/v2\/media\/1672"}],"wp:attachment":[{"href":"https:\/\/wordpress.nibis.de\/rsgebhardshagen\/wp-json\/wp\/v2\/media?parent=1349"}],"curies":[{"name":"wp","href":"https:\/\/api.w.org\/{rel}","templated":true}]}}